{"id":3950,"date":"2022-10-17T09:18:40","date_gmt":"2022-10-17T12:18:40","guid":{"rendered":"http:\/\/uniremunicipios.com.ar\/manual\/?page_id=3950"},"modified":"2025-06-10T12:17:03","modified_gmt":"2025-06-10T15:17:03","slug":"carga-y-liquidacion-de-mas-de-un-titulo-en-los-empleadosok","status":"publish","type":"page","link":"https:\/\/uniremunicipios.com.ar\/manual\/?page_id=3950","title":{"rendered":"Carga y liquidacion de mas de un titulo en los empleados"},"content":{"rendered":"<p>en la primera parte se toca el tema curriculum vitae y despu\u00e9s lo de t\u00edtulos, donde se cargan, como pueden diferenciarse, y la creaci\u00f3n de una nueva f\u00f3rmula que permite pagar el importe mayor para el empleado.<\/p>\n<p><iframe loading=\"lazy\" title=\"2024 09 13 Titulos - Filtros y Columnas\" width=\"500\" height=\"281\" src=\"https:\/\/www.youtube.com\/embed\/FTI9uMlPpIo?feature=oembed\" frameborder=\"0\" allow=\"accelerometer; autoplay; clipboard-write; encrypted-media; gyroscope; picture-in-picture; web-share\" referrerpolicy=\"strict-origin-when-cross-origin\" allowfullscreen><\/iframe><\/p>\n<p>&nbsp;<\/p>\n<p><iframe loading=\"lazy\" title=\"Sueldos: Curriculum Vitae - T\u00edtulo\" width=\"500\" height=\"281\" src=\"https:\/\/www.youtube.com\/embed\/rd4e0YSSphQ?feature=oembed\" frameborder=\"0\" allow=\"accelerometer; autoplay; clipboard-write; encrypted-media; gyroscope; picture-in-picture; web-share\" referrerpolicy=\"strict-origin-when-cross-origin\" allowfullscreen><\/iframe><\/p>\n","protected":false},"excerpt":{"rendered":"<p>en la primera parte se toca el tema curriculum vitae y despu\u00e9s lo de t\u00edtulos, donde se cargan, como pueden diferenciarse, y la creaci\u00f3n de una nueva f\u00f3rmula que permite pagar el importe mayor para el empleado. &nbsp;<\/p>\n","protected":false},"author":3,"featured_media":0,"parent":28,"menu_order":0,"comment_status":"closed","ping_status":"closed","template":"","meta":{"footnotes":""},"class_list":["post-3950","page","type-page","status-publish","hentry"],"_links":{"self":[{"href":"https:\/\/uniremunicipios.com.ar\/manual\/index.php?rest_route=\/wp\/v2\/pages\/3950","targetHints":{"allow":["GET"]}}],"collection":[{"href":"https:\/\/uniremunicipios.com.ar\/manual\/index.php?rest_route=\/wp\/v2\/pages"}],"about":[{"href":"https:\/\/uniremunicipios.com.ar\/manual\/index.php?rest_route=\/wp\/v2\/types\/page"}],"author":[{"embeddable":true,"href":"https:\/\/uniremunicipios.com.ar\/manual\/index.php?rest_route=\/wp\/v2\/users\/3"}],"replies":[{"embeddable":true,"href":"https:\/\/uniremunicipios.com.ar\/manual\/index.php?rest_route=%2Fwp%2Fv2%2Fcomments&post=3950"}],"version-history":[{"count":5,"href":"https:\/\/uniremunicipios.com.ar\/manual\/index.php?rest_route=\/wp\/v2\/pages\/3950\/revisions"}],"predecessor-version":[{"id":6027,"href":"https:\/\/uniremunicipios.com.ar\/manual\/index.php?rest_route=\/wp\/v2\/pages\/3950\/revisions\/6027"}],"up":[{"embeddable":true,"href":"https:\/\/uniremunicipios.com.ar\/manual\/index.php?rest_route=\/wp\/v2\/pages\/28"}],"wp:attachment":[{"href":"https:\/\/uniremunicipios.com.ar\/manual\/index.php?rest_route=%2Fwp%2Fv2%2Fmedia&parent=3950"}],"curies":[{"name":"wp","href":"https:\/\/api.w.org\/{rel}","templated":true}]}}