{"id":3976,"date":"2022-10-21T14:16:04","date_gmt":"2022-10-21T17:16:04","guid":{"rendered":"http:\/\/uniremunicipios.com.ar\/manual\/?page_id=3976"},"modified":"2022-10-21T14:40:26","modified_gmt":"2022-10-21T17:40:26","slug":"ganancia-neta-para-el-calculo-del-5","status":"publish","type":"page","link":"https:\/\/uniremunicipios.com.ar\/manual\/?page_id=3976","title":{"rendered":"GANANCIA NETA PARA EL CALCULO DEL 5%"},"content":{"rendered":"<p><u>GANANCIA NETA PARA EL CALCULO DEL 5%<\/u><\/p>\n<p>&nbsp;<\/p>\n<p>Se debe considerar el sueldo, m\u00e1s la provisi\u00f3n del SAC, menos las retenciones de Ley , menos las deducciones generales. EL TOTAL OBTENIDO ES LA GANANCIA NETA PARA CALCULAR EL 5%, ES DECIR QUE SOBRE ESTE IMPORTE SE CALCULA EL 5% (SE TOTALIZAN TODOS LOS MESES INCLUSIVE EL QUE SE EST\u00c1 LIQUIDANDO).<\/p>\n<p>ESTE CALCULO DEBE HACERSE CUANDO TENEMOS TODOS LOS CONCEPTOS Y DEDUCCIONES CARGADAS EN EL EMPLEADO, ES DECIR CASI AL CIERRE DE LA LIQUIDACI\u00d3N, PARA QUE RESULTE LO M\u00c1S EXACTO POSIBLE<\/p>\n<p>(EL SUELDO Y LAS RETENCIONES DE LEY , deben tomarse seg\u00fan se haya configurado en las f\u00f3rmulas dentro del sistema en el \u00e1mbito de ganancias sobre los empleados)<\/p>\n<p>&nbsp;<\/p>\n<p><u>DEDUCCIONES GENERALES<\/u><\/p>\n<p>Cuotas m\u00e9dico asistenciales<\/p>\n<p>Personal dom\u00e9stico<\/p>\n<p>Seguros<\/p>\n<p>Donaciones<\/p>\n<p>Dep\u00f3sitos a otras cajas jubilaciones<\/p>\n<p>\u2026\u2026..<\/p>\n<p>&nbsp;<\/p>\n<p><u>DEDUCCIONES PERSONALES<\/u><\/p>\n<p>C\u00f3nyuge<\/p>\n<p>Hijo<\/p>\n<p>Hijo Incapacitado<\/p>\n<p>Ganancias No Imponible<\/p>\n<p>Deducci\u00f3n Especial<\/p>\n<p>&nbsp;<\/p>\n<p>Cuando se necesita sacar el 5% de la ganancia neta para realizar el calculo de la deducci\u00f3n que corresponda, no debemos tomar en cuenta dicha deducci\u00f3n.<\/p>\n<p>Ejemplo: si tenemos que obtener el 5% de ganancia neta para saber que deducci\u00f3n tomamos para DONACIONES, no debemos descontar esta deducci\u00f3n al momento de obtener esa ganancia neta.<\/p>\n","protected":false},"excerpt":{"rendered":"<p>GANANCIA NETA PARA EL CALCULO DEL 5% &nbsp; Se debe considerar el sueldo, m\u00e1s la provisi\u00f3n del SAC, menos las retenciones de Ley , menos las deducciones generales. EL TOTAL OBTENIDO ES LA GANANCIA NETA PARA CALCULAR EL 5%, ES DECIR QUE SOBRE ESTE IMPORTE SE CALCULA EL 5% (SE TOTALIZAN TODOS LOS MESES INCLUSIVE [&hellip;]<\/p>\n","protected":false},"author":3,"featured_media":0,"parent":28,"menu_order":0,"comment_status":"closed","ping_status":"closed","template":"","meta":{"footnotes":""},"class_list":["post-3976","page","type-page","status-publish","hentry"],"_links":{"self":[{"href":"https:\/\/uniremunicipios.com.ar\/manual\/index.php?rest_route=\/wp\/v2\/pages\/3976","targetHints":{"allow":["GET"]}}],"collection":[{"href":"https:\/\/uniremunicipios.com.ar\/manual\/index.php?rest_route=\/wp\/v2\/pages"}],"about":[{"href":"https:\/\/uniremunicipios.com.ar\/manual\/index.php?rest_route=\/wp\/v2\/types\/page"}],"author":[{"embeddable":true,"href":"https:\/\/uniremunicipios.com.ar\/manual\/index.php?rest_route=\/wp\/v2\/users\/3"}],"replies":[{"embeddable":true,"href":"https:\/\/uniremunicipios.com.ar\/manual\/index.php?rest_route=%2Fwp%2Fv2%2Fcomments&post=3976"}],"version-history":[{"count":3,"href":"https:\/\/uniremunicipios.com.ar\/manual\/index.php?rest_route=\/wp\/v2\/pages\/3976\/revisions"}],"predecessor-version":[{"id":3979,"href":"https:\/\/uniremunicipios.com.ar\/manual\/index.php?rest_route=\/wp\/v2\/pages\/3976\/revisions\/3979"}],"up":[{"embeddable":true,"href":"https:\/\/uniremunicipios.com.ar\/manual\/index.php?rest_route=\/wp\/v2\/pages\/28"}],"wp:attachment":[{"href":"https:\/\/uniremunicipios.com.ar\/manual\/index.php?rest_route=%2Fwp%2Fv2%2Fmedia&parent=3976"}],"curies":[{"name":"wp","href":"https:\/\/api.w.org\/{rel}","templated":true}]}}