{"id":400,"date":"2019-06-07T11:05:22","date_gmt":"2019-06-07T14:05:22","guid":{"rendered":"http:\/\/uniremunicipios.com.ar\/manual\/?page_id=400"},"modified":"2024-10-07T12:20:53","modified_gmt":"2024-10-07T15:20:53","slug":"resumen-ganancias","status":"publish","type":"page","link":"https:\/\/uniremunicipios.com.ar\/manual\/?page_id=400","title":{"rendered":"Resumen Ganancias"},"content":{"rendered":"<p>liquidaci\u00f3n con retenci\u00f3n ganancias<\/p>\n<p>&nbsp;<\/p>\n<p>POR AHORA SE PUEDE LIQUIDAR EN EL SISTEMA DE ENERO A DICIEMBRE (PER\u00cdODO FISCAL) <strong>POR FECHA DE LIQUIDACION<\/strong><\/p>\n<p>EN ALGUNOS LUGARES TERMINAN EL PER\u00cdODO CON EL SAC DE DICIEMBRE (QUE SE PAGA EN DICIEMBRE) E INICIAN EL NUEVO PER\u00cdODO FISCAL CON EL SUELDO DE DICIEMBRE (YA QUE TOMAN LA FECHA DE PAGO QUE ES EN ENERO DEL A\u00d1O SIGUIENTE), ES DECIR QUE SE MANEJAN CON LA FECHA DE PAGO Y NO DE LIQUIDACION, POR AHORA NO EST\u00c1 RESUELTO PARA PODER REALIZARLO AS\u00cd EN EL SISTEMA. <strong>NO PODEMOS LIQUIDARLO EN UNIRE<\/strong><\/p>\n<p>O SEA QUE PARA OFRECERLO Y QUE LO PUEDAN USAR, DEBEN TOMAR FECHA DE LIQUIDACION, ES DECIR DE ENERO A DICIEMBRE<\/p>\n<p>PARA EMPEZAR<\/p>\n<p>SE DEBE CARGAR LA <strong>FORMULA DE GANANCIAS<\/strong> EN CADA UNA DE LAS LIQUIDACIONES, (REMUNERATIVO + NO REMUNERATIVOS \u2013 SALARIO FAMILIAR \u2013 DESC JUB \u2013 DESC OBRA SOCIAL- DESC. SINDICATO O APORTE SOLIDARIO SINDICATO),EL RESULTADO se multiplica POR 1,0833333<\/p>\n<p><strong>FORMULA DE PROVISION SAC<\/strong> (LA MISMA FORMULA SIN LOS NO REMUNERATIVOAS,REEMPLAZAR 1,0833333 POR 0,0833333)<\/p>\n<p>&nbsp;<\/p>\n<p><img loading=\"lazy\" decoding=\"async\" class=\"wp-image-4883 alignnone \" src=\"http:\/\/uniremunicipios.com.ar\/manual\/wp-content\/uploads\/2024\/10\/image-10.png\" alt=\"\" width=\"524\" height=\"236\" srcset=\"https:\/\/uniremunicipios.com.ar\/manual\/wp-content\/uploads\/2024\/10\/image-10.png 592w, https:\/\/uniremunicipios.com.ar\/manual\/wp-content\/uploads\/2024\/10\/image-10-300x135.png 300w\" sizes=\"auto, (max-width: 524px) 100vw, 524px\" \/><\/p>\n<p><strong>CARGAR LAS TABLAS DE ESCALAS Y DE DEDUCCIONES<\/strong> (EN TABLAS)\u00a0 <strong>TENER EN CUENTA QUE LA QUE PUBLICA EL AFIP CORRESPONDE AL MONTO ANUAL, POR LO QUE DEBEN DIVIDIRSE POR 12<\/strong><\/p>\n<p>&nbsp;<\/p>\n<p>BAJAR TODOS LOS MESES DEL SIRADIG LAS DEDUCCIONES QUE INFORMAN LOS EMPLEADOS, IR A CADA EMPLEADO Y DAR DE BAJA LAS QUE NO CORREN MAS Y CARGAR LAS NUEVAS, VERIFICAR SI ALGUNO DE LOS HIJOS CUMPLE LOS 18 A\u00d1OS, PORQUE HAY QUE DARLE DE BAJA LA DEDUCCION. ( LA DEDUCCION ESPECIAL , LA DEL MINIMO NO IMPONIBLE, Y LA ESPECIAL POR SAC, VAN SIEMPRE)<\/p>\n<p><img loading=\"lazy\" decoding=\"async\" class=\"wp-image-4885 alignnone size-medium\" src=\"http:\/\/uniremunicipios.com.ar\/manual\/wp-content\/uploads\/2024\/10\/Pasted.png\" alt=\"\" width=\"300\" height=\"108\" srcset=\"https:\/\/uniremunicipios.com.ar\/manual\/wp-content\/uploads\/2024\/10\/Pasted.png 390w, https:\/\/uniremunicipios.com.ar\/manual\/wp-content\/uploads\/2024\/10\/Pasted-300x108.png 300w\" sizes=\"auto, (max-width: 300px) 100vw, 300px\" \/><\/p>\n<p>SE DEBEN CREAR LOS CONCEPTOS DE:<\/p>\n<p><img loading=\"lazy\" decoding=\"async\" class=\"wp-image-4886 alignnone size-medium\" src=\"http:\/\/uniremunicipios.com.ar\/manual\/wp-content\/uploads\/2024\/10\/Pasted-1.png\" alt=\"\" width=\"300\" height=\"47\" srcset=\"https:\/\/uniremunicipios.com.ar\/manual\/wp-content\/uploads\/2024\/10\/Pasted-1.png 521w, https:\/\/uniremunicipios.com.ar\/manual\/wp-content\/uploads\/2024\/10\/Pasted-1-300x47.png 300w\" sizes=\"auto, (max-width: 300px) 100vw, 300px\" \/><\/p>\n<p>&nbsp;<\/p>\n<p>&#8211;\u00a0 <strong>RETENCION DE GANANCIAS<\/strong> QUE LLEVA EN PRECIO LA VARIABLE <strong>RetencionGanancia() , <\/strong>cantidad va 1<\/p>\n<p><strong>&#8211;\u00a0 DEVOLUCION GANANCIAS <\/strong>EN PRECIO<strong> VA[230] , <\/strong>\u00a0cantidad va 1<\/p>\n<p>&#8211; <strong>Retenci\u00f3n IG A\u00f1o Anterior<\/strong>\u00a0 (UNA VEZ REALIZADA LA DECLARACION ANUAL SE CARGAN EN NOVEDADES CON EL MONTO CORRESPONDIENTE)<\/p>\n<p>&#8211;\u00a0 <strong>Devoluci\u00f3n IG A\u00f1o Anterior<\/strong>\u00a0 (UNA VEZ REALIZADA LA DECLARACION ANUAL SE CARGA EN NOVEDADES CON EL MONTO CORRESPONDIENTE)<\/p>\n<p>&nbsp;<\/p>\n<p>HASTA EL 30\/03 EL EMPLEADO PUEDE PRESENTAR UNA\u00a0 O VARIAS DEDUCCIONES DEL A\u00d1O ANTERIOR. POR LO QUE HACEMOS UN REPORTE CON LO DEL A\u00d1O ANTERIOR Y LE AGREGAMOS LAS DEDUCCIONES QUE PRESENTE EL EMPLEADO DESPU\u00c9S DEL 31-12 DEL A\u00d1O CERRADO; EL NUEVO VALOR DE RETENCI\u00d3N O DEVOLUCION QUE RESULTE DESPU\u00c9S DE LO QUE AGREG\u00d3 EL EMPLEADO DE ENERO EN ADELANTE, PARA EL EJERCICIO CERRADO, DEBE RETENERSE O DEVOLVERSE EN ABRIL COMO RETENCION O DEVOLUCION PER\u00cdODO ANTERIOR.(CARGA MANUAL)<\/p>\n<p>&nbsp;<\/p>\n<p>PARA EL CASO DE QUE EL EMPLEADO INGRESE EN OTRO MES QUE NO SEA ENERO, HAY QUE CARGARLE EL PRIMER MES LAS DEDUCCIONES: ESPECIAL Y EL MINIMO NO IMP MULTIPLICADO POR LA CANTIDAD DE MESES QUE CORRESPONDA, POR EJEMPLO SI ENTRA EN ABRIL VAN MULTIPLICADAS POR 4. AL MES SIGUIENTE SE DEBEN ACTIVAR (EL SISTEMA LAS MUESTRA COMO TERMINADOS) Y COLOCAR EL IMPORTE CORRESPONDIENTE A UN MES NORMAL, SIN MULTIPLICAR POR NADA. SI EL EMPLEADO VEN\u00cdA DE OTRO TRABAJO HAY QUE PEDIRLE LOS RECIBOS CORRESPONDIENTES PARA CARGAR LOS INGRESOS Y DEDUCCIONES ANTERIORES, Y RETENCIONES SI LAS TUVO<\/p>\n<p>PARA EL CASO DEL EMPLEADO QUE SE JUBILA SE DEBEN MULTIPLICAR ESTAS DOS DEDUCCIONES POR LOS MESES QUE FALTAN PARA TERMINAR EL A\u00d1O, YA QUE EL EMPLEADO NO TENDRA MAS INGRESOS Y LE CORRESPONDEN EL TOTAL DE LAS DEDUCCIONES ANUALES. EJEMPLO EL ULTIMO MES QUE SE LE LIQUIDA ES OCTUBRE, SE DEBEN ACTIVAR Y CORREGIR, MULTIPLICANDO POR LOS MESES QUE FALTAN A FIN DE A\u00d1O, OCTUBRE, NOVIEMBRE Y DICIEMBRE, MULTIPLICO POR 3<\/p>\n<p>&nbsp;<\/p>\n<p>SI SE CREA UNA NUEVA LIQUIDACION DEBE COMPLETARSE LA SOLAPA DE GANANCIAS CON LAS FORMULAS CORRESPONDIENTES.<\/p>\n<p>&nbsp;<\/p>\n<p>CONCLUSIONES: SI UN EMPLEADO TIENE UN DESCUENTO DE GANANCIAS, Y SU SUELDO NO VARIA EN EL TIEMPO, DEBE TENER LA MISMA RETENCION LOS DOCE MESES DEL A\u00d1O. (SIRVE PARA PROBAR EN EL DEMO \u00a0COMO TRABAJAN LAS FORMULAS), SI LE AUMENTO EN EL DEMO MUCHO UN MES VER\u00c9 QUE EL MONTO DE RETENCION DE GANANCIA AUMENTA, Y SI LE BAJO EL SUELDO PUEDE BAJAR O BIEN SI ES MUCHO QUE SE REBAJA FIGURAR UN CONCEPTO DE DEVOLUCION DE GANANCIAS<\/p>\n<p>SI EL EMPLEADO TIENE OTRO TRABAJO, Y LO INFORMA EN EL SIRADIG, DEBEMOS CARGARLO PARA QUE EL SISTEMA LO TOME<\/p>\n<p>SI VIENE DE UN <strong>TRABAJO ANTERIOR, PEDIRLE LA INFORMACI\u00d3N DE ESE TRABAJO<\/strong> PARA CARGARLA EN EL SISTEMA, Y EN ESE CASO <strong>NO DEBEN CARGARSE LAS DEDUCCIONES POR LOS MESES ANTERIORES COMO CUANDO SE TRATA DE ALGUIEN QUE NO HA TENIDO TRABAJO FORMAL EN TODO EL A\u00d1O<\/strong><\/p>\n<p class=\"rvps5\"><span class=\"rvts58\">\u00a0<\/span><\/p>\n","protected":false},"excerpt":{"rendered":"<p>liquidaci\u00f3n con retenci\u00f3n ganancias &nbsp; POR AHORA SE PUEDE LIQUIDAR EN EL SISTEMA DE ENERO A DICIEMBRE (PER\u00cdODO FISCAL) POR FECHA DE LIQUIDACION EN ALGUNOS LUGARES TERMINAN EL PER\u00cdODO CON EL SAC DE DICIEMBRE (QUE SE PAGA EN DICIEMBRE) E INICIAN EL NUEVO PER\u00cdODO FISCAL CON EL SUELDO DE DICIEMBRE (YA QUE TOMAN LA FECHA [&hellip;]<\/p>\n","protected":false},"author":4,"featured_media":0,"parent":28,"menu_order":800,"comment_status":"closed","ping_status":"closed","template":"","meta":{"footnotes":""},"class_list":["post-400","page","type-page","status-publish","hentry"],"_links":{"self":[{"href":"https:\/\/uniremunicipios.com.ar\/manual\/index.php?rest_route=\/wp\/v2\/pages\/400","targetHints":{"allow":["GET"]}}],"collection":[{"href":"https:\/\/uniremunicipios.com.ar\/manual\/index.php?rest_route=\/wp\/v2\/pages"}],"about":[{"href":"https:\/\/uniremunicipios.com.ar\/manual\/index.php?rest_route=\/wp\/v2\/types\/page"}],"author":[{"embeddable":true,"href":"https:\/\/uniremunicipios.com.ar\/manual\/index.php?rest_route=\/wp\/v2\/users\/4"}],"replies":[{"embeddable":true,"href":"https:\/\/uniremunicipios.com.ar\/manual\/index.php?rest_route=%2Fwp%2Fv2%2Fcomments&post=400"}],"version-history":[{"count":8,"href":"https:\/\/uniremunicipios.com.ar\/manual\/index.php?rest_route=\/wp\/v2\/pages\/400\/revisions"}],"predecessor-version":[{"id":4887,"href":"https:\/\/uniremunicipios.com.ar\/manual\/index.php?rest_route=\/wp\/v2\/pages\/400\/revisions\/4887"}],"up":[{"embeddable":true,"href":"https:\/\/uniremunicipios.com.ar\/manual\/index.php?rest_route=\/wp\/v2\/pages\/28"}],"wp:attachment":[{"href":"https:\/\/uniremunicipios.com.ar\/manual\/index.php?rest_route=%2Fwp%2Fv2%2Fmedia&parent=400"}],"curies":[{"name":"wp","href":"https:\/\/api.w.org\/{rel}","templated":true}]}}