{"id":404,"date":"2019-06-07T16:42:54","date_gmt":"2019-06-07T19:42:54","guid":{"rendered":"http:\/\/uniremunicipios.com.ar\/manual\/?page_id=404"},"modified":"2020-10-30T15:59:31","modified_gmt":"2020-10-30T18:59:31","slug":"sumas-no-remunerativas-fija-por-acuerdos-salariales","status":"publish","type":"page","link":"https:\/\/uniremunicipios.com.ar\/manual\/?page_id=404","title":{"rendered":"Sumas no remunerativas fija por acuerdos salariales"},"content":{"rendered":"<p class=\"rvps5\"><span class=\"rvts58\">Cuando se firma un nuevo convenio o a fin de a\u00f1o se otorgan sumas no remunerativas que se pueden pagar en uno o varios pagos.<\/span><\/p>\n<p class=\"rvps5\"><span class=\"rvts58\">Debemos crear un concepto<\/span><\/p>\n<p class=\"rvps5\"><img loading=\"lazy\" decoding=\"async\" width=\"604\" height=\"582\" class=\"alignnone wp-image-2378 size-full\" src=\"http:\/\/uniremunicipios.com.ar\/manual\/wp-content\/uploads\/2020\/10\/Pasted-into-Sumas-no-remunerativas-fija-por-acuerdos-salariales.png\" srcset=\"https:\/\/uniremunicipios.com.ar\/manual\/wp-content\/uploads\/2020\/10\/Pasted-into-Sumas-no-remunerativas-fija-por-acuerdos-salariales.png 604w, https:\/\/uniremunicipios.com.ar\/manual\/wp-content\/uploads\/2020\/10\/Pasted-into-Sumas-no-remunerativas-fija-por-acuerdos-salariales-300x289.png 300w\" sizes=\"auto, (max-width: 604px) 100vw, 604px\" \/><\/p>\n<p class=\"rvps2\"><span class=\"rvts48\">Se carga (con ingresa) al tipo de liquidaci\u00f3n mensual y se liquida en un per\u00edodo o en varios, seg\u00fan se pacte.<\/span><\/p>\n<p class=\"rvps5\"><img loading=\"lazy\" decoding=\"async\" width=\"634\" height=\"644\" class=\"alignnone wp-image-2380 size-full\" src=\"http:\/\/uniremunicipios.com.ar\/manual\/wp-content\/uploads\/2020\/10\/Pasted-into-Sumas-no-remunerativas-fija-por-acuerdos-salariales-1.png\" srcset=\"https:\/\/uniremunicipios.com.ar\/manual\/wp-content\/uploads\/2020\/10\/Pasted-into-Sumas-no-remunerativas-fija-por-acuerdos-salariales-1.png 634w, https:\/\/uniremunicipios.com.ar\/manual\/wp-content\/uploads\/2020\/10\/Pasted-into-Sumas-no-remunerativas-fija-por-acuerdos-salariales-1-295x300.png 295w\" sizes=\"auto, (max-width: 634px) 100vw, 634px\" \/><\/p>\n<p class=\"rvps5\"><span class=\"rvts58\">\u00a0AQUELLAS PERSONAS A LAS QUE NO SE PAGUE, SE LES COLOCAR\u00c1 UN NO LIQUIDA (NL)<\/span><\/p>\n<p class=\"rvps5\"><span class=\"rvts58\">\u00a0<\/span><\/p>\n<p class=\"rvps2\"><span class=\"rvts48\">Al dejarlo de pagar simplemente se borra en el tipo de liquidaci\u00f3n mensual, volvi\u00e9ndose a activar cuando se vuelva a pagar una suma con estas caracter\u00edsticas.<\/span><\/p>\n<p class=\"rvps5\"><img loading=\"lazy\" decoding=\"async\" class=\"alignnone wp-image-2381 \" src=\"http:\/\/uniremunicipios.com.ar\/manual\/wp-content\/uploads\/2020\/10\/Pasted-into-Sumas-no-remunerativas-fija-por-acuerdos-salariales-2.png\" width=\"481\" height=\"405\" srcset=\"https:\/\/uniremunicipios.com.ar\/manual\/wp-content\/uploads\/2020\/10\/Pasted-into-Sumas-no-remunerativas-fija-por-acuerdos-salariales-2.png 627w, https:\/\/uniremunicipios.com.ar\/manual\/wp-content\/uploads\/2020\/10\/Pasted-into-Sumas-no-remunerativas-fija-por-acuerdos-salariales-2-300x253.png 300w\" sizes=\"auto, (max-width: 481px) 100vw, 481px\" \/><\/p>\n","protected":false},"excerpt":{"rendered":"<p>Cuando se firma un nuevo convenio o a fin de a\u00f1o se otorgan sumas no remunerativas que se pueden pagar en uno o varios pagos. Debemos crear un concepto Se carga (con ingresa) al tipo de liquidaci\u00f3n mensual y se liquida en un per\u00edodo o en varios, seg\u00fan se pacte. \u00a0AQUELLAS PERSONAS A LAS QUE [&hellip;]<\/p>\n","protected":false},"author":4,"featured_media":0,"parent":28,"menu_order":830,"comment_status":"closed","ping_status":"closed","template":"","meta":{"footnotes":""},"class_list":["post-404","page","type-page","status-publish","hentry"],"_links":{"self":[{"href":"https:\/\/uniremunicipios.com.ar\/manual\/index.php?rest_route=\/wp\/v2\/pages\/404","targetHints":{"allow":["GET"]}}],"collection":[{"href":"https:\/\/uniremunicipios.com.ar\/manual\/index.php?rest_route=\/wp\/v2\/pages"}],"about":[{"href":"https:\/\/uniremunicipios.com.ar\/manual\/index.php?rest_route=\/wp\/v2\/types\/page"}],"author":[{"embeddable":true,"href":"https:\/\/uniremunicipios.com.ar\/manual\/index.php?rest_route=\/wp\/v2\/users\/4"}],"replies":[{"embeddable":true,"href":"https:\/\/uniremunicipios.com.ar\/manual\/index.php?rest_route=%2Fwp%2Fv2%2Fcomments&post=404"}],"version-history":[{"count":3,"href":"https:\/\/uniremunicipios.com.ar\/manual\/index.php?rest_route=\/wp\/v2\/pages\/404\/revisions"}],"predecessor-version":[{"id":2382,"href":"https:\/\/uniremunicipios.com.ar\/manual\/index.php?rest_route=\/wp\/v2\/pages\/404\/revisions\/2382"}],"up":[{"embeddable":true,"href":"https:\/\/uniremunicipios.com.ar\/manual\/index.php?rest_route=\/wp\/v2\/pages\/28"}],"wp:attachment":[{"href":"https:\/\/uniremunicipios.com.ar\/manual\/index.php?rest_route=%2Fwp%2Fv2%2Fmedia&parent=404"}],"curies":[{"name":"wp","href":"https:\/\/api.w.org\/{rel}","templated":true}]}}