{"id":406,"date":"2019-06-07T17:40:16","date_gmt":"2019-06-07T20:40:16","guid":{"rendered":"http:\/\/uniremunicipios.com.ar\/manual\/?page_id=406"},"modified":"2024-12-16T13:09:21","modified_gmt":"2024-12-16T16:09:21","slug":"balances-presupuestarios","status":"publish","type":"page","link":"https:\/\/uniremunicipios.com.ar\/manual\/?page_id=406","title":{"rendered":"y. Balances Presupuestarios"},"content":{"rendered":"<p class=\"rvps12\"><span class=\"rvts139\">La administraci\u00f3n de recursos debe ser minuciosa, para ello es indispensable contar con los controles que ofrece el sistema, donde las autoridades pueden optar por las distintas formas o combinarlas.<\/span><\/p>\n<p class=\"rvps12\"><span class=\"rvts139\">En el m\u00f3dulo de CONTABILIDAD existen todos los\u00a0<span class=\"highlight\">balances<\/span>\u00a0que el responsable de Hacienda y\/o Contadur\u00eda puede requerir.<\/span><\/p>\n<p class=\"rvps12\"><span class=\"rvts139\">En CONTABILIDAD GENERAL\/PRESUPUESTO, los <span class=\"highlight\">balances<\/span> presupuestarios se encuentran divididos en INGRESO y EGRESO<\/span><\/p>\n<p class=\"rvps12\"><span class=\"rvts139\">\u00a0<\/span><img loading=\"lazy\" decoding=\"async\" src=\"http:\/\/uniremunicipios.com.ar\/manual-anterior\/lib\/BALANCESPRESUPUESTO_archivosimage004.jpg\" alt=\"\" width=\"252\" height=\"107\" \/><span class=\"rvts139\">\u00a0<\/span><\/p>\n<p class=\"rvps12\"><span class=\"rvts139\">Tal como lo indica el men\u00fa, el presupuesto se puede obtener seg\u00fan el detalle.<\/span><\/p>\n<p class=\"rvps12\"><span class=\"rvts139\">\u00a0<\/span><\/p>\n<p class=\"rvps12\"><span class=\"rvts139\">Para los casos de\u00a0<\/span><img loading=\"lazy\" decoding=\"async\" src=\"http:\/\/uniremunicipios.com.ar\/manual-anterior\/lib\/BALANCESPRESUPUESTO_archivosimage006.jpg\" alt=\"\" width=\"151\" height=\"38\" \/><span class=\"rvts139\">se puede optar por dos opciones:\u00a0<\/span><img loading=\"lazy\" decoding=\"async\" src=\"http:\/\/uniremunicipios.com.ar\/manual-anterior\/lib\/BALANCESPRESUPUESTO_archivosimage008.jpg\" alt=\"\" width=\"288\" height=\"34\" \/><span class=\"rvts139\">.<\/span><\/p>\n<p class=\"rvps12\"><span class=\"rvts139\">Para el caso de\u00a0<\/span><span class=\"rvts315\">\u201cStandart-Tradicional\u201d<\/span><span class=\"rvts139\">, el sistema muestra los datos con\u00a0 la siguiente cabecera:\u00a0\u00a0<\/span><\/p>\n<p class=\"rvps12\"><img loading=\"lazy\" decoding=\"async\" src=\"http:\/\/uniremunicipios.com.ar\/manual-anterior\/lib\/BALANCESPRESUPUESTO_archivosimage010.jpg\" alt=\"\" width=\"576\" height=\"61\" \/><\/p>\n<p class=\"rvps12\"><span class=\"rvts139\">donde en cada mes se encuentra lo efectivamente gastado del presupuesto\u00a0 (deuda, no siempre significa pagado, s\u00f3lo afectado al presupuesto),<\/span><\/p>\n<p class=\"rvps12\"><img loading=\"lazy\" decoding=\"async\" src=\"http:\/\/uniremunicipios.com.ar\/manual-anterior\/lib\/BALANCESPRESUPUESTO_archivosimage012.jpg\" alt=\"\" width=\"336\" height=\"57\" \/><img loading=\"lazy\" decoding=\"async\" src=\"http:\/\/uniremunicipios.com.ar\/manual-anterior\/lib\/BALANCESPRESUPUESTO_archivosimage014.jpg\" alt=\"\" width=\"96\" height=\"60\" \/><span class=\"rvts139\">\u00a0observ\u00e1ndose el detalle mes por mes, afectaci\u00f3n definitiva, preventiva al presupuesto, el % de lo devengado (que es el % de la suma de la afect. definitiva + preventiva sobre el presupuesto), el saldo (diferencia entre presupuesto y definitiva+preventiva), el ejecutado (es lo pagado) y el % ejecutado (% de lo pagado sobre el presupuesto).<\/span><\/p>\n<p class=\"rvps12\"><span class=\"rvts139\">En el margen superior se encuentra el bot\u00f3n\u00a0<\/span><img loading=\"lazy\" decoding=\"async\" src=\"http:\/\/uniremunicipios.com.ar\/manual-anterior\/lib\/BALANCESPRESUPUESTO_archivosimage016.jpg\" alt=\"\" width=\"27\" height=\"24\" \/><span class=\"rvts139\">\u00a0donde se puede ver el mayor de la cuenta respectiva.<\/span><\/p>\n<p class=\"rvps12\"><span class=\"rvts139\">En el balance \u201c<\/span><span class=\"rvts315\">extendido-ampliaci\u00f3n presupuestaria mensual\u201d<\/span><span class=\"rvts139\">, es muy semejante, s\u00f3lo que muestra dos columnas mas por mes; una, con la ampliaci\u00f3n presupuestaria mensual y la otra con el presupuesto de lo ejecutado o pagado en dicho mes.<\/span><\/p>\n<p class=\"rvps12\"><span class=\"rvts139\">Para este \u00faltimo caso se asemeja al balance de tesorer\u00eda, s\u00f3lo que comparando siempre el presupuesto.<\/span><\/p>\n<p class=\"rvps12\"><span class=\"rvts139\">Queda por aclarar que siempre toma los valores del a\u00f1o fiscal, al ser un balance presupuestario no afecta ni a\u00f1os anteriores y obviamente tampoco posteriores.<\/span><\/p>\n<p class=\"rvps12\"><span class=\"rvts139\">Para ello se ha creado una columna\u00a0\u00a0<\/span><img loading=\"lazy\" decoding=\"async\" src=\"http:\/\/uniremunicipios.com.ar\/manual-anterior\/lib\/BALANCESPRESUPUESTO_archivosimage018.jpg\" alt=\"\" width=\"82\" height=\"61\" \/><span class=\"rvts139\">, \u201cejecutado fuera Per\u00edodo\u201d.<\/span><\/p>\n<p class=\"rvps12\"><span class=\"rvts139\">Para tener en cuenta, cuando se realiza un pago sobre una factura afectada en el a\u00f1o anterior no figura el pago respectivo.<\/span><\/p>\n<p class=\"rvps12\"><span class=\"rvts139\">Ejemplo: factura $ 100 a\u00f1o 2023- se paga \u00bd en 2023 y \u00bd en 2024.<\/span><\/p>\n<p class=\"rvps12\"><span class=\"rvts139\">En el balance presupuestario (ampliaci\u00f3n) 2024 no aparecer\u00e1 ese pago, pero en el balance del 2023 aparecer\u00e1 la afectaci\u00f3n de la factura y en la columna <\/span><img loading=\"lazy\" decoding=\"async\" src=\"http:\/\/uniremunicipios.com.ar\/manual-anterior\/lib\/BALANCESPRESUPUESTO_archivosimage020.jpg\" alt=\"\" width=\"76\" height=\"21\" \/><span class=\"rvts139\"> se observar\u00e1 el pago realizado en 2024.<\/span><\/p>\n<p class=\"rvps12\"><span class=\"rvts139\">Por otra parte, en la impresi\u00f3n se encuentran distintos formatos.<\/span><\/p>\n<p class=\"rvps12\"><img loading=\"lazy\" decoding=\"async\" src=\"http:\/\/uniremunicipios.com.ar\/manual-anterior\/lib\/BALANCESPRESUPUESTO_archivosimage022.jpg\" alt=\"\" width=\"204\" height=\"57\" \/><span class=\"rvts139\">, seleccionando los dos \u00faltimos tambi\u00e9n se puede emitir \u201cdesde \/ hasta\u201d los per\u00edodos deseados, mientras que los dos primeros se imprimen todos los meses del a\u00f1o.<\/span><\/p>\n<p class=\"rvps12\"><span class=\"rvts139\">RECORDAR QUE EL BALANCE PRESUPUESTARIO TOMA LOS ASIENTOS GENERADOS AUTOM\u00c1TICAMENTE, NO AS\u00cd LOS ASIENTOS MANUALES.<\/span><\/p>\n<p class=\"rvps12\"><span class=\"rvts139\">\u00a0<\/span><\/p>\n","protected":false},"excerpt":{"rendered":"<p>La administraci\u00f3n de recursos debe ser minuciosa, para ello es indispensable contar con los controles que ofrece el sistema, donde las autoridades pueden optar por las distintas formas o combinarlas. En el m\u00f3dulo de CONTABILIDAD existen todos los\u00a0balances\u00a0que el responsable de Hacienda y\/o Contadur\u00eda puede requerir. En CONTABILIDAD GENERAL\/PRESUPUESTO, los balances presupuestarios se encuentran divididos [&hellip;]<\/p>\n","protected":false},"author":4,"featured_media":0,"parent":9,"menu_order":4,"comment_status":"closed","ping_status":"closed","template":"","meta":{"footnotes":""},"class_list":["post-406","page","type-page","status-publish","hentry"],"_links":{"self":[{"href":"https:\/\/uniremunicipios.com.ar\/manual\/index.php?rest_route=\/wp\/v2\/pages\/406","targetHints":{"allow":["GET"]}}],"collection":[{"href":"https:\/\/uniremunicipios.com.ar\/manual\/index.php?rest_route=\/wp\/v2\/pages"}],"about":[{"href":"https:\/\/uniremunicipios.com.ar\/manual\/index.php?rest_route=\/wp\/v2\/types\/page"}],"author":[{"embeddable":true,"href":"https:\/\/uniremunicipios.com.ar\/manual\/index.php?rest_route=\/wp\/v2\/users\/4"}],"replies":[{"embeddable":true,"href":"https:\/\/uniremunicipios.com.ar\/manual\/index.php?rest_route=%2Fwp%2Fv2%2Fcomments&post=406"}],"version-history":[{"count":5,"href":"https:\/\/uniremunicipios.com.ar\/manual\/index.php?rest_route=\/wp\/v2\/pages\/406\/revisions"}],"predecessor-version":[{"id":5659,"href":"https:\/\/uniremunicipios.com.ar\/manual\/index.php?rest_route=\/wp\/v2\/pages\/406\/revisions\/5659"}],"up":[{"embeddable":true,"href":"https:\/\/uniremunicipios.com.ar\/manual\/index.php?rest_route=\/wp\/v2\/pages\/9"}],"wp:attachment":[{"href":"https:\/\/uniremunicipios.com.ar\/manual\/index.php?rest_route=%2Fwp%2Fv2%2Fmedia&parent=406"}],"curies":[{"name":"wp","href":"https:\/\/api.w.org\/{rel}","templated":true}]}}