{"id":408,"date":"2019-06-07T17:44:44","date_gmt":"2019-06-07T20:44:44","guid":{"rendered":"http:\/\/uniremunicipios.com.ar\/manual\/?page_id=408"},"modified":"2024-12-26T14:29:33","modified_gmt":"2024-12-26T17:29:33","slug":"cambio-datos-cheque-pago-terminado","status":"publish","type":"page","link":"https:\/\/uniremunicipios.com.ar\/manual\/?page_id=408","title":{"rendered":"s. Cambios de medios de pago en Pago Terminado"},"content":{"rendered":"<p class=\"rvps5\"><span class=\"rvts59\">Si por error se confeccion\u00f3 mal un pago, puede ingresar en pagos terminados (cambiar de\u00a0<span class=\"highlight\">cheque<\/span>, de forma de pago, la retenci\u00f3n, colocar una observaci\u00f3n)<\/span><\/p>\n<p class=\"rvps5\"><span class=\"rvts59\">Si cambio la forma de pago tener en cuenta si est\u00e1 cerrado el per\u00edodo contable y la caja (hacer correcciones)<\/span><\/p>\n<p class=\"rvps5\"><span class=\"rvts59\">En caso de no ser viable un cambio, se deber\u00e1 anular el pago y realizar uno nuevo.<\/span><\/p>\n<p class=\"rvps5\"><img loading=\"lazy\" decoding=\"async\" class=\"wp-image-5005 alignnone \" src=\"http:\/\/uniremunicipios.com.ar\/manual\/wp-content\/uploads\/2024\/10\/image-93.png\" alt=\"\" width=\"424\" height=\"216\" srcset=\"https:\/\/uniremunicipios.com.ar\/manual\/wp-content\/uploads\/2024\/10\/image-93.png 494w, https:\/\/uniremunicipios.com.ar\/manual\/wp-content\/uploads\/2024\/10\/image-93-300x153.png 300w\" sizes=\"auto, (max-width: 424px) 100vw, 424px\" \/><\/p>\n<p class=\"rvps5\"><span class=\"rvts58\">Busco el pago, c<\/span><span class=\"rvts58\">lick bot\u00f3n derecho sobre dicho pago. Elegir opci\u00f3n <img loading=\"lazy\" decoding=\"async\" class=\"wp-image-5008 alignnone size-medium\" src=\"http:\/\/uniremunicipios.com.ar\/manual\/wp-content\/uploads\/2024\/10\/image-95.png\" alt=\"\" width=\"217\" height=\"28\" \/>, la cual muestra la siguiente ventana donde verifica c\u00f3mo se confeccion\u00f3 el pago.<\/span><\/p>\n<p class=\"rvps5\"><img loading=\"lazy\" decoding=\"async\" class=\"wp-image-5009 alignnone \" src=\"http:\/\/uniremunicipios.com.ar\/manual\/wp-content\/uploads\/2024\/10\/image-96.png\" alt=\"\" width=\"474\" height=\"109\" srcset=\"https:\/\/uniremunicipios.com.ar\/manual\/wp-content\/uploads\/2024\/10\/image-96.png 700w, https:\/\/uniremunicipios.com.ar\/manual\/wp-content\/uploads\/2024\/10\/image-96-300x69.png 300w\" sizes=\"auto, (max-width: 474px) 100vw, 474px\" \/><\/p>\n<p class=\"rvps5\"><span class=\"rvts58\">\u00a0<\/span><span class=\"rvts58\">Vuelvo a la pantalla anterior y, presionando <img loading=\"lazy\" decoding=\"async\" class=\"wp-image-5010 alignnone size-medium\" src=\"http:\/\/uniremunicipios.com.ar\/manual\/wp-content\/uploads\/2024\/10\/image-97.png\" alt=\"\" width=\"64\" height=\"49\" \/>, activo el pago terminado.<\/span><\/p>\n<p class=\"rvps5\"><img loading=\"lazy\" decoding=\"async\" class=\"wp-image-5011 alignnone \" src=\"http:\/\/uniremunicipios.com.ar\/manual\/wp-content\/uploads\/2024\/10\/image-98.png\" alt=\"\" width=\"389\" height=\"135\" srcset=\"https:\/\/uniremunicipios.com.ar\/manual\/wp-content\/uploads\/2024\/10\/image-98.png 457w, https:\/\/uniremunicipios.com.ar\/manual\/wp-content\/uploads\/2024\/10\/image-98-300x104.png 300w\" sizes=\"auto, (max-width: 389px) 100vw, 389px\" \/><\/p>\n<p class=\"rvps5\"><span class=\"rvts58\">\u00a0<\/span><span class=\"rvts58\">Al activarlo deja de estar en TERMINADOS y ahora aparece en INGRESO DE PAGOS.<\/span><\/p>\n<p class=\"rvps5\"><img loading=\"lazy\" decoding=\"async\" class=\"wp-image-5012 alignnone \" src=\"http:\/\/uniremunicipios.com.ar\/manual\/wp-content\/uploads\/2024\/10\/image-99.png\" alt=\"\" width=\"392\" height=\"196\" srcset=\"https:\/\/uniremunicipios.com.ar\/manual\/wp-content\/uploads\/2024\/10\/image-99.png 491w, https:\/\/uniremunicipios.com.ar\/manual\/wp-content\/uploads\/2024\/10\/image-99-300x150.png 300w\" sizes=\"auto, (max-width: 392px) 100vw, 392px\" \/><\/p>\n<p class=\"rvps5\"><span class=\"rvts58\">\u00a0<\/span><span class=\"rvts58\">Lo selecciono y presiono MODIFICA.<\/span><\/p>\n<p class=\"rvps5\"><img loading=\"lazy\" decoding=\"async\" class=\"wp-image-5013 alignnone \" src=\"http:\/\/uniremunicipios.com.ar\/manual\/wp-content\/uploads\/2024\/10\/image-100.png\" alt=\"\" width=\"520\" height=\"133\" srcset=\"https:\/\/uniremunicipios.com.ar\/manual\/wp-content\/uploads\/2024\/10\/image-100.png 765w, https:\/\/uniremunicipios.com.ar\/manual\/wp-content\/uploads\/2024\/10\/image-100-300x76.png 300w\" sizes=\"auto, (max-width: 520px) 100vw, 520px\" \/><\/p>\n<p class=\"rvps5\"><span class=\"rvts58\">\u00a0<\/span><span class=\"rvts58\">Abre la pantalla del pago propiamente dicho.<\/span><\/p>\n<p class=\"rvps5\"><img loading=\"lazy\" decoding=\"async\" class=\"wp-image-5014 alignnone \" src=\"http:\/\/uniremunicipios.com.ar\/manual\/wp-content\/uploads\/2024\/10\/image-101.png\" alt=\"\" width=\"475\" height=\"374\" srcset=\"https:\/\/uniremunicipios.com.ar\/manual\/wp-content\/uploads\/2024\/10\/image-101.png 816w, https:\/\/uniremunicipios.com.ar\/manual\/wp-content\/uploads\/2024\/10\/image-101-300x236.png 300w, https:\/\/uniremunicipios.com.ar\/manual\/wp-content\/uploads\/2024\/10\/image-101-768x603.png 768w\" sizes=\"auto, (max-width: 475px) 100vw, 475px\" \/><\/p>\n<p class=\"rvps5\"><span class=\"rvts58\">Click en MODIFICA y realizo los cambios necesarios.<\/span><\/p>\n<p class=\"rvps5\"><span class=\"rvts58\">\u00a0<\/span><img loading=\"lazy\" decoding=\"async\" class=\"wp-image-5015 alignnone \" src=\"http:\/\/uniremunicipios.com.ar\/manual\/wp-content\/uploads\/2024\/10\/image-102.png\" alt=\"\" width=\"356\" height=\"108\" srcset=\"https:\/\/uniremunicipios.com.ar\/manual\/wp-content\/uploads\/2024\/10\/image-102.png 458w, https:\/\/uniremunicipios.com.ar\/manual\/wp-content\/uploads\/2024\/10\/image-102-300x91.png 300w\" sizes=\"auto, (max-width: 356px) 100vw, 356px\" \/><\/p>\n<p class=\"rvps5\"><span class=\"rvts58\">\u00a0<\/span><span class=\"rvts58\">Si cambio el IMPORTE debo\u00a0<\/span><span class=\"rvts65\">INGRESAR<\/span><span class=\"rvts58\"> la diferencia.<\/span><\/p>\n<p class=\"rvps5\"><img loading=\"lazy\" decoding=\"async\" class=\"wp-image-5016 alignnone \" src=\"http:\/\/uniremunicipios.com.ar\/manual\/wp-content\/uploads\/2024\/10\/image-103.png\" alt=\"\" width=\"388\" height=\"115\" srcset=\"https:\/\/uniremunicipios.com.ar\/manual\/wp-content\/uploads\/2024\/10\/image-103.png 522w, https:\/\/uniremunicipios.com.ar\/manual\/wp-content\/uploads\/2024\/10\/image-103-300x89.png 300w\" sizes=\"auto, (max-width: 388px) 100vw, 388px\" \/><\/p>\n<p class=\"rvps5\"><span class=\"rvts58\">Elijo el medio de pago, en este caso selecciono efectivo.<\/span><\/p>\n<p class=\"rvps5\"><img loading=\"lazy\" decoding=\"async\" class=\"wp-image-5017 alignnone \" src=\"http:\/\/uniremunicipios.com.ar\/manual\/wp-content\/uploads\/2024\/10\/image-104.png\" alt=\"\" width=\"331\" height=\"186\" \/><\/p>\n<p class=\"rvps5\"><span class=\"rvts58\">\u00a0<\/span><img loading=\"lazy\" decoding=\"async\" class=\"wp-image-5018 alignnone \" src=\"http:\/\/uniremunicipios.com.ar\/manual\/wp-content\/uploads\/2024\/10\/image-105.png\" alt=\"\" width=\"494\" height=\"117\" srcset=\"https:\/\/uniremunicipios.com.ar\/manual\/wp-content\/uploads\/2024\/10\/image-105.png 813w, https:\/\/uniremunicipios.com.ar\/manual\/wp-content\/uploads\/2024\/10\/image-105-300x71.png 300w, https:\/\/uniremunicipios.com.ar\/manual\/wp-content\/uploads\/2024\/10\/image-105-768x182.png 768w\" sizes=\"auto, (max-width: 494px) 100vw, 494px\" \/><\/p>\n<p class=\"rvps5\"><span class=\"rvts58\">Click en OK y pasa a estar terminado.<\/span><\/p>\n<p><span class=\"rvts48\">Busco en pagos terminados y al ver los medios de pago, me muestra el resultado del cambio que hicimos.<\/span><\/p>\n<p class=\"rvps5\"><img loading=\"lazy\" decoding=\"async\" class=\"wp-image-5019 alignnone \" src=\"http:\/\/uniremunicipios.com.ar\/manual\/wp-content\/uploads\/2024\/10\/image-106.png\" alt=\"\" width=\"726\" height=\"242\" srcset=\"https:\/\/uniremunicipios.com.ar\/manual\/wp-content\/uploads\/2024\/10\/image-106.png 1099w, https:\/\/uniremunicipios.com.ar\/manual\/wp-content\/uploads\/2024\/10\/image-106-300x100.png 300w, https:\/\/uniremunicipios.com.ar\/manual\/wp-content\/uploads\/2024\/10\/image-106-1024x340.png 1024w, https:\/\/uniremunicipios.com.ar\/manual\/wp-content\/uploads\/2024\/10\/image-106-768x255.png 768w\" sizes=\"auto, (max-width: 726px) 100vw, 726px\" \/><\/p>\n<p class=\"rvps2\">\n","protected":false},"excerpt":{"rendered":"<p>Si por error se confeccion\u00f3 mal un pago, puede ingresar en pagos terminados (cambiar de\u00a0cheque, de forma de pago, la retenci\u00f3n, colocar una observaci\u00f3n) Si cambio la forma de pago tener en cuenta si est\u00e1 cerrado el per\u00edodo contable y la caja (hacer correcciones) En caso de no ser viable un cambio, se deber\u00e1 anular [&hellip;]<\/p>\n","protected":false},"author":4,"featured_media":0,"parent":9,"menu_order":5,"comment_status":"closed","ping_status":"closed","template":"","meta":{"footnotes":""},"class_list":["post-408","page","type-page","status-publish","hentry"],"_links":{"self":[{"href":"https:\/\/uniremunicipios.com.ar\/manual\/index.php?rest_route=\/wp\/v2\/pages\/408","targetHints":{"allow":["GET"]}}],"collection":[{"href":"https:\/\/uniremunicipios.com.ar\/manual\/index.php?rest_route=\/wp\/v2\/pages"}],"about":[{"href":"https:\/\/uniremunicipios.com.ar\/manual\/index.php?rest_route=\/wp\/v2\/types\/page"}],"author":[{"embeddable":true,"href":"https:\/\/uniremunicipios.com.ar\/manual\/index.php?rest_route=\/wp\/v2\/users\/4"}],"replies":[{"embeddable":true,"href":"https:\/\/uniremunicipios.com.ar\/manual\/index.php?rest_route=%2Fwp%2Fv2%2Fcomments&post=408"}],"version-history":[{"count":8,"href":"https:\/\/uniremunicipios.com.ar\/manual\/index.php?rest_route=\/wp\/v2\/pages\/408\/revisions"}],"predecessor-version":[{"id":5767,"href":"https:\/\/uniremunicipios.com.ar\/manual\/index.php?rest_route=\/wp\/v2\/pages\/408\/revisions\/5767"}],"up":[{"embeddable":true,"href":"https:\/\/uniremunicipios.com.ar\/manual\/index.php?rest_route=\/wp\/v2\/pages\/9"}],"wp:attachment":[{"href":"https:\/\/uniremunicipios.com.ar\/manual\/index.php?rest_route=%2Fwp%2Fv2%2Fmedia&parent=408"}],"curies":[{"name":"wp","href":"https:\/\/api.w.org\/{rel}","templated":true}]}}