{"id":4107,"date":"2023-05-16T11:27:54","date_gmt":"2023-05-16T14:27:54","guid":{"rendered":"http:\/\/uniremunicipios.com.ar\/manual\/?page_id=4107"},"modified":"2023-05-16T11:27:54","modified_gmt":"2023-05-16T14:27:54","slug":"cambiar-recibos-de-estado-activo-a-generado","status":"publish","type":"page","link":"https:\/\/uniremunicipios.com.ar\/manual\/?page_id=4107","title":{"rendered":"Cambiar recibos de Estado Activo a Generado"},"content":{"rendered":"<h2>Cambiar recibos de estado Activo a Generado<\/h2>\n<p>Cuando hacen convenios ANUAL en forma manual, a veces el contribuyente se arrepiente y le quedan activos los recibos de Marzo a Diciembre.<\/p>\n<p>Por ese \u00fanico motivo habr\u00e1 que cambiar esos recibos de Activos a Generados.<\/p>\n<ul>\n<li>Buscar la cuenta<\/li>\n<li>Bot\u00f3n TRIBUTOS<\/li>\n<li>Bot\u00f3n RECIBOS<\/li>\n<li>SE CAMBIARAN TODOS LOS RECIBOS QUE APARECEN EN LA VENTANA.<\/li>\n<li>Si no son todos los que vemos en la ventana, debemos Filtrar con FX Todos\/Filtro sobre archivo \u00edndice por Fecha<\/li>\n<li>Y luego en INFORME PROCESOS elegir la opci\u00f3n CAMBIA ESTADO REC ORIGINALES A GENERADO<\/li>\n<\/ul>\n","protected":false},"excerpt":{"rendered":"<p>Cambiar recibos de estado Activo a Generado Cuando hacen convenios ANUAL en forma manual, a veces el contribuyente se arrepiente y le quedan activos los recibos de Marzo a Diciembre. Por ese \u00fanico motivo habr\u00e1 que cambiar esos recibos de Activos a Generados. Buscar la cuenta Bot\u00f3n TRIBUTOS Bot\u00f3n RECIBOS SE CAMBIARAN TODOS LOS RECIBOS [&hellip;]<\/p>\n","protected":false},"author":4,"featured_media":0,"parent":787,"menu_order":0,"comment_status":"closed","ping_status":"closed","template":"","meta":{"footnotes":""},"class_list":["post-4107","page","type-page","status-publish","hentry"],"_links":{"self":[{"href":"https:\/\/uniremunicipios.com.ar\/manual\/index.php?rest_route=\/wp\/v2\/pages\/4107","targetHints":{"allow":["GET"]}}],"collection":[{"href":"https:\/\/uniremunicipios.com.ar\/manual\/index.php?rest_route=\/wp\/v2\/pages"}],"about":[{"href":"https:\/\/uniremunicipios.com.ar\/manual\/index.php?rest_route=\/wp\/v2\/types\/page"}],"author":[{"embeddable":true,"href":"https:\/\/uniremunicipios.com.ar\/manual\/index.php?rest_route=\/wp\/v2\/users\/4"}],"replies":[{"embeddable":true,"href":"https:\/\/uniremunicipios.com.ar\/manual\/index.php?rest_route=%2Fwp%2Fv2%2Fcomments&post=4107"}],"version-history":[{"count":1,"href":"https:\/\/uniremunicipios.com.ar\/manual\/index.php?rest_route=\/wp\/v2\/pages\/4107\/revisions"}],"predecessor-version":[{"id":4108,"href":"https:\/\/uniremunicipios.com.ar\/manual\/index.php?rest_route=\/wp\/v2\/pages\/4107\/revisions\/4108"}],"up":[{"embeddable":true,"href":"https:\/\/uniremunicipios.com.ar\/manual\/index.php?rest_route=\/wp\/v2\/pages\/787"}],"wp:attachment":[{"href":"https:\/\/uniremunicipios.com.ar\/manual\/index.php?rest_route=%2Fwp%2Fv2%2Fmedia&parent=4107"}],"curies":[{"name":"wp","href":"https:\/\/api.w.org\/{rel}","templated":true}]}}