{"id":4112,"date":"2023-05-16T11:37:04","date_gmt":"2023-05-16T14:37:04","guid":{"rendered":"http:\/\/uniremunicipios.com.ar\/manual\/?page_id=4112"},"modified":"2023-05-16T11:37:04","modified_gmt":"2023-05-16T14:37:04","slug":"crear-recibo-manualmente","status":"publish","type":"page","link":"https:\/\/uniremunicipios.com.ar\/manual\/?page_id=4112","title":{"rendered":"Crear Recibo Manualmente"},"content":{"rendered":"<ul>\n<li>M\u00f3dulo: IMPUESTOS GENERAL<\/li>\n<li>Ejemplo para cuenta de Tasa General de Inmuebles.<\/li>\n<li>Buscar el inmueble deseado<\/li>\n<li>Clic en Bot\u00f3n TB<\/li>\n<li>Elegir el tributo y clic en bot\u00f3n Recibos<\/li>\n<li>Clic en bot\u00f3n AGREGAR<\/li>\n<li>Completar datos y listo<\/li>\n<\/ul>\n","protected":false},"excerpt":{"rendered":"<p>M\u00f3dulo: IMPUESTOS GENERAL Ejemplo para cuenta de Tasa General de Inmuebles. Buscar el inmueble deseado Clic en Bot\u00f3n TB Elegir el tributo y clic en bot\u00f3n Recibos Clic en bot\u00f3n AGREGAR Completar datos y listo<\/p>\n","protected":false},"author":4,"featured_media":0,"parent":787,"menu_order":0,"comment_status":"closed","ping_status":"closed","template":"","meta":{"footnotes":""},"class_list":["post-4112","page","type-page","status-publish","hentry"],"_links":{"self":[{"href":"https:\/\/uniremunicipios.com.ar\/manual\/index.php?rest_route=\/wp\/v2\/pages\/4112","targetHints":{"allow":["GET"]}}],"collection":[{"href":"https:\/\/uniremunicipios.com.ar\/manual\/index.php?rest_route=\/wp\/v2\/pages"}],"about":[{"href":"https:\/\/uniremunicipios.com.ar\/manual\/index.php?rest_route=\/wp\/v2\/types\/page"}],"author":[{"embeddable":true,"href":"https:\/\/uniremunicipios.com.ar\/manual\/index.php?rest_route=\/wp\/v2\/users\/4"}],"replies":[{"embeddable":true,"href":"https:\/\/uniremunicipios.com.ar\/manual\/index.php?rest_route=%2Fwp%2Fv2%2Fcomments&post=4112"}],"version-history":[{"count":1,"href":"https:\/\/uniremunicipios.com.ar\/manual\/index.php?rest_route=\/wp\/v2\/pages\/4112\/revisions"}],"predecessor-version":[{"id":4113,"href":"https:\/\/uniremunicipios.com.ar\/manual\/index.php?rest_route=\/wp\/v2\/pages\/4112\/revisions\/4113"}],"up":[{"embeddable":true,"href":"https:\/\/uniremunicipios.com.ar\/manual\/index.php?rest_route=\/wp\/v2\/pages\/787"}],"wp:attachment":[{"href":"https:\/\/uniremunicipios.com.ar\/manual\/index.php?rest_route=%2Fwp%2Fv2%2Fmedia&parent=4112"}],"curies":[{"name":"wp","href":"https:\/\/api.w.org\/{rel}","templated":true}]}}