{"id":415,"date":"2019-06-10T16:38:26","date_gmt":"2019-06-10T19:38:26","guid":{"rendered":"http:\/\/uniremunicipios.com.ar\/manual\/?page_id=415"},"modified":"2025-08-11T13:06:40","modified_gmt":"2025-08-11T16:06:40","slug":"tablas","status":"publish","type":"page","link":"https:\/\/uniremunicipios.com.ar\/manual\/?page_id=415","title":{"rendered":"Tablas"},"content":{"rendered":"<p class=\"rvps5\"><span class=\"rvts12\">Se despliega la informaci\u00f3n que configura cada men\u00fa que se ejecuta y los datos e informaci\u00f3n que componen este m\u00f3dulo.<\/span><\/p>\n<p class=\"rvps5\"><em><strong><span class=\"rvts47\">Cajeros<\/span><\/strong><\/em><span class=\"rvts12\">: contiene los los operarios habilitados y sus datos personales, pero tambi\u00e9n se puede observar los datos referentes a los movimientos de caja, hora de apertura y cierre, totales recaudados, etc. Se debe recordar que esta informaci\u00f3n s\u00f3lo se halla disponible para los supervisores o personas habilitadas con los permisos correspondientes.<\/span><\/p>\n<p class=\"rvps5\"><img decoding=\"async\" src=\"http:\/\/www.uniremunicipios.com.ar\/lib\/NewItem134.png\" alt=\"\" \/><em><strong><span class=\"rvts47\">Tipo de Cajas<\/span><\/strong><\/em><span class=\"rvts12\"><em><strong>:<\/strong><\/em> Define las diferentes cajas que existen en el municipio y qu\u00e9 equipo estar\u00e1 destinado a este tipo.<\/span><\/p>\n<p class=\"rvps5\"><em><strong><span class=\"rvts47\">Puesto de trabajo(Equipos)<\/span><\/strong><\/em><span class=\"rvts12\"><em><strong>:<\/strong><\/em> permite habilitar el puesto que utilizar\u00e1 el cajero.<\/span><\/p>\n<p class=\"rvps5\"><em><strong><span class=\"rvts47\">Tipo de Medios Cobro-Pago<\/span><\/strong><\/em><span class=\"rvts12\"><em><strong>:<\/strong><\/em> se definen los diferentes medios, como por ejemplo, efectivo, canje de deuda, cheques de 3ros, tarjetas de d\u00e9bito, etc.<\/span><\/p>\n<p class=\"rvps5\"><span class=\"rvts12\">Como se puede observar se habilitan los medios con los que el cajero se desempe\u00f1ar\u00e1.<\/span><\/p>\n<p class=\"rvps5\"><em><strong><span class=\"rvts47\">Configuraci\u00f3n de asiento de CAJA<\/span><\/strong><\/em><span class=\"rvts12\"><em><strong>:<\/strong><\/em> espacio en el que se registran los cargos y datos con los que se confeccionar\u00e1 el asiento en forma autom\u00e1tica.<\/span><\/p>\n","protected":false},"excerpt":{"rendered":"<p>Se despliega la informaci\u00f3n que configura cada men\u00fa que se ejecuta y los datos e informaci\u00f3n que componen este m\u00f3dulo. Cajeros: contiene los los operarios habilitados y sus datos personales, pero tambi\u00e9n se puede observar los datos referentes a los movimientos de caja, hora de apertura y cierre, totales recaudados, etc. Se debe recordar que [&hellip;]<\/p>\n","protected":false},"author":4,"featured_media":0,"parent":411,"menu_order":1,"comment_status":"closed","ping_status":"closed","template":"","meta":{"footnotes":""},"class_list":["post-415","page","type-page","status-publish","hentry"],"_links":{"self":[{"href":"https:\/\/uniremunicipios.com.ar\/manual\/index.php?rest_route=\/wp\/v2\/pages\/415","targetHints":{"allow":["GET"]}}],"collection":[{"href":"https:\/\/uniremunicipios.com.ar\/manual\/index.php?rest_route=\/wp\/v2\/pages"}],"about":[{"href":"https:\/\/uniremunicipios.com.ar\/manual\/index.php?rest_route=\/wp\/v2\/types\/page"}],"author":[{"embeddable":true,"href":"https:\/\/uniremunicipios.com.ar\/manual\/index.php?rest_route=\/wp\/v2\/users\/4"}],"replies":[{"embeddable":true,"href":"https:\/\/uniremunicipios.com.ar\/manual\/index.php?rest_route=%2Fwp%2Fv2%2Fcomments&post=415"}],"version-history":[{"count":5,"href":"https:\/\/uniremunicipios.com.ar\/manual\/index.php?rest_route=\/wp\/v2\/pages\/415\/revisions"}],"predecessor-version":[{"id":6110,"href":"https:\/\/uniremunicipios.com.ar\/manual\/index.php?rest_route=\/wp\/v2\/pages\/415\/revisions\/6110"}],"up":[{"embeddable":true,"href":"https:\/\/uniremunicipios.com.ar\/manual\/index.php?rest_route=\/wp\/v2\/pages\/411"}],"wp:attachment":[{"href":"https:\/\/uniremunicipios.com.ar\/manual\/index.php?rest_route=%2Fwp%2Fv2%2Fmedia&parent=415"}],"curies":[{"name":"wp","href":"https:\/\/api.w.org\/{rel}","templated":true}]}}