{"id":4226,"date":"2023-09-19T08:35:57","date_gmt":"2023-09-19T11:35:57","guid":{"rendered":"http:\/\/uniremunicipios.com.ar\/manual\/?page_id=4226"},"modified":"2025-01-20T12:33:05","modified_gmt":"2025-01-20T15:33:05","slug":"crear-repartidores","status":"publish","type":"page","link":"https:\/\/uniremunicipios.com.ar\/manual\/?page_id=4226","title":{"rendered":"Crear Repartidores"},"content":{"rendered":"<p><strong>M\u00f3dulo<\/strong>: <strong>UNIRE IMPUESTO GRAL<\/strong><\/p>\n<p><strong>Men\u00fa<\/strong>: <em><strong>Impuestos\/Impresi\u00f3n LOTE Recibos-Reparto\/Repartidores<\/strong><\/em><\/p>\n<p>Con bot\u00f3n AGREGAR podremos ingresar Tipo=1 y N\u00ba de DNI o buscar a la persona haciendo clic en el librito.<\/p>\n<p>Si la persona no est\u00e1 se crear\u00e1 una nueva con los datos de DNI ingresados.<\/p>\n<p>Despu\u00e9s de creado nos aparecer\u00e1 dicha persona como posible repartidor.<\/p>\n<p>Ver: <a href=\"http:\/\/uniremunicipios.com.ar\/manual\/?page_id=519\">Cambio de Repartidor en Boletas<\/a><\/p>\n","protected":false},"excerpt":{"rendered":"<p>M\u00f3dulo: UNIRE IMPUESTO GRAL Men\u00fa: Impuestos\/Impresi\u00f3n LOTE Recibos-Reparto\/Repartidores Con bot\u00f3n AGREGAR podremos ingresar Tipo=1 y N\u00ba de DNI o buscar a la persona haciendo clic en el librito. Si la persona no est\u00e1 se crear\u00e1 una nueva con los datos de DNI ingresados. Despu\u00e9s de creado nos aparecer\u00e1 dicha persona como posible repartidor. Ver: Cambio [&hellip;]<\/p>\n","protected":false},"author":2,"featured_media":0,"parent":515,"menu_order":0,"comment_status":"closed","ping_status":"closed","template":"","meta":{"footnotes":""},"class_list":["post-4226","page","type-page","status-publish","hentry"],"_links":{"self":[{"href":"https:\/\/uniremunicipios.com.ar\/manual\/index.php?rest_route=\/wp\/v2\/pages\/4226","targetHints":{"allow":["GET"]}}],"collection":[{"href":"https:\/\/uniremunicipios.com.ar\/manual\/index.php?rest_route=\/wp\/v2\/pages"}],"about":[{"href":"https:\/\/uniremunicipios.com.ar\/manual\/index.php?rest_route=\/wp\/v2\/types\/page"}],"author":[{"embeddable":true,"href":"https:\/\/uniremunicipios.com.ar\/manual\/index.php?rest_route=\/wp\/v2\/users\/2"}],"replies":[{"embeddable":true,"href":"https:\/\/uniremunicipios.com.ar\/manual\/index.php?rest_route=%2Fwp%2Fv2%2Fcomments&post=4226"}],"version-history":[{"count":4,"href":"https:\/\/uniremunicipios.com.ar\/manual\/index.php?rest_route=\/wp\/v2\/pages\/4226\/revisions"}],"predecessor-version":[{"id":5868,"href":"https:\/\/uniremunicipios.com.ar\/manual\/index.php?rest_route=\/wp\/v2\/pages\/4226\/revisions\/5868"}],"up":[{"embeddable":true,"href":"https:\/\/uniremunicipios.com.ar\/manual\/index.php?rest_route=\/wp\/v2\/pages\/515"}],"wp:attachment":[{"href":"https:\/\/uniremunicipios.com.ar\/manual\/index.php?rest_route=%2Fwp%2Fv2%2Fmedia&parent=4226"}],"curies":[{"name":"wp","href":"https:\/\/api.w.org\/{rel}","templated":true}]}}