{"id":4230,"date":"2023-10-04T10:22:01","date_gmt":"2023-10-04T13:22:01","guid":{"rendered":"http:\/\/uniremunicipios.com.ar\/manual\/?page_id=4230"},"modified":"2023-11-13T10:38:32","modified_gmt":"2023-11-13T13:38:32","slug":"escanear-imagenes","status":"publish","type":"page","link":"https:\/\/uniremunicipios.com.ar\/manual\/?page_id=4230","title":{"rendered":"Escanear imagenes"},"content":{"rendered":"<p><span style=\"color: #000000;\">Unire puede escanear directamente al sistema cualquier imagen si posee instalado un escaner.<\/span><\/p>\n<p><span style=\"color: #000000;\">Para que esto funcione correctamente debe tener:<\/span><\/p>\n<ul>\n<li><span style=\"color: #000000;\">Instalado el escaner en Windows<\/span><\/li>\n<\/ul>\n<p><span style=\"color: #000000;\">y en la carpeta C:\\PSPUESTO deben estar presentes 3 archivos:<\/span><\/p>\n<ul>\n<li><span style=\"color: #000000;\">bmptojpg.dll<\/span><\/li>\n<li><span style=\"color: #000000;\">bmtojpg.exe<\/span><\/li>\n<li>EZTW32.dll<\/li>\n<\/ul>\n<p><span style=\"color: #000000;\">En las ventanas de Unire hay una columna que dice IMAGEN.<\/span><\/p>\n<p><span style=\"color: #000000;\"><img loading=\"lazy\" decoding=\"async\" width=\"398\" height=\"171\" class=\"alignnone wp-image-4231 size-full\" src=\"http:\/\/uniremunicipios.com.ar\/manual\/wp-content\/uploads\/2023\/10\/Pasted-into-Imagenes.png\" srcset=\"https:\/\/uniremunicipios.com.ar\/manual\/wp-content\/uploads\/2023\/10\/Pasted-into-Imagenes.png 398w, https:\/\/uniremunicipios.com.ar\/manual\/wp-content\/uploads\/2023\/10\/Pasted-into-Imagenes-300x129.png 300w\" sizes=\"auto, (max-width: 398px) 100vw, 398px\" \/><\/span><\/p>\n<p><span style=\"color: #000000;\">Haciendo clic en ese bot\u00f3n con 3 puntitos entramos a las opciones de agregar im\u00e1genes.<\/span><\/p>\n<p><span style=\"color: #000000;\">Al pulsar el bot\u00f3n AGREGAR podremos:<\/span><\/p>\n<p><span style=\"color: #000000;\"><img loading=\"lazy\" decoding=\"async\" width=\"778\" height=\"194\" class=\"alignnone wp-image-4232 size-full\" src=\"http:\/\/uniremunicipios.com.ar\/manual\/wp-content\/uploads\/2023\/10\/Pasted-into-Imagenes-1.png\" srcset=\"https:\/\/uniremunicipios.com.ar\/manual\/wp-content\/uploads\/2023\/10\/Pasted-into-Imagenes-1.png 778w, https:\/\/uniremunicipios.com.ar\/manual\/wp-content\/uploads\/2023\/10\/Pasted-into-Imagenes-1-300x75.png 300w, https:\/\/uniremunicipios.com.ar\/manual\/wp-content\/uploads\/2023\/10\/Pasted-into-Imagenes-1-768x192.png 768w\" sizes=\"auto, (max-width: 778px) 100vw, 778px\" \/><\/span><\/p>\n<p><span style=\"color: #000000;\">El bot\u00f3n Escaner nos permitir\u00e1 escanear si todo est\u00e1 correcto, y se guardar\u00e1 una imagen JPG.<\/span><\/p>\n<p><span style=\"color: #000000;\">Luego clic en bot\u00f3n OK<\/span><\/p>\n<p><span style=\"color: #000000;\">Con ello tendremos una imagen incorporada a nuestro registro y se ver\u00e1 de la siguiente forma:<\/span><\/p>\n<p><span style=\"color: #000000;\"><img loading=\"lazy\" decoding=\"async\" width=\"343\" height=\"165\" class=\"alignnone wp-image-4233 size-full\" src=\"http:\/\/uniremunicipios.com.ar\/manual\/wp-content\/uploads\/2023\/10\/Pasted-into-Imagenes-2.png\" srcset=\"https:\/\/uniremunicipios.com.ar\/manual\/wp-content\/uploads\/2023\/10\/Pasted-into-Imagenes-2.png 343w, https:\/\/uniremunicipios.com.ar\/manual\/wp-content\/uploads\/2023\/10\/Pasted-into-Imagenes-2-300x144.png 300w\" sizes=\"auto, (max-width: 343px) 100vw, 343px\" \/><\/span><\/p>\n<p><span style=\"color: #000000;\">Para ver la imagen, nuevamente clic sobre el bot\u00f3n de tres puntitos y se abre:<\/span><\/p>\n<p><span style=\"color: #000000;\"><img loading=\"lazy\" decoding=\"async\" width=\"287\" height=\"164\" class=\"alignnone wp-image-4234 size-full\" src=\"http:\/\/uniremunicipios.com.ar\/manual\/wp-content\/uploads\/2023\/10\/Pasted-into-Imagenes-3.png\" \/><\/span><\/p>\n<p><span style=\"color: #000000;\">Otra vez clic en el bot\u00f3n tres puntitos y se deber\u00eda abrir la imagen.<\/span><\/p>\n<p><span style=\"color: #000000;\">Si no se abre, deberemos ir a la carpeta C:\\PSPUESTO\\ARCHIVOS y encontraremos la imagen con un nombre X0123456789112315.JPG (el N\u00ba es ficticio), clic con el bot\u00f3n derecho sobre \u00e9l, elegir la opci\u00f3n ABRIR CON.<\/span><\/p>\n<p><span style=\"color: #000000;\">En ese mismo men\u00fa elegir: ELEGIR OTRA APLICACI\u00d3N.<\/span><\/p>\n<p><span style=\"color: #000000;\"><img loading=\"lazy\" decoding=\"async\" width=\"396\" height=\"411\" class=\"alignnone wp-image-4236 size-full\" src=\"http:\/\/uniremunicipios.com.ar\/manual\/wp-content\/uploads\/2023\/10\/Pasted-into-Imagenes-5.png\" srcset=\"https:\/\/uniremunicipios.com.ar\/manual\/wp-content\/uploads\/2023\/10\/Pasted-into-Imagenes-5.png 396w, https:\/\/uniremunicipios.com.ar\/manual\/wp-content\/uploads\/2023\/10\/Pasted-into-Imagenes-5-289x300.png 289w\" sizes=\"auto, (max-width: 396px) 100vw, 396px\" \/><\/span><\/p>\n<p><span style=\"color: #000000;\">Con esta opci\u00f3n le decimos a Windows que utilice siempre esa aplicaci\u00f3n.<\/span><\/p>\n<p><span style=\"color: #000000;\">Luego probamos nuevamente abrir desde UNIRE y se deber\u00eda abrir autom\u00e1ticamente dicha imagen.<\/span><\/p>\n","protected":false},"excerpt":{"rendered":"<p>Unire puede escanear directamente al sistema cualquier imagen si posee instalado un escaner. Para que esto funcione correctamente debe tener: Instalado el escaner en Windows y en la carpeta C:\\PSPUESTO deben estar presentes 3 archivos: bmptojpg.dll bmtojpg.exe EZTW32.dll En las ventanas de Unire hay una columna que dice IMAGEN. Haciendo clic en ese bot\u00f3n con [&hellip;]<\/p>\n","protected":false},"author":2,"featured_media":0,"parent":2537,"menu_order":0,"comment_status":"closed","ping_status":"closed","template":"","meta":{"footnotes":""},"class_list":["post-4230","page","type-page","status-publish","hentry"],"_links":{"self":[{"href":"https:\/\/uniremunicipios.com.ar\/manual\/index.php?rest_route=\/wp\/v2\/pages\/4230","targetHints":{"allow":["GET"]}}],"collection":[{"href":"https:\/\/uniremunicipios.com.ar\/manual\/index.php?rest_route=\/wp\/v2\/pages"}],"about":[{"href":"https:\/\/uniremunicipios.com.ar\/manual\/index.php?rest_route=\/wp\/v2\/types\/page"}],"author":[{"embeddable":true,"href":"https:\/\/uniremunicipios.com.ar\/manual\/index.php?rest_route=\/wp\/v2\/users\/2"}],"replies":[{"embeddable":true,"href":"https:\/\/uniremunicipios.com.ar\/manual\/index.php?rest_route=%2Fwp%2Fv2%2Fcomments&post=4230"}],"version-history":[{"count":5,"href":"https:\/\/uniremunicipios.com.ar\/manual\/index.php?rest_route=\/wp\/v2\/pages\/4230\/revisions"}],"predecessor-version":[{"id":4257,"href":"https:\/\/uniremunicipios.com.ar\/manual\/index.php?rest_route=\/wp\/v2\/pages\/4230\/revisions\/4257"}],"up":[{"embeddable":true,"href":"https:\/\/uniremunicipios.com.ar\/manual\/index.php?rest_route=\/wp\/v2\/pages\/2537"}],"wp:attachment":[{"href":"https:\/\/uniremunicipios.com.ar\/manual\/index.php?rest_route=%2Fwp%2Fv2%2Fmedia&parent=4230"}],"curies":[{"name":"wp","href":"https:\/\/api.w.org\/{rel}","templated":true}]}}