{"id":4259,"date":"2023-12-05T12:48:15","date_gmt":"2023-12-05T15:48:15","guid":{"rendered":"https:\/\/uniremunicipios.com.ar\/manual\/?page_id=4259"},"modified":"2023-12-05T12:48:15","modified_gmt":"2023-12-05T15:48:15","slug":"ejemplo-de-generacion-de-requerimientos-automaticos-de-sueldos","status":"publish","type":"page","link":"https:\/\/uniremunicipios.com.ar\/manual\/?page_id=4259","title":{"rendered":"EJEMPLO DE GENERACI\u00d3N DE REQUERIMIENTOS AUTOM\u00c1TICOS DE SUELDOS"},"content":{"rendered":"<p>&nbsp;<\/p>\n<p><img loading=\"lazy\" decoding=\"async\" width=\"898\" height=\"303\" class=\"alignnone wp-image-4260 size-full\" src=\"http:\/\/uniremunicipios.com.ar\/manual\/wp-content\/uploads\/2023\/12\/Pasted-into-.png\" srcset=\"https:\/\/uniremunicipios.com.ar\/manual\/wp-content\/uploads\/2023\/12\/Pasted-into-.png 898w, https:\/\/uniremunicipios.com.ar\/manual\/wp-content\/uploads\/2023\/12\/Pasted-into--300x101.png 300w, https:\/\/uniremunicipios.com.ar\/manual\/wp-content\/uploads\/2023\/12\/Pasted-into--768x259.png 768w\" sizes=\"auto, (max-width: 898px) 100vw, 898px\" \/><\/p>\n<p>TOMANDO EN CUENTA QUE EL GASTO TOTAL ES LA SUMA DE REMUNERATIVO Y NO REMUNERATIVO (+ CONTRIBUCIONES DEL MUNICIPIO) DEBEMOS GENERAR AUTOM\u00c1TICAMENTE LOS REQUERIMIENTOS PARA PAGAR PARTIENDO DEL GASTO TOTAL DE $ 61000.- RESOLVEMOS QUE PARTE DE ESTOS CORRESPONDE AL NETO, JUBILACI\u00d3N E IAPOS ( EL NETO, MAS TODOS LOS DESCUENTOS QUE SE REALICEN) A LA VEZ UNA PARTE VA IMPUTADA A CATEGOR\u00cdA, ADIC, PRESENTISMO Y SALARIO.<\/p>\n<p>LA MANERA DE EJECUTARLO AUTOM\u00c1TICAMENTE, PARA GENERAR LOS REQUERIMIENTOS Y POR ENDE LOS ASIENTOS, Y QUE EN EL MAYOR REFLEJE EL MONTO POR CADA CUENTA<\/p>\n<p>ES LA SIGUIENTE:<\/p>\n<p>COMENZAMOS POR OBTENER EL MOVIMIENTO DE SUELDO NETO:<\/p>\n<p>AL TOTAL DE CATEGOR\u00cdA LO DIVIDIMOS POR EL GASTO TOTAL, Y LO MULTIPLICAMOS POR EL NETO, OBTENIENDO AS\u00cd EL GASTO DE CATEGOR\u00cdA QUE DEBEMOS INCLUIR PROPORCIONALMENTE EN EL REQUERIMIENTO DEL NETO, DE LA MISMA MANERA CON ADICIONAL, PRESENTISMO, SALARIO ( Y TODAS LAS IMPUTACIONES QUE CORRESPONDEN AL TOTAL DEL GASTO DE SUELDOS)<\/p>\n<p>LUEGO LO HACEMOS CON LOS DEM\u00c1S REQUERIMIENTOS, QUE CORRESPONDEN A RETENCIONES QUE HACE EL MUNICIPIO Y DESPU\u00c9S PAGA EN NOMBRE DE LOS EMPLEADOS (PASAMANOS)MUCHAS VECES ERR\u00d3NEAMENTE MIRAMOS LOS ASIENTOS INDIVIDUALES, SE TRATA DE ALGO PARCIAL, HAY QUE IR A VER EL MAYOR, EN EL QUE SE REFLEJA EL GASTO DE CADA UNA DE LAS IMPUTACIONES CON TOTAL CERTEZA<\/p>\n<p><img loading=\"lazy\" decoding=\"async\" width=\"1255\" height=\"275\" class=\"alignnone wp-image-4261 size-full\" src=\"http:\/\/uniremunicipios.com.ar\/manual\/wp-content\/uploads\/2023\/12\/Pasted-into-1-1.png\" srcset=\"https:\/\/uniremunicipios.com.ar\/manual\/wp-content\/uploads\/2023\/12\/Pasted-into-1-1.png 1255w, https:\/\/uniremunicipios.com.ar\/manual\/wp-content\/uploads\/2023\/12\/Pasted-into-1-1-300x66.png 300w, https:\/\/uniremunicipios.com.ar\/manual\/wp-content\/uploads\/2023\/12\/Pasted-into-1-1-1024x224.png 1024w, https:\/\/uniremunicipios.com.ar\/manual\/wp-content\/uploads\/2023\/12\/Pasted-into-1-1-768x168.png 768w\" sizes=\"auto, (max-width: 1255px) 100vw, 1255px\" \/><\/p>\n<p>EN CONCLUSI\u00d3N, SI TOMAMOS LA SUMA DEL REMUNERATIVO + NO REMUNERATIVOS Y LA COMPARAMOS CON EL TOTAL DE REQUERIMIENTOS Y LA SUMATORIA DE LAS IMPUTACIONES CONTABLES EN EL MAYOR; PODEMOS VER QUE SE TRATA DEL MISMO MONTO. ES DECIR, QUE HEMOS IMPUTADO EL TOTAL DEL GASTO.<\/p>\n","protected":false},"excerpt":{"rendered":"<p>&nbsp; TOMANDO EN CUENTA QUE EL GASTO TOTAL ES LA SUMA DE REMUNERATIVO Y NO REMUNERATIVO (+ CONTRIBUCIONES DEL MUNICIPIO) DEBEMOS GENERAR AUTOM\u00c1TICAMENTE LOS REQUERIMIENTOS PARA PAGAR PARTIENDO DEL GASTO TOTAL DE $ 61000.- RESOLVEMOS QUE PARTE DE ESTOS CORRESPONDE AL NETO, JUBILACI\u00d3N E IAPOS ( EL NETO, MAS TODOS LOS DESCUENTOS QUE SE REALICEN) [&hellip;]<\/p>\n","protected":false},"author":4,"featured_media":0,"parent":28,"menu_order":0,"comment_status":"closed","ping_status":"closed","template":"","meta":{"footnotes":""},"class_list":["post-4259","page","type-page","status-publish","hentry"],"_links":{"self":[{"href":"https:\/\/uniremunicipios.com.ar\/manual\/index.php?rest_route=\/wp\/v2\/pages\/4259","targetHints":{"allow":["GET"]}}],"collection":[{"href":"https:\/\/uniremunicipios.com.ar\/manual\/index.php?rest_route=\/wp\/v2\/pages"}],"about":[{"href":"https:\/\/uniremunicipios.com.ar\/manual\/index.php?rest_route=\/wp\/v2\/types\/page"}],"author":[{"embeddable":true,"href":"https:\/\/uniremunicipios.com.ar\/manual\/index.php?rest_route=\/wp\/v2\/users\/4"}],"replies":[{"embeddable":true,"href":"https:\/\/uniremunicipios.com.ar\/manual\/index.php?rest_route=%2Fwp%2Fv2%2Fcomments&post=4259"}],"version-history":[{"count":1,"href":"https:\/\/uniremunicipios.com.ar\/manual\/index.php?rest_route=\/wp\/v2\/pages\/4259\/revisions"}],"predecessor-version":[{"id":4262,"href":"https:\/\/uniremunicipios.com.ar\/manual\/index.php?rest_route=\/wp\/v2\/pages\/4259\/revisions\/4262"}],"up":[{"embeddable":true,"href":"https:\/\/uniremunicipios.com.ar\/manual\/index.php?rest_route=\/wp\/v2\/pages\/28"}],"wp:attachment":[{"href":"https:\/\/uniremunicipios.com.ar\/manual\/index.php?rest_route=%2Fwp%2Fv2%2Fmedia&parent=4259"}],"curies":[{"name":"wp","href":"https:\/\/api.w.org\/{rel}","templated":true}]}}