{"id":4306,"date":"2024-03-26T10:19:47","date_gmt":"2024-03-26T13:19:47","guid":{"rendered":"https:\/\/uniremunicipios.com.ar\/manual\/?page_id=4306"},"modified":"2024-03-26T10:21:22","modified_gmt":"2024-03-26T13:21:22","slug":"conectar-con-afip-para-consulta","status":"publish","type":"page","link":"https:\/\/uniremunicipios.com.ar\/manual\/?page_id=4306","title":{"rendered":"Conectar con AFIP para consulta"},"content":{"rendered":"<p>Unire permite conexi\u00f3n con el AFIP en tiempo real.<\/p>\n<p>Para ello debe bajar el siguiente archivo y llevarlo dentro de la carpeta C:\\PSPUESTO<\/p>\n<p><a href=\"https:\/\/uniremunicipios.com.ar\/app\/FEAFIP.rar\" target=\"_blank\" rel=\"noopener\">FEAFIP.rar<\/a><\/p>\n<p>All\u00ed debe descomprimirse y sobreescribir los archivos si es que existen.<\/p>\n<p>Luego sobre el archivo REGISTRAR.BAT hacer clic con el bot\u00f3n derecho y elegir Ejecutar como ADMINISTRADOR.<\/p>\n<p>Si est\u00e1 todo correcto deber\u00eda darnos el siguiente mensaje:<\/p>\n<p><img loading=\"lazy\" decoding=\"async\" width=\"473\" height=\"168\" class=\"alignnone wp-image-4307 size-full\" src=\"http:\/\/uniremunicipios.com.ar\/manual\/wp-content\/uploads\/2024\/03\/Pasted-into-Conectar-con-AFIP-para-consulta.png\" srcset=\"https:\/\/uniremunicipios.com.ar\/manual\/wp-content\/uploads\/2024\/03\/Pasted-into-Conectar-con-AFIP-para-consulta.png 473w, https:\/\/uniremunicipios.com.ar\/manual\/wp-content\/uploads\/2024\/03\/Pasted-into-Conectar-con-AFIP-para-consulta-300x107.png 300w\" sizes=\"auto, (max-width: 473px) 100vw, 473px\" \/><\/p>\n<p>y ahora podremos utilizar el bot\u00f3n de consulta por ejemplo en comercio, proveedores, personas, etc.<\/p>\n<p>Ojo: como siempre si ten\u00eda abierto un m\u00f3dulo, primero cerrarlo y abrirlo nuevamente despu\u00e9s de la instalaci\u00f3n.<\/p>\n<p><img loading=\"lazy\" decoding=\"async\" width=\"290\" height=\"102\" class=\"alignnone wp-image-4308 size-full\" src=\"http:\/\/uniremunicipios.com.ar\/manual\/wp-content\/uploads\/2024\/03\/Pasted-into-Conectar-con-AFIP-para-consulta-1.png\" \/><\/p>\n<p>&nbsp;<\/p>\n","protected":false},"excerpt":{"rendered":"<p>Unire permite conexi\u00f3n con el AFIP en tiempo real. Para ello debe bajar el siguiente archivo y llevarlo dentro de la carpeta C:\\PSPUESTO FEAFIP.rar All\u00ed debe descomprimirse y sobreescribir los archivos si es que existen. Luego sobre el archivo REGISTRAR.BAT hacer clic con el bot\u00f3n derecho y elegir Ejecutar como ADMINISTRADOR. Si est\u00e1 todo correcto [&hellip;]<\/p>\n","protected":false},"author":2,"featured_media":0,"parent":1703,"menu_order":0,"comment_status":"closed","ping_status":"closed","template":"","meta":{"footnotes":""},"class_list":["post-4306","page","type-page","status-publish","hentry"],"_links":{"self":[{"href":"https:\/\/uniremunicipios.com.ar\/manual\/index.php?rest_route=\/wp\/v2\/pages\/4306","targetHints":{"allow":["GET"]}}],"collection":[{"href":"https:\/\/uniremunicipios.com.ar\/manual\/index.php?rest_route=\/wp\/v2\/pages"}],"about":[{"href":"https:\/\/uniremunicipios.com.ar\/manual\/index.php?rest_route=\/wp\/v2\/types\/page"}],"author":[{"embeddable":true,"href":"https:\/\/uniremunicipios.com.ar\/manual\/index.php?rest_route=\/wp\/v2\/users\/2"}],"replies":[{"embeddable":true,"href":"https:\/\/uniremunicipios.com.ar\/manual\/index.php?rest_route=%2Fwp%2Fv2%2Fcomments&post=4306"}],"version-history":[{"count":3,"href":"https:\/\/uniremunicipios.com.ar\/manual\/index.php?rest_route=\/wp\/v2\/pages\/4306\/revisions"}],"predecessor-version":[{"id":4311,"href":"https:\/\/uniremunicipios.com.ar\/manual\/index.php?rest_route=\/wp\/v2\/pages\/4306\/revisions\/4311"}],"up":[{"embeddable":true,"href":"https:\/\/uniremunicipios.com.ar\/manual\/index.php?rest_route=\/wp\/v2\/pages\/1703"}],"wp:attachment":[{"href":"https:\/\/uniremunicipios.com.ar\/manual\/index.php?rest_route=%2Fwp%2Fv2%2Fmedia&parent=4306"}],"curies":[{"name":"wp","href":"https:\/\/api.w.org\/{rel}","templated":true}]}}