{"id":431,"date":"2019-06-10T17:09:36","date_gmt":"2019-06-10T20:09:36","guid":{"rendered":"http:\/\/uniremunicipios.com.ar\/manual\/?page_id=431"},"modified":"2021-11-29T13:47:35","modified_gmt":"2021-11-29T16:47:35","slug":"inmuebles","status":"publish","type":"page","link":"https:\/\/uniremunicipios.com.ar\/manual\/?page_id=431","title":{"rendered":"Inmuebles Cementerio"},"content":{"rendered":"<p><iframe loading=\"lazy\" title=\"Cementerio - Cambio de Propietario\" width=\"500\" height=\"281\" src=\"https:\/\/www.youtube.com\/embed\/_Rz4qPwK6Wg?feature=oembed\" frameborder=\"0\" allow=\"accelerometer; autoplay; clipboard-write; encrypted-media; gyroscope; picture-in-picture; web-share\" referrerpolicy=\"strict-origin-when-cross-origin\" allowfullscreen><\/iframe><\/p>\n<p class=\"rvps5\">M\u00f3dulos: UNIRE Impuestos General o UNIRE Cementerio; o cualquier m\u00f3dulo.<\/p>\n<p>Puede acceder desde el bot\u00f3n:<\/p>\n<p><img loading=\"lazy\" decoding=\"async\" width=\"138\" height=\"125\" class=\"alignnone wp-image-1809 size-full\" src=\"http:\/\/uniremunicipios.com.ar\/manual\/wp-content\/uploads\/2020\/06\/Pasted-into-Inmuebles-Cementerio.png\" \/><\/p>\n<p class=\"rvps5\"><span class=\"rvts47\">Se abrir\u00e1 la ventana siguiente:<\/span><\/p>\n<p><img loading=\"lazy\" decoding=\"async\" width=\"706\" height=\"208\" class=\"alignnone wp-image-1810 size-full\" src=\"http:\/\/uniremunicipios.com.ar\/manual\/wp-content\/uploads\/2020\/06\/Pasted-into-Inmuebles-Cementerio-1.png\" srcset=\"https:\/\/uniremunicipios.com.ar\/manual\/wp-content\/uploads\/2020\/06\/Pasted-into-Inmuebles-Cementerio-1.png 706w, https:\/\/uniremunicipios.com.ar\/manual\/wp-content\/uploads\/2020\/06\/Pasted-into-Inmuebles-Cementerio-1-300x88.png 300w\" sizes=\"auto, (max-width: 706px) 100vw, 706px\" \/><\/p>\n<h2>Para agregar un IMNUEBLE de Cementerio<\/h2>\n<p>Clic en bot\u00f3n AGREGAR<\/p>\n<p><img loading=\"lazy\" decoding=\"async\" width=\"642\" height=\"402\" class=\"alignnone wp-image-1811 size-full\" src=\"http:\/\/uniremunicipios.com.ar\/manual\/wp-content\/uploads\/2020\/06\/Pasted-into-Inmuebles-Cementerio-2.png\" srcset=\"https:\/\/uniremunicipios.com.ar\/manual\/wp-content\/uploads\/2020\/06\/Pasted-into-Inmuebles-Cementerio-2.png 642w, https:\/\/uniremunicipios.com.ar\/manual\/wp-content\/uploads\/2020\/06\/Pasted-into-Inmuebles-Cementerio-2-300x188.png 300w\" sizes=\"auto, (max-width: 642px) 100vw, 642px\" \/><\/p>\n<p>Propietario:\u00a0 Lo dejamos para despu\u00e9s.<\/p>\n<p>N\u00ba Partida: o N\u00ba de padr\u00f3n correspondiente al inmueble. Normalmente lo iniciamos con una letra C para identificar r\u00e1pidamente que es un inmueble de cementerio.<\/p>\n<p>&nbsp;<\/p>\n<p class=\"rvps5\"><span class=\"rvts47\">Inmuebles\/Cementerio<\/span><span class=\"rvts12\">: se ingresan los datos del inmueble tal como se hace con las propiedades de la ciudad, parcela, calles, altura, CUIM, propietarios, etc.<\/span><\/p>\n<p class=\"rvps5\"><span class=\"rvts47\">Inmuebles\/Tablas\/Usos del cementerio<\/span><span class=\"rvts12\">: son las tablas que determinan el tipo de construcci\u00f3n o propiedad.\u00a0<\/span><img decoding=\"async\" src=\"http:\/\/www.uniremunicipios.com.ar\/lib\/NewItem146.png\" alt=\"\" \/><\/p>\n<p class=\"rvps5\"><span class=\"rvts47\">Inmuebles\/Tablas\/Calles y divisiones catastrales<\/span><span class=\"rvts12\">: debe dividirse el cementerio, utilizar los nombres de las calles (u otorgarles nombres o n\u00fameros en caso de no tener), darle un n\u00famero o letra a cada lote, b\u00f3veda, nicho. Considerar los puntos cardinales como referencia.<\/span><\/p>\n<p><img loading=\"lazy\" decoding=\"async\" width=\"111\" height=\"55\" class=\"alignnone wp-image-3567 size-full\" src=\"http:\/\/uniremunicipios.com.ar\/manual\/wp-content\/uploads\/2021\/11\/Pasted-into-Inmuebles-Cementerio.png\" \/><\/p>\n<p>Ingresar el Propietario<\/p>\n<p>Luego de completar los datos del inmueble de cementerio y dar clic en OK pulsamos en el bot\u00f3n <strong>Pr<\/strong> para dar de alta el propietario.<\/p>\n<p>Propietario: Podemos ingresar si tenemos el N\u00ba de DNI, 1-y el n\u00famero de documento, sino lo tenemos podremos buscar con el bot\u00f3n de la derecha.<\/p>\n<p>Inquilino<\/p>\n<p>El bot\u00f3n siguiente a Pr es Concesi\u00f3n de Uso o Alquiler, ya que hay municipios que manejan esta variante.<\/p>\n<p>Tendr\u00e1 que completar los siguientes datos:<\/p>\n<p><img loading=\"lazy\" decoding=\"async\" width=\"625\" height=\"345\" class=\"alignnone wp-image-3568 size-full\" src=\"http:\/\/uniremunicipios.com.ar\/manual\/wp-content\/uploads\/2021\/11\/Pasted-into-Inmuebles-Cementerio-1.png\" srcset=\"https:\/\/uniremunicipios.com.ar\/manual\/wp-content\/uploads\/2021\/11\/Pasted-into-Inmuebles-Cementerio-1.png 625w, https:\/\/uniremunicipios.com.ar\/manual\/wp-content\/uploads\/2021\/11\/Pasted-into-Inmuebles-Cementerio-1-300x166.png 300w\" sizes=\"auto, (max-width: 625px) 100vw, 625px\" \/><\/p>\n","protected":false},"excerpt":{"rendered":"<p>M\u00f3dulos: UNIRE Impuestos General o UNIRE Cementerio; o cualquier m\u00f3dulo. Puede acceder desde el bot\u00f3n: Se abrir\u00e1 la ventana siguiente: Para agregar un IMNUEBLE de Cementerio Clic en bot\u00f3n AGREGAR Propietario:\u00a0 Lo dejamos para despu\u00e9s. N\u00ba Partida: o N\u00ba de padr\u00f3n correspondiente al inmueble. Normalmente lo iniciamos con una letra C para identificar r\u00e1pidamente que [&hellip;]<\/p>\n","protected":false},"author":4,"featured_media":0,"parent":423,"menu_order":3,"comment_status":"closed","ping_status":"closed","template":"","meta":{"footnotes":""},"class_list":["post-431","page","type-page","status-publish","hentry"],"_links":{"self":[{"href":"https:\/\/uniremunicipios.com.ar\/manual\/index.php?rest_route=\/wp\/v2\/pages\/431","targetHints":{"allow":["GET"]}}],"collection":[{"href":"https:\/\/uniremunicipios.com.ar\/manual\/index.php?rest_route=\/wp\/v2\/pages"}],"about":[{"href":"https:\/\/uniremunicipios.com.ar\/manual\/index.php?rest_route=\/wp\/v2\/types\/page"}],"author":[{"embeddable":true,"href":"https:\/\/uniremunicipios.com.ar\/manual\/index.php?rest_route=\/wp\/v2\/users\/4"}],"replies":[{"embeddable":true,"href":"https:\/\/uniremunicipios.com.ar\/manual\/index.php?rest_route=%2Fwp%2Fv2%2Fcomments&post=431"}],"version-history":[{"count":5,"href":"https:\/\/uniremunicipios.com.ar\/manual\/index.php?rest_route=\/wp\/v2\/pages\/431\/revisions"}],"predecessor-version":[{"id":3569,"href":"https:\/\/uniremunicipios.com.ar\/manual\/index.php?rest_route=\/wp\/v2\/pages\/431\/revisions\/3569"}],"up":[{"embeddable":true,"href":"https:\/\/uniremunicipios.com.ar\/manual\/index.php?rest_route=\/wp\/v2\/pages\/423"}],"wp:attachment":[{"href":"https:\/\/uniremunicipios.com.ar\/manual\/index.php?rest_route=%2Fwp%2Fv2%2Fmedia&parent=431"}],"curies":[{"name":"wp","href":"https:\/\/api.w.org\/{rel}","templated":true}]}}