{"id":447,"date":"2019-06-10T17:35:34","date_gmt":"2019-06-10T20:35:34","guid":{"rendered":"http:\/\/uniremunicipios.com.ar\/manual\/?page_id=447"},"modified":"2026-03-11T14:39:56","modified_gmt":"2026-03-11T17:39:56","slug":"carga-tablas-comercio","status":"publish","type":"page","link":"https:\/\/uniremunicipios.com.ar\/manual\/?page_id=447","title":{"rendered":"b. Carga tablas comercio"},"content":{"rendered":"<p class=\"rvps4\"><span class=\"rvts11\">PARA COMENZAR CON EL DREI<\/span><\/p>\n<p>M\u00f3dulo: <strong>UNIRE GRAL<\/strong><\/p>\n<p>Men\u00fa: <strong>Comercios\/Tablas de Comercios<\/strong><\/p>\n<p class=\"rvps5\"><span class=\"rvts59\">Debemos definir distintos tama\u00f1os de empresas:<\/span><\/p>\n<p><img loading=\"lazy\" decoding=\"async\" class=\"wp-image-4568 alignnone size-medium\" src=\"http:\/\/uniremunicipios.com.ar\/manual\/wp-content\/uploads\/2024\/09\/image-16.png\" alt=\"\" width=\"300\" height=\"266\" srcset=\"https:\/\/uniremunicipios.com.ar\/manual\/wp-content\/uploads\/2024\/09\/image-16.png 401w, https:\/\/uniremunicipios.com.ar\/manual\/wp-content\/uploads\/2024\/09\/image-16-300x266.png 300w\" sizes=\"auto, (max-width: 300px) 100vw, 300px\" \/><\/p>\n<p class=\"rvps5\"><span class=\"rvts59\">Cargar al\u00edcuotas para calcular el DReI<\/span><\/p>\n<p><img loading=\"lazy\" decoding=\"async\" class=\"wp-image-4569 alignnone \" src=\"http:\/\/uniremunicipios.com.ar\/manual\/wp-content\/uploads\/2024\/09\/image-17.png\" alt=\"\" width=\"361\" height=\"253\" srcset=\"https:\/\/uniremunicipios.com.ar\/manual\/wp-content\/uploads\/2024\/09\/image-17.png 418w, https:\/\/uniremunicipios.com.ar\/manual\/wp-content\/uploads\/2024\/09\/image-17-300x210.png 300w\" sizes=\"auto, (max-width: 361px) 100vw, 361px\" \/><\/p>\n<p class=\"rvps5\"><span class=\"rvts59\">Establecer m\u00ednimos especiales<\/span><\/p>\n<p><img loading=\"lazy\" decoding=\"async\" class=\"wp-image-4570 alignnone \" src=\"http:\/\/uniremunicipios.com.ar\/manual\/wp-content\/uploads\/2024\/09\/image-18.png\" alt=\"\" width=\"383\" height=\"230\" srcset=\"https:\/\/uniremunicipios.com.ar\/manual\/wp-content\/uploads\/2024\/09\/image-18.png 449w, https:\/\/uniremunicipios.com.ar\/manual\/wp-content\/uploads\/2024\/09\/image-18-300x180.png 300w\" sizes=\"auto, (max-width: 383px) 100vw, 383px\" \/><\/p>\n<p><img loading=\"lazy\" decoding=\"async\" class=\"wp-image-4571 alignnone \" src=\"http:\/\/uniremunicipios.com.ar\/manual\/wp-content\/uploads\/2024\/09\/image-19.png\" alt=\"\" width=\"414\" height=\"308\" srcset=\"https:\/\/uniremunicipios.com.ar\/manual\/wp-content\/uploads\/2024\/09\/image-19.png 490w, https:\/\/uniremunicipios.com.ar\/manual\/wp-content\/uploads\/2024\/09\/image-19-300x223.png 300w\" sizes=\"auto, (max-width: 414px) 100vw, 414px\" \/><\/p>\n<p><img loading=\"lazy\" decoding=\"async\" class=\"wp-image-4572 alignnone \" src=\"http:\/\/uniremunicipios.com.ar\/manual\/wp-content\/uploads\/2024\/09\/image-20.png\" alt=\"\" width=\"454\" height=\"245\" srcset=\"https:\/\/uniremunicipios.com.ar\/manual\/wp-content\/uploads\/2024\/09\/image-20.png 525w, https:\/\/uniremunicipios.com.ar\/manual\/wp-content\/uploads\/2024\/09\/image-20-300x162.png 300w\" sizes=\"auto, (max-width: 454px) 100vw, 454px\" \/><\/p>\n<p><img loading=\"lazy\" decoding=\"async\" class=\"wp-image-4573 alignnone size-medium\" src=\"http:\/\/uniremunicipios.com.ar\/manual\/wp-content\/uploads\/2024\/09\/image-21.png\" alt=\"\" width=\"300\" height=\"239\" srcset=\"https:\/\/uniremunicipios.com.ar\/manual\/wp-content\/uploads\/2024\/09\/image-21.png 331w, https:\/\/uniremunicipios.com.ar\/manual\/wp-content\/uploads\/2024\/09\/image-21-300x239.png 300w\" sizes=\"auto, (max-width: 300px) 100vw, 300px\" \/><\/p>\n<p><img loading=\"lazy\" decoding=\"async\" class=\"wp-image-4574 alignnone \" src=\"http:\/\/uniremunicipios.com.ar\/manual\/wp-content\/uploads\/2024\/09\/image-22.png\" alt=\"\" width=\"458\" height=\"220\" srcset=\"https:\/\/uniremunicipios.com.ar\/manual\/wp-content\/uploads\/2024\/09\/image-22.png 652w, https:\/\/uniremunicipios.com.ar\/manual\/wp-content\/uploads\/2024\/09\/image-22-300x144.png 300w\" sizes=\"auto, (max-width: 458px) 100vw, 458px\" \/><\/p>\n<p><img loading=\"lazy\" decoding=\"async\" class=\"wp-image-4576 alignnone size-medium\" src=\"http:\/\/uniremunicipios.com.ar\/manual\/wp-content\/uploads\/2024\/09\/image-24.png\" alt=\"\" width=\"259\" height=\"221\" \/><\/p>\n<p>&nbsp;<\/p>\n","protected":false},"excerpt":{"rendered":"<p>PARA COMENZAR CON EL DREI M\u00f3dulo: UNIRE GRAL Men\u00fa: Comercios\/Tablas de Comercios Debemos definir distintos tama\u00f1os de empresas: Cargar al\u00edcuotas para calcular el DReI Establecer m\u00ednimos especiales &nbsp;<\/p>\n","protected":false},"author":4,"featured_media":0,"parent":439,"menu_order":2,"comment_status":"closed","ping_status":"closed","template":"","meta":{"footnotes":""},"class_list":["post-447","page","type-page","status-publish","hentry"],"_links":{"self":[{"href":"https:\/\/uniremunicipios.com.ar\/manual\/index.php?rest_route=\/wp\/v2\/pages\/447","targetHints":{"allow":["GET"]}}],"collection":[{"href":"https:\/\/uniremunicipios.com.ar\/manual\/index.php?rest_route=\/wp\/v2\/pages"}],"about":[{"href":"https:\/\/uniremunicipios.com.ar\/manual\/index.php?rest_route=\/wp\/v2\/types\/page"}],"author":[{"embeddable":true,"href":"https:\/\/uniremunicipios.com.ar\/manual\/index.php?rest_route=\/wp\/v2\/users\/4"}],"replies":[{"embeddable":true,"href":"https:\/\/uniremunicipios.com.ar\/manual\/index.php?rest_route=%2Fwp%2Fv2%2Fcomments&post=447"}],"version-history":[{"count":7,"href":"https:\/\/uniremunicipios.com.ar\/manual\/index.php?rest_route=\/wp\/v2\/pages\/447\/revisions"}],"predecessor-version":[{"id":6248,"href":"https:\/\/uniremunicipios.com.ar\/manual\/index.php?rest_route=\/wp\/v2\/pages\/447\/revisions\/6248"}],"up":[{"embeddable":true,"href":"https:\/\/uniremunicipios.com.ar\/manual\/index.php?rest_route=\/wp\/v2\/pages\/439"}],"wp:attachment":[{"href":"https:\/\/uniremunicipios.com.ar\/manual\/index.php?rest_route=%2Fwp%2Fv2%2Fmedia&parent=447"}],"curies":[{"name":"wp","href":"https:\/\/api.w.org\/{rel}","templated":true}]}}