{"id":4484,"date":"2024-09-10T10:20:37","date_gmt":"2024-09-10T13:20:37","guid":{"rendered":"https:\/\/uniremunicipios.com.ar\/manual\/?page_id=4484"},"modified":"2025-05-26T09:47:23","modified_gmt":"2025-05-26T12:47:23","slug":"a-tener-en-cuenta-cuando-tenemos-que-crear-una-liquidacion-ok","status":"publish","type":"page","link":"https:\/\/uniremunicipios.com.ar\/manual\/?page_id=4484","title":{"rendered":"A TENER EN CUENTA CUANDO TENEMOS QUE CREAR UNA LIQUIDACION"},"content":{"rendered":"<p>&nbsp;<\/p>\n<p class=\"MsoNormal\">M\u00c1S ALLA DEL NOMBRE QUE LE DEMOS, LO CUAL TENDR\u00c1 QUE VER CON EL GRUPO QUE SE LIQUIDA Y ADEMAS SE CONSIDERAR\u00c1 SI ES COMPLEMENTARIA, RETROACTIVA, O ES SIMPLEMENTE LA LIQUIDACION HABITUAL DEL MES, HAY ALGUNAS PARTICULARIDADES A CONSIDERAR:<\/p>\n<p><img loading=\"lazy\" decoding=\"async\" class=\"wp-image-4485 alignnone size-medium\" src=\"http:\/\/uniremunicipios.com.ar\/manual\/wp-content\/uploads\/2024\/09\/image.png\" alt=\"\" width=\"300\" height=\"135\" srcset=\"https:\/\/uniremunicipios.com.ar\/manual\/wp-content\/uploads\/2024\/09\/image.png 886w, https:\/\/uniremunicipios.com.ar\/manual\/wp-content\/uploads\/2024\/09\/image-300x135.png 300w, https:\/\/uniremunicipios.com.ar\/manual\/wp-content\/uploads\/2024\/09\/image-768x346.png 768w\" sizes=\"auto, (max-width: 300px) 100vw, 300px\" \/><\/p>\n<p class=\"MsoNormal\" style=\"line-height: 150%;\">EL FILTRO EN CUESTION NOS INDICA QUE PERSONAL, SEG\u00daN SU RELACI\u00d3N DE DEPENDENCIA INCLUIREMOS EN LA LIQUIDACI\u00d3N(VARIOS JUNTOS O UNO EN PARTICULAR: PERSONAL PERMANENTE, CONTRATADOS, GABINETE, EJECUTIVO, CONCEJO, TRANSITORIOS)<\/p>\n<p class=\"MsoNormal\">ESTO LO CONFIGURA PREVIAMENTE PERSONAL DE COMPUTOS O DE UNIRE, ACCEDIENDO A LA BASE DE DATOS.<\/p>\n<p><img loading=\"lazy\" decoding=\"async\" class=\"wp-image-4486 alignnone size-medium\" src=\"http:\/\/uniremunicipios.com.ar\/manual\/wp-content\/uploads\/2024\/09\/image-1.png\" alt=\"\" width=\"300\" height=\"135\" srcset=\"https:\/\/uniremunicipios.com.ar\/manual\/wp-content\/uploads\/2024\/09\/image-1.png 886w, https:\/\/uniremunicipios.com.ar\/manual\/wp-content\/uploads\/2024\/09\/image-1-300x135.png 300w, https:\/\/uniremunicipios.com.ar\/manual\/wp-content\/uploads\/2024\/09\/image-1-768x346.png 768w\" sizes=\"auto, (max-width: 300px) 100vw, 300px\" \/><\/p>\n<p class=\"MsoNormal\">EL CODIGO DE CONVENIO REFIERE AL BANCO DE SANTA FE, CON EL QUE SE PUEDEN FIRMAR CONVENIOS PARA DEPOSITAR LOS SUELDOS, EMBARGOS, CUOTAS ALIMENTARIAS.<\/p>\n<p class=\"MsoNormal\">EL CODIGO <b>0001<\/b><span style=\"mso-spacerun: yes;\">\u00a0 <\/span>CORRESPONDE A SUELDOS,<\/p>\n<p class=\"MsoNormal\">EL <b>0005 <\/b>SUELDOS ACREDITACION EN EL D\u00cdA (DEBEN PEDIRLO ESPECIALMENTE),<\/p>\n<p class=\"MsoNormal\">EL <b>0029<\/b> PARA EL SAC,<\/p>\n<p class=\"MsoNormal\">EL <b>0004<\/b> PARA RETROACTIVOS<\/p>\n<p class=\"MsoNormal\">IMPORTANTE:<\/p>\n<p class=\"MsoNormal\">TENER EN CLARO QUE NO DEBEMOS COLOCAR EL 0029 A LIQUIDACIONES QUE NO SEAN DE SAC, YA QUE EL SISTEMA AL GENERAR UN REPORTE PARA LA CAJA DE JUBILACIONES DE LA PCIA DE SANTA FE, SEPARA LOS SUELDOS DE LOS SAC A PARTIR DE LA DEFINICI\u00d3N QUE TIENE LA LIQUIDACI\u00d3N EN ESTE CAMPO DE CONVENIOS.<\/p>\n<p><img loading=\"lazy\" decoding=\"async\" class=\"wp-image-4487 alignnone size-medium\" src=\"http:\/\/uniremunicipios.com.ar\/manual\/wp-content\/uploads\/2024\/09\/image-2.png\" alt=\"\" width=\"300\" height=\"135\" srcset=\"https:\/\/uniremunicipios.com.ar\/manual\/wp-content\/uploads\/2024\/09\/image-2.png 886w, https:\/\/uniremunicipios.com.ar\/manual\/wp-content\/uploads\/2024\/09\/image-2-300x135.png 300w, https:\/\/uniremunicipios.com.ar\/manual\/wp-content\/uploads\/2024\/09\/image-2-768x346.png 768w\" sizes=\"auto, (max-width: 300px) 100vw, 300px\" \/><\/p>\n<p class=\"MsoNormal\" style=\"line-height: 150%;\">ESTA MARCA EN LA LIQUIDACI\u00d3N PERMITE INCLUIR LA LIQUIDACI\u00d3N EN EL REPORTE DE SICOSS (F931, ART) QUE SE SUBE AL AFIP PARA INFORMAR Y PAGAR POR DICHO SEGURO<\/p>\n<p class=\"MsoNormal\">IMPORTANTE:<\/p>\n<p class=\"MsoNormal\">SI CREAMOS UNA LIQUIDACI\u00d3N Y NO LA MARCAMOS CON EL INTERVIENE EN SICOSS,<\/p>\n<p class=\"MsoNormal\" style=\"line-height: 150%;\">NO LA SUMAR\u00c1 AL REPORTE, POR LO QUE NO INFORMAREMOS LOS MONTOS RESULTANTES EN LA MISMA<\/p>\n<p>&nbsp;<\/p>\n","protected":false},"excerpt":{"rendered":"<p>&nbsp; M\u00c1S ALLA DEL NOMBRE QUE LE DEMOS, LO CUAL TENDR\u00c1 QUE VER CON EL GRUPO QUE SE LIQUIDA Y ADEMAS SE CONSIDERAR\u00c1 SI ES COMPLEMENTARIA, RETROACTIVA, O ES SIMPLEMENTE LA LIQUIDACION HABITUAL DEL MES, HAY ALGUNAS PARTICULARIDADES A CONSIDERAR: EL FILTRO EN CUESTION NOS INDICA QUE PERSONAL, SEG\u00daN SU RELACI\u00d3N DE DEPENDENCIA INCLUIREMOS EN [&hellip;]<\/p>\n","protected":false},"author":3,"featured_media":0,"parent":28,"menu_order":0,"comment_status":"closed","ping_status":"closed","template":"","meta":{"footnotes":""},"class_list":["post-4484","page","type-page","status-publish","hentry"],"_links":{"self":[{"href":"https:\/\/uniremunicipios.com.ar\/manual\/index.php?rest_route=\/wp\/v2\/pages\/4484","targetHints":{"allow":["GET"]}}],"collection":[{"href":"https:\/\/uniremunicipios.com.ar\/manual\/index.php?rest_route=\/wp\/v2\/pages"}],"about":[{"href":"https:\/\/uniremunicipios.com.ar\/manual\/index.php?rest_route=\/wp\/v2\/types\/page"}],"author":[{"embeddable":true,"href":"https:\/\/uniremunicipios.com.ar\/manual\/index.php?rest_route=\/wp\/v2\/users\/3"}],"replies":[{"embeddable":true,"href":"https:\/\/uniremunicipios.com.ar\/manual\/index.php?rest_route=%2Fwp%2Fv2%2Fcomments&post=4484"}],"version-history":[{"count":4,"href":"https:\/\/uniremunicipios.com.ar\/manual\/index.php?rest_route=\/wp\/v2\/pages\/4484\/revisions"}],"predecessor-version":[{"id":5941,"href":"https:\/\/uniremunicipios.com.ar\/manual\/index.php?rest_route=\/wp\/v2\/pages\/4484\/revisions\/5941"}],"up":[{"embeddable":true,"href":"https:\/\/uniremunicipios.com.ar\/manual\/index.php?rest_route=\/wp\/v2\/pages\/28"}],"wp:attachment":[{"href":"https:\/\/uniremunicipios.com.ar\/manual\/index.php?rest_route=%2Fwp%2Fv2%2Fmedia&parent=4484"}],"curies":[{"name":"wp","href":"https:\/\/api.w.org\/{rel}","templated":true}]}}