{"id":449,"date":"2019-06-10T17:37:30","date_gmt":"2019-06-10T20:37:30","guid":{"rendered":"http:\/\/uniremunicipios.com.ar\/manual\/?page_id=449"},"modified":"2025-01-16T13:37:34","modified_gmt":"2025-01-16T16:37:34","slug":"habilitaciones-comerciales","status":"publish","type":"page","link":"https:\/\/uniremunicipios.com.ar\/manual\/?page_id=449","title":{"rendered":"c. Habilitaciones Comerciales"},"content":{"rendered":"<p class=\"rvps9\"><span class=\"rvts6\">Las habilitaciones comerciales y\/o industriales se pueden administrar desde el comercio que unifica las actividades, o desde establecimientos. Para operar el sistema es el mismo mecanismo.<\/span><\/p>\n<p class=\"rvps9\"><span class=\"rvts6\">Se ingresa al m\u00f3dulo GENERAL, men\u00fa Comercios<\/span><\/p>\n<p class=\"rvps9\"><span class=\"rvts6\">En primer t\u00e9rmino es necesario definir los datos en TABLAS DE ESTABLECIMIENTOS.<\/span><\/p>\n<p class=\"rvps9\"><img loading=\"lazy\" decoding=\"async\" class=\"wp-image-5393 alignnone \" src=\"http:\/\/uniremunicipios.com.ar\/manual\/wp-content\/uploads\/2024\/11\/image-44.png\" alt=\"\" width=\"319\" height=\"199\" srcset=\"https:\/\/uniremunicipios.com.ar\/manual\/wp-content\/uploads\/2024\/11\/image-44.png 478w, https:\/\/uniremunicipios.com.ar\/manual\/wp-content\/uploads\/2024\/11\/image-44-300x187.png 300w\" sizes=\"auto, (max-width: 319px) 100vw, 319px\" \/><\/p>\n<p class=\"rvps9\"><span class=\"rvts6\">Se debe definir en <em>Tipo de Establecimiento <\/em>si corresponden a Casa Central, Sucursal, Dep\u00f3sito, etc.<\/span><\/p>\n<p class=\"rvps9\"><span class=\"rvts6\">En RUBRO comienzan las particularidades, pueden ser por ejemplo RUBRO CARNICERIAS, ya que es muy distinto a una ZAPATERIA.<\/span><\/p>\n<p class=\"rvps9\"><span class=\"rvts6\">En REQUISITOS se detallan TODOS los que se puedan utilizar para cualquier tipo de rubro.<\/span><\/p>\n<p class=\"rvps9\"><span class=\"rvts6\">Una vez dado de alta los requisitos se deben asociar a los rubros respectivos.<\/span><\/p>\n<p class=\"rvps9\"><span class=\"rvts6\">Posicionado sobre el requisito se presiona el bot\u00f3n <em>Rubros<\/em><\/span><span class=\"rvts6\"> y se agrega uno a uno los rubros que tiene este dato.<\/span><\/p>\n<p class=\"rvps9\"><span class=\"rvts6\">Tambi\u00e9n se puede hacer a la inversa y desde el rubro se presiona el bot\u00f3n\u00a0<\/span><img loading=\"lazy\" decoding=\"async\" src=\"http:\/\/uniremunicipios.com.ar\/manual-anterior\/lib\/NewItem894.png\" alt=\"\" width=\"41\" height=\"38\" \/><span class=\"rvts6\">\u00a0y se agregan los requisitos correspondientes.<\/span><\/p>\n<p class=\"rvps9\"><span class=\"rvts6\">Una vez registrado todos estos datos se comienza con la carga propiamente dicha:<\/span><\/p>\n<p class=\"rvps9\"><span class=\"rvts6\">En ESTABLECIMIENTOS se despliegan los siguientes t\u00edtulos:<\/span><\/p>\n<p class=\"rvps9\"><img loading=\"lazy\" decoding=\"async\" class=\"wp-image-5395 alignnone \" src=\"http:\/\/uniremunicipios.com.ar\/manual\/wp-content\/uploads\/2024\/11\/image-45.png\" alt=\"\" width=\"478\" height=\"86\" srcset=\"https:\/\/uniremunicipios.com.ar\/manual\/wp-content\/uploads\/2024\/11\/image-45.png 731w, https:\/\/uniremunicipios.com.ar\/manual\/wp-content\/uploads\/2024\/11\/image-45-300x54.png 300w\" sizes=\"auto, (max-width: 478px) 100vw, 478px\" \/><\/p>\n<p class=\"rvps9\"><span class=\"rvts6\">Con <img loading=\"lazy\" decoding=\"async\" class=\"wp-image-5396 alignnone size-medium\" src=\"http:\/\/uniremunicipios.com.ar\/manual\/wp-content\/uploads\/2024\/11\/image-46.png\" alt=\"\" width=\"59\" height=\"51\" \/><\/span><span class=\"rvts6\"> se comienzan a registrar los datos respectivos, siendo muy importante registrar el comercio al cual pertenece (ya que es una tabla en la cual se originan los impuestos de comercio) y el inmueble donde se encuentra radicado.<\/span><\/p>\n<p class=\"rvps9\"><span class=\"rvts6\">Obviamente en el RUBRO es necesario determinar a cu\u00e1l corresponde.<\/span><\/p>\n<p class=\"rvps9\"><span class=\"rvts6\"><img loading=\"lazy\" decoding=\"async\" class=\"wp-image-5397 alignnone \" src=\"http:\/\/uniremunicipios.com.ar\/manual\/wp-content\/uploads\/2024\/11\/image-47.png\" alt=\"\" width=\"419\" height=\"288\" srcset=\"https:\/\/uniremunicipios.com.ar\/manual\/wp-content\/uploads\/2024\/11\/image-47.png 644w, https:\/\/uniremunicipios.com.ar\/manual\/wp-content\/uploads\/2024\/11\/image-47-300x206.png 300w\" sizes=\"auto, (max-width: 419px) 100vw, 419px\" \/>\u00a0<\/span><\/p>\n<p class=\"rvps9\"><span class=\"rvts6\">Luego se presiona\u00a0<\/span><img loading=\"lazy\" decoding=\"async\" src=\"http:\/\/uniremunicipios.com.ar\/manual-anterior\/lib\/NewItem890.png\" alt=\"\" width=\"32\" height=\"40\" \/><span class=\"rvts6\">\u00a0que es donde comienza el registro de los requisitos cumplidos y no cumplidos por el comercio o industria en cuesti\u00f3n.<\/span><\/p>\n<p class=\"rvps9\"><img loading=\"lazy\" decoding=\"async\" src=\"http:\/\/uniremunicipios.com.ar\/manual-anterior\/lib\/NewItem889.png\" alt=\"\" width=\"516\" height=\"283\" \/><\/p>\n<p class=\"rvps9\"><span class=\"rvts6\">Se registra la habilitaci\u00f3n que se proveer\u00e1.<\/span><\/p>\n<p class=\"rvps9\"><span class=\"rvts6\">Una vez finalizado el per\u00edodo de habilitaci\u00f3n (ejemplo: del 01\/01\/24 al 31\/12\/24) se registra uno nuevo por el plazo otorgado.<\/span><\/p>\n<p class=\"rvps9\"><span class=\"rvts6\">como tambi\u00e9n los reportes a emitir).<\/span><\/p>\n<p class=\"rvps9\"><span class=\"rvts6\">En el bot\u00f3n <img loading=\"lazy\" decoding=\"async\" width=\"45\" height=\"39\" class=\"alignnone wp-image-2658 size-full\" src=\"http:\/\/uniremunicipios.com.ar\/manual\/wp-content\/uploads\/2021\/08\/Pasted-into-Habilitaciones-comerciales-2.png\" \/><\/span><span class=\"rvts6\">\u00a0se encuentran los siguientes filtros con el que el operador puede trabajar.<\/span><\/p>\n<p class=\"rvps9\"><img loading=\"lazy\" decoding=\"async\" src=\"http:\/\/uniremunicipios.com.ar\/manual-anterior\/lib\/NewItem886.png\" alt=\"\" width=\"267\" height=\"263\" \/><span class=\"rvts6\">\u00a0\u00a0<\/span><img loading=\"lazy\" decoding=\"async\" src=\"http:\/\/uniremunicipios.com.ar\/manual-anterior\/lib\/NewItem885.png\" alt=\"\" width=\"246\" height=\"81\" \/><\/p>\n<p class=\"rvps9\"><span class=\"rvts6\">Tambi\u00e9n en el <img loading=\"lazy\" decoding=\"async\" width=\"45\" height=\"39\" class=\"alignnone wp-image-2657 size-full\" src=\"http:\/\/uniremunicipios.com.ar\/manual\/wp-content\/uploads\/2021\/08\/Pasted-into-Habilitaciones-comerciales-1.png\" \/><img loading=\"lazy\" decoding=\"async\" width=\"45\" height=\"39\" class=\"alignnone wp-image-2656 size-full\" src=\"http:\/\/uniremunicipios.com.ar\/manual\/wp-content\/uploads\/2021\/08\/Pasted-into-Habilitaciones-comerciales.png\" \/> se encuentra el AGREGO COLUMNAS, donde se pueden ver\u00a0<\/span><\/p>\n","protected":false},"excerpt":{"rendered":"<p>Las habilitaciones comerciales y\/o industriales se pueden administrar desde el comercio que unifica las actividades, o desde establecimientos. Para operar el sistema es el mismo mecanismo. Se ingresa al m\u00f3dulo GENERAL, men\u00fa Comercios En primer t\u00e9rmino es necesario definir los datos en TABLAS DE ESTABLECIMIENTOS. Se debe definir en Tipo de Establecimiento si corresponden a [&hellip;]<\/p>\n","protected":false},"author":4,"featured_media":0,"parent":439,"menu_order":4,"comment_status":"closed","ping_status":"closed","template":"","meta":{"footnotes":""},"class_list":["post-449","page","type-page","status-publish","hentry"],"_links":{"self":[{"href":"https:\/\/uniremunicipios.com.ar\/manual\/index.php?rest_route=\/wp\/v2\/pages\/449","targetHints":{"allow":["GET"]}}],"collection":[{"href":"https:\/\/uniremunicipios.com.ar\/manual\/index.php?rest_route=\/wp\/v2\/pages"}],"about":[{"href":"https:\/\/uniremunicipios.com.ar\/manual\/index.php?rest_route=\/wp\/v2\/types\/page"}],"author":[{"embeddable":true,"href":"https:\/\/uniremunicipios.com.ar\/manual\/index.php?rest_route=\/wp\/v2\/users\/4"}],"replies":[{"embeddable":true,"href":"https:\/\/uniremunicipios.com.ar\/manual\/index.php?rest_route=%2Fwp%2Fv2%2Fcomments&post=449"}],"version-history":[{"count":10,"href":"https:\/\/uniremunicipios.com.ar\/manual\/index.php?rest_route=\/wp\/v2\/pages\/449\/revisions"}],"predecessor-version":[{"id":5394,"href":"https:\/\/uniremunicipios.com.ar\/manual\/index.php?rest_route=\/wp\/v2\/pages\/449\/revisions\/5394"}],"up":[{"embeddable":true,"href":"https:\/\/uniremunicipios.com.ar\/manual\/index.php?rest_route=\/wp\/v2\/pages\/439"}],"wp:attachment":[{"href":"https:\/\/uniremunicipios.com.ar\/manual\/index.php?rest_route=%2Fwp%2Fv2%2Fmedia&parent=449"}],"curies":[{"name":"wp","href":"https:\/\/api.w.org\/{rel}","templated":true}]}}