{"id":4543,"date":"2024-09-10T12:43:15","date_gmt":"2024-09-10T15:43:15","guid":{"rendered":"https:\/\/uniremunicipios.com.ar\/manual\/?page_id=4543"},"modified":"2025-06-10T12:31:25","modified_gmt":"2025-06-10T15:31:25","slug":"cuota-alimentaria-cuando-el-empleado-cambia-de-tipo-de-liquidacion-pd","status":"publish","type":"page","link":"https:\/\/uniremunicipios.com.ar\/manual\/?page_id=4543","title":{"rendered":"CUOTA ALIMENTARIA CUANDO EL EMPLEADO CAMBIA DE TIPO DE LIQUIDACION."},"content":{"rendered":"<p>AQUELLOS QUE UTILIZAN UNA UNICA LIQUIDACI\u00d3N MENSUAL PARA TODOS LOS TIPOS DE RELACION DE DEPENDENCIA, Y UNA UNICA DEL SAC, NO NECESITAN CONOCER EL CONTENIDO DEL MANUAL<\/p>\n<p>&nbsp;<\/p>\n<p>SUELE SUCEDER QUE UN EMPLEADO CON CUOTA ALIMENTARIA PASA DE UNA LIQUIDACI\u00d3N A OTRA<\/p>\n<p>POR EJEMPLO DE TRANSITORIO A CONTRATADO, O DE CONTRATADO A PLANTA PERMANENTE, O DE PLANTA PERMANENTE A GABINETE, O CUALQUIER OTRA SITUACI\u00d3N EN QUE SE VENIA DESCONTANDO EN UN TIPO DE LIQUIDACION Y PASA A OTRA<\/p>\n<p><img loading=\"lazy\" decoding=\"async\" class=\"wp-image-4544 alignnone \" src=\"http:\/\/uniremunicipios.com.ar\/manual\/wp-content\/uploads\/2024\/09\/image-13.png\" alt=\"\" width=\"658\" height=\"147\" srcset=\"https:\/\/uniremunicipios.com.ar\/manual\/wp-content\/uploads\/2024\/09\/image-13.png 623w, https:\/\/uniremunicipios.com.ar\/manual\/wp-content\/uploads\/2024\/09\/image-13-300x67.png 300w\" sizes=\"auto, (max-width: 658px) 100vw, 658px\" \/><\/p>\n<p>EN INGRESA AGREGO LAS LIQUIDACIONES NUEVAS DEL EMPLEADO<\/p>\n<p><img loading=\"lazy\" decoding=\"async\" class=\"wp-image-4545 alignnone \" src=\"http:\/\/uniremunicipios.com.ar\/manual\/wp-content\/uploads\/2024\/09\/image-14.png\" alt=\"\" width=\"658\" height=\"160\" srcset=\"https:\/\/uniremunicipios.com.ar\/manual\/wp-content\/uploads\/2024\/09\/image-14.png 629w, https:\/\/uniremunicipios.com.ar\/manual\/wp-content\/uploads\/2024\/09\/image-14-300x73.png 300w\" sizes=\"auto, (max-width: 658px) 100vw, 658px\" \/><\/p>\n<p>TAMBI\u00c9N DEBO AGREGAR TODAS AQUELLAS EN QUE VOY A DESCONTARLE LA CUOTA ALIMENTARIA<\/p>\n<p><img loading=\"lazy\" decoding=\"async\" class=\"wp-image-4546 alignnone \" src=\"http:\/\/uniremunicipios.com.ar\/manual\/wp-content\/uploads\/2024\/09\/image-15.png\" alt=\"\" width=\"655\" height=\"142\" srcset=\"https:\/\/uniremunicipios.com.ar\/manual\/wp-content\/uploads\/2024\/09\/image-15.png 615w, https:\/\/uniremunicipios.com.ar\/manual\/wp-content\/uploads\/2024\/09\/image-15-300x65.png 300w\" sizes=\"auto, (max-width: 655px) 100vw, 655px\" \/><\/p>\n<p>ACLARACI\u00d3N:<\/p>\n<p>ESTA SITUACI\u00d3N PUEDE RESOLVERSE CON ANTICIPACI\u00d3N, SI SUPONEMOS QUE EL EMPLEADO VAN A PASARLO DE RELACI\u00d3N DE DEPENDENCIA, PASA TARDE O TEMPRANO DE CONTRATADO A PERMANENTE Y EN MUCHOS CASOS DE EVENTUAL O TRANSITORIO A CONTRATADO, Y ALGUNAS VECES, PASAN A GABINETE<\/p>\n<p>SI QUEREMOS PODEMOS CARGARLE TODAS LA LIQUIDACIONES EN QUE PODR\u00cdA INTERVENIR EL EMPLEADO EN EL FUTURO, ES DECIR: AL CONTRATADO CARGAR LA LIQUIDACI\u00d3N DE CONTRATADO Y SAC CONTRATADO Y TAMBI\u00c9N LA DE PERMANENTE, Y SAC PERMENTENTE, PARA LLEGADO EL MOMENTO SIGA DESCONTANDO SIN TENER QUE AGREGAR NADA.<\/p>\n<p>LA FORMULA SE REPITE EN TODAS LAS LIQUIDACIONES, SALVO QUE TENGAMOS QUE CAMBIAR EL PORCENTAJE POR ODEN DEL JUEZ<\/p>\n","protected":false},"excerpt":{"rendered":"<p>AQUELLOS QUE UTILIZAN UNA UNICA LIQUIDACI\u00d3N MENSUAL PARA TODOS LOS TIPOS DE RELACION DE DEPENDENCIA, Y UNA UNICA DEL SAC, NO NECESITAN CONOCER EL CONTENIDO DEL MANUAL &nbsp; SUELE SUCEDER QUE UN EMPLEADO CON CUOTA ALIMENTARIA PASA DE UNA LIQUIDACI\u00d3N A OTRA POR EJEMPLO DE TRANSITORIO A CONTRATADO, O DE CONTRATADO A PLANTA PERMANENTE, O [&hellip;]<\/p>\n","protected":false},"author":3,"featured_media":0,"parent":28,"menu_order":0,"comment_status":"closed","ping_status":"closed","template":"","meta":{"footnotes":""},"class_list":["post-4543","page","type-page","status-publish","hentry"],"_links":{"self":[{"href":"https:\/\/uniremunicipios.com.ar\/manual\/index.php?rest_route=\/wp\/v2\/pages\/4543","targetHints":{"allow":["GET"]}}],"collection":[{"href":"https:\/\/uniremunicipios.com.ar\/manual\/index.php?rest_route=\/wp\/v2\/pages"}],"about":[{"href":"https:\/\/uniremunicipios.com.ar\/manual\/index.php?rest_route=\/wp\/v2\/types\/page"}],"author":[{"embeddable":true,"href":"https:\/\/uniremunicipios.com.ar\/manual\/index.php?rest_route=\/wp\/v2\/users\/3"}],"replies":[{"embeddable":true,"href":"https:\/\/uniremunicipios.com.ar\/manual\/index.php?rest_route=%2Fwp%2Fv2%2Fcomments&post=4543"}],"version-history":[{"count":2,"href":"https:\/\/uniremunicipios.com.ar\/manual\/index.php?rest_route=\/wp\/v2\/pages\/4543\/revisions"}],"predecessor-version":[{"id":6052,"href":"https:\/\/uniremunicipios.com.ar\/manual\/index.php?rest_route=\/wp\/v2\/pages\/4543\/revisions\/6052"}],"up":[{"embeddable":true,"href":"https:\/\/uniremunicipios.com.ar\/manual\/index.php?rest_route=\/wp\/v2\/pages\/28"}],"wp:attachment":[{"href":"https:\/\/uniremunicipios.com.ar\/manual\/index.php?rest_route=%2Fwp%2Fv2%2Fmedia&parent=4543"}],"curies":[{"name":"wp","href":"https:\/\/api.w.org\/{rel}","templated":true}]}}