{"id":455,"date":"2019-06-10T17:56:41","date_gmt":"2019-06-10T20:56:41","guid":{"rendered":"http:\/\/uniremunicipios.com.ar\/manual\/?page_id=455"},"modified":"2025-08-14T14:19:36","modified_gmt":"2025-08-14T17:19:36","slug":"balances-inteligentes","status":"publish","type":"page","link":"https:\/\/uniremunicipios.com.ar\/manual\/?page_id=455","title":{"rendered":"Balances Inteligentes"},"content":{"rendered":"<p><iframe loading=\"lazy\" title=\"Balances inteligentes y clasificadores\" width=\"500\" height=\"281\" src=\"https:\/\/www.youtube.com\/embed\/cFbkE6AJbis?feature=oembed\" frameborder=\"0\" allow=\"accelerometer; autoplay; clipboard-write; encrypted-media; gyroscope; picture-in-picture; web-share\" referrerpolicy=\"strict-origin-when-cross-origin\" allowfullscreen><\/iframe><\/p>\n<p class=\"rvps5\"><span class=\"rvts59\">En el m\u00f3dulo CONTABILIDAD, se ofrecen alternativas de reportes para que los tesoreros o responsables contables utilicen de acuerdo a su necesidad. Entre ellas se encuentran los llamados <\/span><span class=\"rvts85\">\u201cbalances inteligentes\u201d<\/span><span class=\"rvts59\">\u00a0y\u00a0<\/span><span class=\"rvts85\">\u201cbalances de tesorer\u00eda\u201d<\/span><span class=\"rvts59\">.<\/span><\/p>\n<p class=\"rvps5\"><span class=\"rvts59\"> <img loading=\"lazy\" decoding=\"async\" class=\"wp-image-6124 size-medium aligncenter\" src=\"http:\/\/uniremunicipios.com.ar\/manual\/wp-content\/uploads\/2025\/08\/image-5.png\" alt=\"\" width=\"202\" height=\"102\" \/><\/span><\/p>\n<p>Apretando <img loading=\"lazy\" decoding=\"async\" class=\"wp-image-6125 alignnone \" src=\"http:\/\/uniremunicipios.com.ar\/manual\/wp-content\/uploads\/2025\/08\/image-6.png\" alt=\"\" width=\"54\" height=\"40\" \/> , se ingresa para crear grupos, dentro de los cuales se asignan las distintas cuentas.<\/p>\n<p><img loading=\"lazy\" decoding=\"async\" class=\"wp-image-6126 alignnone  aligncenter\" src=\"http:\/\/uniremunicipios.com.ar\/manual\/wp-content\/uploads\/2025\/08\/image-7.png\" alt=\"\" width=\"392\" height=\"158\" srcset=\"https:\/\/uniremunicipios.com.ar\/manual\/wp-content\/uploads\/2025\/08\/image-7.png 463w, https:\/\/uniremunicipios.com.ar\/manual\/wp-content\/uploads\/2025\/08\/image-7-300x121.png 300w\" sizes=\"auto, (max-width: 392px) 100vw, 392px\" \/><\/p>\n<p><img loading=\"lazy\" decoding=\"async\" class=\"wp-image-6127  aligncenter\" src=\"http:\/\/uniremunicipios.com.ar\/manual\/wp-content\/uploads\/2025\/08\/image-8.png\" alt=\"\" width=\"481\" height=\"155\" srcset=\"https:\/\/uniremunicipios.com.ar\/manual\/wp-content\/uploads\/2025\/08\/image-8.png 725w, https:\/\/uniremunicipios.com.ar\/manual\/wp-content\/uploads\/2025\/08\/image-8-300x96.png 300w\" sizes=\"auto, (max-width: 481px) 100vw, 481px\" \/><\/p>\n<p class=\"rvps5\"><span class=\"rvts59\">El grupo es el N\u00ba o c\u00f3digo (se puede poner letras, n\u00fameros o cualquier c\u00f3digo como ser signos o simbolog\u00eda) que agrupa para esa descripci\u00f3n.<\/span><\/p>\n<p class=\"rvps5\"><span class=\"rvts59\">Se pueden colocar todos los t\u00edtulos o descripciones necesarias, s\u00f3lo deben recordar poner el c\u00f3digo distinto para cada descripci\u00f3n.<\/span><\/p>\n<p>De esta manera quedan agrupadas las cuentas y el balance las muestra sectorizadas.<\/p>\n<p>El Excel mostrar\u00e1 algo como:<\/p>\n<p><img loading=\"lazy\" decoding=\"async\" class=\"wp-image-6128 alignnone \" src=\"http:\/\/uniremunicipios.com.ar\/manual\/wp-content\/uploads\/2025\/08\/image-9.png\" alt=\"\" width=\"868\" height=\"272\" srcset=\"https:\/\/uniremunicipios.com.ar\/manual\/wp-content\/uploads\/2025\/08\/image-9.png 1015w, https:\/\/uniremunicipios.com.ar\/manual\/wp-content\/uploads\/2025\/08\/image-9-300x94.png 300w, https:\/\/uniremunicipios.com.ar\/manual\/wp-content\/uploads\/2025\/08\/image-9-768x240.png 768w\" sizes=\"auto, (max-width: 868px) 100vw, 868px\" \/><\/p>\n<p>Aqu\u00ed no se muestran las cuentas, sino los conjuntos que agrupan a las mismas.<\/p>\n<p>Al principio se pueden observar los distintos resultados Totales y luego se detallan por mes.<\/p>\n<p class=\"rvps5\">\n<p class=\"rvps5\"><img decoding=\"async\" src=\"http:\/\/www.uniremunicipios.com.ar\/lib\/libNewItem178.jpg\" alt=\"\" \/><\/p>\n<p>&nbsp;<\/p>\n","protected":false},"excerpt":{"rendered":"<p>En el m\u00f3dulo CONTABILIDAD, se ofrecen alternativas de reportes para que los tesoreros o responsables contables utilicen de acuerdo a su necesidad. Entre ellas se encuentran los llamados \u201cbalances inteligentes\u201d\u00a0y\u00a0\u201cbalances de tesorer\u00eda\u201d. Apretando , se ingresa para crear grupos, dentro de los cuales se asignan las distintas cuentas. El grupo es el N\u00ba o c\u00f3digo [&hellip;]<\/p>\n","protected":false},"author":4,"featured_media":0,"parent":19,"menu_order":3,"comment_status":"closed","ping_status":"closed","template":"","meta":{"footnotes":""},"class_list":["post-455","page","type-page","status-publish","hentry"],"_links":{"self":[{"href":"https:\/\/uniremunicipios.com.ar\/manual\/index.php?rest_route=\/wp\/v2\/pages\/455","targetHints":{"allow":["GET"]}}],"collection":[{"href":"https:\/\/uniremunicipios.com.ar\/manual\/index.php?rest_route=\/wp\/v2\/pages"}],"about":[{"href":"https:\/\/uniremunicipios.com.ar\/manual\/index.php?rest_route=\/wp\/v2\/types\/page"}],"author":[{"embeddable":true,"href":"https:\/\/uniremunicipios.com.ar\/manual\/index.php?rest_route=\/wp\/v2\/users\/4"}],"replies":[{"embeddable":true,"href":"https:\/\/uniremunicipios.com.ar\/manual\/index.php?rest_route=%2Fwp%2Fv2%2Fcomments&post=455"}],"version-history":[{"count":7,"href":"https:\/\/uniremunicipios.com.ar\/manual\/index.php?rest_route=\/wp\/v2\/pages\/455\/revisions"}],"predecessor-version":[{"id":6129,"href":"https:\/\/uniremunicipios.com.ar\/manual\/index.php?rest_route=\/wp\/v2\/pages\/455\/revisions\/6129"}],"up":[{"embeddable":true,"href":"https:\/\/uniremunicipios.com.ar\/manual\/index.php?rest_route=\/wp\/v2\/pages\/19"}],"wp:attachment":[{"href":"https:\/\/uniremunicipios.com.ar\/manual\/index.php?rest_route=%2Fwp%2Fv2%2Fmedia&parent=455"}],"curies":[{"name":"wp","href":"https:\/\/api.w.org\/{rel}","templated":true}]}}