{"id":459,"date":"2019-06-10T18:01:07","date_gmt":"2019-06-10T21:01:07","guid":{"rendered":"http:\/\/uniremunicipios.com.ar\/manual\/?page_id=459"},"modified":"2025-10-01T14:36:02","modified_gmt":"2025-10-01T17:36:02","slug":"contabilizacion-requerimientos-sueldo","status":"publish","type":"page","link":"https:\/\/uniremunicipios.com.ar\/manual\/?page_id=459","title":{"rendered":"Entidades de pago para requerimientos de sueldos"},"content":{"rendered":"<p class=\"rvps5\"><span class=\"rvts59\">En personal deben darse de alta las cuentas de <span class=\"highlight\">entidades<\/span> para pago de requerimientos de sueldos.<\/span><\/p>\n<p class=\"rvps5\"><span class=\"rvts59\">(Previa consulta con contabilidad para saber cu\u00e1les son estas\u00a0<span class=\"highlight\">entidades<\/span>\u00a0y si a una misma entidad se le paga m\u00e1s de un concepto<\/span><\/p>\n<p class=\"rvps5\"><span class=\"rvts59\">y lleva otra imputaci\u00f3n deber\u00e1n definir como llamarla)\u00a0<\/span><\/p>\n<p class=\"rvps5\"><span class=\"rvts59\">Se carga con un n\u00famero, como por ejemplo: \u00a05-204, 5-205, 5-206\u2026<\/span><\/p>\n<p><img loading=\"lazy\" decoding=\"async\" class=\"wp-image-4586 alignnone \" src=\"http:\/\/uniremunicipios.com.ar\/manual\/wp-content\/uploads\/2024\/09\/image-25.png\" alt=\"\" width=\"471\" height=\"124\" srcset=\"https:\/\/uniremunicipios.com.ar\/manual\/wp-content\/uploads\/2024\/09\/image-25.png 528w, https:\/\/uniremunicipios.com.ar\/manual\/wp-content\/uploads\/2024\/09\/image-25-300x79.png 300w\" sizes=\"auto, (max-width: 471px) 100vw, 471px\" \/><\/p>\n<p class=\"rvps5\"><span class=\"rvts59\">Con AGREGAR cargamos estos &#8220;Proveedores&#8221; (<span class=\"highlight\">Entidades<\/span>\u00a0de aportes y retenciones de sueldos).<\/span><\/p>\n<p class=\"rvps5\"><span class=\"rvts59\">Nos puede mostrar la siguiente llamada de atenci\u00f3n:<\/span><\/p>\n<p>\u00a0 \u00a0 \u00a0 \u00a0 \u00a0 \u00a0 \u00a0 \u00a0 \u00a0 \u00a0 \u00a0 \u00a0 \u00a0 \u00a0 \u00a0 \u00a0 \u00a0 \u00a0 \u00a0 \u00a0 \u00a0 \u00a0 \u00a0<img loading=\"lazy\" decoding=\"async\" class=\"wp-image-4587 alignnone size-medium\" src=\"http:\/\/uniremunicipios.com.ar\/manual\/wp-content\/uploads\/2024\/09\/image-26.png\" alt=\"\" width=\"224\" height=\"145\" \/><\/p>\n<p class=\"rvps5\"><span class=\"rvts59\">ACEPTAR y seguimos.<\/span><\/p>\n<p><img loading=\"lazy\" decoding=\"async\" class=\"wp-image-4588 alignnone \" src=\"http:\/\/uniremunicipios.com.ar\/manual\/wp-content\/uploads\/2024\/09\/image-27.png\" alt=\"\" width=\"566\" height=\"432\" srcset=\"https:\/\/uniremunicipios.com.ar\/manual\/wp-content\/uploads\/2024\/09\/image-27.png 684w, https:\/\/uniremunicipios.com.ar\/manual\/wp-content\/uploads\/2024\/09\/image-27-300x229.png 300w\" sizes=\"auto, (max-width: 566px) 100vw, 566px\" \/><\/p>\n<p class=\"rvps5\"><span class=\"rvts59\">Abrir la solapa de Otros Datos<\/span><\/p>\n<p><img loading=\"lazy\" decoding=\"async\" class=\"wp-image-4589 alignnone size-medium\" src=\"http:\/\/uniremunicipios.com.ar\/manual\/wp-content\/uploads\/2024\/09\/image-28.png\" alt=\"\" width=\"90\" height=\"94\" \/><\/p>\n<p class=\"rvps5\"><span class=\"rvts59\">Colocar la imputaci\u00f3n contable del pasivo: &#8230;.. A PAGAR <\/span><span class=\"rvts59\">terminada en &#8220;2&#8221;<\/span><\/p>\n<p><img loading=\"lazy\" decoding=\"async\" class=\"wp-image-4590 alignnone size-medium\" src=\"http:\/\/uniremunicipios.com.ar\/manual\/wp-content\/uploads\/2024\/09\/image-29.png\" alt=\"\" width=\"300\" height=\"188\" srcset=\"https:\/\/uniremunicipios.com.ar\/manual\/wp-content\/uploads\/2024\/09\/image-29.png 426w, https:\/\/uniremunicipios.com.ar\/manual\/wp-content\/uploads\/2024\/09\/image-29-300x188.png 300w\" sizes=\"auto, (max-width: 300px) 100vw, 300px\" \/><\/p>\n<p><img loading=\"lazy\" decoding=\"async\" class=\"wp-image-4591 alignnone \" src=\"http:\/\/uniremunicipios.com.ar\/manual\/wp-content\/uploads\/2024\/09\/image-30.png\" alt=\"\" width=\"475\" height=\"141\" srcset=\"https:\/\/uniremunicipios.com.ar\/manual\/wp-content\/uploads\/2024\/09\/image-30.png 601w, https:\/\/uniremunicipios.com.ar\/manual\/wp-content\/uploads\/2024\/09\/image-30-300x89.png 300w\" sizes=\"auto, (max-width: 475px) 100vw, 475px\" \/><\/p>\n<p class=\"rvps17\"><span class=\"rvts68\">Dejar las retenciones vac\u00edas<\/span><\/p>\n<p><img loading=\"lazy\" decoding=\"async\" class=\"wp-image-4592 alignnone size-medium\" src=\"http:\/\/uniremunicipios.com.ar\/manual\/wp-content\/uploads\/2024\/09\/image-31.png\" alt=\"\" width=\"300\" height=\"138\" srcset=\"https:\/\/uniremunicipios.com.ar\/manual\/wp-content\/uploads\/2024\/09\/image-31.png 471w, https:\/\/uniremunicipios.com.ar\/manual\/wp-content\/uploads\/2024\/09\/image-31-300x138.png 300w\" sizes=\"auto, (max-width: 300px) 100vw, 300px\" \/><\/p>\n","protected":false},"excerpt":{"rendered":"<p>En personal deben darse de alta las cuentas de entidades para pago de requerimientos de sueldos. (Previa consulta con contabilidad para saber cu\u00e1les son estas\u00a0entidades\u00a0y si a una misma entidad se le paga m\u00e1s de un concepto y lleva otra imputaci\u00f3n deber\u00e1n definir como llamarla)\u00a0 Se carga con un n\u00famero, como por ejemplo: \u00a05-204, 5-205, [&hellip;]<\/p>\n","protected":false},"author":4,"featured_media":0,"parent":19,"menu_order":5,"comment_status":"closed","ping_status":"closed","template":"","meta":{"footnotes":""},"class_list":["post-459","page","type-page","status-publish","hentry"],"_links":{"self":[{"href":"https:\/\/uniremunicipios.com.ar\/manual\/index.php?rest_route=\/wp\/v2\/pages\/459","targetHints":{"allow":["GET"]}}],"collection":[{"href":"https:\/\/uniremunicipios.com.ar\/manual\/index.php?rest_route=\/wp\/v2\/pages"}],"about":[{"href":"https:\/\/uniremunicipios.com.ar\/manual\/index.php?rest_route=\/wp\/v2\/types\/page"}],"author":[{"embeddable":true,"href":"https:\/\/uniremunicipios.com.ar\/manual\/index.php?rest_route=\/wp\/v2\/users\/4"}],"replies":[{"embeddable":true,"href":"https:\/\/uniremunicipios.com.ar\/manual\/index.php?rest_route=%2Fwp%2Fv2%2Fcomments&post=459"}],"version-history":[{"count":8,"href":"https:\/\/uniremunicipios.com.ar\/manual\/index.php?rest_route=\/wp\/v2\/pages\/459\/revisions"}],"predecessor-version":[{"id":6152,"href":"https:\/\/uniremunicipios.com.ar\/manual\/index.php?rest_route=\/wp\/v2\/pages\/459\/revisions\/6152"}],"up":[{"embeddable":true,"href":"https:\/\/uniremunicipios.com.ar\/manual\/index.php?rest_route=\/wp\/v2\/pages\/19"}],"wp:attachment":[{"href":"https:\/\/uniremunicipios.com.ar\/manual\/index.php?rest_route=%2Fwp%2Fv2%2Fmedia&parent=459"}],"curies":[{"name":"wp","href":"https:\/\/api.w.org\/{rel}","templated":true}]}}