{"id":467,"date":"2019-06-10T18:10:43","date_gmt":"2019-06-10T21:10:43","guid":{"rendered":"http:\/\/uniremunicipios.com.ar\/manual\/?page_id=467"},"modified":"2025-10-01T15:03:17","modified_gmt":"2025-10-01T18:03:17","slug":"generalidades","status":"publish","type":"page","link":"https:\/\/uniremunicipios.com.ar\/manual\/?page_id=467","title":{"rendered":"Generalidades"},"content":{"rendered":"<p class=\"rvps5\"><span class=\"rvts59\">Todo Municipio cuenta en la actualidad con innumerables obligaciones contractuales. Cada sector de la entidad posee obligaciones a cambio de servicios de prestaciones o labores tercerizadas, las cuales resultan, en algunos casos, dif\u00edciles de seguir, en lo que respecta a: los controles de vencimientos, de renovaci\u00f3n o cambios. As\u00ed como a la hora de realizar los pagos, se deben efectuar en tiempo y forma, generando en los prestadores, confianza y veracidad de la capacidad operativa del Municipio, arrojando relaciones s\u00f3lidas que se reflejan en los servicios obtenidos.<\/span><\/p>\n<p class=\"rvps5\"><span class=\"rvts59\">Un claro ejemplo son los seguros de los veh\u00edculos, prestaciones de profesionales, contrataciones a tiempo determinado, etc.<\/span><\/p>\n<p class=\"rvps5\"><span class=\"rvts59\">En este m\u00f3dulo se ingresan los contratos con los datos que lo conforman. El sistema realiza los controles de fechas de pago, de pagos, de imputaciones contables, de vencimientos de contratos, de renovaciones, etc.<\/span><\/p>\n<p class=\"rvps5\"><span class=\"rvts59\">En primer t\u00e9rmino se deben cargar los tipos de contrato con los que se maneja el Municipio. Uno de los detalles que hacen al tema es que tambi\u00e9n solicita el color (a elegir por el operador) con el que se destacar\u00e1 el tipo de contrato. Esta forma de diferenciar los tipos de contratos simplifica en una sola vista, en los reportes, como se clasifican.<\/span><\/p>\n<p class=\"rvps5\"><span class=\"rvts59\">Para ello, cuando se definen <\/span><span class=\"rvts59\">los\u00a0<\/span><span class=\"rvts104\">tipos de contratos<\/span><span class=\"rvts59\"> se indica el color a utilizar as\u00ed como el nombre que los caracterizar\u00e1.<\/span><\/p>\n<p class=\"rvps5\"><img decoding=\"async\" src=\"http:\/\/www.uniremunicipios.com.ar\/lib\/libNewItem192.jpg\" alt=\"\" \/><span class=\"rvts59\">Para realizar la carga de los contratos, se ingresa al primer \u00edtem del men\u00fa,\u00a0<\/span><span class=\"rvts104\">contratos de servicios,\u00a0<\/span><span class=\"rvts59\">donde se accede a una pantalla similar a esta:<\/span><\/p>\n<p class=\"rvps5\"><img decoding=\"async\" src=\"http:\/\/www.uniremunicipios.com.ar\/lib\/libNewItem191.jpg\" alt=\"\" \/><img loading=\"lazy\" decoding=\"async\" class=\"wp-image-4600 alignnone \" src=\"http:\/\/uniremunicipios.com.ar\/manual\/wp-content\/uploads\/2024\/09\/image-34.png\" alt=\"\" width=\"436\" height=\"192\" srcset=\"https:\/\/uniremunicipios.com.ar\/manual\/wp-content\/uploads\/2024\/09\/image-34.png 622w, https:\/\/uniremunicipios.com.ar\/manual\/wp-content\/uploads\/2024\/09\/image-34-300x132.png 300w\" sizes=\"auto, (max-width: 436px) 100vw, 436px\" \/><\/p>\n<p class=\"rvps5\"><span class=\"rvts104\">\u00a0<\/span><span class=\"rvts59\">Con la tecla Agregar <\/span><img decoding=\"async\" src=\"http:\/\/www.uniremunicipios.com.ar\/lib\/libNewItem190.jpg\" alt=\"\" \/><span class=\"rvts59\">\u00a0se abre un browse en el cual se definen los datos que hacen al contrato y los medios de pagos.<\/span><\/p>\n<p class=\"rvps5\"><span class=\"rvts59\">En la pantalla en su margen superior se halla el bot\u00f3n<\/span><\/p>\n<p><img loading=\"lazy\" decoding=\"async\" class=\"wp-image-4601 alignnone size-medium\" src=\"http:\/\/uniremunicipios.com.ar\/manual\/wp-content\/uploads\/2024\/09\/image-35.png\" alt=\"\" width=\"71\" height=\"66\" \/><\/p>\n<p class=\"rvps5\"><span class=\"rvts59\">\u00a0<\/span><img decoding=\"async\" src=\"http:\/\/www.uniremunicipios.com.ar\/lib\/libNewItem189.jpg\" alt=\"\" \/><span class=\"rvts59\">con el cu\u00e1l se definen los plazos o cuotas a pagar, los importes, a que sector o \u00e1rea pertenecen y las imputaciones contables bajo las que se registrar\u00e1n en forma autom\u00e1tica. En este \u00faltimo caso se puede afectar porcentajes a distintas cuentas. A su vez, el sistema controla que los contratos se hallen dentro de los per\u00edodos contables activos correspondientes, ya que no se puede ni debe registrar a futuros per\u00edodos prestaciones algunas, ni tampoco se puede acceder a per\u00edodos pasados o cerrados. En el caso de exceder el a\u00f1o en curso, se registra una parte hasta diciembre y luego se renueva el contrato para el nuevo per\u00edodo modificando las cuotas o plazos.<\/span><\/p>\n<p class=\"rvps5\"><span class=\"rvts59\">Con el bot\u00f3n<\/span><img decoding=\"async\" src=\"http:\/\/www.uniremunicipios.com.ar\/lib\/libNewItem188.jpg\" alt=\"\" \/><span class=\"rvts59\">\u00a0se pueden consultar los requerimientos realizados con objeto del contrato mencionado. Tambi\u00e9n con<\/span><\/p>\n<p><img loading=\"lazy\" decoding=\"async\" class=\"wp-image-4601 alignnone size-medium\" src=\"http:\/\/uniremunicipios.com.ar\/manual\/wp-content\/uploads\/2024\/09\/image-35.png\" alt=\"\" width=\"71\" height=\"66\" \/><\/p>\n<p class=\"rvps5\"><span class=\"rvts59\">\u00a0<\/span><span class=\"rvts59\">\u00a0se registran las renovaciones de dicho contrato, con sus respectivos cronogramas de pagos, d\u00e9bitos, registros contables y pagos.<\/span><\/p>\n<p class=\"rvps5\"><span class=\"rvts59\">En el margen superior de cada pantalla se presentan nuevos botones que van abriendo y ofreciendo nuevas pantallas, llegando incluso hasta poder observar los asientos que se generaron con el pago de cada cuota del contrato y sus modificaciones.<\/span><\/p>\n<p class=\"rvps5\"><span class=\"rvts59\">Con el men\u00fa\u00a0<\/span><span class=\"rvts104\">cronograma de pagos<\/span><span class=\"rvts59\">,<\/span><\/p>\n<p><img loading=\"lazy\" decoding=\"async\" class=\"wp-image-4602 alignnone size-medium\" src=\"http:\/\/uniremunicipios.com.ar\/manual\/wp-content\/uploads\/2024\/09\/image-36.png\" alt=\"\" width=\"65\" height=\"60\" \/><\/p>\n<p class=\"rvps5\"><span class=\"rvts59\">se presenta la pantalla bajo la cual se pueden modificar la fecha de registraci\u00f3n contable a la que pertenece o la fecha de pago. En esta parte del sistema se emiten todos los pagos con la fecha de vencimiento o pago que hemos registrado en la carga de los contratos.<\/span><\/p>\n<p class=\"rvps5\"><img decoding=\"async\" src=\"http:\/\/www.uniremunicipios.com.ar\/lib\/libNewItem186.jpg\" alt=\"\" \/><span class=\"rvts59\">Como se puede observar en el gr\u00e1fico con el bot\u00f3n\u00a0<\/span><img decoding=\"async\" src=\"http:\/\/www.uniremunicipios.com.ar\/lib\/libNewItem185.jpg\" alt=\"\" \/><span class=\"rvts59\">\u00a0se accede a todas las cuotas de los contratos que se van a imprimir pudiendo a\u00fan modificar datos de lo que liquidar\u00e1. Sobre todo en los contratos cuyos importes son variables.<\/span><\/p>\n<p class=\"rvps5\"><span class=\"rvts59\">Cabe agregar que la liquidaci\u00f3n de los contratos se hace en forma grupal y desde este men\u00fa (cronograma de pago). En primer t\u00e9rmino se corrigen o aceptan los datos de cada comprobante a liquidar en el mes correspondiente y luego se cambian de\u00a0<\/span><img decoding=\"async\" src=\"http:\/\/www.uniremunicipios.com.ar\/lib\/libNewItem184.jpg\" alt=\"\" \/><span class=\"rvts59\">\u00a0solicitando la nueva funci\u00f3n:\u00a0<\/span><img decoding=\"async\" src=\"http:\/\/www.uniremunicipios.com.ar\/lib\/libNewItem183.jpg\" alt=\"\" \/><span class=\"rvts59\">\u00a0Clickeando sobre esta pesta\u00f1a pasa a la\u00a0<\/span><span class=\"rvts104\">afectaci\u00f3n definitiva<\/span><span class=\"rvts59\">\u00a0y\u00a0<\/span><span class=\"rvts104\">orden de pago.\u00a0<\/span><span class=\"rvts59\">Al realizar estos movimientos ya se ha registrado la contabilidad en forma autom\u00e1tica como tambi\u00e9n se afecta al presupuesto con los costos que significan todos los contratos incluidos en el cronograma respectivo.<\/span><\/p>\n<p><img loading=\"lazy\" decoding=\"async\" class=\"wp-image-4603 alignnone size-medium\" src=\"http:\/\/uniremunicipios.com.ar\/manual\/wp-content\/uploads\/2024\/09\/image-37.png\" alt=\"\" width=\"196\" height=\"292\" \/><\/p>\n<p><img loading=\"lazy\" decoding=\"async\" class=\"wp-image-4604 alignnone \" src=\"http:\/\/uniremunicipios.com.ar\/manual\/wp-content\/uploads\/2024\/09\/image-38.png\" alt=\"\" width=\"419\" height=\"201\" srcset=\"https:\/\/uniremunicipios.com.ar\/manual\/wp-content\/uploads\/2024\/09\/image-38.png 577w, https:\/\/uniremunicipios.com.ar\/manual\/wp-content\/uploads\/2024\/09\/image-38-300x144.png 300w\" sizes=\"auto, (max-width: 419px) 100vw, 419px\" \/><\/p>\n<p class=\"rvps5\"><span class=\"rvts59\">S\u00f3lo queda emitir el pago con el medio correspondiente que se realizar\u00e1 preferentemente en el sector tesorer\u00eda (m\u00f3dulo de proveedores)<\/span><span class=\"rvts122\">\u00a0<\/span><\/p>\n<p class=\"rvps5\"><img decoding=\"async\" src=\"http:\/\/www.uniremunicipios.com.ar\/lib\/libNewItem182.gif\" alt=\"\" \/><\/p>\n","protected":false},"excerpt":{"rendered":"<p>Todo Municipio cuenta en la actualidad con innumerables obligaciones contractuales. Cada sector de la entidad posee obligaciones a cambio de servicios de prestaciones o labores tercerizadas, las cuales resultan, en algunos casos, dif\u00edciles de seguir, en lo que respecta a: los controles de vencimientos, de renovaci\u00f3n o cambios. As\u00ed como a la hora de realizar [&hellip;]<\/p>\n","protected":false},"author":4,"featured_media":0,"parent":465,"menu_order":0,"comment_status":"closed","ping_status":"closed","template":"","meta":{"footnotes":""},"class_list":["post-467","page","type-page","status-publish","hentry"],"_links":{"self":[{"href":"https:\/\/uniremunicipios.com.ar\/manual\/index.php?rest_route=\/wp\/v2\/pages\/467","targetHints":{"allow":["GET"]}}],"collection":[{"href":"https:\/\/uniremunicipios.com.ar\/manual\/index.php?rest_route=\/wp\/v2\/pages"}],"about":[{"href":"https:\/\/uniremunicipios.com.ar\/manual\/index.php?rest_route=\/wp\/v2\/types\/page"}],"author":[{"embeddable":true,"href":"https:\/\/uniremunicipios.com.ar\/manual\/index.php?rest_route=\/wp\/v2\/users\/4"}],"replies":[{"embeddable":true,"href":"https:\/\/uniremunicipios.com.ar\/manual\/index.php?rest_route=%2Fwp%2Fv2%2Fcomments&post=467"}],"version-history":[{"count":5,"href":"https:\/\/uniremunicipios.com.ar\/manual\/index.php?rest_route=\/wp\/v2\/pages\/467\/revisions"}],"predecessor-version":[{"id":6158,"href":"https:\/\/uniremunicipios.com.ar\/manual\/index.php?rest_route=\/wp\/v2\/pages\/467\/revisions\/6158"}],"up":[{"embeddable":true,"href":"https:\/\/uniremunicipios.com.ar\/manual\/index.php?rest_route=\/wp\/v2\/pages\/465"}],"wp:attachment":[{"href":"https:\/\/uniremunicipios.com.ar\/manual\/index.php?rest_route=%2Fwp%2Fv2%2Fmedia&parent=467"}],"curies":[{"name":"wp","href":"https:\/\/api.w.org\/{rel}","templated":true}]}}