{"id":4850,"date":"2024-09-30T15:36:51","date_gmt":"2024-09-30T18:36:51","guid":{"rendered":"https:\/\/uniremunicipios.com.ar\/manual\/?page_id=4850"},"modified":"2025-01-17T09:04:24","modified_gmt":"2025-01-17T12:04:24","slug":"inventario-actualizacion-2024","status":"publish","type":"page","link":"https:\/\/uniremunicipios.com.ar\/manual\/?page_id=4850","title":{"rendered":"INVENTARIO"},"content":{"rendered":"<p class=\"MsoNormal\" style=\"text-align: justify; line-height: 150%;\">En el MODULO INVENTARIO se encuentra el siguiente men\u00fa:<span style=\"mso-spacerun: yes;\">\u00a0\u00a0<\/span><\/p>\n<p><img loading=\"lazy\" decoding=\"async\" class=\"wp-image-5838  aligncenter\" src=\"http:\/\/uniremunicipios.com.ar\/manual\/wp-content\/uploads\/2025\/01\/image-23.png\" alt=\"\" width=\"372\" height=\"109\" srcset=\"https:\/\/uniremunicipios.com.ar\/manual\/wp-content\/uploads\/2025\/01\/image-23.png 444w, https:\/\/uniremunicipios.com.ar\/manual\/wp-content\/uploads\/2025\/01\/image-23-300x88.png 300w\" sizes=\"auto, (max-width: 372px) 100vw, 372px\" \/><\/p>\n<p class=\"MsoNormal\" style=\"text-align: justify; line-height: 150%;\">En TIPOS de inventario ya se halla la clasificaci\u00f3n. Si se debe ampliar, solicitarlo al personal de c\u00f3mputos.<\/p>\n<p class=\"MsoNormal\" style=\"text-align: justify; line-height: 150%;\">En Ubicaciones-Lugares agregar todos los espacios f\u00edsicos que abarca el Municipio. Ejemplo: corral\u00f3n, casa de la cultura, tr\u00e1nsito, edificio municipal-sector administrativo, etc.<\/p>\n<p class=\"MsoNormal\" style=\"text-align: justify; line-height: 150%;\">En Equipos Municipales se dan de alta todos ellos y se puede ampliar asociando junto el veh\u00edculo que corresponda. Por ejemplo, se define: cami\u00f3n recolector basura gris, y se asocia al correspondiente veh\u00edculo.<\/p>\n<p class=\"MsoNormal\" style=\"text-align: justify; line-height: 150%;\">Cuando se comienzan a registrar los datos se abre una ventana donde primero clasificamos el tipo y por consiguiente abre la pantalla que corresponde a eso. Si damos de alta un inmueble me muestra la pesta\u00f1a inmueble para asociarlo all\u00ed.<\/p>\n<p class=\"MsoNormal\" style=\"text-align: justify; line-height: 150%;\">Si damos de alta un veh\u00edculo se abre la pesta\u00f1a de veh\u00edculos.<\/p>\n<p><img loading=\"lazy\" decoding=\"async\" class=\"wp-image-4853 alignnone \" src=\"http:\/\/uniremunicipios.com.ar\/manual\/wp-content\/uploads\/2024\/09\/image-173.png\" alt=\"\" width=\"584\" height=\"221\" srcset=\"https:\/\/uniremunicipios.com.ar\/manual\/wp-content\/uploads\/2024\/09\/image-173.png 553w, https:\/\/uniremunicipios.com.ar\/manual\/wp-content\/uploads\/2024\/09\/image-173-300x113.png 300w\" sizes=\"auto, (max-width: 584px) 100vw, 584px\" \/><\/p>\n<p><img loading=\"lazy\" decoding=\"async\" class=\"wp-image-4854 alignnone \" src=\"http:\/\/uniremunicipios.com.ar\/manual\/wp-content\/uploads\/2024\/09\/image-174.png\" alt=\"\" width=\"592\" height=\"233\" srcset=\"https:\/\/uniremunicipios.com.ar\/manual\/wp-content\/uploads\/2024\/09\/image-174.png 549w, https:\/\/uniremunicipios.com.ar\/manual\/wp-content\/uploads\/2024\/09\/image-174-300x118.png 300w\" sizes=\"auto, (max-width: 592px) 100vw, 592px\" \/><\/p>\n<div style=\"mso-element: para-border-div; border: solid windowtext 1.0pt; mso-border-alt: solid windowtext .5pt; padding: 1.0pt 4.0pt 1.0pt 4.0pt;\">\n<p class=\"MsoNormal\" style=\"text-align: justify; line-height: 150%; border: none; mso-border-alt: solid windowtext .5pt; padding: 0cm; mso-padding-alt: 1.0pt 4.0pt 1.0pt 4.0pt;\"><span style=\"background: yellow; mso-highlight: yellow;\">El INVENTARIO ha sufrido un gran cambio, antes desde el \u00edtem del requerimiento se sumaba al inventario y ahora desde inventario se trae el \u00edtem del requerimiento<\/span>.<\/p>\n<\/div>\n<p class=\"MsoNormal\" style=\"text-align: justify; line-height: 150%;\">En el bot\u00f3n de Fx Todos, en \u201cfiltros preestablecidos\u201d se encuentran<\/p>\n<p><img loading=\"lazy\" decoding=\"async\" class=\"wp-image-4855 alignnone size-medium\" src=\"http:\/\/uniremunicipios.com.ar\/manual\/wp-content\/uploads\/2024\/09\/image-175.png\" alt=\"\" width=\"221\" height=\"87\" \/><\/p>\n<p class=\"MsoNormal\" style=\"text-align: justify; line-height: 150%;\">, pudiendo el operador rastrear y listar todos los bienes inventariados.<\/p>\n<p>&nbsp;<\/p>\n","protected":false},"excerpt":{"rendered":"<p>En el MODULO INVENTARIO se encuentra el siguiente men\u00fa:\u00a0\u00a0 En TIPOS de inventario ya se halla la clasificaci\u00f3n. Si se debe ampliar, solicitarlo al personal de c\u00f3mputos. En Ubicaciones-Lugares agregar todos los espacios f\u00edsicos que abarca el Municipio. Ejemplo: corral\u00f3n, casa de la cultura, tr\u00e1nsito, edificio municipal-sector administrativo, etc. En Equipos Municipales se dan de [&hellip;]<\/p>\n","protected":false},"author":3,"featured_media":0,"parent":549,"menu_order":0,"comment_status":"closed","ping_status":"closed","template":"","meta":{"footnotes":""},"class_list":["post-4850","page","type-page","status-publish","hentry"],"_links":{"self":[{"href":"https:\/\/uniremunicipios.com.ar\/manual\/index.php?rest_route=\/wp\/v2\/pages\/4850","targetHints":{"allow":["GET"]}}],"collection":[{"href":"https:\/\/uniremunicipios.com.ar\/manual\/index.php?rest_route=\/wp\/v2\/pages"}],"about":[{"href":"https:\/\/uniremunicipios.com.ar\/manual\/index.php?rest_route=\/wp\/v2\/types\/page"}],"author":[{"embeddable":true,"href":"https:\/\/uniremunicipios.com.ar\/manual\/index.php?rest_route=\/wp\/v2\/users\/3"}],"replies":[{"embeddable":true,"href":"https:\/\/uniremunicipios.com.ar\/manual\/index.php?rest_route=%2Fwp%2Fv2%2Fcomments&post=4850"}],"version-history":[{"count":8,"href":"https:\/\/uniremunicipios.com.ar\/manual\/index.php?rest_route=\/wp\/v2\/pages\/4850\/revisions"}],"predecessor-version":[{"id":5839,"href":"https:\/\/uniremunicipios.com.ar\/manual\/index.php?rest_route=\/wp\/v2\/pages\/4850\/revisions\/5839"}],"up":[{"embeddable":true,"href":"https:\/\/uniremunicipios.com.ar\/manual\/index.php?rest_route=\/wp\/v2\/pages\/549"}],"wp:attachment":[{"href":"https:\/\/uniremunicipios.com.ar\/manual\/index.php?rest_route=%2Fwp%2Fv2%2Fmedia&parent=4850"}],"curies":[{"name":"wp","href":"https:\/\/api.w.org\/{rel}","templated":true}]}}