{"id":50,"date":"2019-05-22T18:59:57","date_gmt":"2019-05-22T21:59:57","guid":{"rendered":"http:\/\/uniremunicipios.com.ar\/manual\/?page_id=50"},"modified":"2025-06-10T12:15:29","modified_gmt":"2025-06-10T15:15:29","slug":"consideraciones-generales-bajada-reloj","status":"publish","type":"page","link":"https:\/\/uniremunicipios.com.ar\/manual\/?page_id=50","title":{"rendered":"Consideraciones Generales Bajada Reloj"},"content":{"rendered":"\r\n<p><strong>BAJADAS MARCADAS RELOJ<\/strong><\/p>\r\n\r\n\r\n\r\n<p>Las marcadas en el reloj originan archivos que pueden bajarse dentro del sistema, para el control de inasistencias, horas extras, licencias y brindar informaci\u00f3n necesaria para liquidar sueldos.<\/p>\r\n\r\n\r\n\r\n<p>Como primer medida el municipio o el encargado de c\u00f3mputos del lugar, debe proveer un archivo que saque del reloj para preparar el formato para poder incorporarlo al sistema.<\/p>\r\n\r\n\r\n\r\n<p>Una vez configurado dicho archivo, se procede a, CREAR UNA CARPETA EN EL DISCO C EN PSPUESTO CON EL NOMBRE DE <strong>RELOJ<\/strong><\/p>\r\n<p>El archivo obtenido debe colocarse en esa carpeta.<\/p>\r\n<p>Despu\u00e9s ir a UNIRE RRHH,<\/p>\r\n<p><img loading=\"lazy\" decoding=\"async\" class=\"wp-image-5320 alignnone size-medium\" src=\"http:\/\/uniremunicipios.com.ar\/manual\/wp-content\/uploads\/2024\/11\/image-12.png\" alt=\"\" width=\"266\" height=\"102\" \/><\/p>\r\n<p><img loading=\"lazy\" decoding=\"async\" class=\"wp-image-5319 alignnone \" src=\"http:\/\/uniremunicipios.com.ar\/manual\/wp-content\/uploads\/2024\/11\/image-11.png\" alt=\"\" width=\"621\" height=\"145\" srcset=\"https:\/\/uniremunicipios.com.ar\/manual\/wp-content\/uploads\/2024\/11\/image-11.png 803w, https:\/\/uniremunicipios.com.ar\/manual\/wp-content\/uploads\/2024\/11\/image-11-300x70.png 300w, https:\/\/uniremunicipios.com.ar\/manual\/wp-content\/uploads\/2024\/11\/image-11-768x179.png 768w\" sizes=\"auto, (max-width: 621px) 100vw, 621px\" \/><\/p>\r\n\r\n\r\n\r\n<figure class=\"wp-block-image\"><\/figure>\r\n\r\n\r\n\r\n<p>&nbsp;<\/p>\r\n\r\n\r\n\r\n<p>CARGA HORARIOS MARCADO<\/p>\r\n\r\n\r\n\r\n<p>En el m\u00f3dulo de recursos humanos, se cargan \u00a0los horarios de marcado, que pueden ser\u00a0 fijos o rotativos<\/p>\r\n\r\n\r\n\r\n<figure class=\"wp-block-image\"><img loading=\"lazy\" decoding=\"async\" width=\"351\" height=\"92\" class=\"wp-image-55\" src=\"http:\/\/uniremunicipios.com.ar\/manual\/wp-content\/uploads\/2019\/05\/5.png\" alt=\"\" srcset=\"https:\/\/uniremunicipios.com.ar\/manual\/wp-content\/uploads\/2019\/05\/5.png 351w, https:\/\/uniremunicipios.com.ar\/manual\/wp-content\/uploads\/2019\/05\/5-300x79.png 300w\" sizes=\"auto, (max-width: 351px) 100vw, 351px\" \/><\/figure>\r\n\r\n\r\n\r\n<figure class=\"wp-block-image\"><img loading=\"lazy\" decoding=\"async\" width=\"612\" height=\"332\" class=\"wp-image-56\" src=\"http:\/\/uniremunicipios.com.ar\/manual\/wp-content\/uploads\/2019\/05\/6.png\" alt=\"\" srcset=\"https:\/\/uniremunicipios.com.ar\/manual\/wp-content\/uploads\/2019\/05\/6.png 612w, https:\/\/uniremunicipios.com.ar\/manual\/wp-content\/uploads\/2019\/05\/6-300x163.png 300w\" sizes=\"auto, (max-width: 612px) 100vw, 612px\" \/><\/figure>\r\n\r\n\r\n\r\n<figure class=\"wp-block-image\"><img loading=\"lazy\" decoding=\"async\" width=\"35\" height=\"40\" class=\"wp-image-57\" src=\"http:\/\/uniremunicipios.com.ar\/manual\/wp-content\/uploads\/2019\/05\/7.png\" alt=\"\" \/><\/figure>\r\n\r\n\r\n\r\n<figure class=\"wp-block-image\"><img loading=\"lazy\" decoding=\"async\" width=\"617\" height=\"329\" class=\"wp-image-58\" src=\"http:\/\/uniremunicipios.com.ar\/manual\/wp-content\/uploads\/2019\/05\/8.png\" alt=\"\" srcset=\"https:\/\/uniremunicipios.com.ar\/manual\/wp-content\/uploads\/2019\/05\/8.png 617w, https:\/\/uniremunicipios.com.ar\/manual\/wp-content\/uploads\/2019\/05\/8-300x160.png 300w\" sizes=\"auto, (max-width: 617px) 100vw, 617px\" \/><\/figure>\r\n\r\n\r\n\r\n<figure class=\"wp-block-image\"><img loading=\"lazy\" decoding=\"async\" width=\"471\" height=\"172\" class=\"wp-image-59\" src=\"http:\/\/uniremunicipios.com.ar\/manual\/wp-content\/uploads\/2019\/05\/9.png\" alt=\"\" srcset=\"https:\/\/uniremunicipios.com.ar\/manual\/wp-content\/uploads\/2019\/05\/9.png 471w, https:\/\/uniremunicipios.com.ar\/manual\/wp-content\/uploads\/2019\/05\/9-300x110.png 300w\" sizes=\"auto, (max-width: 471px) 100vw, 471px\" \/><\/figure>\r\n\r\n\r\n\r\n<p>&nbsp;<\/p>\r\n\r\n\r\n\r\n<p>&nbsp;<\/p>\r\n\r\n\r\n\r\n<p>DESPU\u00c9S DE HABER HECHO LA BAJADA DE LOS HORARIOS REGISTRADOS EN EL RELOJ<\/p>\r\n\r\n\r\n\r\n<figure class=\"wp-block-image\"><img loading=\"lazy\" decoding=\"async\" width=\"323\" height=\"88\" class=\"wp-image-60\" src=\"http:\/\/uniremunicipios.com.ar\/manual\/wp-content\/uploads\/2019\/05\/10.png\" alt=\"\" srcset=\"https:\/\/uniremunicipios.com.ar\/manual\/wp-content\/uploads\/2019\/05\/10.png 323w, https:\/\/uniremunicipios.com.ar\/manual\/wp-content\/uploads\/2019\/05\/10-300x82.png 300w\" sizes=\"auto, (max-width: 323px) 100vw, 323px\" \/><\/figure>\r\n\r\n\r\n\r\n<p>SE DEBE ELEGIR LA FECHA SOBRE LA QUE QUIERO TRABAJAR Y CONTROLAR<\/p>\r\n\r\n\r\n\r\n<figure class=\"wp-block-image\"><img loading=\"lazy\" decoding=\"async\" width=\"446\" height=\"130\" class=\"wp-image-61\" src=\"http:\/\/uniremunicipios.com.ar\/manual\/wp-content\/uploads\/2019\/05\/11.png\" alt=\"\" srcset=\"https:\/\/uniremunicipios.com.ar\/manual\/wp-content\/uploads\/2019\/05\/11.png 446w, https:\/\/uniremunicipios.com.ar\/manual\/wp-content\/uploads\/2019\/05\/11-300x87.png 300w\" sizes=\"auto, (max-width: 446px) 100vw, 446px\" \/><\/figure>\r\n\r\n\r\n\r\n<p>EL SISTEMA TRAE TODAS LAS MARCADAS DEL D\u00cdA EN CUESTI\u00d3N<\/p>\r\n\r\n\r\n\r\n<figure class=\"wp-block-image\"><img loading=\"lazy\" decoding=\"async\" width=\"1003\" height=\"443\" class=\"wp-image-62\" src=\"http:\/\/uniremunicipios.com.ar\/manual\/wp-content\/uploads\/2019\/05\/12.png\" alt=\"\" srcset=\"https:\/\/uniremunicipios.com.ar\/manual\/wp-content\/uploads\/2019\/05\/12.png 1003w, https:\/\/uniremunicipios.com.ar\/manual\/wp-content\/uploads\/2019\/05\/12-300x133.png 300w, https:\/\/uniremunicipios.com.ar\/manual\/wp-content\/uploads\/2019\/05\/12-768x339.png 768w\" sizes=\"auto, (max-width: 1003px) 100vw, 1003px\" \/><\/figure>\r\n\r\n\r\n\r\n<p>SI HAY MARCADAS REPETIDAS O EN UN RANGO M\u00cdNIMO DE MINUTOS (CONFIGURADOS PREVIAMENTE) DEJA ACTIVA LA PRIMER MARCADA EN DICHO RANGO<\/p>\r\n\r\n\r\n\r\n<figure class=\"wp-block-image\"><img loading=\"lazy\" decoding=\"async\" width=\"530\" height=\"570\" class=\"wp-image-63\" src=\"http:\/\/uniremunicipios.com.ar\/manual\/wp-content\/uploads\/2019\/05\/13.png\" alt=\"\" srcset=\"https:\/\/uniremunicipios.com.ar\/manual\/wp-content\/uploads\/2019\/05\/13.png 530w, https:\/\/uniremunicipios.com.ar\/manual\/wp-content\/uploads\/2019\/05\/13-279x300.png 279w\" sizes=\"auto, (max-width: 530px) 100vw, 530px\" \/><\/figure>\r\n\r\n\r\n\r\n\r\n\r\n<p>EN LA PANTALLA PUEDEN VERSE LAS INASISTENCIAS REGISTRADAS, AS\u00cd COMO TAMBI\u00c9N LAS HORAS EXTRAS<\/p>\r\n\r\n\r\n\r\n<figure class=\"wp-block-image\"><img loading=\"lazy\" decoding=\"async\" width=\"360\" height=\"168\" class=\"wp-image-65\" src=\"http:\/\/uniremunicipios.com.ar\/manual\/wp-content\/uploads\/2019\/05\/15.png\" alt=\"\" srcset=\"https:\/\/uniremunicipios.com.ar\/manual\/wp-content\/uploads\/2019\/05\/15.png 360w, https:\/\/uniremunicipios.com.ar\/manual\/wp-content\/uploads\/2019\/05\/15-300x140.png 300w\" sizes=\"auto, (max-width: 360px) 100vw, 360px\" \/><\/figure>\r\n\r\n\r\n\r\n<p>.<\/p>\r\n\r\n\r\n\r\n<p>.<\/p>\r\n\r\n\r\n\r\n<p><strong>Desde el empleado<\/strong> pueden registrarse o consultarse las marcadas, inasistencias, horas extras, compensatorios, horarios de marcado<\/p>\r\n\r\n\r\n\r\n<p>\u00a0<strong>INGRESANDO POR (desde el modulo de RRHH o el de Personal)<\/strong><\/p>\r\n\r\n\r\n\r\n<figure class=\"wp-block-image\"><img loading=\"lazy\" decoding=\"async\" width=\"63\" height=\"48\" class=\"wp-image-66\" src=\"http:\/\/uniremunicipios.com.ar\/manual\/wp-content\/uploads\/2019\/05\/16.png\" alt=\"\" \/><\/figure>\r\n\r\n\r\n\r\n<figure class=\"wp-block-image\"><img loading=\"lazy\" decoding=\"async\" width=\"249\" height=\"97\" class=\"wp-image-67\" src=\"http:\/\/uniremunicipios.com.ar\/manual\/wp-content\/uploads\/2019\/05\/17.png\" alt=\"\" \/><\/figure>\r\n\r\n\r\n\r\n<figure class=\"wp-block-image\"><img loading=\"lazy\" decoding=\"async\" width=\"136\" height=\"25\" class=\"wp-image-68\" src=\"http:\/\/uniremunicipios.com.ar\/manual\/wp-content\/uploads\/2019\/05\/18.png\" alt=\"\" \/><\/figure>\r\n\r\n\r\n\r\n<figure class=\"wp-block-image\"><img loading=\"lazy\" decoding=\"async\" width=\"696\" height=\"324\" class=\"wp-image-69\" src=\"http:\/\/uniremunicipios.com.ar\/manual\/wp-content\/uploads\/2019\/05\/19.png\" alt=\"\" srcset=\"https:\/\/uniremunicipios.com.ar\/manual\/wp-content\/uploads\/2019\/05\/19.png 696w, https:\/\/uniremunicipios.com.ar\/manual\/wp-content\/uploads\/2019\/05\/19-300x140.png 300w\" sizes=\"auto, (max-width: 696px) 100vw, 696px\" \/><\/figure>\r\n\r\n\r\n\r\n<p>Desde aqu\u00ed se pueden agregar, modificar o cambiar de estado los horarios de los empleados.<\/p>\r\n\r\n\r\n\r\n<figure class=\"wp-block-image\"><img loading=\"lazy\" decoding=\"async\" width=\"106\" height=\"25\" class=\"wp-image-70\" src=\"http:\/\/uniremunicipios.com.ar\/manual\/wp-content\/uploads\/2019\/05\/20.png\" alt=\"\" \/><\/figure>\r\n\r\n\r\n\r\n<figure class=\"wp-block-image\"><img loading=\"lazy\" decoding=\"async\" width=\"674\" height=\"352\" class=\"wp-image-71\" src=\"http:\/\/uniremunicipios.com.ar\/manual\/wp-content\/uploads\/2019\/05\/21.png\" alt=\"\" srcset=\"https:\/\/uniremunicipios.com.ar\/manual\/wp-content\/uploads\/2019\/05\/21.png 674w, https:\/\/uniremunicipios.com.ar\/manual\/wp-content\/uploads\/2019\/05\/21-300x157.png 300w\" sizes=\"auto, (max-width: 674px) 100vw, 674px\" \/><\/figure>\r\n\r\n\r\n\r\n<figure class=\"wp-block-image\"><img loading=\"lazy\" decoding=\"async\" width=\"169\" height=\"20\" class=\"wp-image-72\" src=\"http:\/\/uniremunicipios.com.ar\/manual\/wp-content\/uploads\/2019\/05\/22.png\" alt=\"\" \/><\/figure>\r\n<p>\u00a0 \u00a0 \u00a0 \u00a0 \u00a0 <img loading=\"lazy\" decoding=\"async\" width=\"742\" height=\"390\" class=\"wp-image-64\" src=\"http:\/\/uniremunicipios.com.ar\/manual\/wp-content\/uploads\/2019\/05\/14.png\" alt=\"\" srcset=\"https:\/\/uniremunicipios.com.ar\/manual\/wp-content\/uploads\/2019\/05\/14.png 742w, https:\/\/uniremunicipios.com.ar\/manual\/wp-content\/uploads\/2019\/05\/14-300x158.png 300w\" sizes=\"auto, (max-width: 742px) 100vw, 742px\" \/><\/p>\r\n\r\n\r\n\r\n<figure class=\"wp-block-image\"><img loading=\"lazy\" decoding=\"async\" width=\"174\" height=\"19\" class=\"wp-image-73\" src=\"http:\/\/uniremunicipios.com.ar\/manual\/wp-content\/uploads\/2019\/05\/23.png\" alt=\"\" \/><\/figure>\r\n\r\n\r\n\r\n<figure class=\"wp-block-image\"><img loading=\"lazy\" decoding=\"async\" width=\"988\" height=\"419\" class=\"wp-image-74\" src=\"http:\/\/uniremunicipios.com.ar\/manual\/wp-content\/uploads\/2019\/05\/24.png\" alt=\"\" srcset=\"https:\/\/uniremunicipios.com.ar\/manual\/wp-content\/uploads\/2019\/05\/24.png 988w, https:\/\/uniremunicipios.com.ar\/manual\/wp-content\/uploads\/2019\/05\/24-300x127.png 300w, https:\/\/uniremunicipios.com.ar\/manual\/wp-content\/uploads\/2019\/05\/24-768x326.png 768w\" sizes=\"auto, (max-width: 988px) 100vw, 988px\" \/><\/figure>\r\n\r\n\r\n\r\n<p>SE PUEDEN VOLVER A LIQUIDAR LAS MARCADAS, BORRAR Y VOLVER A LIQUIDAR UNA Y TODAS<\/p>\r\n\r\n\r\n\r\n<figure class=\"wp-block-image\"><img loading=\"lazy\" decoding=\"async\" width=\"139\" height=\"45\" class=\"wp-image-75\" src=\"http:\/\/uniremunicipios.com.ar\/manual\/wp-content\/uploads\/2019\/05\/25.png\" alt=\"\" \/><\/figure>\r\n\r\n\r\n\r\n<figure class=\"wp-block-image\"><img loading=\"lazy\" decoding=\"async\" width=\"555\" height=\"146\" class=\"wp-image-76\" src=\"http:\/\/uniremunicipios.com.ar\/manual\/wp-content\/uploads\/2019\/05\/26.png\" alt=\"\" srcset=\"https:\/\/uniremunicipios.com.ar\/manual\/wp-content\/uploads\/2019\/05\/26.png 555w, https:\/\/uniremunicipios.com.ar\/manual\/wp-content\/uploads\/2019\/05\/26-300x79.png 300w\" sizes=\"auto, (max-width: 555px) 100vw, 555px\" \/><\/figure>\r\n\r\n\r\n\r\n<figure class=\"wp-block-image\"><img loading=\"lazy\" decoding=\"async\" width=\"712\" height=\"95\" class=\"wp-image-77\" src=\"http:\/\/uniremunicipios.com.ar\/manual\/wp-content\/uploads\/2019\/05\/27.png\" alt=\"\" srcset=\"https:\/\/uniremunicipios.com.ar\/manual\/wp-content\/uploads\/2019\/05\/27.png 712w, https:\/\/uniremunicipios.com.ar\/manual\/wp-content\/uploads\/2019\/05\/27-300x40.png 300w\" sizes=\"auto, (max-width: 712px) 100vw, 712px\" \/><\/figure>\r\n\r\n\r\n\r\n<p>DESDE LA FALTA SE LLEGA AL MOTIVO, JUSTIFICADO O NO<\/p>\r\n\r\n\r\n\r\n<figure class=\"wp-block-image\"><img loading=\"lazy\" decoding=\"async\" width=\"105\" height=\"23\" class=\"wp-image-78\" src=\"http:\/\/uniremunicipios.com.ar\/manual\/wp-content\/uploads\/2019\/05\/28.png\" alt=\"\" \/><\/figure>\r\n\r\n\r\n\r\n<figure class=\"wp-block-image\"><img loading=\"lazy\" decoding=\"async\" width=\"513\" height=\"126\" class=\"wp-image-79\" src=\"http:\/\/uniremunicipios.com.ar\/manual\/wp-content\/uploads\/2019\/05\/29.png\" alt=\"\" srcset=\"https:\/\/uniremunicipios.com.ar\/manual\/wp-content\/uploads\/2019\/05\/29.png 513w, https:\/\/uniremunicipios.com.ar\/manual\/wp-content\/uploads\/2019\/05\/29-300x74.png 300w\" sizes=\"auto, (max-width: 513px) 100vw, 513px\" \/><\/figure>\r\n\r\n\r\n\r\n<figure class=\"wp-block-image\"><img loading=\"lazy\" decoding=\"async\" width=\"705\" height=\"91\" class=\"wp-image-80\" src=\"http:\/\/uniremunicipios.com.ar\/manual\/wp-content\/uploads\/2019\/05\/30.png\" alt=\"\" srcset=\"https:\/\/uniremunicipios.com.ar\/manual\/wp-content\/uploads\/2019\/05\/30.png 705w, https:\/\/uniremunicipios.com.ar\/manual\/wp-content\/uploads\/2019\/05\/30-300x39.png 300w\" sizes=\"auto, (max-width: 705px) 100vw, 705px\" \/><\/figure>\r\n\r\n\r\n\r\n<p>TAMBI\u00c9N MUESTRA LAS HORAS DE M\u00c1S, QUE PUEDEN TENER UNA SOLICITUD DE HORA EXTRA, O COMPENSACI\u00d3N O NO, A POSTERIORI EL EMPLEADO SOLICITA EL PAGO\u00a0 O LA COMPENSACI\u00d3N<\/p>\r\n\r\n\r\n\r\n<figure class=\"wp-block-image\"><img loading=\"lazy\" decoding=\"async\" width=\"874\" height=\"83\" class=\"wp-image-81\" src=\"http:\/\/uniremunicipios.com.ar\/manual\/wp-content\/uploads\/2019\/05\/31.png\" alt=\"\" srcset=\"https:\/\/uniremunicipios.com.ar\/manual\/wp-content\/uploads\/2019\/05\/31.png 874w, https:\/\/uniremunicipios.com.ar\/manual\/wp-content\/uploads\/2019\/05\/31-300x28.png 300w, https:\/\/uniremunicipios.com.ar\/manual\/wp-content\/uploads\/2019\/05\/31-768x73.png 768w\" sizes=\"auto, (max-width: 874px) 100vw, 874px\" \/><\/figure>\r\n\r\n\r\n\r\n<figure class=\"wp-block-image\"><img loading=\"lazy\" decoding=\"async\" width=\"100\" height=\"24\" class=\"wp-image-82\" src=\"http:\/\/uniremunicipios.com.ar\/manual\/wp-content\/uploads\/2019\/05\/32.png\" alt=\"\" \/><\/figure>\r\n\r\n\r\n\r\n<figure class=\"wp-block-image\"><img loading=\"lazy\" decoding=\"async\" width=\"897\" height=\"386\" class=\"wp-image-83\" src=\"http:\/\/uniremunicipios.com.ar\/manual\/wp-content\/uploads\/2019\/05\/33.png\" alt=\"\" srcset=\"https:\/\/uniremunicipios.com.ar\/manual\/wp-content\/uploads\/2019\/05\/33.png 897w, https:\/\/uniremunicipios.com.ar\/manual\/wp-content\/uploads\/2019\/05\/33-300x129.png 300w, https:\/\/uniremunicipios.com.ar\/manual\/wp-content\/uploads\/2019\/05\/33-768x330.png 768w\" sizes=\"auto, (max-width: 897px) 100vw, 897px\" \/><\/figure>\r\n\r\n\r\n\r\n<p>SE VEN LAS TARDANZAS, QUE PUEDEN INFORMARSE O NO, DEPENDIENDO DE LAS DIRECTIVAS RECIBIDAS AL RESPECTO<\/p>\r\n\r\n\r\n\r\n<figure class=\"wp-block-image\"><img loading=\"lazy\" decoding=\"async\" width=\"722\" height=\"107\" class=\"wp-image-84\" src=\"http:\/\/uniremunicipios.com.ar\/manual\/wp-content\/uploads\/2019\/05\/34.png\" alt=\"\" srcset=\"https:\/\/uniremunicipios.com.ar\/manual\/wp-content\/uploads\/2019\/05\/34.png 722w, https:\/\/uniremunicipios.com.ar\/manual\/wp-content\/uploads\/2019\/05\/34-300x44.png 300w\" sizes=\"auto, (max-width: 722px) 100vw, 722px\" \/><\/figure>\r\n\r\n\r\n\r\n<p>SI SE CONFIRMAN, SE ACT\u00daA DE LA SIGUIENTE MANERA<\/p>\r\n\r\n\r\n\r\n<figure class=\"wp-block-image\"><img loading=\"lazy\" decoding=\"async\" width=\"110\" height=\"26\" class=\"wp-image-85\" src=\"http:\/\/uniremunicipios.com.ar\/manual\/wp-content\/uploads\/2019\/05\/35.png\" alt=\"\" \/><\/figure>\r\n\r\n\r\n\r\n<figure class=\"wp-block-image\"><img loading=\"lazy\" decoding=\"async\" width=\"593\" height=\"358\" class=\"wp-image-86\" src=\"http:\/\/uniremunicipios.com.ar\/manual\/wp-content\/uploads\/2019\/05\/36.png\" alt=\"\" srcset=\"https:\/\/uniremunicipios.com.ar\/manual\/wp-content\/uploads\/2019\/05\/36.png 593w, https:\/\/uniremunicipios.com.ar\/manual\/wp-content\/uploads\/2019\/05\/36-300x181.png 300w\" sizes=\"auto, (max-width: 593px) 100vw, 593px\" \/><\/figure>\r\n\r\n\r\n\r\n<figure class=\"wp-block-image\"><img loading=\"lazy\" decoding=\"async\" width=\"658\" height=\"403\" class=\"wp-image-87\" src=\"http:\/\/uniremunicipios.com.ar\/manual\/wp-content\/uploads\/2019\/05\/37.png\" alt=\"\" srcset=\"https:\/\/uniremunicipios.com.ar\/manual\/wp-content\/uploads\/2019\/05\/37.png 658w, https:\/\/uniremunicipios.com.ar\/manual\/wp-content\/uploads\/2019\/05\/37-300x184.png 300w\" sizes=\"auto, (max-width: 658px) 100vw, 658px\" \/><\/figure>\r\n\r\n\r\n\r\n<figure class=\"wp-block-image\"><img loading=\"lazy\" decoding=\"async\" width=\"724\" height=\"104\" class=\"wp-image-88\" src=\"http:\/\/uniremunicipios.com.ar\/manual\/wp-content\/uploads\/2019\/05\/38.png\" alt=\"\" srcset=\"https:\/\/uniremunicipios.com.ar\/manual\/wp-content\/uploads\/2019\/05\/38.png 724w, https:\/\/uniremunicipios.com.ar\/manual\/wp-content\/uploads\/2019\/05\/38-300x43.png 300w\" sizes=\"auto, (max-width: 724px) 100vw, 724px\" \/><\/figure>\r\n\r\n\r\n\r\n<figure>CUANDO EL RELOJ MUESTRA &#8220;FALTA MARCAS&#8221;, PUEDE SUCEDER QUE EL EMPLEADO FALT\u00d3<\/figure>\r\n<figure class=\"wp-block-image\"><img loading=\"lazy\" decoding=\"async\" width=\"613\" height=\"168\" class=\"wp-image-89\" src=\"http:\/\/uniremunicipios.com.ar\/manual\/wp-content\/uploads\/2019\/05\/39.png\" alt=\"\" srcset=\"https:\/\/uniremunicipios.com.ar\/manual\/wp-content\/uploads\/2019\/05\/39.png 613w, https:\/\/uniremunicipios.com.ar\/manual\/wp-content\/uploads\/2019\/05\/39-300x82.png 300w\" sizes=\"auto, (max-width: 613px) 100vw, 613px\" \/><\/figure>\r\n\r\n\r\n\r\n<p>&nbsp;<\/p>\r\n\r\n\r\n\r\n<p>EN ESE CASO PUEDE CARGARSE UNA INASISTENCIA<\/p>\r\n\r\n\r\n\r\n<figure class=\"wp-block-image\"><img loading=\"lazy\" decoding=\"async\" width=\"650\" height=\"397\" class=\"wp-image-90\" src=\"http:\/\/uniremunicipios.com.ar\/manual\/wp-content\/uploads\/2019\/05\/40.png\" alt=\"\" srcset=\"https:\/\/uniremunicipios.com.ar\/manual\/wp-content\/uploads\/2019\/05\/40.png 650w, https:\/\/uniremunicipios.com.ar\/manual\/wp-content\/uploads\/2019\/05\/40-300x183.png 300w\" sizes=\"auto, (max-width: 650px) 100vw, 650px\" \/><\/figure>\r\n\r\n\r\n\r\n<figure class=\"wp-block-image\"><img loading=\"lazy\" decoding=\"async\" width=\"583\" height=\"355\" class=\"wp-image-91\" src=\"http:\/\/uniremunicipios.com.ar\/manual\/wp-content\/uploads\/2019\/05\/41.png\" alt=\"\" srcset=\"https:\/\/uniremunicipios.com.ar\/manual\/wp-content\/uploads\/2019\/05\/41.png 583w, https:\/\/uniremunicipios.com.ar\/manual\/wp-content\/uploads\/2019\/05\/41-300x183.png 300w\" sizes=\"auto, (max-width: 583px) 100vw, 583px\" \/><\/figure>\r\n\r\n\r\n\r\n<p>UNA VEZ CARGADA MUESTRA SI ES JUSTIFICADA O NO<\/p>\r\n\r\n\r\n\r\n<figure class=\"wp-block-image\"><img loading=\"lazy\" decoding=\"async\" width=\"718\" height=\"169\" class=\"wp-image-92\" src=\"http:\/\/uniremunicipios.com.ar\/manual\/wp-content\/uploads\/2019\/05\/42.png\" alt=\"\" srcset=\"https:\/\/uniremunicipios.com.ar\/manual\/wp-content\/uploads\/2019\/05\/42.png 718w, https:\/\/uniremunicipios.com.ar\/manual\/wp-content\/uploads\/2019\/05\/42-300x71.png 300w\" sizes=\"auto, (max-width: 718px) 100vw, 718px\" \/><\/figure>\r\n","protected":false},"excerpt":{"rendered":"<p>BAJADAS MARCADAS RELOJ Las marcadas en el reloj originan archivos que pueden bajarse dentro del sistema, para el control de inasistencias, horas extras, licencias y brindar informaci\u00f3n necesaria para liquidar sueldos. Como primer medida el municipio o el encargado de c\u00f3mputos del lugar, debe proveer un archivo que saque del reloj para preparar el formato [&hellip;]<\/p>\n","protected":false},"author":3,"featured_media":0,"parent":28,"menu_order":375,"comment_status":"closed","ping_status":"closed","template":"","meta":{"footnotes":""},"class_list":["post-50","page","type-page","status-publish","hentry"],"_links":{"self":[{"href":"https:\/\/uniremunicipios.com.ar\/manual\/index.php?rest_route=\/wp\/v2\/pages\/50","targetHints":{"allow":["GET"]}}],"collection":[{"href":"https:\/\/uniremunicipios.com.ar\/manual\/index.php?rest_route=\/wp\/v2\/pages"}],"about":[{"href":"https:\/\/uniremunicipios.com.ar\/manual\/index.php?rest_route=\/wp\/v2\/types\/page"}],"author":[{"embeddable":true,"href":"https:\/\/uniremunicipios.com.ar\/manual\/index.php?rest_route=\/wp\/v2\/users\/3"}],"replies":[{"embeddable":true,"href":"https:\/\/uniremunicipios.com.ar\/manual\/index.php?rest_route=%2Fwp%2Fv2%2Fcomments&post=50"}],"version-history":[{"count":14,"href":"https:\/\/uniremunicipios.com.ar\/manual\/index.php?rest_route=\/wp\/v2\/pages\/50\/revisions"}],"predecessor-version":[{"id":6024,"href":"https:\/\/uniremunicipios.com.ar\/manual\/index.php?rest_route=\/wp\/v2\/pages\/50\/revisions\/6024"}],"up":[{"embeddable":true,"href":"https:\/\/uniremunicipios.com.ar\/manual\/index.php?rest_route=\/wp\/v2\/pages\/28"}],"wp:attachment":[{"href":"https:\/\/uniremunicipios.com.ar\/manual\/index.php?rest_route=%2Fwp%2Fv2%2Fmedia&parent=50"}],"curies":[{"name":"wp","href":"https:\/\/api.w.org\/{rel}","templated":true}]}}