{"id":5130,"date":"2024-12-12T13:26:17","date_gmt":"2024-12-12T16:26:17","guid":{"rendered":"https:\/\/uniremunicipios.com.ar\/manual\/?page_id=5130"},"modified":"2024-12-16T13:36:15","modified_gmt":"2024-12-16T16:36:15","slug":"proceso-valuatorio","status":"publish","type":"page","link":"https:\/\/uniremunicipios.com.ar\/manual\/?page_id=5130","title":{"rendered":"d. Proceso Valuatorio"},"content":{"rendered":"<p class=\"MsoNormal\" style=\"margin-bottom: 0cm; text-align: justify; line-height: 150%;\"><span lang=\"ES-AR\">Dentro del m\u00f3dulo de <strong>PROVE3<\/strong>:<\/span><\/p>\n<p class=\"MsoNormal\" style=\"margin-bottom: 0cm; text-align: justify; line-height: 150%;\"><span lang=\"ES-AR\">Primero ir a <strong>INGRESO ITEMS\/INGRESO DE ITEMS PARA PROCESO DE VALUACION<\/strong>.<\/span><\/p>\n<p><span lang=\"ES-AR\" style=\"font-size: 11.0pt; line-height: 107%; font-family: 'Calibri',sans-serif; mso-ascii-theme-font: minor-latin; mso-fareast-font-family: Calibri; mso-fareast-theme-font: minor-latin; mso-hansi-theme-font: minor-latin; mso-bidi-font-family: 'Times New Roman'; mso-bidi-theme-font: minor-bidi; mso-ansi-language: ES-AR; mso-fareast-language: EN-US; mso-bidi-language: AR-SA;\">Presionar <img loading=\"lazy\" decoding=\"async\" class=\"wp-image-5131 alignnone \" src=\"http:\/\/uniremunicipios.com.ar\/manual\/wp-content\/uploads\/2024\/10\/image-145.png\" alt=\"\" width=\"61\" height=\"53\" \/><\/span><\/p>\n<p><img loading=\"lazy\" decoding=\"async\" class=\"wp-image-5515 aligncenter\" src=\"http:\/\/uniremunicipios.com.ar\/manual\/wp-content\/uploads\/2024\/12\/image.png\" alt=\"\" width=\"438\" height=\"380\" srcset=\"https:\/\/uniremunicipios.com.ar\/manual\/wp-content\/uploads\/2024\/12\/image.png 646w, https:\/\/uniremunicipios.com.ar\/manual\/wp-content\/uploads\/2024\/12\/image-300x260.png 300w\" sizes=\"auto, (max-width: 438px) 100vw, 438px\" \/><\/p>\n<p>&nbsp;<\/p>\n<p class=\"MsoNormal\" style=\"margin-bottom: 0cm; text-align: justify; line-height: 150%;\"><span lang=\"ES-AR\">Seleccionar la fecha en la que fue requerido y Lugar de Entrega. El art\u00edculo del \u00edtem debe existir ya codificado, no se podr\u00e1 escribir cualquier nombre.<\/span><\/p>\n<p class=\"MsoNormal\" style=\"margin-bottom: 0cm; text-align: justify; line-height: 150%;\"><span lang=\"ES-AR\">Ingresar la cantidad requerida y seleccionar la unidad que corresponda.<\/span><\/p>\n<p>El precio a ingresar es estimativo, presionando <img loading=\"lazy\" decoding=\"async\" class=\"wp-image-5516 alignnone size-medium\" src=\"http:\/\/uniremunicipios.com.ar\/manual\/wp-content\/uploads\/2024\/12\/image-1.png\" alt=\"\" width=\"30\" height=\"27\" \/> trae el \u00faltimo precio pagado por ese art\u00edculo y, en total, se calcula el importe final.<\/p>\n<p class=\"MsoNormal\" style=\"margin-bottom: 0cm; text-align: justify; line-height: 150%;\"><span lang=\"ES-AR\">En observaci\u00f3n, agregar m\u00e1s detalles necesarios para completar el \u00edtem (Ej.: color, medidas y dem\u00e1s caracter\u00edsticas necesarias).<\/span><\/p>\n<p class=\"MsoNormal\" style=\"margin-bottom: 0cm; text-align: justify; line-height: 150%;\"><span lang=\"ES-AR\">Una vez generado el \u00edtem, presionar <img loading=\"lazy\" decoding=\"async\" class=\"wp-image-5519 alignnone size-medium\" src=\"http:\/\/uniremunicipios.com.ar\/manual\/wp-content\/uploads\/2024\/12\/image-3.png\" alt=\"\" width=\"59\" height=\"48\" \/> y cambiar el estado del mismo a VALUACION.<\/span><\/p>\n<p><img loading=\"lazy\" decoding=\"async\" class=\"wp-image-5518 aligncenter\" src=\"http:\/\/uniremunicipios.com.ar\/manual\/wp-content\/uploads\/2024\/12\/image-2.png\" alt=\"\" width=\"428\" height=\"274\" srcset=\"https:\/\/uniremunicipios.com.ar\/manual\/wp-content\/uploads\/2024\/12\/image-2.png 454w, https:\/\/uniremunicipios.com.ar\/manual\/wp-content\/uploads\/2024\/12\/image-2-300x192.png 300w\" sizes=\"auto, (max-width: 428px) 100vw, 428px\" \/><\/p>\n<p>Y el proceso pasar\u00e1 a la etapa <a href=\"https:\/\/uniremunicipios.com.ar\/manual\/?page_id=5517\"><em><strong>ITEMS PENDIENTES DE PROCESO DE VALUACION<\/strong><\/em><\/a><\/p>\n","protected":false},"excerpt":{"rendered":"<p>Dentro del m\u00f3dulo de PROVE3: Primero ir a INGRESO ITEMS\/INGRESO DE ITEMS PARA PROCESO DE VALUACION. Presionar &nbsp; Seleccionar la fecha en la que fue requerido y Lugar de Entrega. El art\u00edculo del \u00edtem debe existir ya codificado, no se podr\u00e1 escribir cualquier nombre. Ingresar la cantidad requerida y seleccionar la unidad que corresponda. El [&hellip;]<\/p>\n","protected":false},"author":9,"featured_media":0,"parent":9,"menu_order":4,"comment_status":"closed","ping_status":"closed","template":"","meta":{"footnotes":""},"class_list":["post-5130","page","type-page","status-publish","hentry"],"_links":{"self":[{"href":"https:\/\/uniremunicipios.com.ar\/manual\/index.php?rest_route=\/wp\/v2\/pages\/5130","targetHints":{"allow":["GET"]}}],"collection":[{"href":"https:\/\/uniremunicipios.com.ar\/manual\/index.php?rest_route=\/wp\/v2\/pages"}],"about":[{"href":"https:\/\/uniremunicipios.com.ar\/manual\/index.php?rest_route=\/wp\/v2\/types\/page"}],"author":[{"embeddable":true,"href":"https:\/\/uniremunicipios.com.ar\/manual\/index.php?rest_route=\/wp\/v2\/users\/9"}],"replies":[{"embeddable":true,"href":"https:\/\/uniremunicipios.com.ar\/manual\/index.php?rest_route=%2Fwp%2Fv2%2Fcomments&post=5130"}],"version-history":[{"count":14,"href":"https:\/\/uniremunicipios.com.ar\/manual\/index.php?rest_route=\/wp\/v2\/pages\/5130\/revisions"}],"predecessor-version":[{"id":5661,"href":"https:\/\/uniremunicipios.com.ar\/manual\/index.php?rest_route=\/wp\/v2\/pages\/5130\/revisions\/5661"}],"up":[{"embeddable":true,"href":"https:\/\/uniremunicipios.com.ar\/manual\/index.php?rest_route=\/wp\/v2\/pages\/9"}],"wp:attachment":[{"href":"https:\/\/uniremunicipios.com.ar\/manual\/index.php?rest_route=%2Fwp%2Fv2%2Fmedia&parent=5130"}],"curies":[{"name":"wp","href":"https:\/\/api.w.org\/{rel}","templated":true}]}}