{"id":517,"date":"2019-07-02T10:14:47","date_gmt":"2019-07-02T13:14:47","guid":{"rendered":"http:\/\/uniremunicipios.com.ar\/manual\/?page_id=517"},"modified":"2025-01-17T10:05:57","modified_gmt":"2025-01-17T13:05:57","slug":"analisis-de-recibos","status":"publish","type":"page","link":"https:\/\/uniremunicipios.com.ar\/manual\/?page_id=517","title":{"rendered":"Analisis de Recibos"},"content":{"rendered":"<p class=\"rvps5\"><span class=\"rvts58\">Permite realizar an\u00e1lisis sobre conjuntos\u00a0 de recibos en distintos sectores del municipio, como ser: Caja, Intimaciones, Convenio, Deudas.<\/span><\/p>\n<p class=\"rvps5\"><span class=\"rvts58\">Se puede observar lo cobrado, lo intimado, el cumplimiento, las deudas, etc., en cualquier momento que sea necesario o requerido, p<\/span><span class=\"rvts58\">udiendo trasladarse a una planilla de Excel o imprimirse de ser necesario.<\/span><\/p>\n<p class=\"rvps5\"><span class=\"rvts58\">ENTRANDO EN AN\u00c1LISIS<\/span><\/p>\n<p class=\"rvps5\"><img loading=\"lazy\" decoding=\"async\" class=\"alignnone wp-image-1032 \" src=\"http:\/\/uniremunicipios.com.ar\/manual\/wp-content\/uploads\/2019\/10\/Pasted-into-An\u00e1lisis-de-Recibos-2.png\" width=\"682\" height=\"499\" srcset=\"https:\/\/uniremunicipios.com.ar\/manual\/wp-content\/uploads\/2019\/10\/Pasted-into-An\u00e1lisis-de-Recibos-2.png 551w, https:\/\/uniremunicipios.com.ar\/manual\/wp-content\/uploads\/2019\/10\/Pasted-into-An\u00e1lisis-de-Recibos-2-300x219.png 300w\" sizes=\"auto, (max-width: 682px) 100vw, 682px\" \/><\/p>\n<p class=\"rvps5\"><span class=\"rvts58\">Si se analiza un Bien Imponible espec\u00edfico surgir\u00e1n otros an\u00e1lisis que podr\u00e1n ir conociendo, como por ejemplo en inmuebles urbanos<\/span><\/p>\n<p><img loading=\"lazy\" decoding=\"async\" class=\"wp-image-4654 alignnone size-medium\" src=\"http:\/\/uniremunicipios.com.ar\/manual\/wp-content\/uploads\/2024\/09\/image-65.png\" alt=\"\" width=\"40\" height=\"38\" \/><span class=\"rvts58\"> Analiza el conjunto de boletas por categor\u00eda de infraestructura<\/span><\/p>\n<h3>Para saber sobre la TGI URBANA<\/h3>\n<p>M\u00f3dulo: <em><strong>UNIRE IMPUESTO GENERAL<\/strong><\/em><\/p>\n<p>Men\u00fa: <em><strong>Impuestos \/ Tributos \/ Tributos inmueble urbanos<\/strong><\/em><\/p>\n<p>Seleccionar: <strong><em>Tasa General de Inmuebles Urbanos<\/em><\/strong><\/p>\n<p>Clic sobre el bot\u00f3n: Recibos por tributo <img loading=\"lazy\" decoding=\"async\" width=\"29\" height=\"30\" class=\"alignnone wp-image-1409 size-full\" src=\"http:\/\/uniremunicipios.com.ar\/manual\/wp-content\/uploads\/2019\/12\/Pasted-into-Analisis-de-Recibos-2.png\" \/><\/p>\n<p><img loading=\"lazy\" decoding=\"async\" width=\"219\" height=\"82\" class=\"alignnone wp-image-1030 size-full\" src=\"http:\/\/uniremunicipios.com.ar\/manual\/wp-content\/uploads\/2019\/10\/Pasted-into-An\u00e1lisis-de-Recibos.png\" \/><\/p>\n<p>Luego clic sobre el bot\u00f3n ANALISIS DE RECIBOS<\/p>\n<p>Y tenemos muchas opciones disponibles, por ejemplo por MES.<\/p>\n<p>Luego el resultado se puede exportar a un EXCEL.<\/p>\n<h3>Para un solo per\u00edodo de la TGI<\/h3>\n<p>M\u00f3dulo: <em><strong>UNIRE IMPUESTO GENERAL<\/strong><\/em><\/p>\n<p>Men\u00fa: <em><strong>Impuestos \/ Tributos \/ Tributos inmueble urbanos<\/strong><\/em><\/p>\n<p>Seleccionar: <em><strong>Tasa General de Inmuebles Urbanos<\/strong><\/em><\/p>\n<p>Clic sobre <img loading=\"lazy\" decoding=\"async\" width=\"43\" height=\"40\" class=\"alignnone wp-image-1407 size-full\" src=\"http:\/\/uniremunicipios.com.ar\/manual\/wp-content\/uploads\/2019\/12\/Pasted-into-Analisis-de-Recibos.png\" \/><\/p>\n<p>Seleccionamos el mes que queremos analizar<\/p>\n<p>Clic sobre el bot\u00f3n: Recibos del per\u00edodo <img loading=\"lazy\" decoding=\"async\" width=\"29\" height=\"30\" class=\"alignnone wp-image-1408 size-full\" src=\"http:\/\/uniremunicipios.com.ar\/manual\/wp-content\/uploads\/2019\/12\/Pasted-into-Analisis-de-Recibos-1.png\" \/><\/p>\n<p>Clic en <img loading=\"lazy\" decoding=\"async\" width=\"33\" height=\"30\" class=\"alignnone wp-image-1410 size-full\" src=\"http:\/\/uniremunicipios.com.ar\/manual\/wp-content\/uploads\/2019\/12\/Pasted-into-Analisis-de-Recibos-3.png\" \/><\/p>\n<p>Y elegir la opci\u00f3n deseada.<\/p>\n","protected":false},"excerpt":{"rendered":"<p>Permite realizar an\u00e1lisis sobre conjuntos\u00a0 de recibos en distintos sectores del municipio, como ser: Caja, Intimaciones, Convenio, Deudas. Se puede observar lo cobrado, lo intimado, el cumplimiento, las deudas, etc., en cualquier momento que sea necesario o requerido, pudiendo trasladarse a una planilla de Excel o imprimirse de ser necesario. ENTRANDO EN AN\u00c1LISIS Si se [&hellip;]<\/p>\n","protected":false},"author":4,"featured_media":0,"parent":515,"menu_order":0,"comment_status":"closed","ping_status":"closed","template":"","meta":{"footnotes":""},"class_list":["post-517","page","type-page","status-publish","hentry"],"_links":{"self":[{"href":"https:\/\/uniremunicipios.com.ar\/manual\/index.php?rest_route=\/wp\/v2\/pages\/517","targetHints":{"allow":["GET"]}}],"collection":[{"href":"https:\/\/uniremunicipios.com.ar\/manual\/index.php?rest_route=\/wp\/v2\/pages"}],"about":[{"href":"https:\/\/uniremunicipios.com.ar\/manual\/index.php?rest_route=\/wp\/v2\/types\/page"}],"author":[{"embeddable":true,"href":"https:\/\/uniremunicipios.com.ar\/manual\/index.php?rest_route=\/wp\/v2\/users\/4"}],"replies":[{"embeddable":true,"href":"https:\/\/uniremunicipios.com.ar\/manual\/index.php?rest_route=%2Fwp%2Fv2%2Fcomments&post=517"}],"version-history":[{"count":10,"href":"https:\/\/uniremunicipios.com.ar\/manual\/index.php?rest_route=\/wp\/v2\/pages\/517\/revisions"}],"predecessor-version":[{"id":5844,"href":"https:\/\/uniremunicipios.com.ar\/manual\/index.php?rest_route=\/wp\/v2\/pages\/517\/revisions\/5844"}],"up":[{"embeddable":true,"href":"https:\/\/uniremunicipios.com.ar\/manual\/index.php?rest_route=\/wp\/v2\/pages\/515"}],"wp:attachment":[{"href":"https:\/\/uniremunicipios.com.ar\/manual\/index.php?rest_route=%2Fwp%2Fv2%2Fmedia&parent=517"}],"curies":[{"name":"wp","href":"https:\/\/api.w.org\/{rel}","templated":true}]}}