{"id":523,"date":"2019-07-02T10:23:29","date_gmt":"2019-07-02T13:23:29","guid":{"rendered":"http:\/\/uniremunicipios.com.ar\/manual\/?page_id=523"},"modified":"2021-08-18T11:05:53","modified_gmt":"2021-08-18T14:05:53","slug":"cancelacion-anticipada-cuotas-convenio","status":"publish","type":"page","link":"https:\/\/uniremunicipios.com.ar\/manual\/?page_id=523","title":{"rendered":"Cancelaci\u00f3n anticipada cuotas convenio"},"content":{"rendered":"<p class=\"rvps2\"><span class=\"rvts6\">Para el caso de que un contribuyente se presente a cancelar anticipadamente el saldo de cuotas de un convenio de pago vigente.<\/span><\/p>\n<p>Posicionarse sobre el convenio y en la barra de botones<\/p>\n<p><img loading=\"lazy\" decoding=\"async\" width=\"707\" height=\"192\" class=\"alignnone wp-image-2928 size-full\" src=\"http:\/\/uniremunicipios.com.ar\/manual\/wp-content\/uploads\/2021\/08\/Pasted-into-Cancelacion-anticipada-cuotas-convenio.png\" srcset=\"https:\/\/uniremunicipios.com.ar\/manual\/wp-content\/uploads\/2021\/08\/Pasted-into-Cancelacion-anticipada-cuotas-convenio.png 707w, https:\/\/uniremunicipios.com.ar\/manual\/wp-content\/uploads\/2021\/08\/Pasted-into-Cancelacion-anticipada-cuotas-convenio-300x81.png 300w\" sizes=\"auto, (max-width: 707px) 100vw, 707px\" \/><\/p>\n<p class=\"rvps2\"><span class=\"rvts6\">el sistema tiene un bot\u00f3n <img decoding=\"async\" src=\"data:image\/png;base64,iVBORw0KGgoAAAANSUhEUgAAABcAAAAdCAYAAABBsffGAAABCklEQVRIDe2VSxLCIAyGwfECspAzuvEMnsGNZ8RFPYLyd8w0EwIEHXbNDFOax5cUAvVpWd5ukhwmcVfsDldX96hpYwiauqrLTaHaVDg8awGS0irEvKHxFBzGiFQr55B436DRBZeu+jLwGMy7cIABo6rTK8+\/OgmT7+Zl4YHWyn+C80St+VS4lxfXebDHqfKn0utTKy\/gqMDncvDkw+eLGWO13zY7+dIX8GcB58Z\/5104P0CjyYoNBQD3Bb9bZALqc+knk3dPKALkCYWuB4aPCQ5HHHsSCxi+VTgANeFLVvOBXoVbg1tg2Lrd0gO07DtcXR11Q8nzkf84mlzyn8kiTTgAEoSEGFKvJfsAESdlfq6cPGMAAAAASUVORK5CYII=\" \/><\/span><span class=\"rvts6\">\u00a0 \u00a0que permite esta operatoria. <\/span><\/p>\n<p class=\"rvps2\"><span class=\"rvts6\">Con la seguridad de que el contribuyente cancelar\u00e1 ese d\u00eda el total de las cuotas anticipadas, ese bot\u00f3n emite una nota de cr\u00e9dito (que se puede imprimir o simplemente aceptar).<\/span><\/p>\n<p class=\"rvps2\"><span class=\"rvts6\">Luego se hace una <strong>Liquidaci\u00f3n de pago<\/strong> por las cuotas restantes del convenio incluyendo la nota de cr\u00e9dito, se imprime y se pasa por Caja.<\/span><\/p>\n","protected":false},"excerpt":{"rendered":"<p>Para el caso de que un contribuyente se presente a cancelar anticipadamente el saldo de cuotas de un convenio de pago vigente. Posicionarse sobre el convenio y en la barra de botones el sistema tiene un bot\u00f3n \u00a0 \u00a0que permite esta operatoria. Con la seguridad de que el contribuyente cancelar\u00e1 ese d\u00eda el total de [&hellip;]<\/p>\n","protected":false},"author":4,"featured_media":0,"parent":515,"menu_order":6,"comment_status":"closed","ping_status":"closed","template":"","meta":{"footnotes":""},"class_list":["post-523","page","type-page","status-publish","hentry"],"_links":{"self":[{"href":"https:\/\/uniremunicipios.com.ar\/manual\/index.php?rest_route=\/wp\/v2\/pages\/523","targetHints":{"allow":["GET"]}}],"collection":[{"href":"https:\/\/uniremunicipios.com.ar\/manual\/index.php?rest_route=\/wp\/v2\/pages"}],"about":[{"href":"https:\/\/uniremunicipios.com.ar\/manual\/index.php?rest_route=\/wp\/v2\/types\/page"}],"author":[{"embeddable":true,"href":"https:\/\/uniremunicipios.com.ar\/manual\/index.php?rest_route=\/wp\/v2\/users\/4"}],"replies":[{"embeddable":true,"href":"https:\/\/uniremunicipios.com.ar\/manual\/index.php?rest_route=%2Fwp%2Fv2%2Fcomments&post=523"}],"version-history":[{"count":5,"href":"https:\/\/uniremunicipios.com.ar\/manual\/index.php?rest_route=\/wp\/v2\/pages\/523\/revisions"}],"predecessor-version":[{"id":2931,"href":"https:\/\/uniremunicipios.com.ar\/manual\/index.php?rest_route=\/wp\/v2\/pages\/523\/revisions\/2931"}],"up":[{"embeddable":true,"href":"https:\/\/uniremunicipios.com.ar\/manual\/index.php?rest_route=\/wp\/v2\/pages\/515"}],"wp:attachment":[{"href":"https:\/\/uniremunicipios.com.ar\/manual\/index.php?rest_route=%2Fwp%2Fv2%2Fmedia&parent=523"}],"curies":[{"name":"wp","href":"https:\/\/api.w.org\/{rel}","templated":true}]}}