{"id":531,"date":"2019-07-02T11:00:14","date_gmt":"2019-07-02T14:00:14","guid":{"rendered":"http:\/\/uniremunicipios.com.ar\/manual\/?page_id=531"},"modified":"2023-08-24T09:21:00","modified_gmt":"2023-08-24T12:21:00","slug":"rectificativas","status":"publish","type":"page","link":"https:\/\/uniremunicipios.com.ar\/manual\/?page_id=531","title":{"rendered":"Rectificativas"},"content":{"rendered":"<p>Dentro de la ventana COMERCIOS<\/p>\n<p><img loading=\"lazy\" decoding=\"async\" width=\"218\" height=\"261\" class=\"alignnone wp-image-4221 size-full\" src=\"http:\/\/uniremunicipios.com.ar\/manual\/wp-content\/uploads\/2023\/08\/Pasted-into-Rectificativas.png\" \/><\/p>\n<hr \/>\n<p class=\"rvps5\"><span class=\"rvts59\">Cuando un contribuyente debe rectificar un valor pero a\u00fan no ha pagado el recibo original del DReI realiza una\u00a0<\/span><span class=\"rvts104\">\u201c<strong>Rectificativa IMPAGA<\/strong>\u201d<\/span><span class=\"rvts59\">. Esto anula el recibo anterior y regenera un nuevo recibo con el importe correcto. <\/span><\/p>\n<p class=\"rvps5\"><span class=\"rvts59\"><strong>Importante<\/strong>: Si hizo una rectificativa debe romper el comprobante original, para no pagar por error el original. <\/span><\/p>\n<p class=\"rvps5\"><span class=\"rvts59\">Se puede hacer v\u00eda Internet o presencial en la Municipalidad.<\/span><\/p>\n<h2 class=\"rvps5\"><span class=\"rvts59\">RECTIFICATIVAS PAGAS<\/span><\/h2>\n<p class=\"rvps5\"><span class=\"rvts59\">Las rectificativas pagas se sugiere que se realicen en el \u00e1mbito municipal y no v\u00eda Internet ya que esta rectificativa puede derivar en dos casos:<\/span><\/p>\n<ol>\n<li class=\"rvps5\" value=\"1\"><span class=\"rvts59\">La rectificativa es mayor al recibo original pago. Para este caso el sistema hace un recibo nuevo por la diferencia.<\/span><\/li>\n<li class=\"rvps5\" value=\"2\"><span class=\"rvts59\">La rectificativa es menor al recibo original pago, por lo que UNIRE genera un cr\u00e9dito que ser\u00e1 descontado del recibo a realizar en el pr\u00f3ximo per\u00edodo a liquidar del DReI.<\/span><\/li>\n<\/ol>\n<p>Para realizar dicha operaci\u00f3n elegir RECTIFICATIVAS PAGAS.<\/p>\n<ul>\n<li>Tendr\u00e1 que elegir el mes que ya est\u00e1 pago.<\/li>\n<li>Luego se abre una ventana donde estar\u00e1n los datos ya declarados.<\/li>\n<li>Elegir la actividad que desea corregir. Con el bot\u00f3n MODIFICAR, solo hay que corregir la base imponible y escribir el total correcto. Es decir, si hab\u00eda declarado 500.000 pero correspond\u00eda 700.000 debe escribir los 700.000.<\/li>\n<\/ul>\n<p class=\"rvps5\"><img loading=\"lazy\" decoding=\"async\" width=\"612\" height=\"61\" class=\"alignnone wp-image-2703 size-full\" src=\"http:\/\/uniremunicipios.com.ar\/manual\/wp-content\/uploads\/2021\/08\/Pasted-into-Rectificativas.png\" srcset=\"https:\/\/uniremunicipios.com.ar\/manual\/wp-content\/uploads\/2021\/08\/Pasted-into-Rectificativas.png 612w, https:\/\/uniremunicipios.com.ar\/manual\/wp-content\/uploads\/2021\/08\/Pasted-into-Rectificativas-300x30.png 300w\" sizes=\"auto, (max-width: 612px) 100vw, 612px\" \/><\/p>\n<p class=\"rvps5\"><span class=\"rvts59\">El ejemplo que podemos ver es una rectificativa paga por un valor mayor al original; con lo cual, genera un nuevo recibo por la diferencia a pagar.<\/span><\/p>\n<p class=\"rvps5\"><span class=\"rvts59\">El segundo rengl\u00f3n es una rectificativa paga por un valor menor al original donde crea un cr\u00e9dito por esa diferencia a descontar a futuro.<\/span><\/p>\n<p class=\"rvps5\"><span class=\"rvts59\"><img loading=\"lazy\" decoding=\"async\" class=\"alignnone wp-image-2705 \" src=\"http:\/\/uniremunicipios.com.ar\/manual\/wp-content\/uploads\/2021\/08\/Pasted-into-Rectificativas-1.png\" width=\"489\" height=\"36\" srcset=\"https:\/\/uniremunicipios.com.ar\/manual\/wp-content\/uploads\/2021\/08\/Pasted-into-Rectificativas-1.png 584w, https:\/\/uniremunicipios.com.ar\/manual\/wp-content\/uploads\/2021\/08\/Pasted-into-Rectificativas-1-300x22.png 300w\" sizes=\"auto, (max-width: 489px) 100vw, 489px\" \/>.<\/span><\/p>\n<p class=\"rvps5\"><span class=\"rvts59\">Los reportes a visualizar son iguales a todos los tributos, ya sean en las funciones ( <img decoding=\"async\" src=\"data:image\/png;base64,iVBORw0KGgoAAAANSUhEUgAAACkAAAAmCAYAAABZNrIjAAABS0lEQVRYCe2XUQ6CMBBEwXAcP\/z0IB7Tg+AfJnoeZUImmTQUuttCIGkTZdvd7TyHGrH9jaM5+Oi+79fBEZvmcnjCEbBClrpLRZx83u4NXluNbEiF07gkcBbkVlDhB8yC1M0eQ6\/TonERSALiCnfV4XDuoe88TQqBfs4J69lzqaeIkypAUHWQa1pnidvP0Lt\/u5ccXMpZAFFrdpLivFoFPfVmSIisAWpeYw8gelyQKhaeN0JhnTmuaZ8lNkNSGCIaW0SttVlfHKuYt97spFcop69C5rinvdVJdSMnrk7muKe9p3Ay6XnyOvMn6xN5EkdtLKfuWOIkSIoqAME1p8KxPOu1di1Oggw3WYOdy2MPDyD6djmTXjgAYuwCSWd5BCbp9HfX7YYzFKRLnEM6zCOHF2vT8abK+qhmdSxWv8uZjImnrlfIVKfW6k7h5B9aenhJRUqNZQAAAABJRU5ErkJggg==\" \/><\/span><span class=\"rvts59\">) o en el temario de reportes generales buscando espec\u00edficamente IMPUESTOS DRI <img loading=\"lazy\" decoding=\"async\" class=\"\" src=\"data:image\/png;base64,iVBORw0KGgoAAAANSUhEUgAAABwAAAAgCAYAAAABtRhCAAAA8klEQVRIDe2USw7CMAxEa8RxuugOblf1drDrovcJDGikRMKfplEWqJGqJI3tZ08+sq2PNHRsl46sD+oENlf8\/yW97tFsnO6m+fuKmetYDAMBS8m+siIyeNAwkKnLsnBY9Gmei7k2CQFzKaOBDwHhTDl\/VbgnCfHeUlZHoJZ5ZP\/gG5KUMK06wKItBGQwSzrvdDKG+dJQTlRgfQhGWwbWerVCBohmDnt8nr0KRIZwHqeblmzx\/2trv0RwMIEw2NYnumbN3MNmlCyQW2Fc0pgSLrC1pCaQJzVT5PBQBXrHu5bc\/dCcwNqtUv1OSVVpahe6S\/oCa8RE1Ya3nBQAAAAASUVORK5CYII=\" width=\"40\" height=\"46\" \/><\/span><span class=\"rvts59\">.<\/span><\/p>\n","protected":false},"excerpt":{"rendered":"<p>Dentro de la ventana COMERCIOS Cuando un contribuyente debe rectificar un valor pero a\u00fan no ha pagado el recibo original del DReI realiza una\u00a0\u201cRectificativa IMPAGA\u201d. Esto anula el recibo anterior y regenera un nuevo recibo con el importe correcto. Importante: Si hizo una rectificativa debe romper el comprobante original, para no pagar por error el [&hellip;]<\/p>\n","protected":false},"author":4,"featured_media":0,"parent":515,"menu_order":19,"comment_status":"closed","ping_status":"closed","template":"","meta":{"footnotes":""},"class_list":["post-531","page","type-page","status-publish","hentry"],"_links":{"self":[{"href":"https:\/\/uniremunicipios.com.ar\/manual\/index.php?rest_route=\/wp\/v2\/pages\/531","targetHints":{"allow":["GET"]}}],"collection":[{"href":"https:\/\/uniremunicipios.com.ar\/manual\/index.php?rest_route=\/wp\/v2\/pages"}],"about":[{"href":"https:\/\/uniremunicipios.com.ar\/manual\/index.php?rest_route=\/wp\/v2\/types\/page"}],"author":[{"embeddable":true,"href":"https:\/\/uniremunicipios.com.ar\/manual\/index.php?rest_route=\/wp\/v2\/users\/4"}],"replies":[{"embeddable":true,"href":"https:\/\/uniremunicipios.com.ar\/manual\/index.php?rest_route=%2Fwp%2Fv2%2Fcomments&post=531"}],"version-history":[{"count":6,"href":"https:\/\/uniremunicipios.com.ar\/manual\/index.php?rest_route=\/wp\/v2\/pages\/531\/revisions"}],"predecessor-version":[{"id":4222,"href":"https:\/\/uniremunicipios.com.ar\/manual\/index.php?rest_route=\/wp\/v2\/pages\/531\/revisions\/4222"}],"up":[{"embeddable":true,"href":"https:\/\/uniremunicipios.com.ar\/manual\/index.php?rest_route=\/wp\/v2\/pages\/515"}],"wp:attachment":[{"href":"https:\/\/uniremunicipios.com.ar\/manual\/index.php?rest_route=%2Fwp%2Fv2%2Fmedia&parent=531"}],"curies":[{"name":"wp","href":"https:\/\/api.w.org\/{rel}","templated":true}]}}