{"id":539,"date":"2019-07-02T15:14:26","date_gmt":"2019-07-02T18:14:26","guid":{"rendered":"http:\/\/uniremunicipios.com.ar\/manual\/?page_id=539"},"modified":"2025-01-22T08:53:18","modified_gmt":"2025-01-22T11:53:18","slug":"preliquidacion-y-liquidacion-de-convenio","status":"publish","type":"page","link":"https:\/\/uniremunicipios.com.ar\/manual\/?page_id=539","title":{"rendered":"Preliquidaci\u00f3n y Liquidaci\u00f3n de Convenio"},"content":{"rendered":"<p class=\"rvps5\"><span class=\"rvts58\">Cuando el contribuyente se presenta para consultar sobre c\u00f3mo podr\u00eda hacer un convenio, le generamos una\u00a0<\/span><span class=\"rvts65\">preliquidaci\u00f3n de convenio<\/span><span class=\"rvts58\">, en lugar del convenio propiamente dicho,\u00a0<\/span><span class=\"rvts137\">las cuotas no se bloquean<\/span><span class=\"rvts58\">\u00a0(<\/span><span class=\"rvts65\">quedando activas<\/span><span class=\"rvts58\">\u00a0para cualquier otro tr\u00e1mite, como las intimaciones). Pudi\u00e9ndose-le imprimir al contribuyente ese c\u00e1lculo para que lo vea y se presente cuando quiera, para entonces s\u00ed prepararle el convenio y que lo firme. L\u00f3gicamente que el d\u00eda que lo haga los intereses resarcitorios ser\u00e1n otros, y se modificar\u00e1n los n\u00fameros de la preliquidaci\u00f3n, dependiendo exclusivamente de su demora.<\/span><\/p>\n<ul>\n<li>Entramos a Inmuebles Urbanos, Rurales, Cementerio, Comercio, etc.<\/li>\n<li>Buscamos el inmueble o comercio al que queremos hacerle el convenio.<\/li>\n<li>Clic en el bot\u00f3n TB<\/li>\n<li>Elegimos el Tributo<\/li>\n<\/ul>\n<p class=\"rvps5\"><span class=\"rvts58\">\u00a0Presionando\u00a0<\/span><\/p>\n<p class=\"rvps5\"><img loading=\"lazy\" decoding=\"async\" class=\"wp-image-5303 alignnone size-medium\" src=\"http:\/\/uniremunicipios.com.ar\/manual\/wp-content\/uploads\/2024\/11\/image-6.png\" alt=\"\" width=\"300\" height=\"155\" srcset=\"https:\/\/uniremunicipios.com.ar\/manual\/wp-content\/uploads\/2024\/11\/image-6.png 326w, https:\/\/uniremunicipios.com.ar\/manual\/wp-content\/uploads\/2024\/11\/image-6-300x155.png 300w\" sizes=\"auto, (max-width: 300px) 100vw, 300px\" \/><\/p>\n<p class=\"rvps5\"><span class=\"rvts58\">Elijo el tipo de convenio &#8211;&gt; el Rango de fechas\u00a0<\/span><\/p>\n<p class=\"rvps5\"><span class=\"rvts58\">\u00a0<\/span><img loading=\"lazy\" decoding=\"async\" class=\"wp-image-5306 alignnone \" src=\"http:\/\/uniremunicipios.com.ar\/manual\/wp-content\/uploads\/2024\/11\/image-8.png\" alt=\"\" width=\"345\" height=\"424\" srcset=\"https:\/\/uniremunicipios.com.ar\/manual\/wp-content\/uploads\/2024\/11\/image-8.png 506w, https:\/\/uniremunicipios.com.ar\/manual\/wp-content\/uploads\/2024\/11\/image-8-244x300.png 244w\" sizes=\"auto, (max-width: 345px) 100vw, 345px\" \/><\/p>\n<p class=\"rvps5\"><strong><em><span class=\"rvts138\">Aclaraci\u00f3n<\/span><\/em><\/strong><\/p>\n<p class=\"rvps5\"><span class=\"rvts65\">En caso de haber hecho el convenio, el mismo toma las cuotas impagas<\/span><span class=\"rvts137\">,<\/span><span class=\"rvts65\"> el sistema las captura, bloque\u00e1ndolas<\/span><span class=\"rvts58\">, porque pasan a formar parte del c\u00e1lculo para liquidar el mismo. Si a los n d\u00edas (depende de lo pautado)<\/span><span class=\"rvts137\">\u00a0<\/span><span class=\"rvts65\">esto no se confirma, firma y procesa<\/span><span class=\"rvts58\">, deber\u00eda cancelarse, para que el sistema <\/span><span class=\"rvts65\">libere las cuotas<\/span><span class=\"rvts138\">\u00a0<\/span><span class=\"rvts65\">y puedan ser utilizadas en otros procesos<\/span><span class=\"rvts137\">,<\/span><span class=\"rvts65\">\u00a0como por ejemplo una intimaci\u00f3n<\/span><span class=\"rvts58\">.<\/span><\/p>\n<p class=\"rvps5\"><span class=\"rvts58\">\u00a0<\/span><span class=\"rvts58\"><img loading=\"lazy\" decoding=\"async\" width=\"582\" height=\"522\" class=\"alignnone wp-image-1293 size-full\" src=\"http:\/\/uniremunicipios.com.ar\/manual\/wp-content\/uploads\/2019\/11\/Pasted-into-Preliquidacion-y-liquidacion-de-Convenio-1.png\" srcset=\"https:\/\/uniremunicipios.com.ar\/manual\/wp-content\/uploads\/2019\/11\/Pasted-into-Preliquidacion-y-liquidacion-de-Convenio-1.png 582w, https:\/\/uniremunicipios.com.ar\/manual\/wp-content\/uploads\/2019\/11\/Pasted-into-Preliquidacion-y-liquidacion-de-Convenio-1-300x269.png 300w\" sizes=\"auto, (max-width: 582px) 100vw, 582px\" \/> <\/span><\/p>\n<p>Con Ok se confirma el convenio, al notar que no pasan a firmar, al final del d\u00eda, se puede borrar para liberar los recibos, simplemente cambiando el estado a borrado.<\/p>\n<p class=\"rvps5\"><img loading=\"lazy\" decoding=\"async\" class=\"wp-image-5905 alignnone \" src=\"http:\/\/uniremunicipios.com.ar\/manual\/wp-content\/uploads\/2025\/01\/image-49.png\" alt=\"\" width=\"355\" height=\"123\" srcset=\"https:\/\/uniremunicipios.com.ar\/manual\/wp-content\/uploads\/2025\/01\/image-49.png 458w, https:\/\/uniremunicipios.com.ar\/manual\/wp-content\/uploads\/2025\/01\/image-49-300x104.png 300w\" sizes=\"auto, (max-width: 355px) 100vw, 355px\" \/><\/p>\n","protected":false},"excerpt":{"rendered":"<p>Cuando el contribuyente se presenta para consultar sobre c\u00f3mo podr\u00eda hacer un convenio, le generamos una\u00a0preliquidaci\u00f3n de convenio, en lugar del convenio propiamente dicho,\u00a0las cuotas no se bloquean\u00a0(quedando activas\u00a0para cualquier otro tr\u00e1mite, como las intimaciones). Pudi\u00e9ndose-le imprimir al contribuyente ese c\u00e1lculo para que lo vea y se presente cuando quiera, para entonces s\u00ed prepararle el [&hellip;]<\/p>\n","protected":false},"author":4,"featured_media":0,"parent":515,"menu_order":18,"comment_status":"closed","ping_status":"closed","template":"","meta":{"footnotes":""},"class_list":["post-539","page","type-page","status-publish","hentry"],"_links":{"self":[{"href":"https:\/\/uniremunicipios.com.ar\/manual\/index.php?rest_route=\/wp\/v2\/pages\/539","targetHints":{"allow":["GET"]}}],"collection":[{"href":"https:\/\/uniremunicipios.com.ar\/manual\/index.php?rest_route=\/wp\/v2\/pages"}],"about":[{"href":"https:\/\/uniremunicipios.com.ar\/manual\/index.php?rest_route=\/wp\/v2\/types\/page"}],"author":[{"embeddable":true,"href":"https:\/\/uniremunicipios.com.ar\/manual\/index.php?rest_route=\/wp\/v2\/users\/4"}],"replies":[{"embeddable":true,"href":"https:\/\/uniremunicipios.com.ar\/manual\/index.php?rest_route=%2Fwp%2Fv2%2Fcomments&post=539"}],"version-history":[{"count":9,"href":"https:\/\/uniremunicipios.com.ar\/manual\/index.php?rest_route=\/wp\/v2\/pages\/539\/revisions"}],"predecessor-version":[{"id":5907,"href":"https:\/\/uniremunicipios.com.ar\/manual\/index.php?rest_route=\/wp\/v2\/pages\/539\/revisions\/5907"}],"up":[{"embeddable":true,"href":"https:\/\/uniremunicipios.com.ar\/manual\/index.php?rest_route=\/wp\/v2\/pages\/515"}],"wp:attachment":[{"href":"https:\/\/uniremunicipios.com.ar\/manual\/index.php?rest_route=%2Fwp%2Fv2%2Fmedia&parent=539"}],"curies":[{"name":"wp","href":"https:\/\/api.w.org\/{rel}","templated":true}]}}