{"id":541,"date":"2019-07-02T15:27:33","date_gmt":"2019-07-02T18:27:33","guid":{"rendered":"http:\/\/uniremunicipios.com.ar\/manual\/?page_id=541"},"modified":"2024-11-11T14:28:33","modified_gmt":"2024-11-11T17:28:33","slug":"impresion-y-reparto-de-boletas","status":"publish","type":"page","link":"https:\/\/uniremunicipios.com.ar\/manual\/?page_id=541","title":{"rendered":"Reparto de Boletas"},"content":{"rendered":"<h4 class=\"rvps2\"><span class=\"rvts6\">Reparto<\/span><\/h4>\n<p class=\"rvps2\"><span class=\"rvts6\">En adelante cuando hablamos de direcciones, nos referimos a direcci\u00f3n de entrega, que es la que consideramos para el reparto<\/span><\/p>\n<p>&nbsp;<\/p>\n<h4 class=\"rvps2\"><span class=\"rvts6\">Carga de repartidores<\/span><\/h4>\n<p class=\"rvps2\"><img decoding=\"async\" src=\"http:\/\/www.uniremunicipios.com.ar\/lib\/NewItem850.png\" alt=\"\" \/><span class=\"rvts6\">En variables de configuraci\u00f3n se determina el orden que tomar\u00e1 el sistema al organizar el reparto:<\/span><\/p>\n<ol>\n<li class=\"rvps56\" value=\"1\"><span class=\"rvts202\">El sistema asigna seg\u00fan la cantidad de repartidores la cantidad de direcciones que les dar\u00e1 a cada uno, haci\u00e9ndolo en forma equitativa y siguiendo el orden alfab\u00e9tico de las calles, empezando por el repartidor 1 en adelante ( lo hace el sistema solo).<\/span><\/li>\n<\/ol>\n<p class=\"rvps56\"><span class=\"rvts202\">Si por ejemplo: al repartidor 5 le conviene el reparto del repartidor 1, o cualquiera sea la situaci\u00f3n se pueden cambiar los repartidores para facilitar el reparto<\/span><\/p>\n<p class=\"rvps30\"><span class=\"rvts6\">Ventajas: no tienen que configurar , desventajas: las calles asignadas pueden quedar alejadas una de la otra<\/span><\/p>\n<ol>\n<li class=\"rvps56\" value=\"2\"><span class=\"rvts202\">Se mapea la ciudad y se organiza el reparto teniendo en cuenta, las calles, desde que altura hasta que altura, para originar el recorrido que har\u00e1 el repartidor. (C\u00f3mputos junto a los repartidores, o c\u00f3mputos solo si as\u00ed se define deben hacer la tarea)<\/span><\/li>\n<\/ol>\n<p class=\"rvps56\"><span class=\"rvts202\">Ventajas: se reparte de acuerdo a la zona precisa que se define con el repartidor. Desventajas: hay que realizar trabajos de carga de calles en cada uno de los repartidores y las zonas puedan quedar muy desparejas en cantidad de direcciones.<\/span><\/p>\n<p class=\"rvps12\"><span class=\"rvts6\">Cuando se carga un inmueble, se puede definir el repartidor, para ambos casos de configuraci\u00f3n de reparto (1 o 2) el sistema tomar\u00e1 esto como una excepci\u00f3n y le agregar\u00e1 este tributo al repartidor cargado.<\/span><\/p>\n<p class=\"rvps12\"><span class=\"rvts6\">Es aconsejable cargar solo excepci\u00f3n (ejemplo, entregarle a un pariente, un vecino, un amigo), porque puede llevar a colocarle muchos a uno y que a otros le queden muchos menos por repartir.<\/span><\/p>\n<p class=\"rvps2\"><span class=\"rvts6\">En repartidores presionando <\/span><img loading=\"lazy\" decoding=\"async\" class=\"wp-image-4794 alignnone \" src=\"http:\/\/uniremunicipios.com.ar\/manual\/wp-content\/uploads\/2024\/09\/image-146.png\" alt=\"\" width=\"34\" height=\"52\" \/><span class=\"rvts6\">puede ver qu\u00e9 direcciones fueron cargadas en el tributo como excepci\u00f3n para este repartidor.<\/span><\/p>\n<p class=\"rvps12\"><span class=\"rvts6\">En el caso de la direcci\u00f3n de entrega sobre una calle nueva, \u00a0si esta no se agrega en el repartidor para el caso del tipo de orden 2, el sistema los imprimir\u00e1 sin repartidor, para el caso del tipo de orden 1 los asignar\u00e1 al repartidor siguiendo el m\u00e9todo descripto para este tipo de orden (arrancando por el repartidor 1, por orden alfab\u00e9tico las calles<\/span><a name=\"OLE_LINK2\"><\/a>\u00a0<span class=\"rvts6\">)<\/span><\/p>\n<p>&nbsp;<\/p>\n<h2><\/h2>\n<p>&nbsp;<\/p>\n","protected":false},"excerpt":{"rendered":"<p>Reparto En adelante cuando hablamos de direcciones, nos referimos a direcci\u00f3n de entrega, que es la que consideramos para el reparto &nbsp; Carga de repartidores En variables de configuraci\u00f3n se determina el orden que tomar\u00e1 el sistema al organizar el reparto: El sistema asigna seg\u00fan la cantidad de repartidores la cantidad de direcciones que les [&hellip;]<\/p>\n","protected":false},"author":4,"featured_media":0,"parent":515,"menu_order":14,"comment_status":"closed","ping_status":"closed","template":"","meta":{"footnotes":""},"class_list":["post-541","page","type-page","status-publish","hentry"],"_links":{"self":[{"href":"https:\/\/uniremunicipios.com.ar\/manual\/index.php?rest_route=\/wp\/v2\/pages\/541","targetHints":{"allow":["GET"]}}],"collection":[{"href":"https:\/\/uniremunicipios.com.ar\/manual\/index.php?rest_route=\/wp\/v2\/pages"}],"about":[{"href":"https:\/\/uniremunicipios.com.ar\/manual\/index.php?rest_route=\/wp\/v2\/types\/page"}],"author":[{"embeddable":true,"href":"https:\/\/uniremunicipios.com.ar\/manual\/index.php?rest_route=\/wp\/v2\/users\/4"}],"replies":[{"embeddable":true,"href":"https:\/\/uniremunicipios.com.ar\/manual\/index.php?rest_route=%2Fwp%2Fv2%2Fcomments&post=541"}],"version-history":[{"count":9,"href":"https:\/\/uniremunicipios.com.ar\/manual\/index.php?rest_route=\/wp\/v2\/pages\/541\/revisions"}],"predecessor-version":[{"id":5338,"href":"https:\/\/uniremunicipios.com.ar\/manual\/index.php?rest_route=\/wp\/v2\/pages\/541\/revisions\/5338"}],"up":[{"embeddable":true,"href":"https:\/\/uniremunicipios.com.ar\/manual\/index.php?rest_route=\/wp\/v2\/pages\/515"}],"wp:attachment":[{"href":"https:\/\/uniremunicipios.com.ar\/manual\/index.php?rest_route=%2Fwp%2Fv2%2Fmedia&parent=541"}],"curies":[{"name":"wp","href":"https:\/\/api.w.org\/{rel}","templated":true}]}}