{"id":545,"date":"2019-07-02T15:50:59","date_gmt":"2019-07-02T18:50:59","guid":{"rendered":"http:\/\/uniremunicipios.com.ar\/manual\/?page_id=545"},"modified":"2021-08-10T11:46:43","modified_gmt":"2021-08-10T14:46:43","slug":"juicios-del-municipio","status":"publish","type":"page","link":"https:\/\/uniremunicipios.com.ar\/manual\/?page_id=545","title":{"rendered":"Juicios del Municipio"},"content":{"rendered":"<p class=\"rvps12\"><span class=\"rvts139\">Conforman este m\u00f3dulo las tablas con toda la informaci\u00f3n que se ajuste y utilice para las definiciones correspondientes as\u00ed como tambi\u00e9n\u00a0<\/span><span class=\"rvts177\">t\u00edtulos ejecutorios<\/span><span class=\"rvts139\"> <img loading=\"lazy\" decoding=\"async\" class=\"\" src=\"data:image\/png;base64,iVBORw0KGgoAAAANSUhEUgAAABUAAAAXCAYAAADk3wSdAAAA6UlEQVRIDeVTQRLCIBADx+d48Ojz4HcePfgfNHViw7JImfYmM3WzbDbNgo3Px72Eg9fpYL1F7qyil+tN0834PW3FrURRKWXuNGKMlSASd\/yccwAZDzAWm21ciuYn6kVhfDhlI7neHmrct+O7TlNK1AuKKaTxSxTgOpX6EGIq67S5KKroEXBMRnKQe6srahuYM3pi3HPPFEU6Rexhitg4dKrOenizKN1BiNg260u0NnQKMpvbb0elVvzzTOmQEXetzypTo11O\/T9UCF3R+t2frCdiuY0oR7XEmbwStZ\/bjJByuxelpFn856IvjLBm9wPJrNMAAAAASUVORK5CYII=\" width=\"29\" height=\"32\" \/><\/span><span class=\"rvts139\">\u00a0y\u00a0<\/span><span class=\"rvts177\">procesos judiciales del<\/span><span class=\"rvts139\">\u00a0<\/span><span class=\"rvts177\">municipio<img loading=\"lazy\" decoding=\"async\" class=\"\" src=\"data:image\/png;base64,iVBORw0KGgoAAAANSUhEUgAAABcAAAAYCAYAAAARfGZ1AAAA6ElEQVRIDe2TwQ7CIAyGi9nbuMNu8xE8evCBeCAPHvcIetNEn0fbJcWOlgkheLLJUij8Hz8w3AsDGkX3vF8boQE2zcgI\/j38dJ6APhlWTY5bbfe4XcwLjeGW+HjYW+VQS8L7YQe4cJjIi0mgVQsCbHSyU9r23i8MxHrzQtk15Zow4TnAHAMK\/hGN85Zr3Cs4ue6HcTbPOd4JG9jiPLr0lIHEhbqYp\/oEpuCsJmBBweXvZwm45uC7AQVn8VrONWCe+Rq4ZMx8ofzyckHy1UqNcl4KJlhKo+By5dq2eSy1UNY3df6H8zEv8htVmE8j6\/nz1wAAAABJRU5ErkJggg==\" width=\"30\" height=\"31\" \/>\u00a0 <\/span><span class=\"rvts139\">Se puede realizar el seguimiento de todos los procesos legales en los que se halla involucrado el Municipio. De una manera r\u00e1pida se observan los distintos procesos que componen los t\u00edtulos ejecutorios que posee el municipio.<\/span><\/p>\n<p class=\"rvps12\"><span class=\"rvts139\">Para el caso particular de los t\u00edtulos ejecutorios producidos en el \u00e1rea de Rentas del municipio, se ingresa\u00a0 a la pesta\u00f1a \u201cjuicios del municipio\u201d y se despliega el siguiente men\u00fa:<\/span><\/p>\n<p class=\"rvps12\"><span class=\"rvts139\"> <img decoding=\"async\" src=\"data:image\/png;base64,iVBORw0KGgoAAAANSUhEUgAAAQcAAABwCAYAAAAT+7VqAAAOM0lEQVR4Ae1dO5IkSRGdxkZCReMKrLAaHAERgfvMzH0QEDkCq7EYewLM0FgRdenXbW\/mlZfHLysrMzLzhVl1hP\/dX2R4ZVVXdb\/857\/\/++WDxzQI\/Pzvf06TixO5NgK\/unb5rt4IGIESAm4OJWTMNwIXR2Dq5vDb3\/y6uj0tedXYwtUR+O77P6zu0w73Q+Brc8BB46OWTu1A1mQ1n2vKshoyXm\/MWk01Gfy35L05qB4OIB\/Kj+vaQa3Jop\/Z6FruNRnqaMlnq3XvfF7iG5K4oF95e+f1Fr+VSybngdQaMt4UBSZJ9L4hiQv9X\/\/4e+JhP9aMOe2HxvEjfyyVEA8eac6w46HDGoexJoMORrR55377qfJv3Lad6mouzIl+SVOfNOXks7lQDr7qxBi0w9xjq\/qPrOOBJM0ZvrHmQEOpyagXbcjn3JKX9GjHxqa5wIY09egn01cdrUv5sO+xZRzP3xAoNodvKvlKD03UiDLSnKM+6SgHjZHxeQBpu8asPkdjjthG32vkXvLBw5bJo4w058yGPB440C196qqerukzzrTLYrTsR2xbvmJeV6EXN4elAC09GLAbGTisS2ONxDmrbuvAQO5xbgQ2bQ58duVBJ90D8Yhujz\/rlBHgsy4bAGlaxMZBPco9nwOBr7+t2LKcRw86m0sr50fjtPyfXR6bwtnrdX23CLzdOehh44HCrPxbs29vQJJPO9DRljL1Rx7tMzvKSv4oH5mjr17baBfzr9XWsu3NQZ+heXAxKz\/6inLaQa8kU3+qT9\/Rjvwl81Jf0S7mWauhZbukjjPa3P0q84xFPrsmNIbYLJbG7P1V5lL\/V7BDY4jN4gp1r13jpu85tJLXZ1\/VXevgqU+vlyOgz8rqxQdS0Tj+2ncOk+2h7xwm25ALp\/PRF+OFd9+lG4EKArv8tqKSj0VGwAhMgoCbwyQb4TSMwGwIvPzyOmZLyvkYASOwPwIff\/rxh\/2zcAZGwAhMh4BfVky3JU7ICMyBgJvDHPvgLIzAdAjcfQiq9AGXVub+AEwLIcuNwLEQuGsOSH\/0PcqXl5djVe1sjYARaCJQfFnx5cuXDzj0eGCNwSYQ52YUKxgBI3A4BIrN4fPnz1+L0fWzG8PIy5oR3a\/FXHBhnObY9KPtQ\/qyAlCiIbApcCbEeNmBJjH68oP2GUj8Gq3O1H\/WXMoD8SBb632Upb6W2ileJR\/gx1Grt+Qn+tiCjrnX8kY+j+b+qD0x2fLaZsxH5mJz+PTp0wc8dGgz0LXq9Ky5mRF08nt8rKVTilnirxW3x8+zc3i2\/54al+po7vE6WurTdrcIFJsD1PgSAmu9W4h8yNcYuslYY+AiUD54kSYPM0a8cN65t3zyslljQ04a65rvmJfS9EF70uqT+nGGTqZf41PGeKB7BmNTV2nmQJ+koas8rGmnOqqHtcpoX+ND1hotn4yT6SkPcaiLNWXkkS7pRT5oDNjDln7euXP+rDaHeHdAmvMzSxoBL4JNmnMtT+hwMCY3EPzogzRn2rZm+q75zGQZj7E5t2KX5LDnYH6sXeeoAzrGVlrX0KVvtYs6pDlDd8nIYsFPiQ+Zxizplfhqr37AP\/qoNge+r8A7Bd49oGiut2gUj4Dc2jDd9FIc+Nhq9OSjubTqU924LsUCv8dvCZeS3xi\/RMfYGoe+Mx78Kb\/kf0Sv5KMUB3zmWLI9Cr\/aHHjwOaOo0nrGgrlJ3EjSo7kutRuNM6rPvB6tbzQu9Rmf9BozfWpN5Kn\/jBcPJn2oHdeZPWU9c2ZPHuOS7vE3o07xV5lIFncMvGvgOs4zFhVzWnOTuPExxp70mvWhDh6ykVpHdHuwWrumWsxHc4\/2W+Zeq+tRWdedA4LwjmGLz0ICXAKOtdJZwVEOGoM+sCYPax2qA37UK\/nO+JHHOMrHWuksJu04l\/Q1d+jEQbtMBl21Bx31leaaekqTh7l3lOw1J+iMjOiTtsrHWmnogK4N1a\/Z9+QOnVa8Wi5byl5eE735ew5I\/msjeL1zwACNOwbyY4KQHaXgmHuJPtImlmoA\/yx11Go8kuxI+\/HwncNNZ+ncJQCUjVkazJE2MMNRecD0TPVobUdbH20fqncOveCf8c6ht3brGYGzIpDeOeCwexgBI3BtBO6awyy39tfeFldvBPZHoPqrzP3TcwZGwAjshYCbw17IO64RmBwBN4fJN8jpGYG9EHBz2At5xzUCkyNw94Zk6TMIrTr8RmYLIcuNwLEQuGsOSL\/0SchSaf7VZwkZ843AcREovqzwH5g97qY6cyOwBgLF5qB\/N1LXvEvgvEYS6mPkZc2Irsa42vooOB0lz6tcP8PNAcDwZQfnUbBwEcQHfIDH7wKM+lyiH3MAzaFr8pbOS30ttdM84SN7Pwh8fajN6HqNPBFzy70frfGK+ul7DgDCf2C2\/jXeLS6W7FCvGVf9l5rImvHs61gIFJsDytCXDrhLAM2ZZS69e6C9znqB8tmIzyatC5n68Bd1GUP55GUzfVGfNHTJwzryQUc5aepGWn3SPs5ZLPAw6Bdr+sYag37eqbGfmV\/lwZvGo4w80iW9yAeNAXvY0s871z\/3QKDaHOLBJ835mQmPXBzxYiLNuZYndDgYkxco+NEHac60bc30XfOZyTIeY3NuxR6VR79Kl+pQPuIpTXvOo\/lYfx8Eqs0h3imgKfBugustGsUj0LQuSL2IS3HgY6vRk4\/m0qpPdeNa64pxVRbteuiS\/SP59sS1znoIVJsDDz5nhC2t10tpPU+84Hmhkh6NsNRuNM6oPvNaWl+01\/iUKa93HRtAzC\/SvX6tty0Cxd9WIA3cJfBOges4b5vusmiPXOgxIi\/syN+TfrQ+2NfqqsmW1P1ovkti2mYcga47B7jlHcMWfwZGL1aslc5KjHLQGHpRkxftVQeyqFfynfEjj7GUj7XSWUzacS7pa+7QiYN2maymSzvqtOxVH2ul6QNzK1\/qtOKpT6+fh0D1z8TxrgGNAWs2iJgOZGfbUFzIZ6jpaHUcLd94Fs5EP3znsOQPzM4CoD6TxZzO0BhQE+o4yoE7Sp7xWjkrXW0OWdFHbgaxnrM0gFhXpI9S51HyjPielU6bA19OnLVo12UEjEAbgbvm4O7dBs0aRuAKCFR\/lXkFAFyjETACOQJuDjku5hqByyPg5nD5S8AAGIEcATeHHBdzjcDlEXh5\/WDTmX47efkNNQBGYC0EPv704w9r+bIfI2AEToSAX1acaDNdihFYEwE3hzXRtC8jcCIE0ubwl7\/+7QMeOjKeyr02AkbgXAjcfSuT5cXmQL7Of\/7TH5X02ggYgRMhkN45oD78rwocfj5YM2nMvpsgKu259g3QtvW7xho+NFbLX0uuvo6yHq1pVH8Eh2f6HsmjpFtsDiUD5bOBKK9nDVD00WMzi86jedcuiJpslvrXzqNWc02GPFrymCv0a98dgrzks8SPMUjTF2fydUYuo37V\/tnrtDkg4WcnDv98zAxQ3ADmHPm9NOxLoyYr2RydX6u5JkPdLflW2JSuX+THR0lnqxyXxLn7VmavE20ga21S5lNB1TgZP+Ohnoyf8Uq6NUzgJ+ZFWmPQh+qrHDY1Ge05R9sWP5OTh7nkT3UyPdppzVxTn7WpL+rUaqaMMWjfY0tdzvRFOs4q17XqMQ\/GV9nSNbFZ0+fSXKLdXXMgMN99\/\/u3i550NHwWrfF0jXikOWsOkUea81JdtRtZx7igdUS5yrDWiyXqlujIjz6jHDRGxtf40Q9laqfrqE+adqCjfqRpw3nEtuWLPkdnzWHU9oj6d80BRaAx6PxGyA+C\/7sHGgh8cCjouqa8d1afasN8lVdaj+iWfKzBL9VC3yX50vxL\/hjP8y0CES+leQ1nvFsvc1Npc3j9o\/TNrNEYMDg3DYICAQzsh8jMJ3ncKNJZIMp6dDP7tXiIz1zgk\/mof5WTTx71SVNem0d0a36OKCNenFED1jVMVFbSVZ0j4nLXHHoLev2PFlPXGzcMdenm15If0a352Ur2SK1ZjtFfpnM2Xrzue6+Vs+Gg9dw1BxWW1hHIkt6j\/HhIGTfjZzzE102u2Zd0tYYeX9SP+ZDPOcqZG+RRRhvOUU7bLD\/aYI52lEU+\/VE+MkdfvbbRLuZQq61lixyoE\/0uyW+pjywW6lrTXxZjKa\/4CcnokJ+YxIefPIzAlgisdYDW8rNm7TPmxPrSOwc2AirpnMlGGwYAycasHTTL1bzjIYDra6bDOFMu2W7e3Tlkhz8zjLzRBhHtTRsBIzAXAuknJOdK0dkYASOwBwJ3dw57JOGYRsAIzIeA7xzm2xNnZASmQMDNYYptcBJGYD4E3Bzm2xNnZASmQMDNYYptcBJGYD4E\/H8r5tsTZ2QEpkDA\/7diim1wEkZgPgT8smK+PXFGRmAKBNwcptgGJ2EE5kPAzWG+PXFGRmAKBNwcptgGJ2EE5kPgEM2h9C3OEn8+mJ2RETgeAulXtp9dRnao\/XXtZ6Nu\/0bgFoHWV8Z3uXNAI2Az0PVt6qaMgBF4NgLZEzVj7nLnwODZrMmygUCvxKePkrzEp51nI3B1BHBG9KwRj+magyapSZf4LCSTqz31PBsBI3CPQHZWpmsOSHLJKNllRS\/xbxsjcGYE9MmVdU7VHOJBLh14Js+5ZMeC6Yc07TwbASNw+9\/VFI9d3pDUBLZYuylsgbJjHBGB2tmY6s4BifJZPgKt\/FhQya5mE\/2bNgJXQyCeo1i\/\/4ZkRMS0ETACbwjscuegz+i6D61OprpeGwEj8FwEdmkObgLP3VR7NwJrIHCJNyTXAMo+jMDVEHBzuNqOu14j0ImAm0MnUFYzAldDwM3hajvueo1AJwJuDp1AWc0IXA2Bj0v\/q\/bVgHK9RuBqCPwf5npzaOUv97kAAAAASUVORK5CYII=\" \/><\/span><\/p>\n<p class=\"rvps12\"><span class=\"rvts139\">En tablas se deben tabular los datos que se van a utilizar para registrar las acciones legales.<\/span><\/p>\n<p class=\"rvps12\"><span class=\"rvts139\">En \u201cprocesos judiciales\u201d se ingresa al browse donde comenzar\u00e1 el operador a registrar los datos pertinentes.<\/span><\/p>\n<p class=\"rvps12\"><span class=\"rvts139\">En la primera pantalla <img decoding=\"async\" src=\"http:\/\/uniremunicipios.com.ar\/manual-anterior\/lib\/MODULO%20LEGALES_archivosimage014.jpg\" \/><\/span><span class=\"rvts139\">\u00a0se anotar\u00e1n car\u00e1tula, expedientes, montos, etc.<\/span><\/p>\n<p class=\"rvps12\"><span class=\"rvts139\">Tambi\u00e9n se pueden anexar las observaciones que correspondan, luego se deben asociar los t\u00edtulos ejecutorios (producidos en renta) o los externos.<\/span><\/p>\n<p class=\"rvps12\"><span class=\"rvts139\">Luego se debe proceder al registro siguiente: <img decoding=\"async\" src=\"http:\/\/uniremunicipios.com.ar\/manual-anterior\/lib\/MODULO%20LEGALES_archivosimage017.jpg\" \/><\/span><span class=\"rvts139\">\u00a0donde se asentar\u00e1n los actuantes, opositores y martilleros.<\/span><\/p>\n<p class=\"rvps12\"><span class=\"rvts139\">\u00a0<\/span><\/p>\n<p class=\"rvps12\"><span class=\"rvts139\">Con el bot\u00f3n <img loading=\"lazy\" decoding=\"async\" class=\"\" src=\"data:image\/png;base64,iVBORw0KGgoAAAANSUhEUgAAACUAAAAdCAYAAAAtt6XDAAABoElEQVRYCe2UTU7DMBCFbcRtilR25QgsWXCfxvfpgiVHKDuQ4DzBz5MnOxW2PGOQIlFLSez47\/Ob5\/Gf7+fZbazcbIwn4VyheqPyf5U6vbz2ivQ7nrq7f3B4UMr6T+00qON12zGmOgQQc0woXx\/nBDSj4bzzXiDR9L46vdph9hSAYo4rgAD3liDwXwBtKdAERYVwVNap1jRNbrc\/VFXo6VCHjxAEgirOHSKcX9RBvCYXwoQhpqKCYsgA4aNZkoVWdQBJyI5H4YFy2mIKnwDJ5hlOu3V9vEophErCR6CoS6pKW7YxXLcLPpVSayB6CCsCRB7xEiD5oF9XfDx9eczm7N0e+Wde\/MRpl8rwP3KU9MllaC696lQphT2yn0SZrAiVkf8YB5NrgUCngsIEeAhJslUAD6Dnp8fWsGqfCgqnXiKSMrmoRMWo0BgQSFW3j0cTb7G19tCIQlxRpRQnld8QQmrSQ9aQlWuqbh8nlqkBqWDUQ1yXX1P4ZDI8hNs47iFZL79N4aPh\/wIIaGalLPkna9GumZRqLznee4Xq1XCTSn0DUy+e1hy1BWAAAAAASUVORK5CYII=\" width=\"48\" height=\"38\" \/><\/span><span class=\"rvts139\"> se inscribir\u00e1n los movimientos de los procesos, con <img loading=\"lazy\" decoding=\"async\" class=\"\" src=\"data:image\/png;base64,iVBORw0KGgoAAAANSUhEUgAAACgAAAAhCAYAAACr8emlAAAAt0lEQVRYCe2XwQqAIBBEM\/qcDt36\/1vdPPg\/hYEw6AYuazDEdrJxF8c3ejCkeFwT8TcTe3usuUFrQk7QCVoJWPvpz+Ci3eG67WJLiqeoW8X\/EUQiX1HDNegJ0htUXxLEXy4MRl00rMN51HvGQwlK5rKJN73HoImgRKZo2RSOe8xINUMJSgtYNXqDpojxbJU4rcTqfnqCwR9NdWbKf\/qI3aAy0abcCTZIlIITVAJryp1gg0Qp0BO8AbNQHyEecr3WAAAAAElFTkSuQmCC\" width=\"47\" height=\"39\" \/><\/span><span class=\"rvts139\">\u00a0los embargos que se produzcan, donde se inicia una pantalla que el responsable del \u00e1rea legal completar\u00e1 para poseer la informaci\u00f3n actualizada y unificada.<\/span><\/p>\n<p class=\"rvps12\"><span class=\"rvts139\">Dentro de cada bot\u00f3n que se selecciona se encuentran mas botones que actuar\u00e1n dependiendo de las necesidades y posici\u00f3n del proceso en cuesti\u00f3n.<\/span><\/p>\n<p><img decoding=\"async\" src=\"data:image\/png;base64,iVBORw0KGgoAAAANSUhEUgAAAS0AAABICAYAAACjraOzAAAPYklEQVR4Ae1dW7QcRRXtGebDtSQP3iCPEBCScG8ePCQoYC4oEsUPPvhzLT\/9ERQVDaDmTngqgoDon19+88EPCD7jO8EAedxLIBFISBASAiQQ18LlItfaVX26T9XU9O2e6emuTk6vO7fqnDp16vTu7j2nqntmWt1ud+amG1dHY8tXRrIJAoKAIBA6Ai0V4MzU5g2atKa3bAw9XolPEBAEjnEEOiAsvl1+06+4qOstUFuk\/yVtRsf0qtmx0IpZddqgZfeNOyVa5sSvi+NI+sVhxr5ZlCzI2BPzjUbWJXYSay07pfMY9uiUTdotrlm6NO7UTumUI0tOzJg2rprCElhfpbebKHC9b3FTbGMk\/T9pMAPn08G11dEM7XROTVLbVBfvqCpsnVGkPWCnNqWwkIoN\/Lq4Q29hDZaMEQeQyuiIjXlPGpnW1THZ9IYLW5mKqT7VJb2cbsrW\/MEg2dxjkNqkvrN1cJU6Zr2SuBOdrhjJ1hkfvTp4VtqkwYStRbbDRo7jMCamS9yvHeukEAQEAUGgEQgIaTXiMEmQgoAgQAgIaRESUgoCgkAjEBDSasRhakaQL\/3uBxFeZW9TT98RTf369rLdir+GItDpF\/d\/dv5CN338gq\/3mBze8XOtm7Po5p62vIqDLz6qTeePfTNvF233zraf6vKkZd8u1I8b73\/hQS2edvF3uXqo+r\/\/+aOe\/meuvKNHF7LiX+snrfAuuGadJRcRiLyWXHdP324v\/uZO3TZ2\/X19baRBEHAR6EtaZAjyOv7ClLiIsKh90HL+RTFZxXcE8vo5aWlMVgX75fU\/rN2ZlxuieuPZ+6M3Nt4fndUg4vrkxDp9l2anQ16DYLL48\/dYd3x8Pi76giErduPIZyY6QcBCoPP4E09HeLg0azu8A8R1c9SPsD54+TGr+9zFt2j5\/e0\/0+W8Jd\/Q5aHtcXalCItnWgenH7H6Qzhh\/Nbo3amHE\/2JS7+l626m9c5Wk3mR4cnLv6Orb295iFRJeeqK25I6Kvte+ImWT7vEZFz7nn\/Aaj\/90u8l8pubfpzUUfnEp9ZYcpawV5EXtrNW3hnt3XBfdPYVJsPYo+p8O+fT30\/E3X+3M5QFV5pp166\/3Z3YoLLwqh8m8mt\/uSupo3Le1SZzevXPdsZ0\/qquZZcl7PzjWt184bXG944\/GHnRtSaOl3+fjs\/9uJnW9t+m+wY7EJabaU0\/Y3AhP+OrDW4kU7nNmSou+1J6bLY+aR+X5V+2jyn5kLK5CHTWr1\/fl7QwNaRpIhGWS15EWHMUUSH5ef+lx\/Rr7mJDVEWgOWHsVm3+niKx96YeiU4cN0QF8np328MRERf5JMI6WU8VW9GBrQ9FBxRZnRITF+xOiYnq7c0PRvvV69SLU+LS08M4Y9v3vCGw0y9RRKV0bz33gH6BuN58zlwUZ1yWXhCDZAd7N6YkRYR19hXqYlbj7fnHvdHr6gXiej0mrAWfYetDyoYI69wrFVFA\/uvd0WvqtfCqtao0pLLw6rX6OBiMWhER1vmfNQT2iiKwV\/7UjYoQF+HtlkRYiz6XTWBEWEuuu5c9a6R2wNnMNNHop59R61hqLcslLiKspV9U03Fluu2p26OtT62JQFxEWMtvYETVO4wzqohNQ6AzMTGRGTMnLhBWkW2uyrCQbR2KMy70naeyrLLPowNOtlUkxiK2lG1x8nL7Y1pIG9a0+L4i04KC68i2SEnk5etD2dZ5iryatrmZVlb8RF4+my1PmgzZIi+foegaiUDnK1+7Lfrv\/qnM4M2a1rCXWuYQQzVSpkVsUHakZ1y6Jsm2ECjIq9\/0kNa09A6VHUiMEmVaEM0QLSvbgv5VNVWk6SHk0DcirLHrDekj08raKNNiz6dHy25Isy30BXnJ9DALxWa2tT86MjPSyGk9C4PMW1LsTuFIAyvoHNlVVoZV0N1IzDE1xOtY3kBckmEd3WdA58iQpDVn0S0R1rU+UGtZtJmF+BGlGTSIKvHYA9a13OkhX9Ni5kkV61p47IEvxGMxHutab7HFeFqIpzUtcgDyGmRNi\/qjxGI81rX2bLg3UdNC\/DlqLQvrWnwxHgvxyLAwNXSnh3xNi5yZ6WErOk+tZWFdC2tZtPnWs\/o97nDBNXdFWIynBXjygRJrWVjXorUt3sbrWMvCuhatbaGN7hySHdazkG3lybAwNXSnh3xNi3xq8hr9aUjDSVkRAq1tuw7NtA5uT77lQT4wrZB3TnTvhzy1jW1oiIzpVDWV4pqlw1E2itQOKj7pgY3atBmziqumsAR7TLtJ+zYOtUtT1TbMU9yHGllz3DWOz7KDa1uR9kv1qYlPB\/dGn9rRkEUwSX0TGLFX4yxuTqzYYK4uleM4lMNeHaKOtUljrGMyPGiRjad1iU1Scd4Ujd7upnTmjwLTpXsMUpvUd7ZORxQHmhRmjDiAxJOuGMnWGR+9OvhT2qQhdqvNU6Wupf+0ERfbw2ZaZlj5LwgIAoJANQi0qxlGRhEEBAFBoBwE2h\/+76NyPIkXQUAQEAQqQKDdbqdzyQrGkyEEAUFAEBgKgc5xbXuG+OzjXx3KoXQWBAQBQWCUCCjSsjMtfBZRNkFAEBAEQkWg0z7OzrQmJ+2vJwk1cIlLEBAEjk0E9PTwiLPv8qs8DiAiDoUAsne8Gcp5NRSMx2Rn37mjp4cuaXF06PcQ161bp088tKE+29fZcB9SFwRcBMZXXOGqgpbxq1US8+gPkfvrYL4R1ezQnh76jPg7JK\/7bEUnCAgCgsAoEehZ0xrlYOJbEHARyPPO6vapWnYzLIl5NEfAxbnfKCrTsu8e9jMUvSAgCAgCISCQa3oYQqASgyBwrCAw1rD1vqqPy6w\/bFF1QDKeIJAXgfEVKxPTqc0bdX38CXuBf+rGDYlNCBVfzDwuIiyU02rxP4RttpirjrH9y0ftH0qoOgAZTxAYBgGQFREW+ZlRjxriFermixmxHj\/\/6Wj3rm4SNhFYoqixwmN23xiqjnP2W4c1AiVD14eAfDKiWuxBWLSFSlyIjwiLSoq5ylKmhwOiPb7cnoa4bqa2hJHau3FBprs0\/NkjuiNGbd1u19c1SF3WBcTbQpsqEpicsEgH4lpwbjeYKSLi4liSXAemQlp0lhQoZyMsfUAVqYVIXCClGfWzANOKVE1dCfg+yZYhYbTZ35BZAJgaTX3TQa5rrasxuIyhfYRF5qGsaVE8RFAgL6pTW5WlkFZBtDlh9SMlskHZz6bgsKWYg6SQUU1vMdmWIa+NirwiradPP\/R8H24po4sTF4Eswjp8cLVrLnKMgJBWgVNBp8dPpB3GI\/87DogqNOJKMyxOWCbbwlQwJax0\/5pU45kUZVhcF9q+AO\/du9N1LB6fEBZHo7ceBGn50k1+RyKUNBkpMZ\/XU4o8vsKcfFOb03dHTly9sFerIcLCqJRtRdFKVW+pqaKZHkZRV32mtFttYCWNRscB7vjxgczbIIe0LVgwqYjLnrc2ibD4NUr1Kq7V2u8e0klGZUgnlS8WugioJMKCLa\/7+tahS0lqRq9VgaPwLo9fbdF8pX8aBcQ1oz8QL19NVM1Rol\/NAXHR1iTCQswuQbky7VfZZa2k5RKVK5e9s2X5cwkLGRZlWZy4kG2FsqZlSArkhIV2RVi6osWj7h+mhe7UkD8gGcoOc+LyEVaIMbvYEVFRWUXMtU0P+xEU9EQKLkChyURUocXF46HHGsw00NwZNNSlrEyqpSpHz+dPm3PumEdimvitKS7GRFh03m06+GF02fyPkVh62anre7Foxzl5ka70vazAIWVYoRGZWc9yMizgwVItrGXZ08LmkFgV7+xlnz4S83CI1pZpFQkbi3wumxfpP2rbUAkL+03JVDIl1EobEU5YNGWp683Mjixbcj++k20dRuuxEPOmg6PFuh3axzVAUHQngu+6T8fbpe5HAA+K9hIW0iz+QmaFB0xbER5\/oKfj\/R5FKwjUi0CtC\/G+Xe+XUfXT+3xUreML8TQ2n\/aSrq7STA7V6EnFE4niLTRPKtKSNwgPPqIKBoHgSAvIuATlynWhhwdG6aFRHgOmhzRFhJ4Ii0puW3Wd8xQ+umOoyWRWZgEeGZb63n9FVrIJAk1AIEjSAnBEVFQ2AUzE6BKVK9e5H2P6Q94gLFCZeYGwMCVswhpWndjJ2OEgUDtp4Y4hvVxYQiUsN9vi00N9B3RS7Un8qvuOqA9D\/JoSNlrDAmHRlNBnr43lnyCQE4FRPu6AEGonrZw4BGHGHxR1iSuIAGcLAkmWyrAmJ7sJYfE1LCIsKmdzJ+2CQB0IdOoYtMlj8s8UzkZcnOTq3GeQEGVSegFLBYPJoZoX4r\/ehKgICSlDR0AyrQGOUB4yymMzwNADd+lHStD3axt4sBI74uHYJm2Il2Lm9ax94PZkl7cv2ZdV0rhU+vxSvL426GZr79cvr14yrbxIOXahkZITnlcMmZx8AePkp48h0bNj\/IJwda4tfLr2XEY79aE6ylFtNLYbNx+PbHw6Hiu1ky+SyyhdnxQTH590NB5vIx3ZuP6ofdBSSGtQ5KRf5QjgIqALgC4ICoIuGl8JG7Kn\/lyHOtdDLnvzxU5jUmwY043f7Ud9YMv7QS5r8\/mlcXl8NB7s3ThdmfpTn2FKIa1h0JO+I0fAdwFlDZrHPo9N1hh1tdGFP+r4aRzaz37j9dNTv1GVnYmJiVH5Fr+CwMAI4ILgF0\/eC4T38Q3O\/eb16fNTh47ipX0keZSxEF5U0lhcriIOGhdlZ9WqVeo7w80PXfIGqQsCoSGAizXrAuHtqHOZ70uWD243aJ3GpRJ+3Dp0eeJw+6FPnn7wP+jm+oeMONyN2\/E4YcdlX1\/XVxFZpodF0BLbyhBwT3SSqXQvGAqM2l2Z7N122Pl01L9oSb7c0jcO2dAYJPcrfT6ob1kljZ3lr5+Nq3flLJ9F2oS0iqAltrUiQMSDIPJcEEXta905GTw3AkJauaESw7oRyENUPMai9ryv1MNFYFbSos+pYRd4PdxdksiahADPhpoSt8Rc75GalbTk0\/\/1HqCjdfQmZkEScxhnY0v94MEM7h7iZ6VQhvZNpmHAJFEIAoJAKAj0ZFr4biXZBAFBQBAIFYEe0mpiChwquBKXICAIlI9Am359pXzX4lEQEAQEgfIRkK+mKR9T8SgICAIjRKBNvzw8wjHEtSAgCAgCpSEgmVZpUIojQUAQqAIBIa0qUJYxBAFBoDQEhLRKg1IcCQKCQBUICGlVgbKMIQgIAqUhIKRVGpTiSBAQBKpAQEirCpRlDEFAECgNgf8D0frerjm51PAAAAAASUVORK5CYII=\" \/><\/p>\n<p class=\"rvps12\"><span class=\"rvts139\">Se debe recordar que para registrar una nueva notificaci\u00f3n, o inscribir un nuevo movimiento es necesario como en todo el sistema cambiar el ESTADO del actual registro para ingresar uno nuevo.<\/span><\/p>\n","protected":false},"excerpt":{"rendered":"<p>Conforman este m\u00f3dulo las tablas con toda la informaci\u00f3n que se ajuste y utilice para las definiciones correspondientes as\u00ed como tambi\u00e9n\u00a0t\u00edtulos ejecutorios \u00a0y\u00a0procesos judiciales del\u00a0municipio\u00a0 Se puede realizar el seguimiento de todos los procesos legales en los que se halla involucrado el Municipio. De una manera r\u00e1pida se observan los distintos procesos que componen los [&hellip;]<\/p>\n","protected":false},"author":4,"featured_media":0,"parent":543,"menu_order":0,"comment_status":"closed","ping_status":"closed","template":"","meta":{"footnotes":""},"class_list":["post-545","page","type-page","status-publish","hentry"],"_links":{"self":[{"href":"https:\/\/uniremunicipios.com.ar\/manual\/index.php?rest_route=\/wp\/v2\/pages\/545","targetHints":{"allow":["GET"]}}],"collection":[{"href":"https:\/\/uniremunicipios.com.ar\/manual\/index.php?rest_route=\/wp\/v2\/pages"}],"about":[{"href":"https:\/\/uniremunicipios.com.ar\/manual\/index.php?rest_route=\/wp\/v2\/types\/page"}],"author":[{"embeddable":true,"href":"https:\/\/uniremunicipios.com.ar\/manual\/index.php?rest_route=\/wp\/v2\/users\/4"}],"replies":[{"embeddable":true,"href":"https:\/\/uniremunicipios.com.ar\/manual\/index.php?rest_route=%2Fwp%2Fv2%2Fcomments&post=545"}],"version-history":[{"count":5,"href":"https:\/\/uniremunicipios.com.ar\/manual\/index.php?rest_route=\/wp\/v2\/pages\/545\/revisions"}],"predecessor-version":[{"id":2714,"href":"https:\/\/uniremunicipios.com.ar\/manual\/index.php?rest_route=\/wp\/v2\/pages\/545\/revisions\/2714"}],"up":[{"embeddable":true,"href":"https:\/\/uniremunicipios.com.ar\/manual\/index.php?rest_route=\/wp\/v2\/pages\/543"}],"wp:attachment":[{"href":"https:\/\/uniremunicipios.com.ar\/manual\/index.php?rest_route=%2Fwp%2Fv2%2Fmedia&parent=545"}],"curies":[{"name":"wp","href":"https:\/\/api.w.org\/{rel}","templated":true}]}}