{"id":5517,"date":"2024-12-12T13:34:13","date_gmt":"2024-12-12T16:34:13","guid":{"rendered":"https:\/\/uniremunicipios.com.ar\/manual\/?page_id=5517"},"modified":"2024-12-16T13:38:48","modified_gmt":"2024-12-16T16:38:48","slug":"1-1-items-pendientes-de-proceso-de-valuacion","status":"publish","type":"page","link":"https:\/\/uniremunicipios.com.ar\/manual\/?page_id=5517","title":{"rendered":"d1. Items pendientes de proceso de Valuaci\u00f3n"},"content":{"rendered":"<p>Ingresando a <strong>COMPRAS\/ITEMS PENDIENTES DE PROCESO DE VALUACI\u00d3N<\/strong><\/p>\n<p>Posicion\u00e1ndose sobre el \u00edtem y apretando <img loading=\"lazy\" decoding=\"async\" class=\"wp-image-5524 alignnone size-medium\" src=\"http:\/\/uniremunicipios.com.ar\/manual\/wp-content\/uploads\/2024\/12\/image-5.png\" alt=\"\" width=\"65\" height=\"60\" \/>, se genera el proceso de Valuaci\u00f3n<\/p>\n<p><span lang=\"ES-AR\">Dentro de esta ventana, aparecer\u00e1 la actividad a la que est\u00e1 asociado el art\u00edculo del \u00edtem. Se debe seleccionar la fecha y hora de apertura del sobre. En Observaci\u00f3n, anotar cualquier aclaraci\u00f3n necesaria.<\/span><\/p>\n<p>Seg\u00fan el importe total del \u00edtem, el sistema clasificar\u00e1 la compra en &#8220;Compra Directa&#8221;, &#8220;Concurso&#8221;, &#8220;Licitaci\u00f3n Privada&#8221;, &#8220;Licitaci\u00f3n P\u00fablica&#8221; (todo esto preconfigurado anteriormente).<\/p>\n<p><img loading=\"lazy\" decoding=\"async\" class=\"wp-image-5523 aligncenter\" src=\"http:\/\/uniremunicipios.com.ar\/manual\/wp-content\/uploads\/2024\/12\/image-4.png\" alt=\"\" width=\"498\" height=\"269\" srcset=\"https:\/\/uniremunicipios.com.ar\/manual\/wp-content\/uploads\/2024\/12\/image-4.png 611w, https:\/\/uniremunicipios.com.ar\/manual\/wp-content\/uploads\/2024\/12\/image-4-300x162.png 300w\" sizes=\"auto, (max-width: 498px) 100vw, 498px\" \/><\/p>\n<p><span lang=\"ES-AR\"> Una vez presionado OK, se GENERA EL PROCESO DE VALUACION, y el \u00edtem pasa a <a href=\"https:\/\/uniremunicipios.com.ar\/manual\/?page_id=5540\"><em><strong>CONTROL PROCESOS VALUACI\u00d3N (Modificaci\u00f3n).<\/strong><\/em><\/a><\/span><\/p>\n","protected":false},"excerpt":{"rendered":"<p>Ingresando a COMPRAS\/ITEMS PENDIENTES DE PROCESO DE VALUACI\u00d3N Posicion\u00e1ndose sobre el \u00edtem y apretando , se genera el proceso de Valuaci\u00f3n Dentro de esta ventana, aparecer\u00e1 la actividad a la que est\u00e1 asociado el art\u00edculo del \u00edtem. Se debe seleccionar la fecha y hora de apertura del sobre. En Observaci\u00f3n, anotar cualquier aclaraci\u00f3n necesaria. Seg\u00fan [&hellip;]<\/p>\n","protected":false},"author":9,"featured_media":0,"parent":9,"menu_order":5,"comment_status":"closed","ping_status":"closed","template":"","meta":{"footnotes":""},"class_list":["post-5517","page","type-page","status-publish","hentry"],"_links":{"self":[{"href":"https:\/\/uniremunicipios.com.ar\/manual\/index.php?rest_route=\/wp\/v2\/pages\/5517","targetHints":{"allow":["GET"]}}],"collection":[{"href":"https:\/\/uniremunicipios.com.ar\/manual\/index.php?rest_route=\/wp\/v2\/pages"}],"about":[{"href":"https:\/\/uniremunicipios.com.ar\/manual\/index.php?rest_route=\/wp\/v2\/types\/page"}],"author":[{"embeddable":true,"href":"https:\/\/uniremunicipios.com.ar\/manual\/index.php?rest_route=\/wp\/v2\/users\/9"}],"replies":[{"embeddable":true,"href":"https:\/\/uniremunicipios.com.ar\/manual\/index.php?rest_route=%2Fwp%2Fv2%2Fcomments&post=5517"}],"version-history":[{"count":10,"href":"https:\/\/uniremunicipios.com.ar\/manual\/index.php?rest_route=\/wp\/v2\/pages\/5517\/revisions"}],"predecessor-version":[{"id":5662,"href":"https:\/\/uniremunicipios.com.ar\/manual\/index.php?rest_route=\/wp\/v2\/pages\/5517\/revisions\/5662"}],"up":[{"embeddable":true,"href":"https:\/\/uniremunicipios.com.ar\/manual\/index.php?rest_route=\/wp\/v2\/pages\/9"}],"wp:attachment":[{"href":"https:\/\/uniremunicipios.com.ar\/manual\/index.php?rest_route=%2Fwp%2Fv2%2Fmedia&parent=5517"}],"curies":[{"name":"wp","href":"https:\/\/api.w.org\/{rel}","templated":true}]}}