{"id":5540,"date":"2024-12-12T13:34:27","date_gmt":"2024-12-12T16:34:27","guid":{"rendered":"https:\/\/uniremunicipios.com.ar\/manual\/?page_id=5540"},"modified":"2024-12-16T14:57:23","modified_gmt":"2024-12-16T17:57:23","slug":"1-2-control-procesos-valuacion","status":"publish","type":"page","link":"https:\/\/uniremunicipios.com.ar\/manual\/?page_id=5540","title":{"rendered":"d2. Control Procesos Valuaci\u00f3n"},"content":{"rendered":"<p>Para esto, se debe ingresar a <strong>COMPRAS\/Control Procesos Valuaci\u00f3n(Modificaci\u00f3n)<\/strong><\/p>\n<p><span lang=\"ES-AR\">En esta etapa se pueden realizar cambios como agregar o eliminar proveedores o modificar sus datos, en el caso de ser necesario. Posicion\u00e1ndose sobre el proceso y presionando el bot\u00f3n\u00a0<\/span><img loading=\"lazy\" decoding=\"async\" class=\"wp-image-5542 alignnone size-medium\" src=\"http:\/\/uniremunicipios.com.ar\/manual\/wp-content\/uploads\/2024\/12\/image-9.png\" alt=\"\" width=\"49\" height=\"49\" \/>, luego en <img loading=\"lazy\" decoding=\"async\" class=\"wp-image-5543 alignnone size-medium\" src=\"http:\/\/uniremunicipios.com.ar\/manual\/wp-content\/uploads\/2024\/12\/image-10.png\" alt=\"\" width=\"65\" height=\"51\" \/><\/p>\n<p><img loading=\"lazy\" decoding=\"async\" class=\"wp-image-5544 aligncenter\" src=\"http:\/\/uniremunicipios.com.ar\/manual\/wp-content\/uploads\/2024\/12\/image-11.png\" alt=\"\" width=\"608\" height=\"235\" srcset=\"https:\/\/uniremunicipios.com.ar\/manual\/wp-content\/uploads\/2024\/12\/image-11.png 852w, https:\/\/uniremunicipios.com.ar\/manual\/wp-content\/uploads\/2024\/12\/image-11-300x116.png 300w, https:\/\/uniremunicipios.com.ar\/manual\/wp-content\/uploads\/2024\/12\/image-11-768x297.png 768w\" sizes=\"auto, (max-width: 608px) 100vw, 608px\" \/><\/p>\n<p>Aqu\u00ed aparecer\u00e1n los proveedores con la actividad a la que est\u00e1 relacionado el o los art\u00edculos dentro del proceso. Se pueden ver y controlar sus datos.<\/p>\n<p>Para cambiar el estado del proceso, seg\u00fan el tipo de compra, el sistema permitir\u00e1 pasar al siguiente paso. Si es <em><strong>Compra Directa<\/strong><\/em>, la opci\u00f3n ser\u00e1:<\/p>\n<p><img loading=\"lazy\" decoding=\"async\" class=\"wp-image-5546 alignnone \" src=\"http:\/\/uniremunicipios.com.ar\/manual\/wp-content\/uploads\/2024\/12\/image-13.png\" alt=\"\" width=\"373\" height=\"107\" srcset=\"https:\/\/uniremunicipios.com.ar\/manual\/wp-content\/uploads\/2024\/12\/image-13.png 458w, https:\/\/uniremunicipios.com.ar\/manual\/wp-content\/uploads\/2024\/12\/image-13-300x86.png 300w\" sizes=\"auto, (max-width: 373px) 100vw, 373px\" \/><\/p>\n<p>Y pasar\u00e1 a <a href=\"https:\/\/uniremunicipios.com.ar\/manual\/?page_id=5553\"><strong><em>COTIZACI\u00d3N PROCESOS VALUACI\u00d3N (Espera)<\/em><\/strong><\/a>. Al cambiar a este Estado, se les env\u00edan mails autom\u00e1ticamente a los proveedores antes mencionados para comunicarles que se abre un nuevo pedido de cotizaci\u00f3n y un link para que puedan ingresar a la Web a cotizar.<\/p>\n<p>Si es\u00a0<em><strong>Concurso,<\/strong><\/em>\u00a0<strong><em>Licitaci\u00f3n Privada o P\u00fablica,<\/em><\/strong> la opci\u00f3n ser\u00e1:<\/p>\n<p><img loading=\"lazy\" decoding=\"async\" class=\"wp-image-5549 alignnone \" src=\"http:\/\/uniremunicipios.com.ar\/manual\/wp-content\/uploads\/2024\/12\/image-14.png\" alt=\"\" width=\"368\" height=\"103\" srcset=\"https:\/\/uniremunicipios.com.ar\/manual\/wp-content\/uploads\/2024\/12\/image-14.png 459w, https:\/\/uniremunicipios.com.ar\/manual\/wp-content\/uploads\/2024\/12\/image-14-300x84.png 300w\" sizes=\"auto, (max-width: 368px) 100vw, 368px\" \/><\/p>\n<p>Para que pase a Contadur\u00eda, d\u00f3nde se deber\u00e1 imputar en la cuenta que corresponda.<\/p>\n<h3>Afectaci\u00f3n Preventiva Procesos Valuaci\u00f3n<\/h3>\n<p>Se debe ingresar a <strong>CONTADURIA\/AFECTACI\u00d3N PREVENTIVA PROCESOS VALUACION<\/strong><\/p>\n<p>Aparecer\u00e1 el proceso enviado a esta etapa y, posicionado sobre el mismo, se debe presionar <img loading=\"lazy\" decoding=\"async\" class=\"wp-image-5550 alignnone size-medium\" src=\"http:\/\/uniremunicipios.com.ar\/manual\/wp-content\/uploads\/2024\/12\/image-15.png\" alt=\"\" width=\"48\" height=\"44\" \/>, luego Modificar el Item, y seleccionar la cuenta a imputar.<\/p>\n<p>Una vez imputado, se cambia el estado a:<\/p>\n<p><img loading=\"lazy\" decoding=\"async\" class=\"wp-image-5571 alignnone \" src=\"http:\/\/uniremunicipios.com.ar\/manual\/wp-content\/uploads\/2024\/12\/image-24.png\" alt=\"\" width=\"383\" height=\"111\" srcset=\"https:\/\/uniremunicipios.com.ar\/manual\/wp-content\/uploads\/2024\/12\/image-24.png 460w, https:\/\/uniremunicipios.com.ar\/manual\/wp-content\/uploads\/2024\/12\/image-24-300x87.png 300w\" sizes=\"auto, (max-width: 383px) 100vw, 383px\" \/><\/p>\n<p>Una vez en esta etapa, luego de realizar todos los pasos necesarios para una Licitaci\u00f3n\/Concurso, se cambia el Estado a:<\/p>\n<p><img loading=\"lazy\" decoding=\"async\" class=\"wp-image-5666 alignnone \" src=\"http:\/\/uniremunicipios.com.ar\/manual\/wp-content\/uploads\/2024\/12\/image-33.png\" alt=\"\" width=\"368\" height=\"103\" srcset=\"https:\/\/uniremunicipios.com.ar\/manual\/wp-content\/uploads\/2024\/12\/image-33.png 456w, https:\/\/uniremunicipios.com.ar\/manual\/wp-content\/uploads\/2024\/12\/image-33-300x84.png 300w\" sizes=\"auto, (max-width: 368px) 100vw, 368px\" \/><\/p>\n<p>Y el proceso continua como cuando se trata de una Compra Directa<\/p>\n<p>&nbsp;<\/p>\n","protected":false},"excerpt":{"rendered":"<p>Para esto, se debe ingresar a COMPRAS\/Control Procesos Valuaci\u00f3n(Modificaci\u00f3n) En esta etapa se pueden realizar cambios como agregar o eliminar proveedores o modificar sus datos, en el caso de ser necesario. Posicion\u00e1ndose sobre el proceso y presionando el bot\u00f3n\u00a0, luego en Aqu\u00ed aparecer\u00e1n los proveedores con la actividad a la que est\u00e1 relacionado el o [&hellip;]<\/p>\n","protected":false},"author":9,"featured_media":0,"parent":9,"menu_order":6,"comment_status":"closed","ping_status":"closed","template":"","meta":{"footnotes":""},"class_list":["post-5540","page","type-page","status-publish","hentry"],"_links":{"self":[{"href":"https:\/\/uniremunicipios.com.ar\/manual\/index.php?rest_route=\/wp\/v2\/pages\/5540","targetHints":{"allow":["GET"]}}],"collection":[{"href":"https:\/\/uniremunicipios.com.ar\/manual\/index.php?rest_route=\/wp\/v2\/pages"}],"about":[{"href":"https:\/\/uniremunicipios.com.ar\/manual\/index.php?rest_route=\/wp\/v2\/types\/page"}],"author":[{"embeddable":true,"href":"https:\/\/uniremunicipios.com.ar\/manual\/index.php?rest_route=\/wp\/v2\/users\/9"}],"replies":[{"embeddable":true,"href":"https:\/\/uniremunicipios.com.ar\/manual\/index.php?rest_route=%2Fwp%2Fv2%2Fcomments&post=5540"}],"version-history":[{"count":13,"href":"https:\/\/uniremunicipios.com.ar\/manual\/index.php?rest_route=\/wp\/v2\/pages\/5540\/revisions"}],"predecessor-version":[{"id":5667,"href":"https:\/\/uniremunicipios.com.ar\/manual\/index.php?rest_route=\/wp\/v2\/pages\/5540\/revisions\/5667"}],"up":[{"embeddable":true,"href":"https:\/\/uniremunicipios.com.ar\/manual\/index.php?rest_route=\/wp\/v2\/pages\/9"}],"wp:attachment":[{"href":"https:\/\/uniremunicipios.com.ar\/manual\/index.php?rest_route=%2Fwp%2Fv2%2Fmedia&parent=5540"}],"curies":[{"name":"wp","href":"https:\/\/api.w.org\/{rel}","templated":true}]}}