{"id":5553,"date":"2024-12-12T13:34:36","date_gmt":"2024-12-12T16:34:36","guid":{"rendered":"https:\/\/uniremunicipios.com.ar\/manual\/?page_id=5553"},"modified":"2024-12-16T14:59:32","modified_gmt":"2024-12-16T17:59:32","slug":"1-3-cotizacion-procesos-valuacion","status":"publish","type":"page","link":"https:\/\/uniremunicipios.com.ar\/manual\/?page_id=5553","title":{"rendered":"d3. Cotizaci\u00f3n Procesos Valuaci\u00f3n"},"content":{"rendered":"<p>Ingresar a <strong>COMPRAS\/COTIZACION PROCESOS VALUACION (Espera)<\/strong><\/p>\n<p>En esta etapa, se encuentran los procesos que est\u00e1n a la espera de la cotizaci\u00f3n hasta el d\u00eda y la hora en el que se har\u00e1 la apertura de ofertas. Tambi\u00e9n se podr\u00e1 observar si el proveedor ya cotiz\u00f3 (pero no los importes), para poder llevar un control.<\/p>\n<p>Dentro de la ventana, posicion\u00e1ndose sobre el proceso, presiono <img loading=\"lazy\" decoding=\"async\" class=\"wp-image-5555 alignnone size-medium\" src=\"http:\/\/uniremunicipios.com.ar\/manual\/wp-content\/uploads\/2024\/12\/image-16.png\" alt=\"\" width=\"48\" height=\"47\" \/>, luego <img loading=\"lazy\" decoding=\"async\" class=\"wp-image-5556 alignnone size-medium\" src=\"http:\/\/uniremunicipios.com.ar\/manual\/wp-content\/uploads\/2024\/12\/image-17.png\" alt=\"\" width=\"65\" height=\"43\" \/> y aparecer\u00e1:<\/p>\n<p><img loading=\"lazy\" decoding=\"async\" class=\"wp-image-5557 aligncenter\" src=\"http:\/\/uniremunicipios.com.ar\/manual\/wp-content\/uploads\/2024\/12\/image-18.png\" alt=\"\" width=\"519\" height=\"109\" srcset=\"https:\/\/uniremunicipios.com.ar\/manual\/wp-content\/uploads\/2024\/12\/image-18.png 836w, https:\/\/uniremunicipios.com.ar\/manual\/wp-content\/uploads\/2024\/12\/image-18-300x63.png 300w, https:\/\/uniremunicipios.com.ar\/manual\/wp-content\/uploads\/2024\/12\/image-18-768x161.png 768w\" sizes=\"auto, (max-width: 519px) 100vw, 519px\" \/><\/p>\n<p>Si el proveedor cotiz\u00f3, aparecer\u00e1 un tilde en\u00a0<em>COTIZA<\/em>, si seleccion\u00f3 la opci\u00f3n de no cotizar, el tilde estar\u00e1 en <em>NO COTIZA<\/em> y, si no hizo nada, el sistema le enviar\u00e1 autom\u00e1ticamente un recordatorio para que ingrese a la Web a responder la solicitud de cotizaci\u00f3n.<\/p>\n<p>Una vez que llega el momento de la Apertura de Oferta, se debe cambiar el estado del proceso a:<\/p>\n<p><img loading=\"lazy\" decoding=\"async\" class=\"wp-image-5558 alignnone \" src=\"http:\/\/uniremunicipios.com.ar\/manual\/wp-content\/uploads\/2024\/12\/image-19.png\" alt=\"\" width=\"369\" height=\"102\" srcset=\"https:\/\/uniremunicipios.com.ar\/manual\/wp-content\/uploads\/2024\/12\/image-19.png 457w, https:\/\/uniremunicipios.com.ar\/manual\/wp-content\/uploads\/2024\/12\/image-19-300x83.png 300w\" sizes=\"auto, (max-width: 369px) 100vw, 369px\" \/><\/p>\n<p>Y la etapa siguiente ser\u00e1: <strong><a href=\"https:\/\/uniremunicipios.com.ar\/manual\/?page_id=5560\">COMPLETAR PROCESO DE VALUACION &#8211; APERTURA OFERTAS (Selecci\u00f3n Ganador)<\/a><\/strong><\/p>\n<p>&nbsp;<\/p>\n","protected":false},"excerpt":{"rendered":"<p>Ingresar a COMPRAS\/COTIZACION PROCESOS VALUACION (Espera) En esta etapa, se encuentran los procesos que est\u00e1n a la espera de la cotizaci\u00f3n hasta el d\u00eda y la hora en el que se har\u00e1 la apertura de ofertas. Tambi\u00e9n se podr\u00e1 observar si el proveedor ya cotiz\u00f3 (pero no los importes), para poder llevar un control. Dentro [&hellip;]<\/p>\n","protected":false},"author":9,"featured_media":0,"parent":9,"menu_order":7,"comment_status":"closed","ping_status":"closed","template":"","meta":{"footnotes":""},"class_list":["post-5553","page","type-page","status-publish","hentry"],"_links":{"self":[{"href":"https:\/\/uniremunicipios.com.ar\/manual\/index.php?rest_route=\/wp\/v2\/pages\/5553","targetHints":{"allow":["GET"]}}],"collection":[{"href":"https:\/\/uniremunicipios.com.ar\/manual\/index.php?rest_route=\/wp\/v2\/pages"}],"about":[{"href":"https:\/\/uniremunicipios.com.ar\/manual\/index.php?rest_route=\/wp\/v2\/types\/page"}],"author":[{"embeddable":true,"href":"https:\/\/uniremunicipios.com.ar\/manual\/index.php?rest_route=\/wp\/v2\/users\/9"}],"replies":[{"embeddable":true,"href":"https:\/\/uniremunicipios.com.ar\/manual\/index.php?rest_route=%2Fwp%2Fv2%2Fcomments&post=5553"}],"version-history":[{"count":8,"href":"https:\/\/uniremunicipios.com.ar\/manual\/index.php?rest_route=\/wp\/v2\/pages\/5553\/revisions"}],"predecessor-version":[{"id":5668,"href":"https:\/\/uniremunicipios.com.ar\/manual\/index.php?rest_route=\/wp\/v2\/pages\/5553\/revisions\/5668"}],"up":[{"embeddable":true,"href":"https:\/\/uniremunicipios.com.ar\/manual\/index.php?rest_route=\/wp\/v2\/pages\/9"}],"wp:attachment":[{"href":"https:\/\/uniremunicipios.com.ar\/manual\/index.php?rest_route=%2Fwp%2Fv2%2Fmedia&parent=5553"}],"curies":[{"name":"wp","href":"https:\/\/api.w.org\/{rel}","templated":true}]}}