{"id":5560,"date":"2024-12-12T13:34:42","date_gmt":"2024-12-12T16:34:42","guid":{"rendered":"https:\/\/uniremunicipios.com.ar\/manual\/?page_id=5560"},"modified":"2024-12-16T15:01:57","modified_gmt":"2024-12-16T18:01:57","slug":"1-4-completar-proceso-de-valuacion-apertura-ofertas","status":"publish","type":"page","link":"https:\/\/uniremunicipios.com.ar\/manual\/?page_id=5560","title":{"rendered":"d4. Completar Proceso de Valuaci\u00f3n &#8211; Apertura Ofertas"},"content":{"rendered":"<p>Se debe ingresar a <strong>COMPRAS\/COMPLETAR PROCESO DE VALUACION-APERTURA OFERTAS (Selecci\u00f3n Ganador)<\/strong><\/p>\n<p>En <img loading=\"lazy\" decoding=\"async\" class=\"wp-image-5563 alignnone size-medium\" src=\"http:\/\/uniremunicipios.com.ar\/manual\/wp-content\/uploads\/2024\/12\/image-20.png\" alt=\"\" width=\"52\" height=\"46\" \/>, luego <img loading=\"lazy\" decoding=\"async\" class=\"wp-image-5564 alignnone size-medium\" src=\"http:\/\/uniremunicipios.com.ar\/manual\/wp-content\/uploads\/2024\/12\/image-21.png\" alt=\"\" width=\"66\" height=\"44\" \/>, se muestran las cotizaciones por proveedor y el sistema selecciona un ganador (el cual puede ser cambiado seg\u00fan cuestiones a tener en cuenta adem\u00e1s de los precios, como caracter\u00edsticas t\u00e9cnicas y dem\u00e1s)<\/p>\n<p><img loading=\"lazy\" decoding=\"async\" class=\"wp-image-5565 aligncenter\" src=\"http:\/\/uniremunicipios.com.ar\/manual\/wp-content\/uploads\/2024\/12\/image-22.png\" alt=\"\" width=\"469\" height=\"100\" srcset=\"https:\/\/uniremunicipios.com.ar\/manual\/wp-content\/uploads\/2024\/12\/image-22.png 856w, https:\/\/uniremunicipios.com.ar\/manual\/wp-content\/uploads\/2024\/12\/image-22-300x64.png 300w, https:\/\/uniremunicipios.com.ar\/manual\/wp-content\/uploads\/2024\/12\/image-22-768x164.png 768w\" sizes=\"auto, (max-width: 469px) 100vw, 469px\" \/><\/p>\n<p>Si el proveedor no es local, el sistema le hace un recargo a su cotizaci\u00f3n.<\/p>\n<p>Una vez seleccionado el ganador y definida la cotizaci\u00f3n, se le cambia de estado al proceso y se genera un Requerimiento con toda la informaci\u00f3n ya definida.<\/p>\n<p><img loading=\"lazy\" decoding=\"async\" class=\"wp-image-5566 alignnone aligncenter\" src=\"http:\/\/uniremunicipios.com.ar\/manual\/wp-content\/uploads\/2024\/12\/image-23.png\" alt=\"\" width=\"366\" height=\"105\" srcset=\"https:\/\/uniremunicipios.com.ar\/manual\/wp-content\/uploads\/2024\/12\/image-23.png 458w, https:\/\/uniremunicipios.com.ar\/manual\/wp-content\/uploads\/2024\/12\/image-23-300x86.png 300w\" sizes=\"auto, (max-width: 366px) 100vw, 366px\" \/><\/p>\n<p>Este requerimiento se podr\u00e1 encontrar en el m\u00f3dulo de <strong>PROVEEDORES<\/strong>, en el men\u00fa <strong>REQUERIMIENTOS\/INGRESO DE REQUERIMIENTOS DE COMPRAS<\/strong> y as\u00ed, continuar con el proceso de compra tradicional.<\/p>\n","protected":false},"excerpt":{"rendered":"<p>Se debe ingresar a COMPRAS\/COMPLETAR PROCESO DE VALUACION-APERTURA OFERTAS (Selecci\u00f3n Ganador) En , luego , se muestran las cotizaciones por proveedor y el sistema selecciona un ganador (el cual puede ser cambiado seg\u00fan cuestiones a tener en cuenta adem\u00e1s de los precios, como caracter\u00edsticas t\u00e9cnicas y dem\u00e1s) Si el proveedor no es local, el sistema [&hellip;]<\/p>\n","protected":false},"author":9,"featured_media":0,"parent":9,"menu_order":8,"comment_status":"closed","ping_status":"closed","template":"","meta":{"footnotes":""},"class_list":["post-5560","page","type-page","status-publish","hentry"],"_links":{"self":[{"href":"https:\/\/uniremunicipios.com.ar\/manual\/index.php?rest_route=\/wp\/v2\/pages\/5560","targetHints":{"allow":["GET"]}}],"collection":[{"href":"https:\/\/uniremunicipios.com.ar\/manual\/index.php?rest_route=\/wp\/v2\/pages"}],"about":[{"href":"https:\/\/uniremunicipios.com.ar\/manual\/index.php?rest_route=\/wp\/v2\/types\/page"}],"author":[{"embeddable":true,"href":"https:\/\/uniremunicipios.com.ar\/manual\/index.php?rest_route=\/wp\/v2\/users\/9"}],"replies":[{"embeddable":true,"href":"https:\/\/uniremunicipios.com.ar\/manual\/index.php?rest_route=%2Fwp%2Fv2%2Fcomments&post=5560"}],"version-history":[{"count":6,"href":"https:\/\/uniremunicipios.com.ar\/manual\/index.php?rest_route=\/wp\/v2\/pages\/5560\/revisions"}],"predecessor-version":[{"id":5669,"href":"https:\/\/uniremunicipios.com.ar\/manual\/index.php?rest_route=\/wp\/v2\/pages\/5560\/revisions\/5669"}],"up":[{"embeddable":true,"href":"https:\/\/uniremunicipios.com.ar\/manual\/index.php?rest_route=\/wp\/v2\/pages\/9"}],"wp:attachment":[{"href":"https:\/\/uniremunicipios.com.ar\/manual\/index.php?rest_route=%2Fwp%2Fv2%2Fmedia&parent=5560"}],"curies":[{"name":"wp","href":"https:\/\/api.w.org\/{rel}","templated":true}]}}