{"id":5770,"date":"2025-01-10T15:19:17","date_gmt":"2025-01-10T18:19:17","guid":{"rendered":"https:\/\/uniremunicipios.com.ar\/manual\/?page_id=5770"},"modified":"2025-01-10T15:19:17","modified_gmt":"2025-01-10T18:19:17","slug":"no-tiene-asignado-ningun-grupo-de-compras","status":"publish","type":"page","link":"https:\/\/uniremunicipios.com.ar\/manual\/?page_id=5770","title":{"rendered":"No tiene asignado ningun grupo de compras"},"content":{"rendered":"<p>Cuando les aparece este cartel:<br \/>\n<img loading=\"lazy\" decoding=\"async\" class=\"wp-image-5771 alignnone size-medium\" src=\"http:\/\/uniremunicipios.com.ar\/manual\/wp-content\/uploads\/2025\/01\/image.png\" alt=\"\" width=\"300\" height=\"135\" srcset=\"https:\/\/uniremunicipios.com.ar\/manual\/wp-content\/uploads\/2025\/01\/image.png 357w, https:\/\/uniremunicipios.com.ar\/manual\/wp-content\/uploads\/2025\/01\/image-300x135.png 300w\" sizes=\"auto, (max-width: 300px) 100vw, 300px\" \/><\/p>\n<p>Significa que el operador no est\u00e1 asignado a ning\u00fan grupo de compras. Para asignarlo hay que ir a:<\/p>\n<ul>\n<li>M\u00f3dulo Unire Proveedores<\/li>\n<li>Men\u00fa: Tablas\/Grupos de Compras<\/li>\n<li>Elegir el grupo de compra deseado<\/li>\n<li>Clic en bot\u00f3n modifica o doble clic sobre el grupo<\/li>\n<li>Agregar en la pesta\u00f1a OPERADORES al operador deseado.<\/li>\n<\/ul>\n","protected":false},"excerpt":{"rendered":"<p>Cuando les aparece este cartel: Significa que el operador no est\u00e1 asignado a ning\u00fan grupo de compras. Para asignarlo hay que ir a: M\u00f3dulo Unire Proveedores Men\u00fa: Tablas\/Grupos de Compras Elegir el grupo de compra deseado Clic en bot\u00f3n modifica o doble clic sobre el grupo Agregar en la pesta\u00f1a OPERADORES al operador deseado.<\/p>\n","protected":false},"author":2,"featured_media":0,"parent":1703,"menu_order":0,"comment_status":"closed","ping_status":"closed","template":"","meta":{"footnotes":""},"class_list":["post-5770","page","type-page","status-publish","hentry"],"_links":{"self":[{"href":"https:\/\/uniremunicipios.com.ar\/manual\/index.php?rest_route=\/wp\/v2\/pages\/5770","targetHints":{"allow":["GET"]}}],"collection":[{"href":"https:\/\/uniremunicipios.com.ar\/manual\/index.php?rest_route=\/wp\/v2\/pages"}],"about":[{"href":"https:\/\/uniremunicipios.com.ar\/manual\/index.php?rest_route=\/wp\/v2\/types\/page"}],"author":[{"embeddable":true,"href":"https:\/\/uniremunicipios.com.ar\/manual\/index.php?rest_route=\/wp\/v2\/users\/2"}],"replies":[{"embeddable":true,"href":"https:\/\/uniremunicipios.com.ar\/manual\/index.php?rest_route=%2Fwp%2Fv2%2Fcomments&post=5770"}],"version-history":[{"count":1,"href":"https:\/\/uniremunicipios.com.ar\/manual\/index.php?rest_route=\/wp\/v2\/pages\/5770\/revisions"}],"predecessor-version":[{"id":5772,"href":"https:\/\/uniremunicipios.com.ar\/manual\/index.php?rest_route=\/wp\/v2\/pages\/5770\/revisions\/5772"}],"up":[{"embeddable":true,"href":"https:\/\/uniremunicipios.com.ar\/manual\/index.php?rest_route=\/wp\/v2\/pages\/1703"}],"wp:attachment":[{"href":"https:\/\/uniremunicipios.com.ar\/manual\/index.php?rest_route=%2Fwp%2Fv2%2Fmedia&parent=5770"}],"curies":[{"name":"wp","href":"https:\/\/api.w.org\/{rel}","templated":true}]}}