{"id":602,"date":"2019-08-09T11:20:10","date_gmt":"2019-08-09T14:20:10","guid":{"rendered":"http:\/\/uniremunicipios.com.ar\/manual\/?page_id=602"},"modified":"2021-08-10T11:57:34","modified_gmt":"2021-08-10T14:57:34","slug":"certificado-de-deuda-y-de-libre-deuda","status":"publish","type":"page","link":"https:\/\/uniremunicipios.com.ar\/manual\/?page_id=602","title":{"rendered":"Certificado de deuda y de libre deuda"},"content":{"rendered":"<p class=\"rvps5\"><span class=\"rvts58\">Cualquier individuo, bien imponible, comercio o industria, que se relaciona con el Municipio, puede necesitar conocer su deuda, o solicitar para alg\u00fan tr\u00e1mite un libre deuda.<\/span><\/p>\n<p class=\"rvps5\"><span class=\"rvts58\">Desde personas, inmuebles, comercio, industria, tr\u00e1nsito, podemos acceder a la impresi\u00f3n de los certificados citados:<\/span><\/p>\n<p class=\"rvps5\"><span class=\"rvts58\">Presionando <img loading=\"lazy\" decoding=\"async\" width=\"62\" height=\"52\" class=\"alignnone wp-image-2344 size-full\" src=\"http:\/\/uniremunicipios.com.ar\/manual\/wp-content\/uploads\/2020\/10\/Pasted-into-Certificado-de-deuda-y-de-libre-deuda.png\" \/><\/span><\/p>\n<p class=\"rvps5\"><img loading=\"lazy\" decoding=\"async\" width=\"185\" height=\"90\" class=\"alignnone wp-image-2345 size-full\" src=\"http:\/\/uniremunicipios.com.ar\/manual\/wp-content\/uploads\/2020\/10\/Pasted-into-Certificado-de-deuda-y-de-libre-deuda-1.png\" \/><\/p>\n<p class=\"rvps5\"><span class=\"rvts58\">\u00a0<\/span><\/p>\n<p class=\"rvps5\"><span class=\"rvts138\">CERTIFICADO DE LIBRE DEUDA<\/span><\/p>\n<p class=\"rvps5\"><span class=\"rvts138\">Resalto<\/span><span class=\"rvts58\">\u00a0la persona, bien, comercio, industria o veh\u00edculo sobre la que solicito el libre deuda<\/span><\/p>\n<p class=\"rvps5\"><img loading=\"lazy\" decoding=\"async\" class=\"alignnone wp-image-2346 \" src=\"http:\/\/uniremunicipios.com.ar\/manual\/wp-content\/uploads\/2020\/10\/Pasted-into-Certificado-de-deuda-y-de-libre-deuda-2.png\" width=\"559\" height=\"314\" srcset=\"https:\/\/uniremunicipios.com.ar\/manual\/wp-content\/uploads\/2020\/10\/Pasted-into-Certificado-de-deuda-y-de-libre-deuda-2.png 755w, https:\/\/uniremunicipios.com.ar\/manual\/wp-content\/uploads\/2020\/10\/Pasted-into-Certificado-de-deuda-y-de-libre-deuda-2-300x168.png 300w\" sizes=\"auto, (max-width: 559px) 100vw, 559px\" \/><\/p>\n<p class=\"rvps5\"><span class=\"rvts58\">Si el contribuyente tiene deuda aparece este mensaje alert\u00e1ndonos, impidiendo otorgarle\u00a0\u00a0el certificado de LIBRE DEUDA<\/span><\/p>\n<p class=\"rvps5\"><img loading=\"lazy\" decoding=\"async\" width=\"409\" height=\"162\" class=\"alignnone wp-image-2719 size-full\" src=\"http:\/\/uniremunicipios.com.ar\/manual\/wp-content\/uploads\/2021\/08\/Pasted-into-Certificado-de-deuda-y-de-libre-deuda-4.png\" srcset=\"https:\/\/uniremunicipios.com.ar\/manual\/wp-content\/uploads\/2021\/08\/Pasted-into-Certificado-de-deuda-y-de-libre-deuda-4.png 409w, https:\/\/uniremunicipios.com.ar\/manual\/wp-content\/uploads\/2021\/08\/Pasted-into-Certificado-de-deuda-y-de-libre-deuda-4-300x119.png 300w\" sizes=\"auto, (max-width: 409px) 100vw, 409px\" \/><\/p>\n<p class=\"rvps5\"><span class=\"rvts58\">\u00a0<\/span><\/p>\n<p class=\"rvps5\"><span class=\"rvts58\">\u00a0<\/span><\/p>\n<p class=\"rvps5\"><span class=\"rvts138\">CERTIFICADO DE DEUDA<\/span><\/p>\n<p class=\"rvps5\"><img loading=\"lazy\" decoding=\"async\" class=\"alignnone wp-image-2716 \" src=\"http:\/\/uniremunicipios.com.ar\/manual\/wp-content\/uploads\/2021\/08\/Pasted-into-Certificado-de-deuda-y-de-libre-deuda-1.png\" width=\"568\" height=\"228\" srcset=\"https:\/\/uniremunicipios.com.ar\/manual\/wp-content\/uploads\/2021\/08\/Pasted-into-Certificado-de-deuda-y-de-libre-deuda-1.png 723w, https:\/\/uniremunicipios.com.ar\/manual\/wp-content\/uploads\/2021\/08\/Pasted-into-Certificado-de-deuda-y-de-libre-deuda-1-300x120.png 300w\" sizes=\"auto, (max-width: 568px) 100vw, 568px\" \/><\/p>\n<p class=\"rvps5\"><a name=\"149208107040\"><\/a><img loading=\"lazy\" decoding=\"async\" width=\"563\" height=\"403\" class=\"alignnone wp-image-2717 size-full\" src=\"http:\/\/uniremunicipios.com.ar\/manual\/wp-content\/uploads\/2021\/08\/Pasted-into-Certificado-de-deuda-y-de-libre-deuda-2.png\" srcset=\"https:\/\/uniremunicipios.com.ar\/manual\/wp-content\/uploads\/2021\/08\/Pasted-into-Certificado-de-deuda-y-de-libre-deuda-2.png 563w, https:\/\/uniremunicipios.com.ar\/manual\/wp-content\/uploads\/2021\/08\/Pasted-into-Certificado-de-deuda-y-de-libre-deuda-2-300x215.png 300w\" sizes=\"auto, (max-width: 563px) 100vw, 563px\" \/><\/p>\n<p>Libre multa, nos permite de igual forma conocer si el bien imponible posee multas (personas, bienes, comercios)<\/p>\n","protected":false},"excerpt":{"rendered":"<p>Cualquier individuo, bien imponible, comercio o industria, que se relaciona con el Municipio, puede necesitar conocer su deuda, o solicitar para alg\u00fan tr\u00e1mite un libre deuda. Desde personas, inmuebles, comercio, industria, tr\u00e1nsito, podemos acceder a la impresi\u00f3n de los certificados citados: Presionando \u00a0 CERTIFICADO DE LIBRE DEUDA Resalto\u00a0la persona, bien, comercio, industria o veh\u00edculo sobre [&hellip;]<\/p>\n","protected":false},"author":4,"featured_media":0,"parent":600,"menu_order":0,"comment_status":"closed","ping_status":"closed","template":"","meta":{"footnotes":""},"class_list":["post-602","page","type-page","status-publish","hentry"],"_links":{"self":[{"href":"https:\/\/uniremunicipios.com.ar\/manual\/index.php?rest_route=\/wp\/v2\/pages\/602","targetHints":{"allow":["GET"]}}],"collection":[{"href":"https:\/\/uniremunicipios.com.ar\/manual\/index.php?rest_route=\/wp\/v2\/pages"}],"about":[{"href":"https:\/\/uniremunicipios.com.ar\/manual\/index.php?rest_route=\/wp\/v2\/types\/page"}],"author":[{"embeddable":true,"href":"https:\/\/uniremunicipios.com.ar\/manual\/index.php?rest_route=\/wp\/v2\/users\/4"}],"replies":[{"embeddable":true,"href":"https:\/\/uniremunicipios.com.ar\/manual\/index.php?rest_route=%2Fwp%2Fv2%2Fcomments&post=602"}],"version-history":[{"count":5,"href":"https:\/\/uniremunicipios.com.ar\/manual\/index.php?rest_route=\/wp\/v2\/pages\/602\/revisions"}],"predecessor-version":[{"id":2720,"href":"https:\/\/uniremunicipios.com.ar\/manual\/index.php?rest_route=\/wp\/v2\/pages\/602\/revisions\/2720"}],"up":[{"embeddable":true,"href":"https:\/\/uniremunicipios.com.ar\/manual\/index.php?rest_route=\/wp\/v2\/pages\/600"}],"wp:attachment":[{"href":"https:\/\/uniremunicipios.com.ar\/manual\/index.php?rest_route=%2Fwp%2Fv2%2Fmedia&parent=602"}],"curies":[{"name":"wp","href":"https:\/\/api.w.org\/{rel}","templated":true}]}}