{"id":604,"date":"2019-08-09T11:24:23","date_gmt":"2019-08-09T14:24:23","guid":{"rendered":"http:\/\/uniremunicipios.com.ar\/manual\/?page_id=604"},"modified":"2024-11-14T15:15:54","modified_gmt":"2024-11-14T18:15:54","slug":"ingreso-directo-a-personas-fisicas-y-juridicas","status":"publish","type":"page","link":"https:\/\/uniremunicipios.com.ar\/manual\/?page_id=604","title":{"rendered":"Ingreso directo a Personas Fisicas y Juridicas.OK"},"content":{"rendered":"<p><iframe loading=\"lazy\" title=\"ALTA PERSONA FISICA\" width=\"500\" height=\"281\" src=\"https:\/\/www.youtube.com\/embed\/oaiJNTkca7Q?feature=oembed\" frameborder=\"0\" allow=\"accelerometer; autoplay; clipboard-write; encrypted-media; gyroscope; picture-in-picture; web-share\" referrerpolicy=\"strict-origin-when-cross-origin\" allowfullscreen><\/iframe><\/p>\n<p class=\"rvps5\"><span class=\"rvts58\"><img loading=\"lazy\" decoding=\"async\" class=\"wp-image-5480 alignnone size-medium\" src=\"http:\/\/uniremunicipios.com.ar\/manual\/wp-content\/uploads\/2024\/11\/Pasted-24.png\" alt=\"\" width=\"300\" height=\"12\" srcset=\"https:\/\/uniremunicipios.com.ar\/manual\/wp-content\/uploads\/2024\/11\/Pasted-24.png 1042w, https:\/\/uniremunicipios.com.ar\/manual\/wp-content\/uploads\/2024\/11\/Pasted-24-300x12.png 300w, https:\/\/uniremunicipios.com.ar\/manual\/wp-content\/uploads\/2024\/11\/Pasted-24-1024x39.png 1024w, https:\/\/uniremunicipios.com.ar\/manual\/wp-content\/uploads\/2024\/11\/Pasted-24-768x29.png 768w\" sizes=\"auto, (max-width: 300px) 100vw, 300px\" \/><\/span><\/p>\n<p class=\"rvps5\"><span class=\"rvts58\"><img loading=\"lazy\" decoding=\"async\" class=\"wp-image-5481 alignnone size-medium\" src=\"http:\/\/uniremunicipios.com.ar\/manual\/wp-content\/uploads\/2024\/11\/Pasted-25.png\" alt=\"\" width=\"37\" height=\"31\" \/>\u00a0Este bot\u00f3n aparece en los distintos m\u00f3dulos y nos permite acceder a todas las personas f\u00edsicas y jur\u00eddicas<\/span><\/p>\n<p class=\"rvps5\"><span class=\"rvts58\">Haz clic sobre Nombres, para b\u00fasquedas por apellido y nombres.<\/span><\/p>\n<p class=\"rvps5\"><img loading=\"lazy\" decoding=\"async\" width=\"441\" height=\"221\" class=\"alignnone wp-image-2721 size-full\" src=\"http:\/\/uniremunicipios.com.ar\/manual\/wp-content\/uploads\/2021\/08\/Pasted-into-Ingreso-directo-a-Personas-Fisicas-y-Juridicas.png\" srcset=\"https:\/\/uniremunicipios.com.ar\/manual\/wp-content\/uploads\/2021\/08\/Pasted-into-Ingreso-directo-a-Personas-Fisicas-y-Juridicas.png 441w, https:\/\/uniremunicipios.com.ar\/manual\/wp-content\/uploads\/2021\/08\/Pasted-into-Ingreso-directo-a-Personas-Fisicas-y-Juridicas-300x150.png 300w\" sizes=\"auto, (max-width: 441px) 100vw, 441px\" \/><\/p>\n<p class=\"rvps5\"><span class=\"rvts58\">\u00a0En rojo encontraremos<\/span><span class=\"rvts63\">\u00a0personas f\u00edsicas<\/span><span class=\"rvts58\">\u00a0y en azul\u00a0<\/span><span class=\"rvts87\">personas jur\u00eddica<\/span><\/p>\n<p class=\"rvps5\"><span class=\"rvts58\">En la lupita al lado del nombre, nos muestra la relaci\u00f3n de esa persona con el municipio, pudiendo ingresar en cada una de esas relaciones y ver los datos cargados.<\/span><\/p>\n<p><img loading=\"lazy\" decoding=\"async\" class=\"wp-image-5482 alignnone size-medium\" src=\"http:\/\/uniremunicipios.com.ar\/manual\/wp-content\/uploads\/2024\/11\/image-84.png\" alt=\"\" width=\"26\" height=\"27\" \/><\/p>\n<p><img loading=\"lazy\" decoding=\"async\" class=\"wp-image-5483 alignnone size-medium\" src=\"http:\/\/uniremunicipios.com.ar\/manual\/wp-content\/uploads\/2024\/11\/image-85.png\" alt=\"\" width=\"159\" height=\"57\" \/><\/p>\n<p class=\"rvps5\"><span class=\"rvts58\">\u00a0\u00bfQu\u00e9 es?<\/span><\/p>\n<p class=\"rvps5\">Si es persona f\u00edsica, empleado,\u00a0 operador del sistema.<\/p>\n<p class=\"rvps5\"><span class=\"rvts137\">Si clickeo sobre una persona en azul<\/span><span class=\"rvts58\">, lo que muestra tiene agregado su relaci\u00f3n como comercio, proveedor, etc.<\/span><\/p>\n<p class=\"rvps5\"><span class=\"rvts58\">Podemos abrir estos datos tal como lo necesitemos.<\/span><\/p>\n<p class=\"rvps5\"><span class=\"rvts58\">En el caso de que se trate de un empleado municipal, me muestra el lugar de trabajo, el equipo asignado, en contabilidad si es operador de un grupo de compra, si tiene reportes asignados, y otros datos de las personas comunes<\/span><\/p>\n<p class=\"rvps11\">\n","protected":false},"excerpt":{"rendered":"<p>\u00a0Este bot\u00f3n aparece en los distintos m\u00f3dulos y nos permite acceder a todas las personas f\u00edsicas y jur\u00eddicas Haz clic sobre Nombres, para b\u00fasquedas por apellido y nombres. \u00a0En rojo encontraremos\u00a0personas f\u00edsicas\u00a0y en azul\u00a0personas jur\u00eddica En la lupita al lado del nombre, nos muestra la relaci\u00f3n de esa persona con el municipio, pudiendo ingresar en [&hellip;]<\/p>\n","protected":false},"author":4,"featured_media":0,"parent":600,"menu_order":1,"comment_status":"closed","ping_status":"closed","template":"","meta":{"footnotes":""},"class_list":["post-604","page","type-page","status-publish","hentry"],"_links":{"self":[{"href":"https:\/\/uniremunicipios.com.ar\/manual\/index.php?rest_route=\/wp\/v2\/pages\/604","targetHints":{"allow":["GET"]}}],"collection":[{"href":"https:\/\/uniremunicipios.com.ar\/manual\/index.php?rest_route=\/wp\/v2\/pages"}],"about":[{"href":"https:\/\/uniremunicipios.com.ar\/manual\/index.php?rest_route=\/wp\/v2\/types\/page"}],"author":[{"embeddable":true,"href":"https:\/\/uniremunicipios.com.ar\/manual\/index.php?rest_route=\/wp\/v2\/users\/4"}],"replies":[{"embeddable":true,"href":"https:\/\/uniremunicipios.com.ar\/manual\/index.php?rest_route=%2Fwp%2Fv2%2Fcomments&post=604"}],"version-history":[{"count":6,"href":"https:\/\/uniremunicipios.com.ar\/manual\/index.php?rest_route=\/wp\/v2\/pages\/604\/revisions"}],"predecessor-version":[{"id":5484,"href":"https:\/\/uniremunicipios.com.ar\/manual\/index.php?rest_route=\/wp\/v2\/pages\/604\/revisions\/5484"}],"up":[{"embeddable":true,"href":"https:\/\/uniremunicipios.com.ar\/manual\/index.php?rest_route=\/wp\/v2\/pages\/600"}],"wp:attachment":[{"href":"https:\/\/uniremunicipios.com.ar\/manual\/index.php?rest_route=%2Fwp%2Fv2%2Fmedia&parent=604"}],"curies":[{"name":"wp","href":"https:\/\/api.w.org\/{rel}","templated":true}]}}