{"id":606,"date":"2019-08-09T11:26:13","date_gmt":"2019-08-09T14:26:13","guid":{"rendered":"http:\/\/uniremunicipios.com.ar\/manual\/?page_id=606"},"modified":"2022-09-16T14:57:56","modified_gmt":"2022-09-16T17:57:56","slug":"unificacion-de-personas","status":"publish","type":"page","link":"https:\/\/uniremunicipios.com.ar\/manual\/?page_id=606","title":{"rendered":"Unificacion de Personas"},"content":{"rendered":"<p>https:\/\/www.youtube.com\/watch?v=lkibBatf70o&#038;t<\/p>\n<p class=\"rvps5\"><span class=\"rvts58\">La duplicidad de personas constituye un problema importante, se ocasiona principalmente por las Importaciones de sistemas anteriores, en las que los operadores cargaban varias veces a las mismas personas. Por falta de datos o errores en la carga. Ej.: <\/span><\/p>\n<ul>\n<li class=\"rvps5\"><span class=\"rvts58\">LO<\/span><span class=\"rvts138\">Z<\/span><span class=\"rvts58\">A NORBERTO <\/span><\/li>\n<li class=\"rvps5\"><span class=\"rvts58\">LO<\/span><span class=\"rvts138\">S<\/span><span class=\"rvts58\">A NORBERTO<\/span><\/li>\n<li class=\"rvps5\"><span class=\"rvts138\">B<\/span><span class=\"rvts58\">OTA CLAUDIO\u00a0 <\/span><\/li>\n<li class=\"rvps5\"><span class=\"rvts138\">M<\/span><span class=\"rvts58\">OTA CLAUDIO<\/span><\/li>\n<li class=\"rvps5\"><span class=\"rvts58\">BO<\/span><span class=\"rvts138\">TT<\/span><span class=\"rvts58\">A CLAUDIO <\/span><\/li>\n<\/ul>\n<p class=\"rvps5\"><span class=\"rvts58\">Tambi\u00e9n puede suceder que se cargue de distinta forma. Ej. <\/span><\/p>\n<ul>\n<li class=\"rvps5\"><span class=\"rvts58\">SOSA<\/span><span class=\"rvts63\">,<\/span><span class=\"rvts58\"> MARIO <\/span><\/li>\n<li class=\"rvps5\"><span class=\"rvts58\">MARIO SOSA <\/span><\/li>\n<li class=\"rvps5\"><span class=\"rvts58\">SOSA MARIO <\/span><\/li>\n<\/ul>\n<p class=\"rvps5\"><span class=\"rvts58\">Corresponde al cargar pedir un documento para verificar los n\u00fameros del mismo y la correcta escritura de los nombres y apellidos.<\/span><\/p>\n<p class=\"rvps5\"><span class=\"rvts58\">M\u00f3dulo: UNIRE GRAL<\/span><\/p>\n<p class=\"rvps5\"><span class=\"rvts58\">Men\u00fa: Persona\/Paso movimientos<br \/>\n<\/span><\/p>\n<p class=\"rvps5\"><span class=\"rvts58\"> <img loading=\"lazy\" decoding=\"async\" width=\"345\" height=\"246\" class=\"alignnone wp-image-1756 size-full\" src=\"http:\/\/uniremunicipios.com.ar\/manual\/wp-content\/uploads\/2020\/06\/Pasted-into-Unificacion-de-Personas.png\" srcset=\"https:\/\/uniremunicipios.com.ar\/manual\/wp-content\/uploads\/2020\/06\/Pasted-into-Unificacion-de-Personas.png 345w, https:\/\/uniremunicipios.com.ar\/manual\/wp-content\/uploads\/2020\/06\/Pasted-into-Unificacion-de-Personas-300x214.png 300w\" sizes=\"auto, (max-width: 345px) 100vw, 345px\" \/><\/span><\/p>\n<p class=\"rvps5\"><span class=\"rvts58\">\u00a0<\/span><\/p>\n<p class=\"rvps5\"><span class=\"rvts58\">Existen dos maneras de hacer la unificaci\u00f3n:<\/span><\/p>\n<p class=\"rvps5\"><span class=\"rvts58\">1) Procedo a buscar personas duplicadas, (la misma persona cargada dos veces en el sistema).<\/span><\/p>\n<p class=\"rvps5\"><span class=\"rvts58\">&#8211; Con AGREGAR,\u00a0\u00a0 SE ABRE ESTA PANTALLA<\/span><\/p>\n<p class=\"rvps5\"><span class=\"rvts58\"> <img loading=\"lazy\" decoding=\"async\" width=\"570\" height=\"213\" class=\"alignnone wp-image-2726 size-full\" src=\"http:\/\/uniremunicipios.com.ar\/manual\/wp-content\/uploads\/2021\/08\/Pasted-into-Unificacion-de-Personas.png\" srcset=\"https:\/\/uniremunicipios.com.ar\/manual\/wp-content\/uploads\/2021\/08\/Pasted-into-Unificacion-de-Personas.png 570w, https:\/\/uniremunicipios.com.ar\/manual\/wp-content\/uploads\/2021\/08\/Pasted-into-Unificacion-de-Personas-300x112.png 300w\" sizes=\"auto, (max-width: 570px) 100vw, 570px\" \/><\/span><\/p>\n<p>Si conozco los Tipo y N\u00ba de documentos los digito, sino <span class=\"rvts58\">Clic en &#8220;Sin Asignar&#8221; y me muestra la pantalla para buscar a las personas.<\/span><\/p>\n<p><img loading=\"lazy\" decoding=\"async\" width=\"45\" height=\"75\" class=\"alignnone wp-image-1757 size-full\" src=\"http:\/\/uniremunicipios.com.ar\/manual\/wp-content\/uploads\/2020\/06\/Pasted-into-Unificacion-de-Personas-1.png\" \/> Las lupitas nos permiten conocer datos sobre las personas. Lo que debemos analizar es <strong><span style=\"color: #3366ff;\" data-darkreader-inline-color=\"\">Qu\u00e9 es..?<\/span><\/strong> cada una de las personas.<\/p>\n<p><img loading=\"lazy\" decoding=\"async\" width=\"293\" height=\"106\" class=\"alignnone wp-image-1758 size-full\" src=\"http:\/\/uniremunicipios.com.ar\/manual\/wp-content\/uploads\/2020\/06\/Pasted-into-Unificacion-de-Personas-2.png\" \/><\/p>\n<ul>\n<li>Si la persona a unificar <strong>es EMPLEADO<\/strong>, mejor hablar con el personal de UNIRE para realizar la unificaci\u00f3n.<\/li>\n<li>Si entre las personas a unificar uno es <strong>COMERCIO<\/strong>, siempre debe estar como PERSONA DESTINO.<\/li>\n<\/ul>\n<p class=\"rvps5\"><span class=\"rvts58\">Con OK se origina el registro de unificaci\u00f3n.<\/span><\/p>\n<p class=\"rvps5\"><span class=\"rvts58\">Clic sobre las personas observo los datos cargados en el sistema, de la persona de origen y de la persona de destino, puedo compararlos y definir si dejo ese orden o lo modifico.<\/span><\/p>\n<p class=\"rvps5\"><span class=\"rvts58\">El bot\u00f3n <\/span><img loading=\"lazy\" decoding=\"async\" src=\"http:\/\/www.uniremunicipios.com.ar\/lib\/UNIFICACION%20DE%20PERSONAS_archivosimage01213.png\" alt=\"\" width=\"31\" height=\"28\" \/><span class=\"rvts58\"> invierte el orden original, (persona origen y persona destino).<br \/>\n<\/span><\/p>\n<p class=\"rvps5\"><span class=\"rvts58\">Una vez terminado, cambio de ESTADO a <\/span><strong><span class=\"rvts138\" style=\"color: #ff0000;\" data-darkreader-inline-color=\"\">Terminado verificado.<\/span><\/strong><\/p>\n<p><span style=\"color: #3366ff;\" data-darkreader-inline-color=\"\"><strong>Se pide confirmaci\u00f3n 2 veces porque es un proceso del que debemos estar muy seguros de efectuar, ya que no se puede revertir la unificaci\u00f3n.<\/strong><\/span><\/p>\n<p class=\"rvps5\"><span class=\"rvts58\">2) Formaci\u00f3n de grupos<br \/>\n<\/span><\/p>\n<p class=\"rvps5\"><span class=\"rvts58\">El bot\u00f3n <img loading=\"lazy\" decoding=\"async\" class=\"alignnone wp-image-2727 \" src=\"http:\/\/uniremunicipios.com.ar\/manual\/wp-content\/uploads\/2021\/08\/Pasted-into-Unificacion-de-Personas-1.png\" width=\"36\" height=\"39\" \/><\/span><span class=\"rvts58\">\u00a0comienza a solicitar datos para formar grupos:\u00a0<\/span><\/p>\n<ul>\n<li class=\"rvps5\"><span class=\"rvts138\">palabra exacta<\/span><\/li>\n<li class=\"rvps5\"><span class=\"rvts138\"> o sonido de palabra\u00a0\u00a0\u00a0\u00a0 <\/span><\/li>\n<\/ul>\n<p class=\"rvps5\"><span class=\"rvts58\"> conviene palabra exacta en las primeras b\u00fasquedas (nos asegura el \u00e9xito del proceso).<\/span><\/p>\n<p class=\"rvps5\"><span class=\"rvts58\">-luego,\u00a0<\/span><span class=\"rvts138\">cantidad de caracteres<\/span><span class=\"rvts58\">, recomendamos <span style=\"color: #3366ff;\" data-darkreader-inline-color=\"\"><strong>20<\/strong><\/span>, <\/span><span class=\"rvts58\">es preferible que sean muchos en las primeras b\u00fasquedas.<\/span><\/p>\n<p class=\"rvps5\"><span class=\"rvts138\">-cantidad de grupos<\/span><span class=\"rvts58\">, depende del tiempo que dispongamos para realizar luego la revisi\u00f3n, lo m\u00e1s apropiado es una cantidad peque\u00f1a para poder terminar con el proceso de revisi\u00f3n una vez terminado el proceso de b\u00fasqueda.<\/span><\/p>\n<p class=\"rvps5\"><span class=\"rvts58\">&#8211;\u00a0<\/span><span class=\"rvts138\">desde la letra<\/span><span class=\"rvts58\">\u2026\u00a0 Se puede seguir un orden, primero los que empiecen con A, luego B y as\u00ed sucesivamente.<\/span><\/p>\n<p class=\"rvps5\"><span class=\"rvts58\">Una vez definido el grupo, el sistema comienza a formarlo con personas que se encuadren dentro de los par\u00e1metros que le dimos, present\u00e1ndolas en estado borrado, para que lo revisemos. <img loading=\"lazy\" decoding=\"async\" width=\"598\" height=\"251\" class=\"alignnone wp-image-2728 size-full\" src=\"http:\/\/uniremunicipios.com.ar\/manual\/wp-content\/uploads\/2021\/08\/Pasted-into-Unificacion-de-Personas-2.png\" srcset=\"https:\/\/uniremunicipios.com.ar\/manual\/wp-content\/uploads\/2021\/08\/Pasted-into-Unificacion-de-Personas-2.png 598w, https:\/\/uniremunicipios.com.ar\/manual\/wp-content\/uploads\/2021\/08\/Pasted-into-Unificacion-de-Personas-2-300x126.png 300w\" sizes=\"auto, (max-width: 598px) 100vw, 598px\" \/><\/span><\/p>\n<p class=\"rvps5\"><span class=\"rvts58\">Podemos cambiar el ESTADO, pas\u00e1ndolos a activos, y terminar con el proceso (en caso de que sea necesario en forma urgente) , sino el sistema\u00a0 ejecuta autom\u00e1ticamente los que pasamos a activos (en horarios en que la carga sobre el servidor es menor (proceso de control)).<\/span><\/p>\n<p class=\"rvps5\"><span class=\"rvts58\">De igual manera si quedaron algunos sin revisar, al otro d\u00eda podemos verlos y pasarlos a activos.<\/span><\/p>\n<p class=\"rvps5\"><span class=\"rvts58\">Lo ideal para no incurrir en este tipo de errores\u00a0 es que existan\u00a0<\/span><span class=\"rvts65\">operadores encargados de cargar a las personas<\/span><span class=\"rvts58\">, y cada vez que se deba ingresar a alguien se lo soliciten a estos encargados.<\/span><\/p>\n<p class=\"rvps5\"><span class=\"rvts58\">El \u00e9xito del sistema radica en que las personas no est\u00e9n duplicadas, ya que esto nos permite conocer el alcance real de la interacci\u00f3n de esta persona con el municipio.<\/span><\/p>\n<p class=\"rvps5\"><span class=\"rvts58\">Por ejemplo: si una persona se acerca a pedir una ayuda social, podemos verificar al ingresar en esta persona, si posee propiedades, veh\u00edculos, un comercio, una industria, si tiene deudas, expedientes iniciados, multas, cu\u00e1ndo nos ha solicitado la misma ayuda, etc.<\/span><\/p>\n<p class=\"rvps5\"><a name=\"149208107040\"><\/a><span class=\"rvts58\">\u00a0Es decir que\u00a0<\/span><span class=\"rvts65\">si la persona est\u00e1 cargada una \u00fanica vez<\/span><span class=\"rvts58\">\u00a0podremos conocer su historial en relaci\u00f3n con el municipio y tomar la decisi\u00f3n correcta, basados en estos antecedentes.<\/span><\/p>\n<p><iframe loading=\"lazy\" title=\"Unificaci\u00f3n de personas (2)\" width=\"500\" height=\"281\" src=\"https:\/\/www.youtube.com\/embed\/S4V9bMXJgqA?feature=oembed\" frameborder=\"0\" allow=\"accelerometer; autoplay; clipboard-write; encrypted-media; gyroscope; picture-in-picture; web-share\" referrerpolicy=\"strict-origin-when-cross-origin\" allowfullscreen><\/iframe><\/p>\n","protected":false},"excerpt":{"rendered":"<p>https:\/\/www.youtube.com\/watch?v=lkibBatf70o&#038;t La duplicidad de personas constituye un problema importante, se ocasiona principalmente por las Importaciones de sistemas anteriores, en las que los operadores cargaban varias veces a las mismas personas. Por falta de datos o errores en la carga. Ej.: LOZA NORBERTO LOSA NORBERTO BOTA CLAUDIO\u00a0 MOTA CLAUDIO BOTTA CLAUDIO Tambi\u00e9n puede suceder que se [&hellip;]<\/p>\n","protected":false},"author":4,"featured_media":0,"parent":600,"menu_order":2,"comment_status":"closed","ping_status":"closed","template":"","meta":{"footnotes":""},"class_list":["post-606","page","type-page","status-publish","hentry"],"_links":{"self":[{"href":"https:\/\/uniremunicipios.com.ar\/manual\/index.php?rest_route=\/wp\/v2\/pages\/606","targetHints":{"allow":["GET"]}}],"collection":[{"href":"https:\/\/uniremunicipios.com.ar\/manual\/index.php?rest_route=\/wp\/v2\/pages"}],"about":[{"href":"https:\/\/uniremunicipios.com.ar\/manual\/index.php?rest_route=\/wp\/v2\/types\/page"}],"author":[{"embeddable":true,"href":"https:\/\/uniremunicipios.com.ar\/manual\/index.php?rest_route=\/wp\/v2\/users\/4"}],"replies":[{"embeddable":true,"href":"https:\/\/uniremunicipios.com.ar\/manual\/index.php?rest_route=%2Fwp%2Fv2%2Fcomments&post=606"}],"version-history":[{"count":7,"href":"https:\/\/uniremunicipios.com.ar\/manual\/index.php?rest_route=\/wp\/v2\/pages\/606\/revisions"}],"predecessor-version":[{"id":3891,"href":"https:\/\/uniremunicipios.com.ar\/manual\/index.php?rest_route=\/wp\/v2\/pages\/606\/revisions\/3891"}],"up":[{"embeddable":true,"href":"https:\/\/uniremunicipios.com.ar\/manual\/index.php?rest_route=\/wp\/v2\/pages\/600"}],"wp:attachment":[{"href":"https:\/\/uniremunicipios.com.ar\/manual\/index.php?rest_route=%2Fwp%2Fv2%2Fmedia&parent=606"}],"curies":[{"name":"wp","href":"https:\/\/api.w.org\/{rel}","templated":true}]}}