{"id":6096,"date":"2025-07-29T08:32:20","date_gmt":"2025-07-29T11:32:20","guid":{"rendered":"https:\/\/uniremunicipios.com.ar\/manual\/?page_id=6096"},"modified":"2025-07-29T08:37:18","modified_gmt":"2025-07-29T11:37:18","slug":"qr-disponibles-en-unire","status":"publish","type":"page","link":"https:\/\/uniremunicipios.com.ar\/manual\/?page_id=6096","title":{"rendered":"QRs disponibles en Unire"},"content":{"rendered":"<p>Unire dispone de varias opciones para imprimir QR en los recibos que genera el sistema.<\/p>\n<p>En los campos de impresi\u00f3n se pueden consultar.<\/p>\n<p>M\u00f3dulo: UNIRE IMPUESTO GENERAL<\/p>\n<p>Men\u00fa: Impuestos\/Tablas\/Formatos de impresi\u00f3n\/Campos a imprimir en el recibo impositivo<\/p>\n<p><img loading=\"lazy\" decoding=\"async\" class=\"wp-image-6097 alignnone \" src=\"http:\/\/uniremunicipios.com.ar\/manual\/wp-content\/uploads\/2025\/07\/image.png\" alt=\"\" width=\"572\" height=\"295\" srcset=\"https:\/\/uniremunicipios.com.ar\/manual\/wp-content\/uploads\/2025\/07\/image.png 869w, https:\/\/uniremunicipios.com.ar\/manual\/wp-content\/uploads\/2025\/07\/image-300x155.png 300w, https:\/\/uniremunicipios.com.ar\/manual\/wp-content\/uploads\/2025\/07\/image-768x396.png 768w\" sizes=\"auto, (max-width: 572px) 100vw, 572px\" \/><\/p>\n<p><img loading=\"lazy\" decoding=\"async\" class=\"wp-image-6098 alignnone size-medium\" src=\"http:\/\/uniremunicipios.com.ar\/manual\/wp-content\/uploads\/2025\/07\/image-1.png\" alt=\"\" width=\"300\" height=\"223\" srcset=\"https:\/\/uniremunicipios.com.ar\/manual\/wp-content\/uploads\/2025\/07\/image-1.png 324w, https:\/\/uniremunicipios.com.ar\/manual\/wp-content\/uploads\/2025\/07\/image-1-300x223.png 300w\" sizes=\"auto, (max-width: 300px) 100vw, 300px\" \/><\/p>\n<p>QR: mostrar\u00e1 las opciones de pago del recibo en la p\u00e1gina web vieja.<\/p>\n<p>Q6: mostrar\u00e1 las opciones de pago del recibo en la p\u00e1gina web nueva.<\/p>\n<p>Q2: lleva directamente a la plataforma de Plus Pagos para pagar el recibo. (Debe tener convenio con Plus Pagos)<\/p>\n<p>Q3 y Q4: C\u00f3digos QR del Banco Macro o Plus Pagos, 1er vencimiento y 2do vencimiento por separado, pero ya estamos trabajando en un QR que tendr\u00e1 los 2 vencimientos juntos. Este c\u00f3digo permite pagar con todas las billeteras virtuales. (Debe tener convenio con alguno de los dos entes).<\/p>\n<p>Q5: Contendr\u00e1 el c\u00f3digo de barras largo, al que llamamos c\u00f3digo SAM, \u00e9ste permite pagar en Rapipagos, Santa Fe Servicios, etc.<\/p>\n<p>&nbsp;<\/p>\n","protected":false},"excerpt":{"rendered":"<p>Unire dispone de varias opciones para imprimir QR en los recibos que genera el sistema. En los campos de impresi\u00f3n se pueden consultar. M\u00f3dulo: UNIRE IMPUESTO GENERAL Men\u00fa: Impuestos\/Tablas\/Formatos de impresi\u00f3n\/Campos a imprimir en el recibo impositivo QR: mostrar\u00e1 las opciones de pago del recibo en la p\u00e1gina web vieja. Q6: mostrar\u00e1 las opciones de [&hellip;]<\/p>\n","protected":false},"author":2,"featured_media":0,"parent":2537,"menu_order":0,"comment_status":"closed","ping_status":"closed","template":"","meta":{"footnotes":""},"class_list":["post-6096","page","type-page","status-publish","hentry"],"_links":{"self":[{"href":"https:\/\/uniremunicipios.com.ar\/manual\/index.php?rest_route=\/wp\/v2\/pages\/6096","targetHints":{"allow":["GET"]}}],"collection":[{"href":"https:\/\/uniremunicipios.com.ar\/manual\/index.php?rest_route=\/wp\/v2\/pages"}],"about":[{"href":"https:\/\/uniremunicipios.com.ar\/manual\/index.php?rest_route=\/wp\/v2\/types\/page"}],"author":[{"embeddable":true,"href":"https:\/\/uniremunicipios.com.ar\/manual\/index.php?rest_route=\/wp\/v2\/users\/2"}],"replies":[{"embeddable":true,"href":"https:\/\/uniremunicipios.com.ar\/manual\/index.php?rest_route=%2Fwp%2Fv2%2Fcomments&post=6096"}],"version-history":[{"count":5,"href":"https:\/\/uniremunicipios.com.ar\/manual\/index.php?rest_route=\/wp\/v2\/pages\/6096\/revisions"}],"predecessor-version":[{"id":6105,"href":"https:\/\/uniremunicipios.com.ar\/manual\/index.php?rest_route=\/wp\/v2\/pages\/6096\/revisions\/6105"}],"up":[{"embeddable":true,"href":"https:\/\/uniremunicipios.com.ar\/manual\/index.php?rest_route=\/wp\/v2\/pages\/2537"}],"wp:attachment":[{"href":"https:\/\/uniremunicipios.com.ar\/manual\/index.php?rest_route=%2Fwp%2Fv2%2Fmedia&parent=6096"}],"curies":[{"name":"wp","href":"https:\/\/api.w.org\/{rel}","templated":true}]}}