{"id":699,"date":"2021-08-09T17:39:48","date_gmt":"2021-08-09T20:39:48","guid":{"rendered":"http:\/\/uniremunicipios.com.ar\/manual\/?page_id=699"},"modified":"2022-07-26T09:07:47","modified_gmt":"2022-07-26T12:07:47","slug":"digesto","status":"publish","type":"page","link":"https:\/\/uniremunicipios.com.ar\/manual\/?page_id=699","title":{"rendered":"Introduccion uso y configuracion Digesto"},"content":{"rendered":"<p><img decoding=\"async\" src=\"data:image\/png;base64,iVBORw0KGgoAAAANSUhEUgAAAJMAAABUCAYAAACGCAUZAAAdHklEQVR4Ae2dB5gcxbHHay8nSYcSKIEkMhbZmAwiiWBjfw\/jgAM4EPz4wAkDBmyTbLABAwYHMMbwwOSMAIMAGwwyySBLgAIglFA+lO5OF\/Zu59Wvdvs02puZnT2dVsBti7mZ7VBdXf2f6urqniaRSqU8KYaiBHpBAiW9QKNIoigBk0ARTEUg9JoEimDqNVEWCRXBVMRAr0mgCKZeE2WRUBFMRQz0mgSKYOo1URYJFcFUxECvSaAIpl4TZZFQEUxFDPSaBIpg6jVRFgkVwVTEQK9JoAimXhNlkVDZJ0oECVqT0H\/xQnq7hP4t7puIJ7AcuT6CYKJn18HB08eEv7MT8cGSo+2ZWqggOGe6Wk+8TP2Wzc+LK+bKuzT326X3kfumA5MKHpmn5Z8QTxHDBXDSfcEDTwqerM7p1N7tXNMq7aubpX3NWmlb0yIdq9skpc\/J5jbpbElKslV\/t3dKQrdrJTpTIvqflGg92mKvLCHlFRVSXlMlZXWVUtq\/Rkrrq6RiQLVUDaiRygF1UqrPaRsgXX8KRMFfokQ6jSuYV\/o8a5ynFXhaIg31dKs0qU+FxKbYHJetbdzvRDZqtCvamxU0K9dK04IGaZ3fIO1L1kjTstXSubJVUi0KmNZ28ZKdUtKhHa2A8ZRYQi+2\/CUUAGkgoV0UgKlOy+spuDzNQF4vldK8Cg9FRUl5mZTUVojUV0r5oDrpN2KwVG4+QCrHDpQRh+0spcpfR7JDMeRJeVV5BigZoCqBVAmITdffp1CUaeymARP6KAMc00Q+EHWoVlkzd5k0vrdUmt5bIq3zVkpHw1rpVE1TpgAoKS2VUr1KykoloZqGogAlfWmHdqQkoReaSHGiYFKgaLlOvaf0AgiAiTTp0DS9PC7SFJCd+tzZ0WF0Ols7pK1aZIerjpfh+24vCydOk9UzFylwk1I5sl6GTdhVhu45VluTBqaBl2dfe\/oSqAoOJhsA0AKogkxoVk3TOGuhrJgyT5reXS7JpY1S1qLapqxESqvLpLSiXMp0KOGtb1ftoipGRLVRSjtdUWQgACTsQLZdyAYYAKLAskvjFSwdmi6apgl6UyCCKNNkxhXk04G6tFx7a4tsd\/nxUr\/bKJl6wb1StqxVynX4k1RCko3N0ppKyqhTD5FtTzrIAKV\/pATyjk6GXF+5bSSbidde4WKCzUg3rYK6QNS6eq2seH2ONLw+W5reWiSeap+ykhKpqKySqspK8aoYgrTTtfOTze3SoRojBWD0SjBcgQPtcIarVKeCSjHmqUZKAR6GLr1IY+hDDYEjwFKqvxULaj6ZPrHOB6bEcTFEMlq1rm2TgUduJ4MO3Fbe+P4dUrkqJVWjNhNP7TB4qikbIBWr1sr7106S6i02k1FH7qwggmbfDRsJTAhUhwx9w\/X9F8WIBsDhyYcz5svS52fIytfmiLe4UUq9UqlUQzhRW5fuDAVEW2OrAgUtk9KOVXAkU6pVGH6wgbS7FDAMW9hAmmB5E4ouAGYI1roTosOg\/mMc5Bf2mA6CkioFNGnAlHjKmKJNqVhgmEKrYEcp6mXEsXvLsmffktT8VVI2aqC0r2rRupSe1p9kaNRhtrItIR\/cNVmGHbKjlFWUaV19F04bCUz2rqvBmu6kpBrJSyfPlKVPvSmN0xbrENah2qdCElVV2pEl0tGmRq1qAkCSSCoIdQjz2tszd7VfFEydmpZStChkgIhdihd90JmUVoSZYsoHFaSXp0NQSsFmCtH6F02pF3aWzuZKSkq1nPIJkxk+eSCP19EuiYFqhG9ZL6uee1OzlEpHo\/LXrrygAeEFTQnY9bn1nSWydtFK6T96iIEJ2PbFsBHApJ1t9k2pDk+tsujZt2XhI1OkZeZiqVS1UF2jNkeVAkg1SudqfdPbknp1SJKOUgAxjHWWa2dXl0tV\/2opHdhfKgf3k4rBtVK+WZ2U19dKZT+Nr6lQTVBuM7CE2lamgVSz2PCGPdWmQ2NrUtpVy7WvapYOnRG2N6groaFROlc0Sxt1N7VJ6dqM+6BUZ3LM5hRg4BGaCQVaZ6vSUndDErcCNpry54ZXgGpGOzM8rY\/QN2GUfnXyBhPDgNkhGcmh1tEK6Z9oJJ0+KzAWT5oqC+59RVqmLRHtdqnSoQw1kVzdpNN5BY9qp1RSO7xCgTOwRmq3HChVYwZL7dihUrvVUKkZqb+H9leDt1LKqirUCM+b1TRTvr9ovI4WrVNB1KZGfotqk8Z5y6T5\/eXSwrVwhc0cE2uTIi3qs2pokeoRA2XVmqlSrtrMhlgbCkGRTg603Z3a1tJBg6RKXQgWTEC+SvvQY949xNvI65e56SM\/9G8GUMteni1zbnpOVkyeLRWpEqmpKZOkDjmtDfiFtCPVui0fpNplx82l\/y6jZOAuW0nNNkOl\/4hBUlZfDbXIYDYJlccNStANO6Xl6lIor5ZK1Xi1w+tFdh\/VRSWpGqxx0YfSPLtB1kybL8tfmC7Lp8+WIYfuIAtueVHKG5OSqNahUQUAPV4bNFRT+1oZO2G8VNbX6RCsY6AaiCajLsp956FHroH0rAdpateq8DBdWpaullk3PiOL73lNylarTVRboyOCTq\/Xqo9I8zDj6bfHSBmw7xgZ9OmxUqcaqLxaHYSZ4MCJvwhEYawTghyZmSI9v8F3mrjNLlEm9jN9s78M0S0rGqVOQT7zmidl7tWTpEz9W\/BcopMGTzXS2uYm6X\/0TrLXNSdKpTo5senSpDIEffT6wmPeYLJO1z92x5hVKX3w+Bvy7jWTpH3GcqmoqjTDN8lSxtAaBdAoGXbYOBmy99Y6hA1WcPBOrwsGHqVm7zsaDhPbXu31860r0XtP1Or8QgAqzUN62E7rnnRd+Kjev+clmX\/7S5KY3ySqX8UbVCHDjxgn250+QaoG9bOJQYm+ZQbTvoklXDIZFRDSRw48ad2tXa2CKskMa61qzL5z3ROy5M5XJdGq612a1qoDZ9W2Q2WICnqYXvU6lJUo6AjQ8pi\/68\/0UMCaFl1otWT+ptOctrCCG\/lPuk1UonxoxWkPtnFrNafdCglpXdmiw+ASnTwkpXbkYKlTu46ARmJWmW4T5fpmiAEm7Wymy2Z1q+ZQ4whoLJ86V6Zf8oC0vLhAwaIzoJoSqfv0KBn+P5+WYYeOk+qhGYNU89rb6vomjauCSDtoiExrwh5UzwtgLV9X1mADkLLi1+Xo+ZOf957w7C\/v56IntPzlo54jwZR24ikU1M\/CfNlpmPmPTZGZFz8one98KAmdrlfvM1rGnLC3DDt8nJTXVlp9OknvUv3WDRntFMUMaf7GhgnETwNXgD+f\/9mfL+jZX1dQOnFx6flpxSnjz+\/qjioXlN+Vc\/eo8i6P\/x6Hpj9\/rudIMPkLO0Zn3fycvHvxw+KpE69+\/61l5EkHyIhjdpcKBRFvKk5F\/uMtBozaGxpLShoojo5F+P7QsKC0XPEu3V\/2gw8+kClTpsisWbNk5UpdKFb\/UKUu0QwYMEBGjx4tO+20k2yzzTZSXp5e+d8Qobr6fU2JfMzOz280uwsLFy6U1157TWbMmCGrVq0yHg888ECZMGGCySeIV3\/bKU+7uRoaGmStToAoU6UO4kHqwthuu+1kxx13lC233NJVud4L3BXZg4durgG63bofta4\/DAYAQjXT9Ksel1mXPSqDxg6TsZdMkMHH7iLVanwS2O9DfgNRpqDR0elyQjXb66+\/Lr\/+9a+tY\/3Cs7J4klWg5557rnzmM58xevz561\/\/Ko888oiUlXVj0+h88YtflBNPPLErP3VQZtKkSfLee+91xWc\/DB06VPbYYw\/5xje+IV\/60pekQvc2hXXSu+++KxdffLE0NTXZbgU\/LcqgGU877TQ5+uiju5IA8i9\/+cu0h9wHFDIA7G233dbS6WAHhHfeeUf+8pe\/WHt59ocjjzzSwOSP49mVbW1tlSeffFLuu+8+A+KcOXOsnuz8rsyYMWNkn332ka997WvGN7KnLVyOZlDZnHEY4P5L17t0N4anLhTidXKvNejiqTflwge8h+pP8WaceYc377VZ3ktTXvHaOtt1CU3Ts2hk\/9YsnoICXEZeDzzwAFm7wve+973I\/D\/84Q8tb1tbm3fZZZd5AwcOjMwfVP9xxx3n6dtsdIL4fumll9T7wZwvnPdrr722i2cennjiicj8O+ywg7dmzZquMjfddJOnmiK0zLHHHmsypgA86rpkV9mnnnrKO\/zww3PyGMS\/vqTe8ccf77355ptGL7v9+f7u9sqjTVAxSt18SCjgNy65XxY9MEX2v\/kMWTAmKSefe6rUllTIo49MlBI1kZBCrsCQwpVMqnc5IPBGuGHHJdfU1LjHwLuCx+idfvrpcvPNNwfmyRX54IMP2lB4\/\/33C\/Rotz+gFfv3729Djj\/e\/4yG8Qc0HeXQQkGhrq7Ohh3S0MZXXXWVabGgvMRlaws0CbR\/9atfyZVXXinNzc1hRUPjoQkN2v3yyy\/LDTfcIJ\/97Ge7tT+UQEDCusE6k5gWpao7NZh5H9+69gldV1sq+956itze8LwcpRVOfvp5KVcwlZW63YYBlAsUdckll\/QYSI7Ff\/7zn\/Kb3\/zGfmZ3nMsTdc8GYFRe0tjcx8VQeMUVV0QCKZsW\/DHkqtaWiy66qEdAgqafZ2xMzIXHHnusG3Cz64\/63Q1Mac2kf9XfMmfiq1LWnJRBZx8s\/3vd+XLWad+X5YuXGj0WQdPugijyGy8Nod52223WGb1Riw418vbbb\/cGqZw0NttsM3n44YcNTDkzZ2Vg682PfvSjDX6BssjKihUrzPabNm1ajwHVDUxpZ2FCVs3RBVrdqDZn1wo57uQT5L7b7k7Xb2jLZqXwv3mzMLLbdadBUGD2lk9g1seQV4jAjOvSSy8VtfViVefXlr\/97W\/NUM8uSB5\/vurqapux7rbbbrLLLrvIyJEjs4t0+71o0SI555xzpKWlZT1a3TKGRHSzmWxXmC5g1tT3k3vnTpSzzz9HGlesWlfcZ1Iwc\/uoBOwtZlSHHnqoCRG7hKn1K6+8IrfffrugynMFhruzzz7b7Bn\/MJCrXL7pb731lg0zdH6cehobG61z\/\/Of\/4RqM0cHu++73\/2ufOELXxBmbW6mil1F+VtuuUV0ghDKshr0cscdd8jJJ58cmicsoRuYbHqve3qu\/78b5Lyf\/tS2k6gJqOV9KAqjtonimepfc8018tWvfnU9nw3sIFSmwN\/85jflv\/\/9bySH+GbQGltvvXVkvg1NdB3v7o7ennvuKVyAAKOfycq8efNk9OjRpsWwsQBWWMCHdOutt8q+++7bLcuQIUOMzuc+9zn5xS9+YYZ7t0yZiOuuu050lhs4IQkrY\/HZ0z9toG5ybPf2229\/0KOjHvDqPi1WpnSvWAfZY7kGmC6r9gikZfUkEt6jjz5q9NyfH\/\/4x6H5HU9Mb1WArojd\/W1yCUzx1WkZSU+NYk\/9NV00eFAHoldfXx9Z7k9\/+pOrxu7PPPOMB1+Ox1x3dSJ6d955p7d69er16Ph\/4AKIkp+Cz3v++ee7ivhl4H8mg4LUU99VJH+qwYyWv2yu5242kzbcQo1uISGog8DuH9U\/++23n3z961839rT13YYN4gg46Y455hh7DvuDcbtkyZKw5I0Sv9dee8njjz8uJ5xwgmkjV4nj2\/2+5557Qt0q5GFoO+iggyx7dllHgztpuC0w4hkCwwIOUOTht8PC8rr4UDB9dKwhx2rwHd8IwokKTrjYU7kCdhYhHyHmohmWztDz5z\/\/2YY1feuto+HV8evuABx7Liyo5pSTTjqpKxneoy4yHnDAAYJxHhb+\/e9\/y8yZM8OSA+NDwRSY+yMWidG96667GldO8FEsYlNQJiqwllWowDKM69Ao8GLrYTuFhU996lM2YwtLD4qvra2VI444IijJ4nip1DQITQ9KiH6lg0p8hOL69esnw4cPj80RmoAy+FTCAqq9EIFFVyYMhFwvAhoCzRUWmNL\/7Gc\/Mw0dlc9fHq\/91KlT\/VHdnt944w2LA+i5eCTjxxpMTP+Z9cQN+J6ylz7ilu3tfCw0oymjgtNW8+fPD81Gnjm6sKtrk6F5eprA7BY\/XpRt5af9sR7mAEe+zkl\/44OeXQcGpfVmHC4Ahtw4b\/yHH34YWnWc8qGFcyRgq+HMjRs+1mAqVMfHFWY++fz7iXKVK6Qd5+dFdzZE+rX8eXneIDBtzLcim9FP2m826sUNm+qlQSPmA+Qe20w0MJ9GuqlvXAF+0vPlcmf428\/MKyzQB9iOeM3z6Y8wei6e\/oJuPnz2GExopXw0E4uahZopOYF8Uu6st4UF+mD33XeXu+66y+zHfPokjCbx0AGcaNC4NHsMJhYOWTuKi1xUZlymohrZl9Jch+ayr3hRAdzGmqnG7bdAm4mdfFxRgc3qbFXIFZzqnT59eq6sxfQQCeg238j+wHWAr4lAx8e54vqj4uaj7kDNxC5AnHtRAd\/G3Llz7Y2Iykcabw7bH4qhZxJgP9JWW21l\/qQgCkzh2WozduxYG5riaBKUBWbHiy++aLs16XN\/wL8EPb7kiRsCwUThzTffPJIGW0f\/\/ve\/21ceaJ+oBuCW58uRYuiZBIYNGyYHH3ywgSlI1sj+Vt168uUvf7nbFzRRNf7rX\/+yrSaYLG4EcfkBGuuGLNVE9a3Lz73bWOYKjhgxwp8v8JnPit5\/\/31Lg5mgS7dV2Mb3OENiYCV9PNL1B59kYZ+639liefrpp7v2KLl+yM7Db5dGv\/1U96uxBoftiybyX+zMPOqoo4JIhMZ1A5PLuf3227vH0DsMsVrNvuGgwAIlm9J0f09QcjEuDwmw4+Gwww4LLQHIfv7zn9u1bNkyy+eA47+Tj52W+omTvPrqq6H0vvWtb+W17gmh0GGO6SbqdfHixaEVksCYq99t2ZZZVCLrOKAdgKFGo5YCIgkXE7skgBHMTI3FXGfjdCX6Hvh0id2YfLjKDlN2VDDCUJYRgq+E+UCVDzb5cDMsYJ+xP4oQpgmDyoaCCYLseWGTVFgA8VS2fPly+1IkV76w9GJ8tASQM4H+4Ds7tt1GBf2oUrgIfFjA8MgkiGEsToD+qFHrDkKLU4Y8gcMcAMHa51sq15AggnFRS75x48bZFUSnGJdbAk7W5513njAExQ3YquwbjwukU089tYu+qzNuXYFgcoU5LIGxdUMDxtyNN95oU80wWm5cD0svVHy+AgziqzdohNFFy7Dh\/9vf\/nZQlg2KY38VXwijSHrShlAwQQz7B+L+wyTy5ZY1Iz6WZK921HaGIOdYrgblSg\/iNVeZoPQg3oJo++N6UsZfPuwZ\/vAB8tEon4ezZXdDAzYVn3gxO2d\/WJAM4tQRCiYKQxTbCbuJqWkur7i\/QpxglMHYO+SQQ8zgy\/VNfLYqZpyPCtDLp9PwneTLA0ZtlLEKf9l8M9XOxVd2mah2ZqfRL8j3\/PPPN\/l+5Stf0YNoa7Kz5fwNDU5YwWDnM3Xsq1x8RxENNcBdIRhnbejuu+82J6WeVGLebD5qZL+Lf\/GWBmG4ocloIF+DOJsL9XzGGWeY1zx75x4NoB5mg\/6gp3\/YmUJBG+DosMGDB+e105L8F154odkQ8JMdAG\/29Ju2c54BgMouA8\/wgdb1B9wqfLFLevYLSFu53N5vf7l8nqGNbPfee2\/rGxzDOJFfeOEF8\/25s5n8NJEjn6ajIChH\/\/Ciu\/5wNP1l8nnO+7AviOPHwGWwdOlSG7oQKKjGlQCjfocnDDomHbCiGCSvC3Hyk9dfxpUNuveEXqHKBPEbJ462+wEL6Fmno4+YZWN8A15edF4mVjbYN+9fLosrv1z8xAaTI9QT4bqy3CkfxHyceFc35cPy++vyP8fJHyePnybP+ZYhPyFIBpawAX8c7bgkepuHvMGUzai\/Ab3NXFhdQfVE8UF+9\/YGlc2u55P028mlEO2ONMDjCBUm3RWWnwaFXZRxaf5nF+e\/c0oJMw5\/nHvGZrj66qttm6mLc3eM6N\/97nf2IaOLc3fHs\/vN3R9cvJ+3oHR\/OVfGxfl\/Zz9n081O9\/\/253Xx2XF+3njO1TfZ+Tfk9waDKU7ljNkEN37z7L5dQyh0tntzMOidkUo+jHw382Emxm8XMDLdTIs8\/gkBNNxSDlqJNJeX8th7BNcp5MfW4E6cC25G6eIcL64sd\/ggn6NFHPYKeYmDpgvui2Hy0x6X7vJwdzKgDHLxy4o4fru2Ob7YhuLokWdThO5Tml7kwjWUE0r44I8O5ENI9slwdAur0noupR1AOn78eDsGjyMFcZ5x7AwfAXIqCbMQ\/CoEBwiO7uMIPXwkzNAADB3B4rOeMWmzLM5vwj1BHWyMhx98XWeddZawWQ8+4I2OhQYdwjbViy66SNiQRmCti\/pZF7v88suNrlvOYOLBiXOcuIaBe8EFF9jsiNkfLhF8QKQzg4ImwODwUxZtZ8+ebV\/pok3hi2MA\/\/jHP5r2\/Mc\/\/mEL5L\/\/\/e8NWCyNIJMzzzzTjix89tlnrb2caPKd73zH4tyiLfIj3r2c1ogC\/SmIZtLTOQwYHG3D9BVB4jpAWJzWNnnyZDu4CwGwos2n0ExxARPH7TGEcbgDv4knD15gPSVF3MEPgJU8zDI5j4njiVkaACzsWmCLBgudAI2NekzdFyxYYCcAc4ob+4FwReCtR9O4wCyVM40ANUMsm+xdwF2iJ6CYw4+pPvVwYi758QFB6wc\/+IGdDfXQQw\/ZbBd+OXWYMxIAIysD8AHvaCQ2HSIvZmM4ezneh6Ob\/\/CHPxgQ0bCcEozLgrLIjg8wWa7af\/\/919O4js9C3QsCJt48FilZ60Mb8I07G7n46oK1I+54Xvko0d3RBizncDzzzjvvbDsR6FjecgSIMKGBh54OQzNRhsAZ33zHz1uLpgGEfI7NsMMZ2ywROR7QAux64FSQe++91zrML3xeAHhCc7HPmjpdYFcEnQ2PaBi0AgdMsDvx85\/\/vB2YhSZiyMNlAgjw64zRVQFObqHz0Yq8RGgx5ABYuSMzXC1s4YE+7UNWTO\/ZaAjYyDN69GiTAdt9aAvBDZmOz0LdCwImt9jI7kwuhhzuvGU4zBAKqhtPrDu\/29kUCIK8vLXQweZga8Vc3TLMdgqGFo7mo0Mog2ORzkNr4GBlWENLYWcANrbAMixxygf1sdWGb\/kBKssTbPFAI7hAZ9HpnOaLMxZt4wJl0SRoJIbO66+\/3vLyWTWg+tvf\/madDaDh29l82I7YidzhGZ8Pmg\/thdZ17SUdWXEHTIAIjceLSTsY8tHilGUYpe0MxdDcFGGj2kyuQXxXz5uHQDgnCacZNgbqm87hyDvsDN4o1D\/paCM6gYC3ljeb3wiMU804uJ3tGGgNhg0MUjzRLBEAGmwybCBo4+mdOHGiOVPRCNhVaCJOnMMmAmgMVwyV48ePl1NOOcXqBaAAHS3GMOPOd3LxaD7AxLoW7WPoZBgD6D\/5yU+MN4ZZtAlABDRbbLFF1zlKaDDqpgztZrhywxpakPOWADnPlOfiHCdAShztxUHMXiXARNvRoNiR8FjwoB2Y8+S3DcmjGsVOotMhxg5D17fJTi4jnmfuBDXOPX0jjRe1JdYro2+a\/SaeZxfU1ug6nJ00+FQN56mR7+nZ1p4OBS6r1eXKUqd2uNF0GUjT\/xuBp9rPoqBFeO655zztRE+P9jP+iHPy4JkAH6p10j8yf\/WLEU81iv2iPuhyV41kbYAGMnE88ayzScvPM\/mQD3cuxxftVG1kMnRlKUR71Naz8o6\/Qt832GkZB\/283QRtqb3pccq4PEFlVEim5YLysGbIUIGdgZ1E8NPwP7s07o7H7DiMdYZT6LHmRnl\/CCvn8mTXFxQflsfldfd88rkyhbwXBEwFbVAGuNSZ3fE94SMILD2h0xfKFMRmKqQgewNAfn6dNuhtuv46PinPBZnNfdyFVQRSvB4sgimenIq5YkigCKYYQipmiSeBIpjiyamYK4YEimCKIaRilngSKIIpnpyKuWJI4P8B11Hbx466DTAAAAAASUVORK5CYII=\" \/><\/p>\n<p><span style=\"color: #0000ff;\"><strong><u>MODULO DIGESTO<\/u><\/strong><\/span><\/p>\n<p>El objetivo de esta implementaci\u00f3n est\u00e1 orientado a respaldar todo movimiento, documento y\/o tr\u00e1mite que deba patrocinar o gestionar el municipio. Pero tambi\u00e9n se debe publicar (v\u00eda on-line) para que se encuentre disponible para los contribuyentes, obligando de esta manera a mantenerse informado para su referente o en su \u00e1rea de competencia.<\/p>\n<p>El digesto municipal o comunal debe contemplar el abanico de resoluciones, ordenanzas, decretos, etc. ofreciendo claridad y respaldo para cualquier tipo de mandato. Y se debe ofrecer al p\u00fablico para lograr un acercamiento y demostraci\u00f3n de claridad en la gesti\u00f3n a cargo.<\/p>\n<p>&nbsp;<\/p>\n<p><img loading=\"lazy\" decoding=\"async\" width=\"539\" height=\"297\" class=\"alignnone wp-image-3264 size-full\" src=\"http:\/\/uniremunicipios.com.ar\/manual\/wp-content\/uploads\/2021\/11\/Pasted-into-DIGESTO.png\" srcset=\"https:\/\/uniremunicipios.com.ar\/manual\/wp-content\/uploads\/2021\/11\/Pasted-into-DIGESTO.png 539w, https:\/\/uniremunicipios.com.ar\/manual\/wp-content\/uploads\/2021\/11\/Pasted-into-DIGESTO-300x165.png 300w\" sizes=\"auto, (max-width: 539px) 100vw, 539px\" \/><\/p>\n<p><img loading=\"lazy\" decoding=\"async\" width=\"401\" height=\"208\" class=\"alignnone wp-image-3265 size-full\" src=\"http:\/\/uniremunicipios.com.ar\/manual\/wp-content\/uploads\/2021\/11\/Pasted-into-DIGESTO-1.png\" srcset=\"https:\/\/uniremunicipios.com.ar\/manual\/wp-content\/uploads\/2021\/11\/Pasted-into-DIGESTO-1.png 401w, https:\/\/uniremunicipios.com.ar\/manual\/wp-content\/uploads\/2021\/11\/Pasted-into-DIGESTO-1-300x156.png 300w\" sizes=\"auto, (max-width: 401px) 100vw, 401px\" \/><\/p>\n<p>En primer t\u00e9rmino se debe tener en forma ordenada como se componen los temas sobre los que se agrupan los distintos enunciados. Desde cada tema surgen los subtemas, y desde estos las normativas, que son ni mas ni menos los art\u00edculos e incisos que forman parte del formulado. Raz\u00f3n por la que se insiste en que antes de comenzar a cargar la informaci\u00f3n se debe tener ordenados <strong>temas\u00a0 -&gt;<span style=\"color: #0000ff;\"> St<\/span><\/strong><strong>\u00a0<\/strong> \u00a0 \u00a0<strong>subtemas\u00a0 -&gt;\u00a0 normativas <span style=\"color: #0000ff;\">No<\/span><\/strong><\/p>\n<p>Dentro de cada tema se despliegan los subtemas a los cuales luego se les pega la informaci\u00f3n correspondiente.<\/p>\n<p>&nbsp;<\/p>\n<p><img loading=\"lazy\" decoding=\"async\" width=\"239\" height=\"205\" class=\"alignnone wp-image-3267 size-full\" src=\"http:\/\/uniremunicipios.com.ar\/manual\/wp-content\/uploads\/2021\/11\/Pasted-into-DIGESTO-3.png\" \/><\/p>\n<p>Por ejemplo en TRANSPORTE PUBLICO\u00a0 algunos subtemas pueden ser:<\/p>\n<p><img loading=\"lazy\" decoding=\"async\" width=\"274\" height=\"146\" class=\"alignnone wp-image-3268 size-full\" src=\"http:\/\/uniremunicipios.com.ar\/manual\/wp-content\/uploads\/2021\/11\/Pasted-into-DIGESTO-4.png\" \/><\/p>\n<p>Dentro del subtema <strong>taxis\/remises \u00a0<\/strong>encontramos las normativas dispuestas (PRESIONAR BOTON DERECHO DEL MOUSE SOBRE EL SUBTEMA) D\u00eda a d\u00eda se va actualizando con las nuevas disposiciones que surgen del \u00e1mbito pol\u00edtico correspondiente.<\/p>\n<p><img loading=\"lazy\" decoding=\"async\" width=\"584\" height=\"126\" class=\"alignnone wp-image-3287 size-full\" src=\"http:\/\/uniremunicipios.com.ar\/manual\/wp-content\/uploads\/2021\/11\/Pasted-into-DIGESTO-23.png\" srcset=\"https:\/\/uniremunicipios.com.ar\/manual\/wp-content\/uploads\/2021\/11\/Pasted-into-DIGESTO-23.png 584w, https:\/\/uniremunicipios.com.ar\/manual\/wp-content\/uploads\/2021\/11\/Pasted-into-DIGESTO-23-300x65.png 300w\" sizes=\"auto, (max-width: 584px) 100vw, 584px\" \/><\/p>\n<p><img loading=\"lazy\" decoding=\"async\" width=\"629\" height=\"150\" class=\"alignnone wp-image-3288 size-full\" src=\"http:\/\/uniremunicipios.com.ar\/manual\/wp-content\/uploads\/2021\/11\/Pasted-into-DIGESTO-24.png\" srcset=\"https:\/\/uniremunicipios.com.ar\/manual\/wp-content\/uploads\/2021\/11\/Pasted-into-DIGESTO-24.png 629w, https:\/\/uniremunicipios.com.ar\/manual\/wp-content\/uploads\/2021\/11\/Pasted-into-DIGESTO-24-300x72.png 300w\" sizes=\"auto, (max-width: 629px) 100vw, 629px\" \/><\/p>\n<p>&nbsp;<\/p>\n<p>&nbsp;<\/p>\n<p><img loading=\"lazy\" decoding=\"async\" width=\"293\" height=\"151\" class=\"alignnone wp-image-3269 size-full\" src=\"http:\/\/uniremunicipios.com.ar\/manual\/wp-content\/uploads\/2021\/11\/Pasted-into-DIGESTO-5.png\" \/><\/p>\n<p><img loading=\"lazy\" decoding=\"async\" width=\"786\" height=\"239\" class=\"alignnone wp-image-3271 size-full\" src=\"http:\/\/uniremunicipios.com.ar\/manual\/wp-content\/uploads\/2021\/11\/Pasted-into-DIGESTO-7.png\" srcset=\"https:\/\/uniremunicipios.com.ar\/manual\/wp-content\/uploads\/2021\/11\/Pasted-into-DIGESTO-7.png 786w, https:\/\/uniremunicipios.com.ar\/manual\/wp-content\/uploads\/2021\/11\/Pasted-into-DIGESTO-7-300x91.png 300w, https:\/\/uniremunicipios.com.ar\/manual\/wp-content\/uploads\/2021\/11\/Pasted-into-DIGESTO-7-768x234.png 768w\" sizes=\"auto, (max-width: 786px) 100vw, 786px\" \/><\/p>\n<p>Para iniciar la carga de las normativas es necesario teclear. En primer t\u00e9rmino se debe codificar el enunciado y utilizar una descripci\u00f3n por la cual se pueda identificar r\u00e1pidamente la normativa. Se coloca la fecha en la que fue sancionada, que permite ubicar el escrito en el tiempo real que fue oficializado, y si se tilda \u00a0UNIRE realiza las combinaciones necesarias para que se publique en Internet (con las condiciones previas definidas).<\/p>\n<p>A continuaci\u00f3n es necesario definir el tipo de enunciado y su origen.<\/p>\n<p>&nbsp;<\/p>\n<p>En las pesta\u00f1as se debe transcribir y dejar plasmado lo referente a la normativa correspondiente, los temas y subtemas a los cuales pertenece, \u00e1reas que involucra y los firmantes de las normas.<\/p>\n<p><img loading=\"lazy\" decoding=\"async\" width=\"268\" height=\"81\" class=\"alignnone wp-image-3282 size-full\" src=\"http:\/\/uniremunicipios.com.ar\/manual\/wp-content\/uploads\/2021\/11\/Pasted-into-DIGESTO-18.png\" \/><\/p>\n<p>&nbsp;<\/p>\n<p><img loading=\"lazy\" decoding=\"async\" width=\"296\" height=\"126\" class=\"alignnone wp-image-3283 size-full\" src=\"http:\/\/uniremunicipios.com.ar\/manual\/wp-content\/uploads\/2021\/11\/Pasted-into-DIGESTO-19.png\" \/><\/p>\n<p><img loading=\"lazy\" decoding=\"async\" width=\"297\" height=\"122\" class=\"alignnone wp-image-3284 size-full\" src=\"http:\/\/uniremunicipios.com.ar\/manual\/wp-content\/uploads\/2021\/11\/Pasted-into-DIGESTO-20.png\" \/><\/p>\n<p><img loading=\"lazy\" decoding=\"async\" width=\"299\" height=\"126\" class=\"alignnone wp-image-3281 size-full\" src=\"http:\/\/uniremunicipios.com.ar\/manual\/wp-content\/uploads\/2021\/11\/Pasted-into-DIGESTO-17.png\" \/><\/p>\n<p><img loading=\"lazy\" decoding=\"async\" width=\"335\" height=\"97\" class=\"alignnone wp-image-3280 size-full\" src=\"http:\/\/uniremunicipios.com.ar\/manual\/wp-content\/uploads\/2021\/11\/Pasted-into-DIGESTO-16.png\" srcset=\"https:\/\/uniremunicipios.com.ar\/manual\/wp-content\/uploads\/2021\/11\/Pasted-into-DIGESTO-16.png 335w, https:\/\/uniremunicipios.com.ar\/manual\/wp-content\/uploads\/2021\/11\/Pasted-into-DIGESTO-16-300x87.png 300w\" sizes=\"auto, (max-width: 335px) 100vw, 335px\" \/><\/p>\n<p><img loading=\"lazy\" decoding=\"async\" width=\"387\" height=\"129\" class=\"alignnone wp-image-3279 size-full\" src=\"http:\/\/uniremunicipios.com.ar\/manual\/wp-content\/uploads\/2021\/11\/Pasted-into-DIGESTO-15.png\" srcset=\"https:\/\/uniremunicipios.com.ar\/manual\/wp-content\/uploads\/2021\/11\/Pasted-into-DIGESTO-15.png 387w, https:\/\/uniremunicipios.com.ar\/manual\/wp-content\/uploads\/2021\/11\/Pasted-into-DIGESTO-15-300x100.png 300w\" sizes=\"auto, (max-width: 387px) 100vw, 387px\" \/><\/p>\n<p><img loading=\"lazy\" decoding=\"async\" width=\"489\" height=\"129\" class=\"alignnone wp-image-3278 size-full\" src=\"http:\/\/uniremunicipios.com.ar\/manual\/wp-content\/uploads\/2021\/11\/Pasted-into-DIGESTO-14.png\" srcset=\"https:\/\/uniremunicipios.com.ar\/manual\/wp-content\/uploads\/2021\/11\/Pasted-into-DIGESTO-14.png 489w, https:\/\/uniremunicipios.com.ar\/manual\/wp-content\/uploads\/2021\/11\/Pasted-into-DIGESTO-14-300x79.png 300w\" sizes=\"auto, (max-width: 489px) 100vw, 489px\" \/><\/p>\n<p>Por otra parte, con el bot\u00f3n <img loading=\"lazy\" decoding=\"async\" width=\"36\" height=\"44\" class=\"alignnone wp-image-3304 size-full\" src=\"http:\/\/uniremunicipios.com.ar\/manual\/wp-content\/uploads\/2021\/11\/Pasted-into-DIGESTO-37.png\" \/>se dan de alta los art\u00edculos de la ordenanza, resoluci\u00f3n, etc., con los incisos que correspondan (<img loading=\"lazy\" decoding=\"async\" width=\"41\" height=\"46\" class=\"alignnone wp-image-3305 size-full\" src=\"http:\/\/uniremunicipios.com.ar\/manual\/wp-content\/uploads\/2021\/11\/Pasted-into-DIGESTO-38.png\" \/>) ubicados dentro de cada art\u00edculo. Se pueden crear \u201cn\u201d cantidad de art\u00edculos, as\u00ed como de igual manera \u201cn\u201d cantidad de incisos.<\/p>\n<p><img loading=\"lazy\" decoding=\"async\" width=\"198\" height=\"135\" class=\"alignnone wp-image-3285 size-full\" src=\"http:\/\/uniremunicipios.com.ar\/manual\/wp-content\/uploads\/2021\/11\/Pasted-into-DIGESTO-21.png\" \/><\/p>\n<p>&nbsp;<\/p>\n<p><img loading=\"lazy\" decoding=\"async\" width=\"366\" height=\"186\" class=\"alignnone wp-image-3286 size-full\" src=\"http:\/\/uniremunicipios.com.ar\/manual\/wp-content\/uploads\/2021\/11\/Pasted-into-DIGESTO-22.png\" srcset=\"https:\/\/uniremunicipios.com.ar\/manual\/wp-content\/uploads\/2021\/11\/Pasted-into-DIGESTO-22.png 366w, https:\/\/uniremunicipios.com.ar\/manual\/wp-content\/uploads\/2021\/11\/Pasted-into-DIGESTO-22-300x152.png 300w\" sizes=\"auto, (max-width: 366px) 100vw, 366px\" \/><\/p>\n<p>Por otra parte UNIRE prev\u00e9 que se puedan asociar decretos, ordenanzas, art\u00edculos, etc. Para ello se utiliza <img loading=\"lazy\" decoding=\"async\" width=\"112\" height=\"47\" class=\"alignnone wp-image-3290 size-full\" src=\"http:\/\/uniremunicipios.com.ar\/manual\/wp-content\/uploads\/2021\/11\/Pasted-into-DIGESTO-26.png\" \/>. El primero de los gr\u00e1ficos asocia el escrito sobre el que se halla posicionado con el que se registre con el bot\u00f3n<img loading=\"lazy\" decoding=\"async\" width=\"58\" height=\"53\" class=\"alignnone wp-image-3291 size-full\" src=\"http:\/\/uniremunicipios.com.ar\/manual\/wp-content\/uploads\/2021\/11\/Pasted-into-DIGESTO-27.png\" \/> . La pantalla a completar es la siguiente:<\/p>\n<p><img loading=\"lazy\" decoding=\"async\" width=\"641\" height=\"376\" class=\"alignnone wp-image-3292 size-full\" src=\"http:\/\/uniremunicipios.com.ar\/manual\/wp-content\/uploads\/2021\/11\/Pasted-into-DIGESTO-28.png\" srcset=\"https:\/\/uniremunicipios.com.ar\/manual\/wp-content\/uploads\/2021\/11\/Pasted-into-DIGESTO-28.png 641w, https:\/\/uniremunicipios.com.ar\/manual\/wp-content\/uploads\/2021\/11\/Pasted-into-DIGESTO-28-300x176.png 300w\" sizes=\"auto, (max-width: 641px) 100vw, 641px\" \/><\/p>\n<p>Se debe tener la m\u00e1xima precauci\u00f3n ya que se puede asociar normativas\/art\u00edculos e incisos, por lo que se debe ubicar el correspondiente escrito para luego<img loading=\"lazy\" decoding=\"async\" width=\"55\" height=\"51\" class=\"alignnone wp-image-3293 size-full\" src=\"http:\/\/uniremunicipios.com.ar\/manual\/wp-content\/uploads\/2021\/11\/Pasted-into-DIGESTO-29.png\" \/> .<\/p>\n<p>De igual forma con el segundo bot\u00f3n realiza las relaciones que posee un enunciado con otro.<\/p>\n<p>Cuando uno observa la pantalla puede visualizar si se hallan asociados o relacionados con otros expuestos, y pulsando los botones se aprecia todo aquello que se labor\u00f3.<\/p>\n<p>Para el caso que un escrito se tenga que dar de baja con el bot\u00f3n<img loading=\"lazy\" decoding=\"async\" width=\"53\" height=\"50\" class=\"alignnone wp-image-3307 size-full\" src=\"http:\/\/uniremunicipios.com.ar\/manual\/wp-content\/uploads\/2021\/11\/Pasted-into-DIGESTO-40.png\" \/> \u00a0se puede anular.<\/p>\n<p>&nbsp;<\/p>\n<p>Por \u00faltimo con el bot\u00f3n<img loading=\"lazy\" decoding=\"async\" width=\"50\" height=\"41\" class=\"alignnone wp-image-3306 size-full\" src=\"http:\/\/uniremunicipios.com.ar\/manual\/wp-content\/uploads\/2021\/11\/Pasted-into-DIGESTO-39.png\" \/> (elegir\u00a0 el explorador, el icono es solo orientativo)\u00a0se accede a la presentaci\u00f3n que UNIRE realiza en Internet, por lo que siempre se debe chequear esta publicaci\u00f3n.<\/p>\n","protected":false},"excerpt":{"rendered":"<p>MODULO DIGESTO El objetivo de esta implementaci\u00f3n est\u00e1 orientado a respaldar todo movimiento, documento y\/o tr\u00e1mite que deba patrocinar o gestionar el municipio. Pero tambi\u00e9n se debe publicar (v\u00eda on-line) para que se encuentre disponible para los contribuyentes, obligando de esta manera a mantenerse informado para su referente o en su \u00e1rea de competencia. El [&hellip;]<\/p>\n","protected":false},"author":5,"featured_media":0,"parent":697,"menu_order":0,"comment_status":"closed","ping_status":"closed","template":"","meta":{"footnotes":""},"class_list":["post-699","page","type-page","status-publish","hentry"],"_links":{"self":[{"href":"https:\/\/uniremunicipios.com.ar\/manual\/index.php?rest_route=\/wp\/v2\/pages\/699","targetHints":{"allow":["GET"]}}],"collection":[{"href":"https:\/\/uniremunicipios.com.ar\/manual\/index.php?rest_route=\/wp\/v2\/pages"}],"about":[{"href":"https:\/\/uniremunicipios.com.ar\/manual\/index.php?rest_route=\/wp\/v2\/types\/page"}],"author":[{"embeddable":true,"href":"https:\/\/uniremunicipios.com.ar\/manual\/index.php?rest_route=\/wp\/v2\/users\/5"}],"replies":[{"embeddable":true,"href":"https:\/\/uniremunicipios.com.ar\/manual\/index.php?rest_route=%2Fwp%2Fv2%2Fcomments&post=699"}],"version-history":[{"count":9,"href":"https:\/\/uniremunicipios.com.ar\/manual\/index.php?rest_route=\/wp\/v2\/pages\/699\/revisions"}],"predecessor-version":[{"id":3843,"href":"https:\/\/uniremunicipios.com.ar\/manual\/index.php?rest_route=\/wp\/v2\/pages\/699\/revisions\/3843"}],"up":[{"embeddable":true,"href":"https:\/\/uniremunicipios.com.ar\/manual\/index.php?rest_route=\/wp\/v2\/pages\/697"}],"wp:attachment":[{"href":"https:\/\/uniremunicipios.com.ar\/manual\/index.php?rest_route=%2Fwp%2Fv2%2Fmedia&parent=699"}],"curies":[{"name":"wp","href":"https:\/\/api.w.org\/{rel}","templated":true}]}}