{"id":782,"date":"2019-09-24T19:26:12","date_gmt":"2019-09-24T22:26:12","guid":{"rendered":"http:\/\/uniremunicipios.com.ar\/manual\/?page_id=782"},"modified":"2024-11-13T09:44:28","modified_gmt":"2024-11-13T12:44:28","slug":"intimaciones","status":"publish","type":"page","link":"https:\/\/uniremunicipios.com.ar\/manual\/?page_id=782","title":{"rendered":"Intimaciones &#8211; Explicaci\u00f3n"},"content":{"rendered":"<hr \/>\n<p>M\u00f3dulo: <strong>UNIRE Impuesto General<\/strong><\/p>\n<p>Men\u00fa: <em><strong>Otras funciones \/ Intimaciones \/ Intimaciones en proceso<\/strong><\/em><\/p>\n<p>Este proceso se puede utilizar para diversos informes:<\/p>\n<ul>\n<li>REPORTES DE DEUDAS<\/li>\n<li>INTIMACIONES<\/li>\n<li>TITULOS EJECUTORIOS MASIVOS<\/li>\n<\/ul>\n<p><img loading=\"lazy\" decoding=\"async\" class=\"wp-image-5152 alignnone size-medium\" src=\"http:\/\/uniremunicipios.com.ar\/manual\/wp-content\/uploads\/2024\/10\/image-154.png\" alt=\"\" width=\"280\" height=\"91\" \/><\/p>\n<p>Con el bot\u00f3n <em>AGREGAR<\/em> \u00a0se definen los par\u00e1metros que van a contener los datos resultantes.<\/p>\n<p><img loading=\"lazy\" decoding=\"async\" class=\"wp-image-5354 alignnone \" src=\"http:\/\/uniremunicipios.com.ar\/manual\/wp-content\/uploads\/2024\/11\/image-24.png\" alt=\"\" width=\"553\" height=\"522\" srcset=\"https:\/\/uniremunicipios.com.ar\/manual\/wp-content\/uploads\/2024\/11\/image-24.png 601w, https:\/\/uniremunicipios.com.ar\/manual\/wp-content\/uploads\/2024\/11\/image-24-300x283.png 300w\" sizes=\"auto, (max-width: 553px) 100vw, 553px\" \/><\/p>\n<p>Es importante destacar que las intimaciones van sobre bienes imponibles en particular. No se puede realizar cualquier procedimiento mezclando urbanos, rurales. Tanto en la DESCRIPCION como en la OBSERVACI\u00d3N, son datos de nombres y aclaraciones de lo que vamos a realizar (ej. INTIMACION S\/RESOLUCI\u00d3N 195\/19). Recomendamos que en la observaci\u00f3n se incluya la fecha en la que se realiza este proceso.<\/p>\n<p>Luego solicita sobre qu\u00e9 tipo de tributo se va a realizar: todos o cual es el espec\u00edfico.<\/p>\n<p>Sobre qu\u00e9 tipo de recibo: originales son los que se emiten en 1\u00ba t\u00e9rmino, de convenio o ambos.<\/p>\n<p>Luego qu\u00e9 fecha va a incluir en la intimaci\u00f3n. A tener en cuenta es que la fecha que se tiene en cuenta es la del 1\u00ba vencimiento de los recibos.<\/p>\n<p><img loading=\"lazy\" decoding=\"async\" width=\"269\" height=\"22\" class=\"alignnone wp-image-814 size-full\" src=\"http:\/\/uniremunicipios.com.ar\/manual\/wp-content\/uploads\/2019\/09\/Pasted-into-Intimaciones-2.png\" \/> se debe analizar cu\u00e1ntos recibos deseamos intimar, ya que en algunas oportunidades intimar solo uno o dos no tiene efecto econ\u00f3mico.<\/p>\n<p><img loading=\"lazy\" decoding=\"async\" width=\"262\" height=\"18\" class=\"alignnone wp-image-815 size-full\" src=\"http:\/\/uniremunicipios.com.ar\/manual\/wp-content\/uploads\/2019\/09\/Pasted-into-Intimaciones-3.png\" \/> es importante tener en cuenta desde qu\u00e9 cifra vamos a intimar y hasta qu\u00e9 l\u00edmite. Esto es la sumatoria de los recibos incluidos.<\/p>\n<p>Este registro define los l\u00edmites del importe de cada recibo.<\/p>\n<p>Luego de definir estos par\u00e1metros es necesarios presionar la <img loading=\"lazy\" decoding=\"async\" class=\"wp-image-5144 alignnone size-medium\" src=\"http:\/\/uniremunicipios.com.ar\/manual\/wp-content\/uploads\/2024\/10\/Pasted-57.png\" alt=\"\" width=\"39\" height=\"37\" \/> donde se abre una nueva pantalla donde se debe AGREGAR una etapa de intimaci\u00f3n.<\/p>\n<p><img loading=\"lazy\" decoding=\"async\" class=\"wp-image-5355 alignnone \" src=\"http:\/\/uniremunicipios.com.ar\/manual\/wp-content\/uploads\/2024\/11\/image-25.png\" alt=\"\" width=\"385\" height=\"182\" srcset=\"https:\/\/uniremunicipios.com.ar\/manual\/wp-content\/uploads\/2024\/11\/image-25.png 552w, https:\/\/uniremunicipios.com.ar\/manual\/wp-content\/uploads\/2024\/11\/image-25-300x142.png 300w\" sizes=\"auto, (max-width: 385px) 100vw, 385px\" \/><\/p>\n<p>En la descripci\u00f3n se debe poner un t\u00edtulo.<\/p>\n<p>En Documento asociado se debe poner el nombre del documento que se va a asociar para que salga en la impresi\u00f3n.<\/p>\n<p>En Proceso asociado eligen el modo de env\u00edo en el caso que se haga.<\/p>\n<p>Y por \u00faltimo, la forma en que UNIRE lo va a ordenar.<\/p>\n<p>Una vez terminado estos pasos se debe presionar nuevamente la <img loading=\"lazy\" decoding=\"async\" class=\"wp-image-5146 alignnone size-medium\" src=\"http:\/\/uniremunicipios.com.ar\/manual\/wp-content\/uploads\/2024\/10\/Pasted-59.png\" alt=\"\" width=\"31\" height=\"32\" \/>.<\/p>\n<p>Cuando termina de realizar el proceso, la pantalla que muestra es la siguiente:<\/p>\n<p>Donde el N\u00famero se completa autom\u00e1ticamente cuando se ejecute la intimaci\u00f3n, al igual que la fecha de emisi\u00f3n.<\/p>\n<p><img loading=\"lazy\" decoding=\"async\" class=\"wp-image-5143 aligncenter\" src=\"http:\/\/uniremunicipios.com.ar\/manual\/wp-content\/uploads\/2024\/10\/image-150.png\" alt=\"\" width=\"326\" height=\"254\" srcset=\"https:\/\/uniremunicipios.com.ar\/manual\/wp-content\/uploads\/2024\/10\/image-150.png 319w, https:\/\/uniremunicipios.com.ar\/manual\/wp-content\/uploads\/2024\/10\/image-150-300x234.png 300w\" sizes=\"auto, (max-width: 326px) 100vw, 326px\" \/><\/p>\n<p>Para que muestre Cantidad de recibos e Importe, pulsa con el bot\u00f3n derecho sobre los t\u00edtulos de las columnas y agrega las columnas deseadas. Estas columnas no est\u00e1n fijas porque se vuelve lento el sistema.<\/p>\n<p><img loading=\"lazy\" decoding=\"async\" class=\"wp-image-5151 alignnone \" src=\"http:\/\/uniremunicipios.com.ar\/manual\/wp-content\/uploads\/2024\/10\/image-153.png\" alt=\"\" width=\"442\" height=\"81\" srcset=\"https:\/\/uniremunicipios.com.ar\/manual\/wp-content\/uploads\/2024\/10\/image-153.png 498w, https:\/\/uniremunicipios.com.ar\/manual\/wp-content\/uploads\/2024\/10\/image-153-300x55.png 300w\" sizes=\"auto, (max-width: 442px) 100vw, 442px\" \/><\/p>\n<p>PROCESA TODAS: Abre un cuadro de di\u00e1logo donde tendr\u00e1 que escribir la cantidad de intimaciones que desea procesar comenzando desde el registro donde est\u00e9 posicionado.<\/p>\n<p>PROCESA UNA: procesa el registro donde est\u00e9 posicionado.<\/p>\n<p>Si se desea ejecutar la intimaci\u00f3n (que se imprima el documento o que este se mande por mail) se debe presionar <img loading=\"lazy\" decoding=\"async\" class=\"wp-image-5148 alignnone size-medium\" src=\"http:\/\/uniremunicipios.com.ar\/manual\/wp-content\/uploads\/2024\/10\/Pasted-60.png\" alt=\"\" width=\"90\" height=\"35\" \/>cualquiera de estos botones. Para imprimir 1 o las que se deseen.<\/p>\n<p>Si se van a imprimir todas o varias se debe posicionar sobre la primera que se desea imprimir y luego poner la cantidad.<\/p>\n<p>Para el caso que se desee desestimar alg\u00fan registro, se debe cambiar el ESTADO y darlo de baja para no tenerlo en cuenta.<\/p>\n<p>&nbsp;<\/p>\n<p>Una vez cumplimentada esta etapa, y luego de pasado alg\u00fan tiempo es bueno realizar una 2\u00ba etapa, tal vez con un documento m\u00e1s contundente. Se debe dar por terminada la etapa y agregar una nueva. El sistema descarta todas aquellas que ya no se encuentran en los par\u00e1metros especificados (SI YA PAGARON Y SE ANULARON RECIBOS, o pagaron algunos recibos toma los que quedaron) y realiza una nueva etapa con los nuevos valores.<\/p>\n<p>Hay que tener en cuenta que para ser solo informativo no es necesario asociar ning\u00fan documento como tampoco ejecutar el procedimiento, ya que de hacerlo va a dejarlo marcado como intimado con <img loading=\"lazy\" decoding=\"async\" class=\"wp-image-5144 alignnone size-medium\" src=\"http:\/\/uniremunicipios.com.ar\/manual\/wp-content\/uploads\/2024\/10\/Pasted-57.png\" alt=\"\" width=\"39\" height=\"37\" \/>\u00a0en el resumen de cuenta.<\/p>\n<p>Si va a realizar t\u00edtulos ejecutorios, se asocia el documento respectivo, y hay que pedir a la gente de UNIRE que active el c\u00f3digo correspondiente.<\/p>\n<p>&nbsp;<\/p>\n<p>El sistema posee reportes para analizar cu\u00e1n efectivas fueron las intimaciones.<\/p>\n<h3>Notificaciones<\/h3>\n<p><img loading=\"lazy\" decoding=\"async\" class=\"wp-image-5358 alignnone \" src=\"http:\/\/uniremunicipios.com.ar\/manual\/wp-content\/uploads\/2024\/11\/image-26.png\" alt=\"\" width=\"415\" height=\"126\" srcset=\"https:\/\/uniremunicipios.com.ar\/manual\/wp-content\/uploads\/2024\/11\/image-26.png 590w, https:\/\/uniremunicipios.com.ar\/manual\/wp-content\/uploads\/2024\/11\/image-26-300x91.png 300w\" sizes=\"auto, (max-width: 415px) 100vw, 415px\" \/><\/p>\n<p>Aqu\u00ed, se agregan las personas designadas como notificadores<\/p>\n<p><img loading=\"lazy\" decoding=\"async\" class=\"wp-image-5359 alignnone \" src=\"http:\/\/uniremunicipios.com.ar\/manual\/wp-content\/uploads\/2024\/11\/image-27.png\" alt=\"\" width=\"395\" height=\"125\" srcset=\"https:\/\/uniremunicipios.com.ar\/manual\/wp-content\/uploads\/2024\/11\/image-27.png 645w, https:\/\/uniremunicipios.com.ar\/manual\/wp-content\/uploads\/2024\/11\/image-27-300x95.png 300w\" sizes=\"auto, (max-width: 395px) 100vw, 395px\" \/><\/p>\n<p>Tambi\u00e9n se pueden configurar las formas de notificar<\/p>\n<p><img loading=\"lazy\" decoding=\"async\" class=\"wp-image-5360 alignnone \" src=\"http:\/\/uniremunicipios.com.ar\/manual\/wp-content\/uploads\/2024\/11\/image-28.png\" alt=\"\" width=\"352\" height=\"142\" srcset=\"https:\/\/uniremunicipios.com.ar\/manual\/wp-content\/uploads\/2024\/11\/image-28.png 520w, https:\/\/uniremunicipios.com.ar\/manual\/wp-content\/uploads\/2024\/11\/image-28-300x121.png 300w\" sizes=\"auto, (max-width: 352px) 100vw, 352px\" \/><\/p>\n<p>Una vez procesadas las intimaciones, se habilita la opci\u00f3n de configurar c\u00f3mo fue la notificaci\u00f3n con la fecha, forma y notificador. Esto se logra posicion\u00e1ndose sobre el bien imponible, seleccionando el bot\u00f3n <em>MODIFICA<\/em> y en la pesta\u00f1a <em>NOTIFICACI\u00d3N<\/em>.<\/p>\n<p><img loading=\"lazy\" decoding=\"async\" class=\"wp-image-5361 alignnone \" src=\"http:\/\/uniremunicipios.com.ar\/manual\/wp-content\/uploads\/2024\/11\/image-29.png\" alt=\"\" width=\"436\" height=\"224\" srcset=\"https:\/\/uniremunicipios.com.ar\/manual\/wp-content\/uploads\/2024\/11\/image-29.png 810w, https:\/\/uniremunicipios.com.ar\/manual\/wp-content\/uploads\/2024\/11\/image-29-300x154.png 300w, https:\/\/uniremunicipios.com.ar\/manual\/wp-content\/uploads\/2024\/11\/image-29-768x394.png 768w\" sizes=\"auto, (max-width: 436px) 100vw, 436px\" \/><\/p>\n","protected":false},"excerpt":{"rendered":"<p>M\u00f3dulo: UNIRE Impuesto General Men\u00fa: Otras funciones \/ Intimaciones \/ Intimaciones en proceso Este proceso se puede utilizar para diversos informes: REPORTES DE DEUDAS INTIMACIONES TITULOS EJECUTORIOS MASIVOS Con el bot\u00f3n AGREGAR \u00a0se definen los par\u00e1metros que van a contener los datos resultantes. Es importante destacar que las intimaciones van sobre bienes imponibles en particular. [&hellip;]<\/p>\n","protected":false},"author":5,"featured_media":0,"parent":4297,"menu_order":11,"comment_status":"closed","ping_status":"closed","template":"","meta":{"footnotes":""},"class_list":["post-782","page","type-page","status-publish","hentry"],"_links":{"self":[{"href":"https:\/\/uniremunicipios.com.ar\/manual\/index.php?rest_route=\/wp\/v2\/pages\/782","targetHints":{"allow":["GET"]}}],"collection":[{"href":"https:\/\/uniremunicipios.com.ar\/manual\/index.php?rest_route=\/wp\/v2\/pages"}],"about":[{"href":"https:\/\/uniremunicipios.com.ar\/manual\/index.php?rest_route=\/wp\/v2\/types\/page"}],"author":[{"embeddable":true,"href":"https:\/\/uniremunicipios.com.ar\/manual\/index.php?rest_route=\/wp\/v2\/users\/5"}],"replies":[{"embeddable":true,"href":"https:\/\/uniremunicipios.com.ar\/manual\/index.php?rest_route=%2Fwp%2Fv2%2Fcomments&post=782"}],"version-history":[{"count":18,"href":"https:\/\/uniremunicipios.com.ar\/manual\/index.php?rest_route=\/wp\/v2\/pages\/782\/revisions"}],"predecessor-version":[{"id":5142,"href":"https:\/\/uniremunicipios.com.ar\/manual\/index.php?rest_route=\/wp\/v2\/pages\/782\/revisions\/5142"}],"up":[{"embeddable":true,"href":"https:\/\/uniremunicipios.com.ar\/manual\/index.php?rest_route=\/wp\/v2\/pages\/4297"}],"wp:attachment":[{"href":"https:\/\/uniremunicipios.com.ar\/manual\/index.php?rest_route=%2Fwp%2Fv2%2Fmedia&parent=782"}],"curies":[{"name":"wp","href":"https:\/\/api.w.org\/{rel}","templated":true}]}}