{"id":843,"date":"2019-09-27T16:13:16","date_gmt":"2019-09-27T19:13:16","guid":{"rendered":"http:\/\/uniremunicipios.com.ar\/manual\/?page_id=843"},"modified":"2024-10-28T14:22:49","modified_gmt":"2024-10-28T17:22:49","slug":"anulacion-de-cuotas","status":"publish","type":"page","link":"https:\/\/uniremunicipios.com.ar\/manual\/?page_id=843","title":{"rendered":"Anular recibos"},"content":{"rendered":"<h2>Por la cuenta corriente del contribuyente<\/h2>\n<p>Para anular recibos, es necesario ingresar a la cuenta corriente del contribuyente:<\/p>\n<p>Si va a anular un solo recibo, seleccionamos el deseado.<\/p>\n<p><img loading=\"lazy\" decoding=\"async\" class=\"wp-image-4743 alignnone size-medium\" src=\"http:\/\/uniremunicipios.com.ar\/manual\/wp-content\/uploads\/2024\/09\/image-115.png\" alt=\"\" width=\"277\" height=\"200\" \/><\/p>\n<p>Para anular un grupo de recibos,\u00a0 seleccionar\u00a0 la opci\u00f3n:<\/p>\n<ul>\n<li>Anulaci\u00f3n de recibos (Bien Imponible + Tributo)<\/li>\n<\/ul>\n<p>Para anular un solo recibo:<\/p>\n<ul>\n<li>Anulaci\u00f3n (Recibo posicionado)<\/li>\n<\/ul>\n<p>Cuando se pone AGREGAR el sistema solicita \u201cdesde-hasta\u201d para el caso de muchos recibos, son las fechas que va a tomar para seleccionar las cuotas. En tipo\u00a0 se puede tabular los motivos por los cuales se anularon, y en <u>observaci\u00f3n<\/u>, se puede colocar un comentario. Luego se imprime, donde la responsable firmar\u00e1 (si fuese necesario) la aprobaci\u00f3n.<\/p>\n<p>Si no necesitan imprimir con OK es suficiente. Luego es indispensable cambiar el ESTADO y pasarlo a \u201cvigente\u201d.<\/p>\n<h2>Anular recibo eventual<\/h2>\n<p>Buscar el recibo a anular<\/p>\n<p>Presionar <img loading=\"lazy\" decoding=\"async\" class=\"wp-image-4739 alignnone size-medium\" src=\"http:\/\/uniremunicipios.com.ar\/manual\/wp-content\/uploads\/2024\/09\/image-112.png\" alt=\"\" width=\"300\" height=\"178\" srcset=\"https:\/\/uniremunicipios.com.ar\/manual\/wp-content\/uploads\/2024\/09\/image-112.png 356w, https:\/\/uniremunicipios.com.ar\/manual\/wp-content\/uploads\/2024\/09\/image-112-300x178.png 300w\" sizes=\"auto, (max-width: 300px) 100vw, 300px\" \/><\/p>\n<p>Elegir:<\/p>\n<ul>\n<li>Anulaci\u00f3n (Recibo posicionado)<\/li>\n<\/ul>\n<p>Click en AGREGAR.\u00a0 En tipo\u00a0 se puede ingresar el motivos por los cual se anula, y en <u>observaci\u00f3n<\/u>, se puede colocar un comentario. Luego se imprime, donde la responsable firmar\u00e1 (si fuese necesario) la aprobaci\u00f3n.<\/p>\n<p>Si no necesitan imprimir con OK es suficiente. Luego es indispensable cambiar el ESTADO y pasarlo a \u201cvigente\u201d.<\/p>\n","protected":false},"excerpt":{"rendered":"<p>Por la cuenta corriente del contribuyente Para anular recibos, es necesario ingresar a la cuenta corriente del contribuyente: Si va a anular un solo recibo, seleccionamos el deseado. Para anular un grupo de recibos,\u00a0 seleccionar\u00a0 la opci\u00f3n: Anulaci\u00f3n de recibos (Bien Imponible + Tributo) Para anular un solo recibo: Anulaci\u00f3n (Recibo posicionado) Cuando se pone [&hellip;]<\/p>\n","protected":false},"author":4,"featured_media":0,"parent":515,"menu_order":1,"comment_status":"closed","ping_status":"closed","template":"","meta":{"footnotes":""},"class_list":["post-843","page","type-page","status-publish","hentry"],"_links":{"self":[{"href":"https:\/\/uniremunicipios.com.ar\/manual\/index.php?rest_route=\/wp\/v2\/pages\/843","targetHints":{"allow":["GET"]}}],"collection":[{"href":"https:\/\/uniremunicipios.com.ar\/manual\/index.php?rest_route=\/wp\/v2\/pages"}],"about":[{"href":"https:\/\/uniremunicipios.com.ar\/manual\/index.php?rest_route=\/wp\/v2\/types\/page"}],"author":[{"embeddable":true,"href":"https:\/\/uniremunicipios.com.ar\/manual\/index.php?rest_route=\/wp\/v2\/users\/4"}],"replies":[{"embeddable":true,"href":"https:\/\/uniremunicipios.com.ar\/manual\/index.php?rest_route=%2Fwp%2Fv2%2Fcomments&post=843"}],"version-history":[{"count":9,"href":"https:\/\/uniremunicipios.com.ar\/manual\/index.php?rest_route=\/wp\/v2\/pages\/843\/revisions"}],"predecessor-version":[{"id":5183,"href":"https:\/\/uniremunicipios.com.ar\/manual\/index.php?rest_route=\/wp\/v2\/pages\/843\/revisions\/5183"}],"up":[{"embeddable":true,"href":"https:\/\/uniremunicipios.com.ar\/manual\/index.php?rest_route=\/wp\/v2\/pages\/515"}],"wp:attachment":[{"href":"https:\/\/uniremunicipios.com.ar\/manual\/index.php?rest_route=%2Fwp%2Fv2%2Fmedia&parent=843"}],"curies":[{"name":"wp","href":"https:\/\/api.w.org\/{rel}","templated":true}]}}