{"id":848,"date":"2019-09-27T16:32:05","date_gmt":"2019-09-27T19:32:05","guid":{"rendered":"http:\/\/uniremunicipios.com.ar\/manual\/?page_id=848"},"modified":"2024-10-30T09:33:21","modified_gmt":"2024-10-30T12:33:21","slug":"carga-manual-de-deuda","status":"publish","type":"page","link":"https:\/\/uniremunicipios.com.ar\/manual\/?page_id=848","title":{"rendered":"Carga manual de Deuda"},"content":{"rendered":"<hr \/>\n<p>No siempre se puede realizar la migraci\u00f3n de deuda del sistema anterior del municipio. Por esta raz\u00f3n se ofrece la posibilidad de procesar la deuda en forma manual.<\/p>\n<p>En primer t\u00e9rmino es necesario crear los per\u00edodos. Para ello es necesario ingresar al m\u00f3dulo IMPUESTOS y en el men\u00fa acceder al tributo correspondiente; presionar el bot\u00f3n <img loading=\"lazy\" decoding=\"async\" width=\"32\" height=\"29\" class=\"alignnone wp-image-850 size-full\" src=\"http:\/\/uniremunicipios.com.ar\/manual\/wp-content\/uploads\/2019\/09\/Pasted-into-Carga-manual-de-Deuda.png\" \/>. All\u00ed es indispensable cargar \u201ctodos\u201d los per\u00edodos correspondientes, y sus vencimientos.<\/p>\n<p>Tambi\u00e9n es necesario registrar en los <img loading=\"lazy\" decoding=\"async\" width=\"44\" height=\"36\" class=\"alignnone wp-image-851 size-full\" src=\"http:\/\/uniremunicipios.com.ar\/manual\/wp-content\/uploads\/2019\/09\/Pasted-into-Carga-manual-de-Deuda-1.png\" \/>, los valores hist\u00f3ricos que conforman la deuda. Estos se encuentran en el men\u00fa de impuestos, y forman parte de la f\u00f3rmula del tributo en cuesti\u00f3n.<\/p>\n<p>&nbsp;<\/p>\n<p>Una vez realizados estos dos procesos, se procede a registrar la deuda de cada inmueble o bien imponible.<\/p>\n<p>&nbsp;<\/p>\n<p>Se posiciona sobre el bien imponible, en la ventana principal, se presiona el bot\u00f3n <img loading=\"lazy\" decoding=\"async\" width=\"25\" height=\"28\" class=\"alignnone wp-image-852 size-full\" src=\"http:\/\/uniremunicipios.com.ar\/manual\/wp-content\/uploads\/2019\/09\/Pasted-into-Carga-manual-de-Deuda-2.png\" \/> \u00a0y con el bot\u00f3n <img loading=\"lazy\" decoding=\"async\" width=\"37\" height=\"30\" class=\"alignnone wp-image-853 size-full\" src=\"http:\/\/uniremunicipios.com.ar\/manual\/wp-content\/uploads\/2019\/09\/Pasted-into-Carga-manual-de-Deuda-3.png\" \/> se genera la deuda respectiva. En este bot\u00f3n solicita [desde\u2013hasta] para generar la deuda, teniendo en cuenta el calendario impositivo creado con los UTM hist\u00f3ricos, y las f\u00f3rmulas correspondientes.<\/p>\n<p>Pueden suceder dos inconvenientes:<\/p>\n<p>1\u00ba- en el <img loading=\"lazy\" decoding=\"async\" width=\"25\" height=\"28\" class=\"alignnone wp-image-854 size-full\" src=\"http:\/\/uniremunicipios.com.ar\/manual\/wp-content\/uploads\/2019\/09\/Pasted-into-Carga-manual-de-Deuda-4.png\" \/> la fecha de inicio o alta del impuesto es mayor a la deuda que queremos registrar, por lo que deber\u00e1n habilitar las fechas correctamente para luego proceder.<\/p>\n<p>2\u00ba &#8211; el sistema nunca sobrescribe un per\u00edodo, por lo cual no va a generar dos veces lo mismo. Si encuentra que un per\u00edodo ya se dio de alta, no lo genera nuevamente. Sin importar si se encuentra pago o no. Para el caso que s\u00ed se deba generar la deuda se puede anular el recibo viejo existente (con el procedimiento de anulaci\u00f3n) y luego regenerar el per\u00edodo.<\/p>\n","protected":false},"excerpt":{"rendered":"<p>No siempre se puede realizar la migraci\u00f3n de deuda del sistema anterior del municipio. Por esta raz\u00f3n se ofrece la posibilidad de procesar la deuda en forma manual. En primer t\u00e9rmino es necesario crear los per\u00edodos. Para ello es necesario ingresar al m\u00f3dulo IMPUESTOS y en el men\u00fa acceder al tributo correspondiente; presionar el bot\u00f3n [&hellip;]<\/p>\n","protected":false},"author":4,"featured_media":0,"parent":515,"menu_order":7,"comment_status":"closed","ping_status":"closed","template":"","meta":{"footnotes":""},"class_list":["post-848","page","type-page","status-publish","hentry"],"_links":{"self":[{"href":"https:\/\/uniremunicipios.com.ar\/manual\/index.php?rest_route=\/wp\/v2\/pages\/848","targetHints":{"allow":["GET"]}}],"collection":[{"href":"https:\/\/uniremunicipios.com.ar\/manual\/index.php?rest_route=\/wp\/v2\/pages"}],"about":[{"href":"https:\/\/uniremunicipios.com.ar\/manual\/index.php?rest_route=\/wp\/v2\/types\/page"}],"author":[{"embeddable":true,"href":"https:\/\/uniremunicipios.com.ar\/manual\/index.php?rest_route=\/wp\/v2\/users\/4"}],"replies":[{"embeddable":true,"href":"https:\/\/uniremunicipios.com.ar\/manual\/index.php?rest_route=%2Fwp%2Fv2%2Fcomments&post=848"}],"version-history":[{"count":5,"href":"https:\/\/uniremunicipios.com.ar\/manual\/index.php?rest_route=\/wp\/v2\/pages\/848\/revisions"}],"predecessor-version":[{"id":5192,"href":"https:\/\/uniremunicipios.com.ar\/manual\/index.php?rest_route=\/wp\/v2\/pages\/848\/revisions\/5192"}],"up":[{"embeddable":true,"href":"https:\/\/uniremunicipios.com.ar\/manual\/index.php?rest_route=\/wp\/v2\/pages\/515"}],"wp:attachment":[{"href":"https:\/\/uniremunicipios.com.ar\/manual\/index.php?rest_route=%2Fwp%2Fv2%2Fmedia&parent=848"}],"curies":[{"name":"wp","href":"https:\/\/api.w.org\/{rel}","templated":true}]}}