{"id":874,"date":"2019-09-27T18:09:02","date_gmt":"2019-09-27T21:09:02","guid":{"rendered":"http:\/\/uniremunicipios.com.ar\/manual\/?page_id=874"},"modified":"2025-01-20T11:08:21","modified_gmt":"2025-01-20T14:08:21","slug":"configuracion-de-convenio","status":"publish","type":"page","link":"https:\/\/uniremunicipios.com.ar\/manual\/?page_id=874","title":{"rendered":"Configuraci\u00f3n de Convenio"},"content":{"rendered":"<p>Para configurar un convenio y\/o moratoria.<\/p>\n<p>MODULO: <strong>IMPUESTO GRAL<\/strong><\/p>\n<p>MENU: <strong>Impuestos\/Tributos\/Tributos todos<\/strong><\/p>\n<p>Seleccionamos el tributo al que le vamos a definir el convenio.<\/p>\n<p>Si todav\u00eda no tenemos creados los cargos siguientes debemos crearlos en el bot\u00f3n cargos.<\/p>\n<p><img loading=\"lazy\" decoding=\"async\" width=\"51\" height=\"49\" class=\"alignnone wp-image-1510 size-full\" src=\"http:\/\/uniremunicipios.com.ar\/manual\/wp-content\/uploads\/2020\/02\/Pasted-into-Configuracion-de-convenio-1.png\" \/><\/p>\n<ul>\n<li>CAPITAL CONVENIO<\/li>\n<li>INTERESES CONVENIO<\/li>\n<\/ul>\n<p>Parados sobre el tributo, clic en Impositivo, Convenios por tributo\/Definici\u00f3n de convenios por Tributo<\/p>\n<p><img loading=\"lazy\" decoding=\"async\" class=\"wp-image-5200 alignnone \" src=\"http:\/\/uniremunicipios.com.ar\/manual\/wp-content\/uploads\/2024\/10\/image-170.png\" alt=\"\" width=\"322\" height=\"119\" srcset=\"https:\/\/uniremunicipios.com.ar\/manual\/wp-content\/uploads\/2024\/10\/image-170.png 333w, https:\/\/uniremunicipios.com.ar\/manual\/wp-content\/uploads\/2024\/10\/image-170-300x111.png 300w\" sizes=\"auto, (max-width: 322px) 100vw, 322px\" \/><\/p>\n<p>Clic en bot\u00f3n AGREGAR y completamos el t\u00edtulo con el cu\u00e1l se utilizar\u00e1 este convenio o moratoria, y se pasa a definir cada campo:<\/p>\n<p><img loading=\"lazy\" decoding=\"async\" class=\"wp-image-5201 alignnone \" src=\"http:\/\/uniremunicipios.com.ar\/manual\/wp-content\/uploads\/2024\/10\/image-171.png\" alt=\"\" width=\"507\" height=\"362\" srcset=\"https:\/\/uniremunicipios.com.ar\/manual\/wp-content\/uploads\/2024\/10\/image-171.png 641w, https:\/\/uniremunicipios.com.ar\/manual\/wp-content\/uploads\/2024\/10\/image-171-300x214.png 300w\" sizes=\"auto, (max-width: 507px) 100vw, 507px\" \/><\/p>\n<ul>\n<li>NOMBRE<\/li>\n<li>FECHAS: se puede completar el rango de fechas que va a tomar el proceso, en este caso cuando se realiza un convenio trae autom\u00e1ticamente todas las cuotas incluidas en el rango de fechas, al margen que se pueden borrar o ingresar m\u00e1s cuotas.<\/li>\n<\/ul>\n<p>Para el caso que no se pongan fechas l\u00edmites solicita en el momento de hacer el convenio \u201cdesde\/hasta\u201d<\/p>\n<ul>\n<li>CONFECCIONA RECIBOS SOBRE\u2026<\/li>\n<li>VENCIMIENTOS: si se coloca una fecha en 1\u00ba vencimiento, va a ser el pr\u00f3ximo inmediato, si no se pone fecha es el d\u00eda que se confecciona el convenio.<\/li>\n<\/ul>\n<p>El 2\u00ba vencimiento siempre se produce en el mes siguiente. Nunca hay dos vencimientos en el mismo mes.<\/p>\n<ul>\n<li>VALOR CUOTA MINIMA<\/li>\n<li>IMPRESI\u00d3N CONVENIO: se adjunta el modelo de convenio que se imprimir\u00e1 cuando se lo genere para que el contribuyente formalice la operaci\u00f3n.<\/li>\n<li>PIDE ANTICIPO<\/li>\n<li>PLANES DE PAGO: en primer t\u00e9rmino hacerlo en forma ascendente y ordenado: 1 cuota, 6 cuotas, 12 cuotas, etc.<\/li>\n<\/ul>\n<p>Se pueden poner distintos descuentos, distintos intereses, distintos anticipos.<\/p>\n<p>En la 2\u00ba solapa <img loading=\"lazy\" decoding=\"async\" class=\"wp-image-5202 alignnone size-medium\" src=\"http:\/\/uniremunicipios.com.ar\/manual\/wp-content\/uploads\/2024\/10\/image-172.png\" alt=\"\" width=\"261\" height=\"37\" \/>\u00a0, se encuentra la tabla de inter\u00e9s que se va a utilizar, los resarcitorios y, los cargos principales donde se contabilizar\u00e1n capital e inter\u00e9s y en la pesta\u00f1a <img loading=\"lazy\" decoding=\"async\" width=\"230\" height=\"26\" class=\"alignnone wp-image-1512 size-full\" src=\"http:\/\/uniremunicipios.com.ar\/manual\/wp-content\/uploads\/2020\/02\/Pasted-into-Configuracion-de-convenio-3.png\" \/>\u00a0se registrar\u00e1n los cargos especiales que deseen se registre discriminado.<\/p>\n<p><img loading=\"lazy\" decoding=\"async\" class=\"wp-image-5203 alignnone \" src=\"http:\/\/uniremunicipios.com.ar\/manual\/wp-content\/uploads\/2024\/10\/image-173.png\" alt=\"\" width=\"538\" height=\"319\" srcset=\"https:\/\/uniremunicipios.com.ar\/manual\/wp-content\/uploads\/2024\/10\/image-173.png 641w, https:\/\/uniremunicipios.com.ar\/manual\/wp-content\/uploads\/2024\/10\/image-173-300x178.png 300w\" sizes=\"auto, (max-width: 538px) 100vw, 538px\" \/><\/p>\n<p>Es necesario definir INTERESES DE CONVENIO, porque cuando existe un caso de PAGO ANTICIPADO necesita restar los intereses que no van a cobrar y descontarlo de esta cuenta.<\/p>\n<h3><strong>Contabilizaci\u00f3n<\/strong><\/h3>\n<p>La contabilizaci\u00f3n se realiza dependiendo de los cargos que se hallen imputados.<\/p>\n<p>El sistema toma todos los recibos abarcados, los anula y realiza nuevos recibos. Con lo cual en los nuevos recibos utiliza los cargos nuevos que determinamos.<\/p>\n<p>Si en <img loading=\"lazy\" decoding=\"async\" width=\"175\" height=\"17\" class=\"alignnone wp-image-879 size-full\" src=\"http:\/\/uniremunicipios.com.ar\/manual\/wp-content\/uploads\/2019\/09\/Pasted-into-Configuracion-de-convenio-4.png\" \/>\u00a0se encuentran todos los cargos que conforman el tributo, van a pasar en su proporci\u00f3n justa como si se repartiera el impuesto, m\u00e1s los intereses de convenio si los hubiera. Pero se debe tener en cuenta que son nuevos recibos y se contabiliza como si fuesen del per\u00edodo corriente. Si se desea que se contabilice como per\u00edodos anteriores se debe poner en el cargo de capital de convenio ya que es un nuevo cargo.<\/p>\n<p>Los intereses resarcitorios de las cuotas originales los capitaliza.<\/p>\n","protected":false},"excerpt":{"rendered":"<p>Para configurar un convenio y\/o moratoria. MODULO: IMPUESTO GRAL MENU: Impuestos\/Tributos\/Tributos todos Seleccionamos el tributo al que le vamos a definir el convenio. Si todav\u00eda no tenemos creados los cargos siguientes debemos crearlos en el bot\u00f3n cargos. CAPITAL CONVENIO INTERESES CONVENIO Parados sobre el tributo, clic en Impositivo, Convenios por tributo\/Definici\u00f3n de convenios por Tributo [&hellip;]<\/p>\n","protected":false},"author":4,"featured_media":0,"parent":515,"menu_order":9,"comment_status":"closed","ping_status":"closed","template":"","meta":{"footnotes":""},"class_list":["post-874","page","type-page","status-publish","hentry"],"_links":{"self":[{"href":"https:\/\/uniremunicipios.com.ar\/manual\/index.php?rest_route=\/wp\/v2\/pages\/874","targetHints":{"allow":["GET"]}}],"collection":[{"href":"https:\/\/uniremunicipios.com.ar\/manual\/index.php?rest_route=\/wp\/v2\/pages"}],"about":[{"href":"https:\/\/uniremunicipios.com.ar\/manual\/index.php?rest_route=\/wp\/v2\/types\/page"}],"author":[{"embeddable":true,"href":"https:\/\/uniremunicipios.com.ar\/manual\/index.php?rest_route=\/wp\/v2\/users\/4"}],"replies":[{"embeddable":true,"href":"https:\/\/uniremunicipios.com.ar\/manual\/index.php?rest_route=%2Fwp%2Fv2%2Fcomments&post=874"}],"version-history":[{"count":8,"href":"https:\/\/uniremunicipios.com.ar\/manual\/index.php?rest_route=\/wp\/v2\/pages\/874\/revisions"}],"predecessor-version":[{"id":5855,"href":"https:\/\/uniremunicipios.com.ar\/manual\/index.php?rest_route=\/wp\/v2\/pages\/874\/revisions\/5855"}],"up":[{"embeddable":true,"href":"https:\/\/uniremunicipios.com.ar\/manual\/index.php?rest_route=\/wp\/v2\/pages\/515"}],"wp:attachment":[{"href":"https:\/\/uniremunicipios.com.ar\/manual\/index.php?rest_route=%2Fwp%2Fv2%2Fmedia&parent=874"}],"curies":[{"name":"wp","href":"https:\/\/api.w.org\/{rel}","templated":true}]}}