{"id":911,"date":"2019-10-02T16:42:11","date_gmt":"2019-10-02T19:42:11","guid":{"rendered":"http:\/\/uniremunicipios.com.ar\/manual\/?page_id=911"},"modified":"2020-02-18T17:39:49","modified_gmt":"2020-02-18T20:39:49","slug":"contrasena-web-municipal","status":"publish","type":"page","link":"https:\/\/uniremunicipios.com.ar\/manual\/?page_id=911","title":{"rendered":"Contrase\u00f1a Web Municipal"},"content":{"rendered":"<p>Para Asignarle o restablecer una contrase\u00f1a para los &#8220;tramites online&#8221; que ofrece la pagina de la municipalidad, los operadores de RRHH tienen que ingresar en <em>Empleados\u00a0<\/em>y luego <img loading=\"lazy\" decoding=\"async\" width=\"41\" height=\"36\" class=\"alignnone wp-image-915 size-full\" src=\"http:\/\/uniremunicipios.com.ar\/manual\/wp-content\/uploads\/2019\/10\/Pasted-into-Contrase\u00f1a-Web-Municipal-1.png\" \/> &#8211;&gt; Asignaci\u00f3n y Blanqueo de Contrase\u00f1a.<\/p>\n<p><img loading=\"lazy\" decoding=\"async\" width=\"1216\" height=\"236\" class=\"alignnone wp-image-914 size-full\" src=\"http:\/\/uniremunicipios.com.ar\/manual\/wp-content\/uploads\/2019\/10\/Pasted-into-Contrase\u00f1a-Web-Municipal.png\" srcset=\"https:\/\/uniremunicipios.com.ar\/manual\/wp-content\/uploads\/2019\/10\/Pasted-into-Contrase\u00f1a-Web-Municipal.png 1216w, https:\/\/uniremunicipios.com.ar\/manual\/wp-content\/uploads\/2019\/10\/Pasted-into-Contrase\u00f1a-Web-Municipal-300x58.png 300w, https:\/\/uniremunicipios.com.ar\/manual\/wp-content\/uploads\/2019\/10\/Pasted-into-Contrase\u00f1a-Web-Municipal-768x149.png 768w, https:\/\/uniremunicipios.com.ar\/manual\/wp-content\/uploads\/2019\/10\/Pasted-into-Contrase\u00f1a-Web-Municipal-1024x199.png 1024w\" sizes=\"auto, (max-width: 1216px) 100vw, 1216px\" \/><\/p>\n<p><img loading=\"lazy\" decoding=\"async\" width=\"236\" height=\"144\" class=\"wp-image-916 size-full aligncenter\" src=\"http:\/\/uniremunicipios.com.ar\/manual\/wp-content\/uploads\/2019\/10\/Pasted-into-Contrase\u00f1a-Web-Municipal-2.png\" \/><\/p>\n<p>En caso de resetearla, el mismo sistema se encargar\u00e1 de asignar una nueva contrase\u00f1a<\/p>\n<p>&nbsp;<\/p>\n<h2>Tramites Online<\/h2>\n<p>&nbsp;<\/p>\n","protected":false},"excerpt":{"rendered":"<p>Para Asignarle o restablecer una contrase\u00f1a para los &#8220;tramites online&#8221; que ofrece la pagina de la municipalidad, los operadores de RRHH tienen que ingresar en Empleados\u00a0y luego &#8211;&gt; Asignaci\u00f3n y Blanqueo de Contrase\u00f1a. En caso de resetearla, el mismo sistema se encargar\u00e1 de asignar una nueva contrase\u00f1a &nbsp; Tramites Online &nbsp;<\/p>\n","protected":false},"author":4,"featured_media":0,"parent":28,"menu_order":376,"comment_status":"closed","ping_status":"closed","template":"","meta":{"footnotes":""},"class_list":["post-911","page","type-page","status-publish","hentry"],"_links":{"self":[{"href":"https:\/\/uniremunicipios.com.ar\/manual\/index.php?rest_route=\/wp\/v2\/pages\/911","targetHints":{"allow":["GET"]}}],"collection":[{"href":"https:\/\/uniremunicipios.com.ar\/manual\/index.php?rest_route=\/wp\/v2\/pages"}],"about":[{"href":"https:\/\/uniremunicipios.com.ar\/manual\/index.php?rest_route=\/wp\/v2\/types\/page"}],"author":[{"embeddable":true,"href":"https:\/\/uniremunicipios.com.ar\/manual\/index.php?rest_route=\/wp\/v2\/users\/4"}],"replies":[{"embeddable":true,"href":"https:\/\/uniremunicipios.com.ar\/manual\/index.php?rest_route=%2Fwp%2Fv2%2Fcomments&post=911"}],"version-history":[{"count":1,"href":"https:\/\/uniremunicipios.com.ar\/manual\/index.php?rest_route=\/wp\/v2\/pages\/911\/revisions"}],"predecessor-version":[{"id":917,"href":"https:\/\/uniremunicipios.com.ar\/manual\/index.php?rest_route=\/wp\/v2\/pages\/911\/revisions\/917"}],"up":[{"embeddable":true,"href":"https:\/\/uniremunicipios.com.ar\/manual\/index.php?rest_route=\/wp\/v2\/pages\/28"}],"wp:attachment":[{"href":"https:\/\/uniremunicipios.com.ar\/manual\/index.php?rest_route=%2Fwp%2Fv2%2Fmedia&parent=911"}],"curies":[{"name":"wp","href":"https:\/\/api.w.org\/{rel}","templated":true}]}}