{"id":922,"date":"2019-10-03T14:54:04","date_gmt":"2019-10-03T17:54:04","guid":{"rendered":"http:\/\/uniremunicipios.com.ar\/manual\/?page_id=922"},"modified":"2025-01-21T12:23:51","modified_gmt":"2025-01-21T15:23:51","slug":"generacion-de-recivos-de-un-tributo-automatico","status":"publish","type":"page","link":"https:\/\/uniremunicipios.com.ar\/manual\/?page_id=922","title":{"rendered":"Generaci\u00f3n de Recibos"},"content":{"rendered":"<h2>Recibos de un Tributo Autom\u00e1tico<\/h2>\n<p>Ir a <img loading=\"lazy\" decoding=\"async\" width=\"44\" height=\"48\" class=\"alignnone wp-image-923 size-full\" src=\"http:\/\/uniremunicipios.com.ar\/manual\/wp-content\/uploads\/2019\/10\/Pasted-into-Generacion-de-recivos-de-un-tributo-autom\u00e1tico.png\" \/> , seleccionar tipo de inmueble, buscar partida <img loading=\"lazy\" decoding=\"async\" width=\"89\" height=\"23\" class=\"alignnone wp-image-924 size-full\" src=\"http:\/\/uniremunicipios.com.ar\/manual\/wp-content\/uploads\/2019\/10\/Pasted-into-Generacion-de-recivos-de-un-tributo-autom\u00e1tico-1.png\" \/> \u00a0:<\/p>\n<p><strong>1\u00ba)<\/strong>\u00a0 <img loading=\"lazy\" decoding=\"async\" width=\"36\" height=\"36\" class=\"alignnone wp-image-925 size-full\" src=\"http:\/\/uniremunicipios.com.ar\/manual\/wp-content\/uploads\/2019\/10\/Pasted-into-Generacion-de-recivos-de-un-tributo-autom\u00e1tico-2.png\" \/>\u00a0(para filtrar si hay varios impuestos que se cobran a la misma propiedad).<\/p>\n<p><strong>2\u00ba) <\/strong>Luego presionar el bot\u00f3n <img loading=\"lazy\" decoding=\"async\" width=\"36\" height=\"37\" class=\"alignnone wp-image-926 size-full\" src=\"http:\/\/uniremunicipios.com.ar\/manual\/wp-content\/uploads\/2019\/10\/Pasted-into-Generacion-de-recivos-de-un-tributo-autom\u00e1tico-3.png\" \/> , que solicita desde\/hasta.<\/p>\n<p><strong>3\u00ba)<\/strong> Se debe tener en cuenta que deben estar creados los per\u00edodos a liquidar.<\/p>\n<p>Y cabe remarcar que si un per\u00edodo ya tiene el recibo correspondiente no rehace ese recibo.<\/p>\n<h2>Recibos DReI<\/h2>\n<p class=\"rvps5\"><span class=\"rvts59\">Se debe crear el per\u00edodo,<\/span><\/p>\n<p><img loading=\"lazy\" decoding=\"async\" class=\"wp-image-4783 alignnone \" src=\"http:\/\/uniremunicipios.com.ar\/manual\/wp-content\/uploads\/2024\/09\/image-138.png\" alt=\"\" width=\"354\" height=\"132\" srcset=\"https:\/\/uniremunicipios.com.ar\/manual\/wp-content\/uploads\/2024\/09\/image-138.png 489w, https:\/\/uniremunicipios.com.ar\/manual\/wp-content\/uploads\/2024\/09\/image-138-300x112.png 300w\" sizes=\"auto, (max-width: 354px) 100vw, 354px\" \/><span class=\"rvts59\">,<\/span><\/p>\n<p><span class=\"rvts59\">y las fechas de vencimientos<\/span><\/p>\n<p><img loading=\"lazy\" decoding=\"async\" class=\"wp-image-4784 alignnone \" src=\"http:\/\/uniremunicipios.com.ar\/manual\/wp-content\/uploads\/2024\/09\/image-139.png\" alt=\"\" width=\"354\" height=\"132\" srcset=\"https:\/\/uniremunicipios.com.ar\/manual\/wp-content\/uploads\/2024\/09\/image-139.png 484w, https:\/\/uniremunicipios.com.ar\/manual\/wp-content\/uploads\/2024\/09\/image-139-300x112.png 300w\" sizes=\"auto, (max-width: 354px) 100vw, 354px\" \/><\/p>\n<p class=\"rvps5\"><span class=\"rvts59\">Una vez terminada la carga de estos datos, presionando el primer bot\u00f3n<\/span><img loading=\"lazy\" decoding=\"async\" class=\"wp-image-4785 alignnone \" src=\"http:\/\/uniremunicipios.com.ar\/manual\/wp-content\/uploads\/2024\/09\/image-140.png\" alt=\"\" width=\"45\" height=\"51\" \/>, <span class=\"rvts59\">UNIRE trae todos los comercios\/industrias\/contribuyentes que tengan asociado el tributo.<\/span><\/p>\n<p class=\"rvps5\"><span class=\"rvts59\">Con los botones <\/span><img loading=\"lazy\" decoding=\"async\" class=\"wp-image-4775 alignnone \" src=\"http:\/\/uniremunicipios.com.ar\/manual\/wp-content\/uploads\/2024\/09\/image-131.png\" alt=\"\" width=\"98\" height=\"47\" \/> <span class=\"rvts59\">se liquida <\/span><span class=\"rvts104\">\u201cuno\u201d<\/span><span class=\"rvts59\">\u00a0o\u00a0<\/span><span class=\"rvts104\">\u201ctodos\u201d<\/span><span class=\"rvts59\"> los contribuyentes. Todos los recibos \u00a0quedan en estado <\/span><img loading=\"lazy\" decoding=\"async\" class=\"wp-image-4778 alignnone size-medium\" src=\"http:\/\/uniremunicipios.com.ar\/manual\/wp-content\/uploads\/2024\/09\/image-133.png\" alt=\"\" width=\"26\" height=\"34\" \/><span class=\"rvts59\">, que es el estado de generado el valor m\u00ednimo que va a pagar el contribuyente.<\/span><\/p>\n<p class=\"rvps5\"><span class=\"rvts59\">Una vez realizado este procedimiento se debe\u00a0<\/span><span class=\"rvts104\">\u201ccerrar\u201d<\/span><span class=\"rvts59\">.\u00a0<\/span><\/p>\n<p><img loading=\"lazy\" decoding=\"async\" class=\"wp-image-4786 alignnone \" src=\"http:\/\/uniremunicipios.com.ar\/manual\/wp-content\/uploads\/2024\/09\/image-141.png\" alt=\"\" width=\"556\" height=\"263\" srcset=\"https:\/\/uniremunicipios.com.ar\/manual\/wp-content\/uploads\/2024\/09\/image-141.png 845w, https:\/\/uniremunicipios.com.ar\/manual\/wp-content\/uploads\/2024\/09\/image-141-300x142.png 300w, https:\/\/uniremunicipios.com.ar\/manual\/wp-content\/uploads\/2024\/09\/image-141-768x364.png 768w\" sizes=\"auto, (max-width: 556px) 100vw, 556px\" \/><\/p>\n<p class=\"rvps5\"><span class=\"rvts59\">Si se cierra el per\u00edodo, todos los recibos pasan de estado <\/span><span class=\"rvts104\">G<\/span><span class=\"rvts59\"> a estado <\/span><img loading=\"lazy\" decoding=\"async\" class=\"wp-image-4779 alignnone size-medium\" src=\"http:\/\/uniremunicipios.com.ar\/manual\/wp-content\/uploads\/2024\/09\/image-134.png\" alt=\"\" width=\"28\" height=\"27\" \/><span class=\"rvts59\">, que significa\u00a0<\/span><span class=\"rvts104\">\u201cpendiente presentaci\u00f3n\u201d,\u00a0<\/span><span class=\"rvts59\">o sea que est\u00e1 listo para que el contribuyente realice su declaraci\u00f3n jurada.<\/span><\/p>\n<p><strong><em><span style=\"font-size: 11.0pt; line-height: 107%; font-family: 'Calibri',sans-serif; mso-ascii-theme-font: minor-latin; mso-fareast-font-family: Calibri; mso-fareast-theme-font: minor-latin; mso-hansi-theme-font: minor-latin; mso-bidi-font-family: 'Times New Roman'; mso-bidi-theme-font: minor-bidi; mso-ansi-language: ES; mso-fareast-language: EN-US; mso-bidi-language: AR-SA;\">Tambi\u00e9n se puede \u201ccerrar\u201d a un \u00fanico contribuyente, posicion\u00e1ndose sobre \u00e9ste, se presiona\u00a0<\/span><\/em><\/strong><img loading=\"lazy\" decoding=\"async\" class=\"wp-image-4820 alignnone \" src=\"http:\/\/uniremunicipios.com.ar\/manual\/wp-content\/uploads\/2024\/09\/image-158.png\" alt=\"\" width=\"41\" height=\"40\" \/><strong><span class=\"rvts59\"><i><span style=\"font-size: 11.0pt; line-height: 107%; font-family: 'Calibri',sans-serif; mso-ascii-theme-font: minor-latin; mso-fareast-font-family: Calibri; mso-fareast-theme-font: minor-latin; mso-hansi-theme-font: minor-latin; mso-bidi-font-family: 'Times New Roman'; mso-bidi-theme-font: minor-bidi; mso-ansi-language: ES; mso-fareast-language: EN-US; mso-bidi-language: AR-SA;\">, quedando el resto en G\u00a0 \u00a0<\/span><\/i><\/span><\/strong><\/p>\n<p>&nbsp;<\/p>\n<p class=\"rvps5\"><span class=\"rvts59\">El contribuyente \u00a0puede declarar por Internet a trav\u00e9s del LINK correspondiente en la p\u00e1gina del municipio o puede ir personalmente y solicitar que le liquiden el per\u00edodo.<\/span><\/p>\n<p class=\"rvps5\"><span class=\"rvts59\">El sistema realiza el c\u00e1lculo correspondiente seg\u00fan la carga de las f\u00f3rmulas que empleamos, pagar\u00e1 el m\u00ednimo diferencial si se encontraba marcado, o el m\u00ednimo por actividad, o seg\u00fan la cantidad de empleados, o el importe que resulte del c\u00e1lculo de la al\u00edcuota respectiva a las actividades registradas. Siempre UNIRE tomar\u00e1 el valor m\u00e1s alto de todos, a excepci\u00f3n del m\u00ednimo diferencial que no realiza ning\u00fan c\u00e1lculo y s\u00f3lo toma lo anotado all\u00ed.<\/span><\/p>\n<p class=\"rvps5\"><span class=\"rvts59\">El contribuyente puede NO DECLARAR, por lo que su recibo siempre se mantendr\u00e1 en PP; si declara se activa el recibo y pondr\u00e1 la marca correspondiente, y si lo paga tendr\u00e1 el per\u00edodo completo.<\/span><\/p>\n<p class=\"rvps5\"><span class=\"rvts59\">Recibo<\/span><img loading=\"lazy\" decoding=\"async\" class=\"wp-image-4778 alignnone size-medium\" src=\"http:\/\/uniremunicipios.com.ar\/manual\/wp-content\/uploads\/2024\/09\/image-133.png\" alt=\"\" width=\"26\" height=\"34\" \/> : R<span class=\"rvts59\">ecibo generado (en borrador)<\/span><\/p>\n<p class=\"rvps5\"><span class=\"rvts59\">Recibo<\/span><img loading=\"lazy\" decoding=\"async\" class=\"wp-image-4779 alignnone size-medium\" src=\"http:\/\/uniremunicipios.com.ar\/manual\/wp-content\/uploads\/2024\/09\/image-134.png\" alt=\"\" width=\"28\" height=\"27\" \/> : R<span class=\"rvts59\">ecibo para presentar, pendiente (genera inter\u00e9s si es fuera de t\u00e9rmino)<\/span><\/p>\n<p class=\"rvps5\"><span class=\"rvts59\">Recibo<\/span><img loading=\"lazy\" decoding=\"async\" class=\"wp-image-4780 alignnone size-medium\" src=\"http:\/\/uniremunicipios.com.ar\/manual\/wp-content\/uploads\/2024\/09\/image-135.png\" alt=\"\" width=\"32\" height=\"26\" \/>: R<span class=\"rvts59\">ecibo declarado pero no pagado (genera inter\u00e9s si es fuera de \u00a0t\u00e9rmino)<\/span><\/p>\n<p class=\"rvps5\"><span class=\"rvts59\">Recibo<\/span><img loading=\"lazy\" decoding=\"async\" class=\"wp-image-4781 alignnone size-medium\" src=\"http:\/\/uniremunicipios.com.ar\/manual\/wp-content\/uploads\/2024\/09\/image-136.png\" alt=\"\" width=\"27\" height=\"30\" \/>: R<span class=\"rvts59\">ecibo pagado.<\/span><\/p>\n<p class=\"rvps5\"><span class=\"rvts59\">El contribuyente puede declarar y no pagar, lo que generar\u00e1 los intereses correspondientes. Tambi\u00e9n puede imprimir n cantidad de veces el recibo y, <em>si se halla fuera de t\u00e9rmino, lo imprime con los intereses calculados a la fecha actual.<\/em><\/span><\/p>\n","protected":false},"excerpt":{"rendered":"<p>Recibos de un Tributo Autom\u00e1tico Ir a , seleccionar tipo de inmueble, buscar partida \u00a0: 1\u00ba)\u00a0 \u00a0(para filtrar si hay varios impuestos que se cobran a la misma propiedad). 2\u00ba) Luego presionar el bot\u00f3n , que solicita desde\/hasta. 3\u00ba) Se debe tener en cuenta que deben estar creados los per\u00edodos a liquidar. Y cabe remarcar [&hellip;]<\/p>\n","protected":false},"author":4,"featured_media":0,"parent":515,"menu_order":12,"comment_status":"closed","ping_status":"closed","template":"","meta":{"footnotes":""},"class_list":["post-922","page","type-page","status-publish","hentry"],"_links":{"self":[{"href":"https:\/\/uniremunicipios.com.ar\/manual\/index.php?rest_route=\/wp\/v2\/pages\/922","targetHints":{"allow":["GET"]}}],"collection":[{"href":"https:\/\/uniremunicipios.com.ar\/manual\/index.php?rest_route=\/wp\/v2\/pages"}],"about":[{"href":"https:\/\/uniremunicipios.com.ar\/manual\/index.php?rest_route=\/wp\/v2\/types\/page"}],"author":[{"embeddable":true,"href":"https:\/\/uniremunicipios.com.ar\/manual\/index.php?rest_route=\/wp\/v2\/users\/4"}],"replies":[{"embeddable":true,"href":"https:\/\/uniremunicipios.com.ar\/manual\/index.php?rest_route=%2Fwp%2Fv2%2Fcomments&post=922"}],"version-history":[{"count":6,"href":"https:\/\/uniremunicipios.com.ar\/manual\/index.php?rest_route=\/wp\/v2\/pages\/922\/revisions"}],"predecessor-version":[{"id":5888,"href":"https:\/\/uniremunicipios.com.ar\/manual\/index.php?rest_route=\/wp\/v2\/pages\/922\/revisions\/5888"}],"up":[{"embeddable":true,"href":"https:\/\/uniremunicipios.com.ar\/manual\/index.php?rest_route=\/wp\/v2\/pages\/515"}],"wp:attachment":[{"href":"https:\/\/uniremunicipios.com.ar\/manual\/index.php?rest_route=%2Fwp%2Fv2%2Fmedia&parent=922"}],"curies":[{"name":"wp","href":"https:\/\/api.w.org\/{rel}","templated":true}]}}