{"id":935,"date":"2019-10-03T15:00:58","date_gmt":"2019-10-03T18:00:58","guid":{"rendered":"http:\/\/uniremunicipios.com.ar\/manual\/?page_id=935"},"modified":"2020-08-26T09:37:19","modified_gmt":"2020-08-26T12:37:19","slug":"datos-de-lectura-de-agua-para-emision-de-tasa","status":"publish","type":"page","link":"https:\/\/uniremunicipios.com.ar\/manual\/?page_id=935","title":{"rendered":"Datos de lectura de agua para emisi\u00f3n de tasa"},"content":{"rendered":"<p>Cuando un Municipio\/Comuna tiene a su cargo brindar el servicio de agua, y para cobrar el tributo respectivo realiza lectura de medidores, existen distintas formas de tomar esa informaci\u00f3n.<\/p>\n<p>Para tener un criterio \u00fanico en diversas entidades y prepar\u00e1ndonos para el uso de los lectores es que se procede de la siguiente forma:<\/p>\n<p>Se debe registrar en un Excel, el nro. de cuenta o partida municipal en la columna A, en la columna B se graba la \u00faltima medici\u00f3n, y en la C o \u00faltima se graba el total de metros c\u00fabitos consumidos.<\/p>\n<p>-Como esto est\u00e1 atado a la lectura anterior lo que sugerimos es que se utilice la columna con estos datos pero que no se utilice al grabar la informaci\u00f3n final.-<\/p>\n<p>Una vez que se tienen las tres columnas que vamos a utilizar (recordar que las comas deber ser marcadas como puntos, y los puntos de miles no existen), se debe guardar como: <strong>CSV.MS-DOS(*.CSV).<\/strong><\/p>\n<p>El guardado se debe realizar en N:\\PS-IO\\&#8230;<\/p>\n<p>Una vez realizadas estas tareas, se procede a la migraci\u00f3n de datos a UNIRE.<\/p>\n<p>Se ingresa al m\u00f3dulo IMPUESTOS, se posiciona en el impuesto correspondiente y en el CALENDARIO IMPOSITIVO, se presiona el FNuno, y all\u00ed est\u00e1 men\u00fa para importar los datos de agua.<\/p>\n<p>UNIRE todas las veces que migra dicha informaci\u00f3n registra en DATOS FIJOS, EXCEDENTES la lectura de los datos nuevos, pisando la informaci\u00f3n anterior.<\/p>\n<p>Si no se realiza una nueva importaci\u00f3n de datos permanecen los \u00faltimos registrados.<\/p>\n","protected":false},"excerpt":{"rendered":"<p>Cuando un Municipio\/Comuna tiene a su cargo brindar el servicio de agua, y para cobrar el tributo respectivo realiza lectura de medidores, existen distintas formas de tomar esa informaci\u00f3n. Para tener un criterio \u00fanico en diversas entidades y prepar\u00e1ndonos para el uso de los lectores es que se procede de la siguiente forma: Se debe [&hellip;]<\/p>\n","protected":false},"author":4,"featured_media":0,"parent":515,"menu_order":10,"comment_status":"closed","ping_status":"closed","template":"","meta":{"footnotes":""},"class_list":["post-935","page","type-page","status-publish","hentry"],"_links":{"self":[{"href":"https:\/\/uniremunicipios.com.ar\/manual\/index.php?rest_route=\/wp\/v2\/pages\/935","targetHints":{"allow":["GET"]}}],"collection":[{"href":"https:\/\/uniremunicipios.com.ar\/manual\/index.php?rest_route=\/wp\/v2\/pages"}],"about":[{"href":"https:\/\/uniremunicipios.com.ar\/manual\/index.php?rest_route=\/wp\/v2\/types\/page"}],"author":[{"embeddable":true,"href":"https:\/\/uniremunicipios.com.ar\/manual\/index.php?rest_route=\/wp\/v2\/users\/4"}],"replies":[{"embeddable":true,"href":"https:\/\/uniremunicipios.com.ar\/manual\/index.php?rest_route=%2Fwp%2Fv2%2Fcomments&post=935"}],"version-history":[{"count":1,"href":"https:\/\/uniremunicipios.com.ar\/manual\/index.php?rest_route=\/wp\/v2\/pages\/935\/revisions"}],"predecessor-version":[{"id":936,"href":"https:\/\/uniremunicipios.com.ar\/manual\/index.php?rest_route=\/wp\/v2\/pages\/935\/revisions\/936"}],"up":[{"embeddable":true,"href":"https:\/\/uniremunicipios.com.ar\/manual\/index.php?rest_route=\/wp\/v2\/pages\/515"}],"wp:attachment":[{"href":"https:\/\/uniremunicipios.com.ar\/manual\/index.php?rest_route=%2Fwp%2Fv2%2Fmedia&parent=935"}],"curies":[{"name":"wp","href":"https:\/\/api.w.org\/{rel}","templated":true}]}}