{"id":937,"date":"2019-10-03T15:05:55","date_gmt":"2019-10-03T18:05:55","guid":{"rendered":"http:\/\/uniremunicipios.com.ar\/manual\/?page_id=937"},"modified":"2025-01-16T13:52:45","modified_gmt":"2025-01-16T16:52:45","slug":"liquidacion-drei","status":"publish","type":"page","link":"https:\/\/uniremunicipios.com.ar\/manual\/?page_id=937","title":{"rendered":"j. Liquidaci\u00f3n DReI"},"content":{"rendered":"<p>Se ingresa al m\u00f3dulo IMPUESTO GRAL, se presiona TRIBUTOS, TRIBUTO COMERCIOS.<\/p>\n<p>Se posiciona sobre DERECHO DE REGISTRO E INSPECCION, se presiona<img loading=\"lazy\" decoding=\"async\" class=\"wp-image-5408 alignnone size-medium\" src=\"http:\/\/uniremunicipios.com.ar\/manual\/wp-content\/uploads\/2024\/11\/image-50.png\" alt=\"\" width=\"68\" height=\"44\" \/>, se agrega el mes a liquidar, donde inmediatamente pide el vencimiento.\u00a0 Luego se presiona <img loading=\"lazy\" decoding=\"async\" class=\"wp-image-5416 alignnone size-medium\" src=\"http:\/\/uniremunicipios.com.ar\/manual\/wp-content\/uploads\/2024\/11\/image-53.png\" alt=\"\" width=\"53\" height=\"39\" \/>, el sistema trae una pantalla donde los primeros botones son<img loading=\"lazy\" decoding=\"async\" class=\"wp-image-5410 alignnone size-medium\" src=\"http:\/\/uniremunicipios.com.ar\/manual\/wp-content\/uploads\/2024\/11\/image-52.png\" alt=\"\" width=\"244\" height=\"29\" \/>, presionando el 1\u00ba bot\u00f3n se genera el recibo donde est\u00e1 posicionado el cursor, de igual manera presionando el 3\u00ba bot\u00f3n se borra esa generaci\u00f3n.<\/p>\n<p>Cabe aclarar que si se presiona el 3\u00ba o 4\u00ba bot\u00f3n de borrado, el id del recibo se borrar\u00e1 y no quedar\u00e1 registro de \u00e9l.<\/p>\n<p>Si se desea mantener el id es necesario presionar el 1\u00ba y 2\u00ba bot\u00f3n ya que el sistema recalcula utilizando el mismo id.<\/p>\n<p>Si presiono la <img loading=\"lazy\" decoding=\"async\" class=\"wp-image-5411 alignnone size-medium\" src=\"http:\/\/uniremunicipios.com.ar\/manual\/wp-content\/uploads\/2024\/11\/Pasted-17.png\" alt=\"\" width=\"30\" height=\"32\" \/> , se generan todos los recibos quedando en <img loading=\"lazy\" decoding=\"async\" class=\"wp-image-5412 alignnone size-medium\" src=\"http:\/\/uniremunicipios.com.ar\/manual\/wp-content\/uploads\/2024\/11\/Pasted-18.png\" alt=\"\" width=\"22\" height=\"21\" \/> (que es el borrador y lo previo a generar la deuda real). En este paso se puede verificar los datos, ya que se halla todo en borrador.<\/p>\n<p>Una vez verificado se procede a generar realmente los recibos (o al paso anterior ya que quedan en <img loading=\"lazy\" decoding=\"async\" class=\"wp-image-5413 alignnone size-medium\" src=\"http:\/\/uniremunicipios.com.ar\/manual\/wp-content\/uploads\/2024\/11\/Pasted-19.png\" alt=\"\" width=\"20\" height=\"20\" \/> \u2013pendientes de presentaci\u00f3n). Para ello es necesario volver a donde dice el per\u00edodo y cambiar el ESTADO, el sistema pregunta si est\u00e1 seguro. Una vez realizado este proceso ya est\u00e1 listo para que el contribuyente declare.<\/p>\n<h3><strong><u>REGENERACION DEL DReI (si hay errores)<\/u><\/strong><\/h3>\n<p>Si se ha detectado un error es necesario cambiar lo equivocado (actividad, al\u00edcuota, etc.) y luego ir al per\u00edodo de liquidaci\u00f3n correspondiente y pararse arriba del contribuyente. \u00a0Luego presionar el bot\u00f3n ESTADO UNO, pregunta si est\u00e1 seguro (esto se puede hacer si el recibo no est\u00e1 pago), vuelve el recibo a <img loading=\"lazy\" decoding=\"async\" class=\"wp-image-5412 alignnone size-medium\" src=\"http:\/\/uniremunicipios.com.ar\/manual\/wp-content\/uploads\/2024\/11\/Pasted-18.png\" alt=\"\" width=\"22\" height=\"21\" \/>\u00a0 se presiona el <img loading=\"lazy\" decoding=\"async\" class=\"wp-image-5415 alignnone size-medium\" src=\"http:\/\/uniremunicipios.com.ar\/manual\/wp-content\/uploads\/2024\/11\/Pasted-21.png\" alt=\"\" width=\"32\" height=\"35\" \/> , y se vuelve a presionar ESTADO UNO y vuelve a estar en PP. Listo para declarar.<\/p>\n<h3><strong><u>DECLARACION JURADA<\/u><\/strong><\/h3>\n<p>Se ingresa al comercio (contribuyente) se presiona <img loading=\"lazy\" decoding=\"async\" width=\"29\" height=\"31\" class=\"alignnone wp-image-944 size-full\" src=\"http:\/\/uniremunicipios.com.ar\/manual\/wp-content\/uploads\/2019\/10\/Pasted-into-Liquidaci\u00f3n-DReI-6.png\" \/> \u00a0y se realiza la declaraci\u00f3n jurada. La pantalla que presenta es la siguiente<\/p>\n<p><img loading=\"lazy\" decoding=\"async\" width=\"370\" height=\"94\" class=\"wp-image-945 size-full aligncenter\" src=\"http:\/\/uniremunicipios.com.ar\/manual\/wp-content\/uploads\/2019\/10\/Pasted-into-Liquidaci\u00f3n-DReI-7.png\" srcset=\"https:\/\/uniremunicipios.com.ar\/manual\/wp-content\/uploads\/2019\/10\/Pasted-into-Liquidaci\u00f3n-DReI-7.png 370w, https:\/\/uniremunicipios.com.ar\/manual\/wp-content\/uploads\/2019\/10\/Pasted-into-Liquidaci\u00f3n-DReI-7-300x76.png 300w\" sizes=\"auto, (max-width: 370px) 100vw, 370px\" \/><\/p>\n<p>Sobre cada rengl\u00f3n se pone modifica y se declara la base imponible. El sistema realiza los c\u00e1lculos correspondientes. Una vez finalizado se presiona el IMPRIME que est\u00e1 debajo a la izquierda y se pasa por caja.<\/p>\n","protected":false},"excerpt":{"rendered":"<p>Se ingresa al m\u00f3dulo IMPUESTO GRAL, se presiona TRIBUTOS, TRIBUTO COMERCIOS. Se posiciona sobre DERECHO DE REGISTRO E INSPECCION, se presiona, se agrega el mes a liquidar, donde inmediatamente pide el vencimiento.\u00a0 Luego se presiona , el sistema trae una pantalla donde los primeros botones son, presionando el 1\u00ba bot\u00f3n se genera el recibo donde [&hellip;]<\/p>\n","protected":false},"author":4,"featured_media":0,"parent":439,"menu_order":6,"comment_status":"closed","ping_status":"closed","template":"","meta":{"footnotes":""},"class_list":["post-937","page","type-page","status-publish","hentry"],"_links":{"self":[{"href":"https:\/\/uniremunicipios.com.ar\/manual\/index.php?rest_route=\/wp\/v2\/pages\/937","targetHints":{"allow":["GET"]}}],"collection":[{"href":"https:\/\/uniremunicipios.com.ar\/manual\/index.php?rest_route=\/wp\/v2\/pages"}],"about":[{"href":"https:\/\/uniremunicipios.com.ar\/manual\/index.php?rest_route=\/wp\/v2\/types\/page"}],"author":[{"embeddable":true,"href":"https:\/\/uniremunicipios.com.ar\/manual\/index.php?rest_route=\/wp\/v2\/users\/4"}],"replies":[{"embeddable":true,"href":"https:\/\/uniremunicipios.com.ar\/manual\/index.php?rest_route=%2Fwp%2Fv2%2Fcomments&post=937"}],"version-history":[{"count":8,"href":"https:\/\/uniremunicipios.com.ar\/manual\/index.php?rest_route=\/wp\/v2\/pages\/937\/revisions"}],"predecessor-version":[{"id":5832,"href":"https:\/\/uniremunicipios.com.ar\/manual\/index.php?rest_route=\/wp\/v2\/pages\/937\/revisions\/5832"}],"up":[{"embeddable":true,"href":"https:\/\/uniremunicipios.com.ar\/manual\/index.php?rest_route=\/wp\/v2\/pages\/439"}],"wp:attachment":[{"href":"https:\/\/uniremunicipios.com.ar\/manual\/index.php?rest_route=%2Fwp%2Fv2%2Fmedia&parent=937"}],"curies":[{"name":"wp","href":"https:\/\/api.w.org\/{rel}","templated":true}]}}