{"id":974,"date":"2019-10-03T15:35:16","date_gmt":"2019-10-03T18:35:16","guid":{"rendered":"http:\/\/uniremunicipios.com.ar\/manual\/?page_id=974"},"modified":"2024-11-11T14:42:43","modified_gmt":"2024-11-11T17:42:43","slug":"titulos-ejecutorios","status":"publish","type":"page","link":"https:\/\/uniremunicipios.com.ar\/manual\/?page_id=974","title":{"rendered":"T\u00edtulos Ejecutorios"},"content":{"rendered":"<p><iframe loading=\"lazy\" title=\"2021\/03\/25 Titulo Ejecutorio\" width=\"500\" height=\"281\" src=\"https:\/\/www.youtube.com\/embed\/XcwvZ6U6oFI?feature=oembed\" frameborder=\"0\" allow=\"accelerometer; autoplay; clipboard-write; encrypted-media; gyroscope; picture-in-picture; web-share\" referrerpolicy=\"strict-origin-when-cross-origin\" allowfullscreen><\/iframe><\/p>\n<p>Para confeccionar t\u00edtulos ejecutorios o enviar la deuda a alg\u00fan profesional para tramitar su cobro es necesario ingresar a la cuenta del contribuyente y presionar el bot\u00f3n <img loading=\"lazy\" decoding=\"async\" class=\"wp-image-5340 alignnone size-medium\" src=\"http:\/\/uniremunicipios.com.ar\/manual\/wp-content\/uploads\/2024\/11\/image-19.png\" alt=\"\" width=\"67\" height=\"47\" \/>.<\/p>\n<p>Si se desea filtrar por tributo (por ejemplo, solo tomar la TGI) se debe presionar <img loading=\"lazy\" decoding=\"async\" class=\"wp-image-5347 alignnone \" src=\"http:\/\/uniremunicipios.com.ar\/manual\/wp-content\/uploads\/2024\/11\/image-21.png\" alt=\"\" width=\"45\" height=\"38\" \/> en primer t\u00e9rmino.<\/p>\n<p><img loading=\"lazy\" decoding=\"async\" class=\"wp-image-5348 alignnone size-medium\" src=\"http:\/\/uniremunicipios.com.ar\/manual\/wp-content\/uploads\/2024\/11\/image-22.png\" alt=\"\" width=\"300\" height=\"210\" srcset=\"https:\/\/uniremunicipios.com.ar\/manual\/wp-content\/uploads\/2024\/11\/image-22.png 329w, https:\/\/uniremunicipios.com.ar\/manual\/wp-content\/uploads\/2024\/11\/image-22-300x210.png 300w\" sizes=\"auto, (max-width: 300px) 100vw, 300px\" \/><\/p>\n<p>Luego de seleccionar <img loading=\"lazy\" decoding=\"async\" class=\"wp-image-5349 alignnone size-medium\" src=\"http:\/\/uniremunicipios.com.ar\/manual\/wp-content\/uploads\/2024\/11\/image-23.png\" alt=\"\" width=\"56\" height=\"45\" \/> el sistema solicita fechas que va a abarcar la gesti\u00f3n<\/p>\n<p><img loading=\"lazy\" decoding=\"async\" class=\"wp-image-5343 alignnone size-medium\" src=\"http:\/\/uniremunicipios.com.ar\/manual\/wp-content\/uploads\/2024\/11\/Pasted-7.png\" alt=\"\" width=\"300\" height=\"173\" srcset=\"https:\/\/uniremunicipios.com.ar\/manual\/wp-content\/uploads\/2024\/11\/Pasted-7.png 367w, https:\/\/uniremunicipios.com.ar\/manual\/wp-content\/uploads\/2024\/11\/Pasted-7-300x173.png 300w\" sizes=\"auto, (max-width: 300px) 100vw, 300px\" \/><\/p>\n<p>Una vez seleccionados los recibos se puede imprimir el t\u00edtulo o solo poner OK.<\/p>\n<p>Los recibos tomar\u00e1n la forma de candado.<\/p>\n<p>No se pueden imprimir, anular o pagar cuando se encuentran en este estado.<\/p>\n<p>Para ver desde un contribuyente que tiene recibos en candado, se presiona el bot\u00f3n <img loading=\"lazy\" decoding=\"async\" class=\"wp-image-5344 alignnone size-medium\" src=\"http:\/\/uniremunicipios.com.ar\/manual\/wp-content\/uploads\/2024\/11\/Pasted-8.png\" alt=\"\" width=\"37\" height=\"40\" \/> y muestra qu\u00e9 proceso lo tiene tomado.<\/p>\n<p>Con el primer bot\u00f3n de recibos se puede observar los que forman parte del t\u00edtulo en cuesti\u00f3n.<\/p>\n<p><img loading=\"lazy\" decoding=\"async\" class=\"wp-image-5345 alignnone size-medium\" src=\"http:\/\/uniremunicipios.com.ar\/manual\/wp-content\/uploads\/2024\/11\/Pasted-9.png\" alt=\"\" width=\"274\" height=\"143\" \/><\/p>\n<p>Si en alg\u00fan caso se opta por permitir pagar recibos que est\u00e1n en t\u00edtulo ejecutorio se puede elegir entre dar de baja todo el t\u00edtulo (cambiando el ESTADO) o cambiar el ESTADO de los recibos que desea pagar.<\/p>\n<p>Para el 1\u00ba caso se pierde el rastro del t\u00edtulo ya que deja anulado este pero no se vuelven a ver qu\u00e9 recibos tomaba.<\/p>\n<p>Para el 2\u00ba caso se pueden pagar de a uno o varios recibos sin tocar la car\u00e1tula del t\u00edtulo ni su contenido.<\/p>\n<p>O sea, que para este caso la acci\u00f3n legal va a continuar pero permiti\u00e9ndole abonar recibos incluidos en tal acci\u00f3n.<\/p>\n","protected":false},"excerpt":{"rendered":"<p>Para confeccionar t\u00edtulos ejecutorios o enviar la deuda a alg\u00fan profesional para tramitar su cobro es necesario ingresar a la cuenta del contribuyente y presionar el bot\u00f3n . Si se desea filtrar por tributo (por ejemplo, solo tomar la TGI) se debe presionar en primer t\u00e9rmino. Luego de seleccionar el sistema solicita fechas que va [&hellip;]<\/p>\n","protected":false},"author":4,"featured_media":0,"parent":515,"menu_order":22,"comment_status":"closed","ping_status":"closed","template":"","meta":{"footnotes":""},"class_list":["post-974","page","type-page","status-publish","hentry"],"_links":{"self":[{"href":"https:\/\/uniremunicipios.com.ar\/manual\/index.php?rest_route=\/wp\/v2\/pages\/974","targetHints":{"allow":["GET"]}}],"collection":[{"href":"https:\/\/uniremunicipios.com.ar\/manual\/index.php?rest_route=\/wp\/v2\/pages"}],"about":[{"href":"https:\/\/uniremunicipios.com.ar\/manual\/index.php?rest_route=\/wp\/v2\/types\/page"}],"author":[{"embeddable":true,"href":"https:\/\/uniremunicipios.com.ar\/manual\/index.php?rest_route=\/wp\/v2\/users\/4"}],"replies":[{"embeddable":true,"href":"https:\/\/uniremunicipios.com.ar\/manual\/index.php?rest_route=%2Fwp%2Fv2%2Fcomments&post=974"}],"version-history":[{"count":7,"href":"https:\/\/uniremunicipios.com.ar\/manual\/index.php?rest_route=\/wp\/v2\/pages\/974\/revisions"}],"predecessor-version":[{"id":5350,"href":"https:\/\/uniremunicipios.com.ar\/manual\/index.php?rest_route=\/wp\/v2\/pages\/974\/revisions\/5350"}],"up":[{"embeddable":true,"href":"https:\/\/uniremunicipios.com.ar\/manual\/index.php?rest_route=\/wp\/v2\/pages\/515"}],"wp:attachment":[{"href":"https:\/\/uniremunicipios.com.ar\/manual\/index.php?rest_route=%2Fwp%2Fv2%2Fmedia&parent=974"}],"curies":[{"name":"wp","href":"https:\/\/api.w.org\/{rel}","templated":true}]}}