{"id":983,"date":"2019-10-04T09:03:50","date_gmt":"2019-10-04T12:03:50","guid":{"rendered":"http:\/\/uniremunicipios.com.ar\/manual\/?page_id=983"},"modified":"2024-12-26T09:00:18","modified_gmt":"2024-12-26T12:00:18","slug":"afectacion-definitiva","status":"publish","type":"page","link":"https:\/\/uniremunicipios.com.ar\/manual\/?page_id=983","title":{"rendered":"k. Afectaci\u00f3n Definitiva"},"content":{"rendered":"<hr \/>\n<p>Con la orden de compra en la mano, donde figura el nro. correspondiente se ingresa a verificar los datos respectivos, si lo facturado es lo mismo que lo solicitado, etc. Esto se realiza con el bot\u00f3n <img loading=\"lazy\" decoding=\"async\" class=\"wp-image-4932 alignnone \" src=\"http:\/\/uniremunicipios.com.ar\/manual\/wp-content\/uploads\/2024\/10\/image-30.png\" alt=\"\" width=\"54\" height=\"43\" \/>\u00a0. Una vez controlado los \u00edtems y las imputaciones correspondientes y con <img loading=\"lazy\" decoding=\"async\" width=\"64\" height=\"26\" class=\"alignnone wp-image-985 size-full\" src=\"http:\/\/uniremunicipios.com.ar\/manual\/wp-content\/uploads\/2019\/10\/Pasted-into-Afectaci\u00f3n-Definitiva-1.png\" \/> se vuelve al registro general, donde se le cambia el Estado y pasa a Definitiva:<\/p>\n<p><img loading=\"lazy\" decoding=\"async\" class=\"wp-image-5720 alignnone \" src=\"http:\/\/uniremunicipios.com.ar\/manual\/wp-content\/uploads\/2024\/12\/image-58.png\" alt=\"\" width=\"330\" height=\"98\" srcset=\"https:\/\/uniremunicipios.com.ar\/manual\/wp-content\/uploads\/2024\/12\/image-58.png 386w, https:\/\/uniremunicipios.com.ar\/manual\/wp-content\/uploads\/2024\/12\/image-58-300x89.png 300w\" sizes=\"auto, (max-width: 330px) 100vw, 330px\" \/><\/p>\n<p>Donde se debe presionar el bot\u00f3n <img loading=\"lazy\" decoding=\"async\" width=\"19\" height=\"27\" class=\"alignnone wp-image-986 size-full\" src=\"http:\/\/uniremunicipios.com.ar\/manual\/wp-content\/uploads\/2019\/10\/Pasted-into-Afectaci\u00f3n-Definitiva-2.png\" \/> , luego <img loading=\"lazy\" decoding=\"async\" class=\"wp-image-4934 alignnone size-medium\" src=\"http:\/\/uniremunicipios.com.ar\/manual\/wp-content\/uploads\/2024\/10\/image-31.png\" alt=\"\" width=\"61\" height=\"47\" \/> , se completan los datos de la factura, la cual cierra la operatoria de compra.<\/p>\n<p><img loading=\"lazy\" decoding=\"async\" class=\"wp-image-5721 alignnone \" src=\"http:\/\/uniremunicipios.com.ar\/manual\/wp-content\/uploads\/2024\/12\/image-59.png\" alt=\"\" width=\"519\" height=\"288\" srcset=\"https:\/\/uniremunicipios.com.ar\/manual\/wp-content\/uploads\/2024\/12\/image-59.png 814w, https:\/\/uniremunicipios.com.ar\/manual\/wp-content\/uploads\/2024\/12\/image-59-300x167.png 300w, https:\/\/uniremunicipios.com.ar\/manual\/wp-content\/uploads\/2024\/12\/image-59-768x426.png 768w\" sizes=\"auto, (max-width: 519px) 100vw, 519px\" \/><\/p>\n<p>El bot\u00f3n <img loading=\"lazy\" decoding=\"async\" width=\"29\" height=\"22\" class=\"alignnone wp-image-988 size-full\" src=\"http:\/\/uniremunicipios.com.ar\/manual\/wp-content\/uploads\/2019\/10\/Pasted-into-Afectaci\u00f3n-Definitiva-4.png\" \/> , es un bot\u00f3n r\u00e1pido de numeraci\u00f3n que se utiliza cuando no hay comprobantes oficiales y hay que numerarlo al azar.<\/p>\n<p>La fecha de emisi\u00f3n es la fecha de factura. El descuento\/aumento se adjunta en otro documento pero por ahora aconsejamos no utilizarlo.<\/p>\n<p>El importe ya lo trae el sistema, a excepci\u00f3n que haya que modificarlo porque la orden de compra no coincide con la factura. Puede que se facture en dos o m\u00e1s veces o que varias \u00f3rdenes de compras vayan a una misma factura.<\/p>\n<ul>\n<li>Para el caso de una orden de compra se facture con varios comprobantes: se pone en importe el valor indicado, y en <img loading=\"lazy\" decoding=\"async\" class=\"wp-image-5722 alignnone size-medium\" src=\"http:\/\/uniremunicipios.com.ar\/manual\/wp-content\/uploads\/2024\/12\/image-60.png\" alt=\"\" width=\"207\" height=\"22\" \/>, se da de baja los art\u00edculos que no corresponden. Se debe tener en cuenta que los importes: <img loading=\"lazy\" decoding=\"async\" class=\"wp-image-5723 alignnone size-medium\" src=\"http:\/\/uniremunicipios.com.ar\/manual\/wp-content\/uploads\/2024\/12\/image-61.png\" alt=\"\" width=\"197\" height=\"30\" \/> &#8211; total de <img loading=\"lazy\" decoding=\"async\" class=\"wp-image-5724 alignnone size-medium\" src=\"http:\/\/uniremunicipios.com.ar\/manual\/wp-content\/uploads\/2024\/12\/image-62.png\" alt=\"\" width=\"211\" height=\"26\" \/> y <img loading=\"lazy\" decoding=\"async\" class=\"wp-image-5725 alignnone size-medium\" src=\"http:\/\/uniremunicipios.com.ar\/manual\/wp-content\/uploads\/2024\/12\/image-63.png\" alt=\"\" width=\"55\" height=\"27\" \/> deben coincidir. Luego presionan <img loading=\"lazy\" decoding=\"async\" class=\"wp-image-5726 alignnone \" src=\"http:\/\/uniremunicipios.com.ar\/manual\/wp-content\/uploads\/2024\/12\/image-64.png\" alt=\"\" width=\"50\" height=\"22\" \/>\u00a0.<\/li>\n<li>Para el caso en que varias \u00f3rdenes de compras vayan a una sola factura: en\u00a0 <img loading=\"lazy\" decoding=\"async\" class=\"wp-image-5724 alignnone size-medium\" src=\"http:\/\/uniremunicipios.com.ar\/manual\/wp-content\/uploads\/2024\/12\/image-62.png\" alt=\"\" width=\"211\" height=\"26\" \/> se ponen <img loading=\"lazy\" decoding=\"async\" class=\"wp-image-5727 alignnone size-medium\" src=\"http:\/\/uniremunicipios.com.ar\/manual\/wp-content\/uploads\/2024\/12\/image-65.png\" alt=\"\" width=\"50\" height=\"22\" \/>\u00a0y el sistema trae todas las \u00f3rdenes que hay de ese proveedor, se selecciona y luego se opera de la misma manera.<\/li>\n<li>Para el caso que la orden de compra sea igual a la factura. Directamente se completa los datos de la factura y se presiona el bot\u00f3n <img loading=\"lazy\" decoding=\"async\" class=\"wp-image-5728 alignnone size-medium\" src=\"http:\/\/uniremunicipios.com.ar\/manual\/wp-content\/uploads\/2024\/12\/image-66.png\" alt=\"\" width=\"56\" height=\"25\" \/> . Luego, con <img loading=\"lazy\" decoding=\"async\" class=\"wp-image-5726 alignnone \" src=\"http:\/\/uniremunicipios.com.ar\/manual\/wp-content\/uploads\/2024\/12\/image-64.png\" alt=\"\" width=\"50\" height=\"22\" \/> se aprueba la operatoria. El sistema muestra el asiento contable que a\u00fan puede modificarse. Lo importante es que pongan <img loading=\"lazy\" decoding=\"async\" class=\"wp-image-5726 alignnone \" src=\"http:\/\/uniremunicipios.com.ar\/manual\/wp-content\/uploads\/2024\/12\/image-64.png\" alt=\"\" width=\"50\" height=\"22\" \/>, ya que hacen la contabilidad con estos pasos, en forma autom\u00e1tica.<\/li>\n<\/ul>\n","protected":false},"excerpt":{"rendered":"<p>Con la orden de compra en la mano, donde figura el nro. correspondiente se ingresa a verificar los datos respectivos, si lo facturado es lo mismo que lo solicitado, etc. Esto se realiza con el bot\u00f3n \u00a0. Una vez controlado los \u00edtems y las imputaciones correspondientes y con se vuelve al registro general, donde se [&hellip;]<\/p>\n","protected":false},"author":4,"featured_media":0,"parent":9,"menu_order":0,"comment_status":"closed","ping_status":"closed","template":"","meta":{"footnotes":""},"class_list":["post-983","page","type-page","status-publish","hentry"],"_links":{"self":[{"href":"https:\/\/uniremunicipios.com.ar\/manual\/index.php?rest_route=\/wp\/v2\/pages\/983","targetHints":{"allow":["GET"]}}],"collection":[{"href":"https:\/\/uniremunicipios.com.ar\/manual\/index.php?rest_route=\/wp\/v2\/pages"}],"about":[{"href":"https:\/\/uniremunicipios.com.ar\/manual\/index.php?rest_route=\/wp\/v2\/types\/page"}],"author":[{"embeddable":true,"href":"https:\/\/uniremunicipios.com.ar\/manual\/index.php?rest_route=\/wp\/v2\/users\/4"}],"replies":[{"embeddable":true,"href":"https:\/\/uniremunicipios.com.ar\/manual\/index.php?rest_route=%2Fwp%2Fv2%2Fcomments&post=983"}],"version-history":[{"count":9,"href":"https:\/\/uniremunicipios.com.ar\/manual\/index.php?rest_route=\/wp\/v2\/pages\/983\/revisions"}],"predecessor-version":[{"id":5729,"href":"https:\/\/uniremunicipios.com.ar\/manual\/index.php?rest_route=\/wp\/v2\/pages\/983\/revisions\/5729"}],"up":[{"embeddable":true,"href":"https:\/\/uniremunicipios.com.ar\/manual\/index.php?rest_route=\/wp\/v2\/pages\/9"}],"wp:attachment":[{"href":"https:\/\/uniremunicipios.com.ar\/manual\/index.php?rest_route=%2Fwp%2Fv2%2Fmedia&parent=983"}],"curies":[{"name":"wp","href":"https:\/\/api.w.org\/{rel}","templated":true}]}}